{"id":1329,"date":"2014-01-31T02:37:27","date_gmt":"2014-01-31T00:37:27","guid":{"rendered":"http:\/\/vadelma.org\/korppiradio\/?page_id=1329"},"modified":"2020-03-20T10:40:51","modified_gmt":"2020-03-20T08:40:51","slug":"pornoradio","status":"publish","type":"page","link":"http:\/\/www.vadelma.org\/korppiradio\/pornoradio\/","title":{"rendered":"Pornoradio"},"content":{"rendered":"<p><strong>Pornoradio &#8211; alap\u00e4\u00e4n asialla<\/strong><\/p>\n<p><img loading=\"lazy\" decoding=\"async\" class=\"alignnone size-medium wp-image-4075\" src=\"http:\/\/vadelma.org\/korppiradio\/wp-content\/uploads\/2018\/12\/osattiin_ennenkin-333x300.jpg\" alt=\"\" width=\"333\" height=\"300\" srcset=\"http:\/\/www.vadelma.org\/korppiradio\/wp-content\/uploads\/2018\/12\/osattiin_ennenkin-333x300.jpg 333w, http:\/\/www.vadelma.org\/korppiradio\/wp-content\/uploads\/2018\/12\/osattiin_ennenkin-166x150.jpg 166w, http:\/\/www.vadelma.org\/korppiradio\/wp-content\/uploads\/2018\/12\/osattiin_ennenkin-768x693.jpg 768w, http:\/\/www.vadelma.org\/korppiradio\/wp-content\/uploads\/2018\/12\/osattiin_ennenkin-700x631.jpg 700w, http:\/\/www.vadelma.org\/korppiradio\/wp-content\/uploads\/2018\/12\/osattiin_ennenkin-640x577.jpg 640w, http:\/\/www.vadelma.org\/korppiradio\/wp-content\/uploads\/2018\/12\/osattiin_ennenkin.jpg 1710w\" sizes=\"auto, (max-width: 333px) 100vw, 333px\" \/><\/p>\n<p>\u00c4rr\u00e4p\u00e4it\u00e4 sis\u00e4lt\u00e4v\u00e4st\u00e4 nimest\u00e4\u00e4n huolimatta Pornoradio ei ole sis\u00e4lt\u00e4nyt\u00a0pelkk\u00e4\u00e4 r\u00e4\u00e4vitt\u00f6myytt\u00e4 vaan sen rinnalla on koettu pit\u00e4m\u00e4\u00e4n keskustelua aika ajoin my\u00f6s ns. asialinjoilla liikkuen aiheissa, jotka k\u00e4sittelev\u00e4t sukupuolta, seksuaalisuutta, itsem\u00e4\u00e4r\u00e4\u00e4misoikeutta, sosiaalisia normeja ja yhteiskunnan toivottua vapautumista.<\/p>\n<p>Sukupuolen poliittisuuden, feministisen yhteiskuntateorian, seksuaalisen valtahierarkiaan ja eri seksuaalisuuden muotojen lis\u00e4ksi ohjelman tekij\u00f6it\u00e4 ovat kiinnostaneet my\u00f6s<em>\u00a0hankalat ja tabuluonteiset aiheet, kuten my\u00f6s aistillisten-, eroottisten- ja pornotekstien \u00e4\u00e4neen lukeminen.<\/em><\/p>\n<p><strong>Ohjelmat ovat K-18, jos ei muuta mainita.<\/strong><\/p>\n<p><strong>Lis\u00e4\u00e4 ohjelmaa ja kirjallisuuskritiikkej\u00e4 tulossa kev\u00e4\u00e4n 2020 aikana!<\/strong><\/p>\n<p>Tekij\u00f6in\u00e4 t\u00e4h\u00e4n menness\u00e4: Kitty Kaboom, Tity Smalbits, Siljo Sy\u00f6veri, Nemo ja muut.<\/p>\n<p>Seuraa Kitty\u00e4 Twitteriss\u00e4:\u00a0<a class=\"u-textInheritColor js-nav\" href=\"https:\/\/twitter.com\/KittyKaboomboom\" rel=\"noopener\">Kitty Kaboom<\/a><span class=\"DashboardProfileCard-screenname u-inlineBlock u-dir\" dir=\"ltr\"><a class=\"DashboardProfileCard-screennameLink u-linkComplex u-linkClean js-nav\" href=\"https:\/\/twitter.com\/KittyKaboomboom\" rel=\"noopener\"><span class=\"username u-dir\" dir=\"ltr\">@<b class=\"u-linkComplex-target\">KittyKaboomboom<\/b><\/span><\/a><\/span><\/p>\n<p>Yhteydenotto, palaute, yhteisty\u00f6 ja ohjelmaideat: korppi (at) vadelma.org\/korppiradio<\/p>\n<p><strong>Nauhoitettuja l\u00e4hetetyksi\u00e4:<\/strong><\/p>\n<p><strong>Pornoradion kirjallisuuskirtiikki &#8211; saate\u00a0<\/strong><\/p>\n<p><code><div id=\"mp3jWrap_0\" class=\"mjp-s-wrapper s-graphic unsel-mjp smaller2 gill-mjp\" style=\"font-size:14px;\"><span id=\"playpause_wrap_mp3j_0\" class=\"wrap_inline_mp3j\" style=\"font-weight:700;\"><span class=\"gfxbutton_mp3j play-mjp\" id=\"playpause_mp3j_0\" style=\"font-size:14px;\">&nbsp;&nbsp;&nbsp;&nbsp;&nbsp;<\/span>&nbsp;<span class=\"group_wrap\"><span class=\"bars_mp3j\"><span class=\"loadB_mp3j\" id=\"load_mp3j_0\"><\/span><span class=\"posbarB_mp3j\" id=\"posbar_mp3j_0\"><\/span><\/span><span class=\"T_mp3j\" id=\"T_mp3j_0\" style=\"font-size:14px;\">Pornoradion kirjallisuuskirtiikki - intro<\/span><span class=\"indi_mp3j\" style=\"font-size:9.8px;\" id=\"statusMI_0\"><\/span><\/span><span class=\"vol_mp3j flipped\" id=\"vol_mp3j_0\"><\/span><\/span><\/div><span class=\"s-nosolution\" id=\"mp3j_nosolution_0\" style=\"display:none;\"><\/span><script>\nMP3jPLAYLISTS.inline_0 = [\n\t{ name: \"pornis-kritiikki1-intro\", formats: [\"mp3\"], mp3: \"aHR0cDovL3N0cmVhbS52YWRlbG1hLm9yZzo2MTk3NC9rb3JwcGlyYWRpby9wb3JuaXMta3JpdGlpa2tpMS1pbnRyby5tcDM=\", counterpart:\"\", artist: \"\", image: \"\", imgurl: \"\" }\n];\n<\/script>\n\n<script>MP3jPLAYERS[0] = { list: MP3jPLAYLISTS.inline_0, tr:0, type:'single', lstate:'', loop:false, play_txt:'&nbsp;&nbsp;&nbsp;&nbsp;&nbsp;', pause_txt:'&nbsp;&nbsp;&nbsp;&nbsp;&nbsp;', pp_title:'', autoplay:false, download:false, vol:76, height:'' };<\/script><\/code><\/p>\n<p><strong>Pornoradion kirjallisuuskirtiikki &#8211; osa 2<\/strong> (l\u00e4hetetty 30.12.2018) Kravun k\u00e4\u00e4nt\u00f6piiri<\/p>\n<p><code><div id=\"mp3jWrap_1\" class=\"mjp-s-wrapper s-graphic unsel-mjp smaller2 gill-mjp\" style=\"font-size:14px;\"><span id=\"playpause_wrap_mp3j_1\" class=\"wrap_inline_mp3j\" style=\"font-weight:700;\"><span class=\"gfxbutton_mp3j play-mjp\" id=\"playpause_mp3j_1\" style=\"font-size:14px;\">&nbsp;&nbsp;&nbsp;&nbsp;&nbsp;<\/span>&nbsp;<span class=\"group_wrap\"><span class=\"bars_mp3j\"><span class=\"loadB_mp3j\" id=\"load_mp3j_1\"><\/span><span class=\"posbarB_mp3j\" id=\"posbar_mp3j_1\"><\/span><\/span><span class=\"T_mp3j\" id=\"T_mp3j_1\" style=\"font-size:14px;\">Pornoradion kirjallisuuskirtiikki - osa 2 - Kravun k\u00e4\u00e4nt\u00f6piiri<\/span><span class=\"indi_mp3j\" style=\"font-size:9.8px;\" id=\"statusMI_1\"><\/span><\/span><span class=\"vol_mp3j flipped\" id=\"vol_mp3j_1\"><\/span><\/span><\/div><span class=\"s-nosolution\" id=\"mp3j_nosolution_1\" style=\"display:none;\"><\/span><script>\nMP3jPLAYLISTS.inline_1 = [\n\t{ name: \"pornis-kritiikki2\", formats: [\"mp3\"], mp3: \"aHR0cDovL3N0cmVhbS52YWRlbG1hLm9yZzo2MTk3NC9rb3JwcGlyYWRpby9wb3JuaXMta3JpdGlpa2tpMi5tcDM=\", counterpart:\"\", artist: \"\", image: \"\", imgurl: \"\" }\n];\n<\/script>\n\n<script>MP3jPLAYERS[1] = { list: MP3jPLAYLISTS.inline_1, tr:0, type:'single', lstate:'', loop:false, play_txt:'&nbsp;&nbsp;&nbsp;&nbsp;&nbsp;', pause_txt:'&nbsp;&nbsp;&nbsp;&nbsp;&nbsp;', pp_title:'', autoplay:false, download:false, vol:76, height:'' };<\/script><\/code><\/p>\n<p><em>ohjelmassa k\u00e4ytetty musiikki:<\/em><br \/>\n<em>Gare Montparnasse field recording &#8211; Radio aporee &#8211; archive.org<\/em><br \/>\n<em>Sarah Maison &#8211; Western arabisant &#8211; FMA<\/em><br \/>\n<em>Josephine Baker; Georges Tabet;Jo Bouillon; Augustin Lara &#8211; Paris Paris &#8211; archive.org<\/em><br \/>\n<em>Sabine Happart &#8211; XCIX &#8211; FMA<\/em><\/p>\n<p><strong>Pornoradion kirjallisuuskirtiikki &#8211; osa 1<\/strong> (l\u00e4hetetty 27.11.2018) Huone yksin\u00e4iselle naiselle<\/p>\n<p><code><div id=\"mp3jWrap_2\" class=\"mjp-s-wrapper s-graphic unsel-mjp smaller2 gill-mjp\" style=\"font-size:14px;\"><span id=\"playpause_wrap_mp3j_2\" class=\"wrap_inline_mp3j\" style=\"font-weight:700;\"><span class=\"gfxbutton_mp3j play-mjp\" id=\"playpause_mp3j_2\" style=\"font-size:14px;\">&nbsp;&nbsp;&nbsp;&nbsp;&nbsp;<\/span>&nbsp;<span class=\"group_wrap\"><span class=\"bars_mp3j\"><span class=\"loadB_mp3j\" id=\"load_mp3j_2\"><\/span><span class=\"posbarB_mp3j\" id=\"posbar_mp3j_2\"><\/span><\/span><span class=\"T_mp3j\" id=\"T_mp3j_2\" style=\"font-size:14px;\">Pornoradion kirjallisuuskirtiikki - osa 1 - Huone yksin\u00e4iselle naiselle<\/span><span class=\"indi_mp3j\" style=\"font-size:9.8px;\" id=\"statusMI_2\"><\/span><\/span><span class=\"vol_mp3j flipped\" id=\"vol_mp3j_2\"><\/span><\/span><\/div><span class=\"s-nosolution\" id=\"mp3j_nosolution_2\" style=\"display:none;\"><\/span><script>\nMP3jPLAYLISTS.inline_2 = [\n\t{ name: \"pornis-kritiikki1\", formats: [\"mp3\"], mp3: \"aHR0cDovL3N0cmVhbS52YWRlbG1hLm9yZzo2MTk3NC9rb3JwcGlyYWRpby9wb3JuaXMta3JpdGlpa2tpMS5tcDM=\", counterpart:\"\", artist: \"\", image: \"\", imgurl: \"\" }\n];\n<\/script>\n\n<script>MP3jPLAYERS[2] = { list: MP3jPLAYLISTS.inline_2, tr:0, type:'single', lstate:'', loop:false, play_txt:'&nbsp;&nbsp;&nbsp;&nbsp;&nbsp;', pause_txt:'&nbsp;&nbsp;&nbsp;&nbsp;&nbsp;', pp_title:'', autoplay:false, download:false, vol:76, height:'' };<\/script><\/code><\/p>\n<p><strong>Pornoradio &#8211; jakso 6 &#8211; Rakkaus <\/strong> (l\u00e4hetetty 27.12.2016). Keskustelu kellarin h\u00e4m\u00e4riss\u00e4 koettaa ratkaista rakkauden olemusta. P\u00e4\u00e4t\u00e4 itse, miten siin\u00e4 onnistutaan.<\/p>\n<p><code><div id=\"mp3jWrap_3\" class=\"mjp-s-wrapper s-graphic unsel-mjp smaller2 gill-mjp\" style=\"font-size:14px;\"><span id=\"playpause_wrap_mp3j_3\" class=\"wrap_inline_mp3j\" style=\"font-weight:700;\"><span class=\"gfxbutton_mp3j play-mjp\" id=\"playpause_mp3j_3\" style=\"font-size:14px;\">&nbsp;&nbsp;&nbsp;&nbsp;&nbsp;<\/span>&nbsp;<span class=\"group_wrap\"><span class=\"bars_mp3j\"><span class=\"loadB_mp3j\" id=\"load_mp3j_3\"><\/span><span class=\"posbarB_mp3j\" id=\"posbar_mp3j_3\"><\/span><\/span><span class=\"T_mp3j\" id=\"T_mp3j_3\" style=\"font-size:14px;\">Pornoradio - jakso 6<\/span><span class=\"indi_mp3j\" style=\"font-size:9.8px;\" id=\"statusMI_3\"><\/span><\/span><span class=\"vol_mp3j flipped\" id=\"vol_mp3j_3\"><\/span><\/span><\/div><span class=\"s-nosolution\" id=\"mp3j_nosolution_3\" style=\"display:none;\"><\/span><script>\nMP3jPLAYLISTS.inline_3 = [\n\t{ name: \"Pornoradio_6\", formats: [\"mp3\"], mp3: \"aHR0cDovL3N0cmVhbS52YWRlbG1hLm9yZzo2MTk3NC9rb3JwcGlyYWRpby9Qb3Jub3JhZGlvXzYubXAz\", counterpart:\"\", artist: \"\", image: \"\", imgurl: \"\" }\n];\n<\/script>\n\n<script>MP3jPLAYERS[3] = { list: MP3jPLAYLISTS.inline_3, tr:0, type:'single', lstate:'', loop:false, play_txt:'&nbsp;&nbsp;&nbsp;&nbsp;&nbsp;', pause_txt:'&nbsp;&nbsp;&nbsp;&nbsp;&nbsp;', pp_title:'', autoplay:false, download:false, vol:76, height:'' };<\/script><\/code><\/p>\n<p>6. jakson biisilista:<\/p>\n<p>Joel Kupiainen &#8211; Rakkaus vetelehtii, Allyson Callery &#8211; I Had A Lover I Though Was My Own,\u00a0Andrea Tomasi &#8211; Honey Bee,\u00a0Andrea Tomasi &#8211; Flock of Arrows,\u00a0Uniform Motion &#8211; Fools Don&#8217;t Listen To A Word I Say, Uniform Motion &#8211; \u00a0The Black Box, Podington Bear &#8211; Daydream Heartbeat<\/p>\n<p><strong>Pornoradio &#8211; jakso 5 &#8211;\u00a0Kuva ja keho\u00a0<\/strong>\u00a0(l\u00e4hetetty 1.6.2014).<br \/>\nReportaasia Peijakas klubilta ja Malli kehossa prokkiksesta. MA3 -lehden (<a style=\"color: #3b5998;\" href=\"http:\/\/l.facebook.com\/l.php?u=http%3A%2F%2Fwww.ma3.fi%2F&amp;h=sAQGEMRTq&amp;s=1\" target=\"_blank\" rel=\"nofollow noopener noreferrer\">www.ma3.fi<\/a>) p\u00e4\u00e4toimittajan haastattelu. KUVATUS eli kuvan sanailua. Porniksen toimittaja Siljo Sy\u00f6veri kertoo Tentabulles (http:\/\/tentabulles.over-blog.org\/pages\/why-a-political-lesbians-and-women-circus-4183452.html) feministisirkuksen esityksest\u00e4 Berliinist\u00e4. Studiossa Siljo Sy\u00f6veri ja Kitty Kaboom.<\/p>\n<p><code><div id=\"mp3jWrap_4\" class=\"mjp-s-wrapper s-graphic unsel-mjp smaller2 gill-mjp\" style=\"font-size:14px;\"><span id=\"playpause_wrap_mp3j_4\" class=\"wrap_inline_mp3j\" style=\"font-weight:700;\"><span class=\"gfxbutton_mp3j play-mjp\" id=\"playpause_mp3j_4\" style=\"font-size:14px;\">&nbsp;&nbsp;&nbsp;&nbsp;&nbsp;<\/span>&nbsp;<span class=\"group_wrap\"><span class=\"bars_mp3j\"><span class=\"loadB_mp3j\" id=\"load_mp3j_4\"><\/span><span class=\"posbarB_mp3j\" id=\"posbar_mp3j_4\"><\/span><\/span><span class=\"T_mp3j\" id=\"T_mp3j_4\" style=\"font-size:14px;\">Pornoradio - jakso 5<\/span><span class=\"indi_mp3j\" style=\"font-size:9.8px;\" id=\"statusMI_4\"><\/span><\/span><span class=\"vol_mp3j flipped\" id=\"vol_mp3j_4\"><\/span><\/span><\/div><span class=\"s-nosolution\" id=\"mp3j_nosolution_4\" style=\"display:none;\"><\/span><script>\nMP3jPLAYLISTS.inline_4 = [\n\t{ name: \"pornis5\", formats: [\"mp3\"], mp3: \"aHR0cDovL3N0cmVhbS52YWRlbG1hLm9yZzo2MTk3NC9rb3JwcGlyYWRpby9wb3JuaXM1Lm1wMw==\", counterpart:\"\", artist: \"\", image: \"\", imgurl: \"\" }\n];\n<\/script>\n\n<script>MP3jPLAYERS[4] = { list: MP3jPLAYLISTS.inline_4, tr:0, type:'single', lstate:'', loop:false, play_txt:'&nbsp;&nbsp;&nbsp;&nbsp;&nbsp;', pause_txt:'&nbsp;&nbsp;&nbsp;&nbsp;&nbsp;', pp_title:'', autoplay:false, download:false, vol:76, height:'' };<\/script><\/code><\/p>\n<p>5. jakson biisilista:<\/p>\n<p>Grce et Volupt Van Van &#8211; Pussy gang, Larkin Grimm &#8211; The Bucher Or Without A Body Or A Numb and Useless Mind, Veronica Falls &#8211; Found Love On A Graveyard, Ventolyn &#8211; Exit Body, The Agrarians &#8211; Summer Showers, The Freak Fandango Orchestra &#8211; A Russian Circus Story, The Freak Fandango Orchestra &#8211; La Polka Del Amor<\/p>\n<p><strong>Pornoradio &#8211; jakso 4: Nussutuhnos <\/strong>(l\u00e4hetetty 6.4.2014)<br \/>\nIvan Barkovin, ven\u00e4l\u00e4isen h\u00e4vytt\u00f6m\u00e4n kirjallisuuden klassikko, kuunnelmaksi sovitettuna. Lis\u00e4ksi keskustelua kuunnelman j\u00e4lkitunnelmissa. Levyj\u00e4 veivaamassa Errorkraut. Eroottista tekstip\u00e4tk\u00e4\u00e4 kirjosta The Sex Life Letters, Miss\u00e4 y\u00f6 p\u00e4iv\u00e4\u00e4 syleilee sek\u00e4 MA3 -lehdest\u00e4:<\/p>\n<p><code><div id=\"mp3jWrap_5\" class=\"mjp-s-wrapper s-graphic unsel-mjp smaller2 gill-mjp\" style=\"font-size:14px;\"><span id=\"playpause_wrap_mp3j_5\" class=\"wrap_inline_mp3j\" style=\"font-weight:700;\"><span class=\"gfxbutton_mp3j play-mjp\" id=\"playpause_mp3j_5\" style=\"font-size:14px;\">&nbsp;&nbsp;&nbsp;&nbsp;&nbsp;<\/span>&nbsp;<span class=\"group_wrap\"><span class=\"bars_mp3j\"><span class=\"loadB_mp3j\" id=\"load_mp3j_5\"><\/span><span class=\"posbarB_mp3j\" id=\"posbar_mp3j_5\"><\/span><\/span><span class=\"T_mp3j\" id=\"T_mp3j_5\" style=\"font-size:14px;\">Pornoradio - jakso 4<\/span><span class=\"indi_mp3j\" style=\"font-size:9.8px;\" id=\"statusMI_5\"><\/span><\/span><span class=\"vol_mp3j flipped\" id=\"vol_mp3j_5\"><\/span><\/span><\/div><span class=\"s-nosolution\" id=\"mp3j_nosolution_5\" style=\"display:none;\"><\/span><script>\nMP3jPLAYLISTS.inline_5 = [\n\t{ name: \"Pornoradio_4\", formats: [\"mp3\"], mp3: \"aHR0cDovL3N0cmVhbS52YWRlbG1hLm9yZzo2MTk3NC9rb3JwcGlyYWRpby9Qb3Jub3JhZGlvXzQubXAz\", counterpart:\"\", artist: \"\", image: \"\", imgurl: \"\" }\n];\n<\/script>\n\n<script>MP3jPLAYERS[5] = { list: MP3jPLAYLISTS.inline_5, tr:0, type:'single', lstate:'', loop:false, play_txt:'&nbsp;&nbsp;&nbsp;&nbsp;&nbsp;', pause_txt:'&nbsp;&nbsp;&nbsp;&nbsp;&nbsp;', pp_title:'', autoplay:false, download:false, vol:76, height:'' };<\/script><\/code><\/p>\n<p><strong>Pornoradio \/ Vapaa Sukupuoli &#8211; jakso 3: Sambia Special<\/strong>(l\u00e4hetetty 1.2.2014)<br \/>\n<a href=\"http:\/\/www.glmglobal.org\/?lang=fi\" target=\"_blank\" rel=\"noopener noreferrer\">Green Living Movementin<\/a> vapaaehtoisty\u00f6ntekij\u00e4t Pieta\u00a0ja Terhi kertovat kokemuksistaan Sambiassa. Puhutaan my\u00f6s globalisaatiosta, ilmastonmuutoksesta, k\u00f6yhyydest\u00e4, toiseen kulttuuriin sopeutumisesta, identiteetist\u00e4 ja valinnoista:<\/p>\n<p><code><div id=\"mp3jWrap_6\" class=\"mjp-s-wrapper s-graphic unsel-mjp smaller2 gill-mjp\" style=\"font-size:14px;\"><span id=\"playpause_wrap_mp3j_6\" class=\"wrap_inline_mp3j\" style=\"font-weight:700;\"><span class=\"gfxbutton_mp3j play-mjp\" id=\"playpause_mp3j_6\" style=\"font-size:14px;\">&nbsp;&nbsp;&nbsp;&nbsp;&nbsp;<\/span>&nbsp;<span class=\"group_wrap\"><span class=\"bars_mp3j\"><span class=\"loadB_mp3j\" id=\"load_mp3j_6\"><\/span><span class=\"posbarB_mp3j\" id=\"posbar_mp3j_6\"><\/span><\/span><span class=\"T_mp3j\" id=\"T_mp3j_6\" style=\"font-size:14px;\">Pornoradio - jakso 3<\/span><span class=\"indi_mp3j\" style=\"font-size:9.8px;\" id=\"statusMI_6\"><\/span><\/span><span class=\"vol_mp3j flipped\" id=\"vol_mp3j_6\"><\/span><\/span><\/div><span class=\"s-nosolution\" id=\"mp3j_nosolution_6\" style=\"display:none;\"><\/span><script>\nMP3jPLAYLISTS.inline_6 = [\n\t{ name: \"VapaaSukupuoli_1\", formats: [\"mp3\"], mp3: \"aHR0cDovL3N0cmVhbS52YWRlbG1hLm9yZzo2MTk3NC9rb3JwcGlyYWRpby9WYXBhYVN1a3VwdW9saV8xLm1wMw==\", counterpart:\"\", artist: \"\", image: \"\", imgurl: \"\" }\n];\n<\/script>\n\n<script>MP3jPLAYERS[6] = { list: MP3jPLAYLISTS.inline_6, tr:0, type:'single', lstate:'', loop:false, play_txt:'&nbsp;&nbsp;&nbsp;&nbsp;&nbsp;', pause_txt:'&nbsp;&nbsp;&nbsp;&nbsp;&nbsp;', pp_title:'', autoplay:false, download:false, vol:76, height:'' };<\/script><\/code><\/p>\n<p>3. jakson biisilista:<\/p>\n<p>Bibi Tanga and The Selenites &#8211; Ayo, UFO &#8211; Mama Africa, Bibi Tanga and The Selenites &#8211; Be Africa, Bibi Tanga and The Selenites &#8211; Red Wine sek\u00e4 musiikkia IntraHealth International\u00a0 kokoelmalta<\/p>\n<p><strong>Pornoradio &#8211; jakso 2: Kun m\u00e4 sinut kohtasin<\/strong> (l\u00e4hetetty 31.1.2014).<br \/>\nAiheena on kirjallisen ja kuvallisen fiktion ja tosiel\u00e4m\u00e4n romanttisten kohtaamisten v\u00e4linen juopa. Vaikuttavatko esimerkiksi Hollywoodin kuvastot jossain mielemme perukoilla silloin, kun tapaamme mielenkiintoisia ihmisi\u00e4 ja alamme parisuhteilla? Sis\u00e4lt\u00e4\u00e4 katkelmia\u00a0kirjallisuudesta: Ulrika Kr\u00e4nborg: Myrrha; \u00a0Isabel Allende: Rouva Fortunan tyt\u00e4r; Miss\u00e4 y\u00f6 p\u00e4iv\u00e4\u00e4 syleilee (toim. C. Lorez): Mojkin (osa):<\/p>\n<p><code><div id=\"mp3jWrap_7\" class=\"mjp-s-wrapper s-graphic unsel-mjp smaller2 gill-mjp\" style=\"font-size:14px;\"><span id=\"playpause_wrap_mp3j_7\" class=\"wrap_inline_mp3j\" style=\"font-weight:700;\"><span class=\"gfxbutton_mp3j play-mjp\" id=\"playpause_mp3j_7\" style=\"font-size:14px;\">&nbsp;&nbsp;&nbsp;&nbsp;&nbsp;<\/span>&nbsp;<span class=\"group_wrap\"><span class=\"bars_mp3j\"><span class=\"loadB_mp3j\" id=\"load_mp3j_7\"><\/span><span class=\"posbarB_mp3j\" id=\"posbar_mp3j_7\"><\/span><\/span><span class=\"T_mp3j\" id=\"T_mp3j_7\" style=\"font-size:14px;\">Pornoradio - jakso 2<\/span><span class=\"indi_mp3j\" style=\"font-size:9.8px;\" id=\"statusMI_7\"><\/span><\/span><span class=\"vol_mp3j flipped\" id=\"vol_mp3j_7\"><\/span><\/span><\/div><span class=\"s-nosolution\" id=\"mp3j_nosolution_7\" style=\"display:none;\"><\/span><script>\nMP3jPLAYLISTS.inline_7 = [\n\t{ name: \"Pornoradio_2\", formats: [\"mp3\"], mp3: \"aHR0cDovL3N0cmVhbS52YWRlbG1hLm9yZzo2MTk3NC9rb3JwcGlyYWRpby9Qb3Jub3JhZGlvXzIubXAz\", counterpart:\"\", artist: \"\", image: \"\", imgurl: \"\" }\n];\n<\/script>\n\n<script>MP3jPLAYERS[7] = { list: MP3jPLAYLISTS.inline_7, tr:0, type:'single', lstate:'', loop:false, play_txt:'&nbsp;&nbsp;&nbsp;&nbsp;&nbsp;', pause_txt:'&nbsp;&nbsp;&nbsp;&nbsp;&nbsp;', pp_title:'', autoplay:false, download:false, vol:76, height:'' };<\/script><\/code><\/p>\n<p>2.jakson biisilista:<\/p>\n<p>Joe Meek &#8211; The Frist Day I Met You, Crete Boom &#8211; Blankets of Sky, Silence Is Sexy &#8211; Ive Been Waiting For You, Veronica Falls &#8211; Found Love On A Graveyard, Swampdwolf &#8211; Womankind, Zachary Cale &#8211; Love in Vain, The Womb &#8211; Four Hands On My Body, Mr and Mrs Smith &#8211; Love Spooked, Long Long Long &#8211; Youll Not Guess Who I Met in Minnesota, Crce et Volupt Van Van &#8211; Pussy gang, New Waver &#8211; Erotica, Buskerdroid &#8211; Gameboy Love<\/p>\n<p><strong>Pornoradio &#8211; jakso 1 <\/strong>(l\u00e4hetetty sunnuntaina 29.12.2013).<br \/>\nPornoradion ensimm\u00e4isess\u00e4 osassa &#8221;H\u00e4vytt\u00f6m\u00e4t sanat &#8211; Sanattomat h\u00e4vyt&#8221; Kitty Kaboom on kielen ja h\u00e4vytt\u00f6mien sanojen kimpussa professori Janne Saarikiven kanssa:<\/p>\n<p><code><div id=\"mp3jWrap_8\" class=\"mjp-s-wrapper s-graphic unsel-mjp smaller2 gill-mjp\" style=\"font-size:14px;\"><span id=\"playpause_wrap_mp3j_8\" class=\"wrap_inline_mp3j\" style=\"font-weight:700;\"><span class=\"gfxbutton_mp3j play-mjp\" id=\"playpause_mp3j_8\" style=\"font-size:14px;\">&nbsp;&nbsp;&nbsp;&nbsp;&nbsp;<\/span>&nbsp;<span class=\"group_wrap\"><span class=\"bars_mp3j\"><span class=\"loadB_mp3j\" id=\"load_mp3j_8\"><\/span><span class=\"posbarB_mp3j\" id=\"posbar_mp3j_8\"><\/span><\/span><span class=\"T_mp3j\" id=\"T_mp3j_8\" style=\"font-size:14px;\">Pornoradio - jakso 1<\/span><span class=\"indi_mp3j\" style=\"font-size:9.8px;\" id=\"statusMI_8\"><\/span><\/span><span class=\"vol_mp3j flipped\" id=\"vol_mp3j_8\"><\/span><\/span><\/div><span class=\"s-nosolution\" id=\"mp3j_nosolution_8\" style=\"display:none;\"><\/span><script>\nMP3jPLAYLISTS.inline_8 = [\n\t{ name: \"Kumouslahetys_osa5\", formats: [\"mp3\"], mp3: \"aHR0cDovL3N0cmVhbS52YWRlbG1hLm9yZzo2MTk3NC9rb3JwcGlyYWRpby9LdW1vdXNsYWhldHlzX29zYTUubXAz\", counterpart:\"\", artist: \"\", image: \"\", imgurl: \"\" }\n];\n<\/script>\n\n<script>MP3jPLAYERS[8] = { list: MP3jPLAYLISTS.inline_8, tr:0, type:'single', lstate:'', loop:false, play_txt:'&nbsp;&nbsp;&nbsp;&nbsp;&nbsp;', pause_txt:'&nbsp;&nbsp;&nbsp;&nbsp;&nbsp;', pp_title:'', autoplay:false, download:false, vol:76, height:'' };<\/script><\/code><\/p>\n<p>1.jakson biisilista:<br \/>\nGustav Mahler \u2013 Wenn Mein Schatz Hochzeit macht (solisti Rita Dahl, piano Lauri Honkavirta), Allysen Callery \u2013 In Your Hollow, Uncle Neptune \u2013 Little Bluebird, Los Sundayers \u2013 \u00a1Qu\u00e9 Paciencia!, Mr. and Mrs. Smith \u2013 Not gettin any younger, Edith Frost \u2013 Dreamers, Camden Joy \u2013 Make Me a Coin, Cagey House \u2013 Industry Calls for Free Information, Aslak \u2013 Sinking Feeling, Uniform Motion \u2013 Fools, Don\u2019t Listen To A Word I Say, Tangerine \u2013 Pussy Riot \u2013 Full Version, Barnacled \u2013 Cloud Pump<\/p>\n","protected":false},"excerpt":{"rendered":"<p>Pornoradio &#8211; alap\u00e4\u00e4n asialla \u00c4rr\u00e4p\u00e4it\u00e4 sis\u00e4lt\u00e4v\u00e4st\u00e4 nimest\u00e4\u00e4n huolimatta Pornoradio ei ole sis\u00e4lt\u00e4nyt\u00a0pelkk\u00e4\u00e4 r\u00e4\u00e4vitt\u00f6myytt\u00e4 vaan sen rinnalla on koettu pit\u00e4m\u00e4\u00e4n keskustelua aika ajoin my\u00f6s ns. asialinjoilla liikkuen aiheissa, jotka k\u00e4sittelev\u00e4t sukupuolta, seksuaalisuutta, itsem\u00e4\u00e4r\u00e4\u00e4misoikeutta, sosiaalisia normeja ja yhteiskunnan toivottua vapautumista. Sukupuolen poliittisuuden, feministisen yhteiskuntateorian, seksuaalisen valtahierarkiaan ja eri seksuaalisuuden muotojen lis\u00e4ksi ohjelman tekij\u00f6it\u00e4 ovat kiinnostaneet my\u00f6s\u00a0hankalat ja&hellip;<\/p>\n","protected":false},"author":1,"featured_media":0,"parent":0,"menu_order":0,"comment_status":"closed","ping_status":"closed","template":"","meta":{"footnotes":""},"class_list":["post-1329","page","type-page","status-publish","hentry"],"_links":{"self":[{"href":"http:\/\/www.vadelma.org\/korppiradio\/wp-json\/wp\/v2\/pages\/1329","targetHints":{"allow":["GET"]}}],"collection":[{"href":"http:\/\/www.vadelma.org\/korppiradio\/wp-json\/wp\/v2\/pages"}],"about":[{"href":"http:\/\/www.vadelma.org\/korppiradio\/wp-json\/wp\/v2\/types\/page"}],"author":[{"embeddable":true,"href":"http:\/\/www.vadelma.org\/korppiradio\/wp-json\/wp\/v2\/users\/1"}],"replies":[{"embeddable":true,"href":"http:\/\/www.vadelma.org\/korppiradio\/wp-json\/wp\/v2\/comments?post=1329"}],"version-history":[{"count":0,"href":"http:\/\/www.vadelma.org\/korppiradio\/wp-json\/wp\/v2\/pages\/1329\/revisions"}],"wp:attachment":[{"href":"http:\/\/www.vadelma.org\/korppiradio\/wp-json\/wp\/v2\/media?parent=1329"}],"curies":[{"name":"wp","href":"https:\/\/api.w.org\/{rel}","templated":true}]}}