{"id":1562,"date":"2014-03-31T15:26:07","date_gmt":"2014-03-31T12:26:07","guid":{"rendered":"http:\/\/vadelma.org\/korppiradio\/?page_id=1562"},"modified":"2023-11-26T03:25:47","modified_gmt":"2023-11-26T01:25:47","slug":"mediainfo","status":"publish","type":"page","link":"https:\/\/www.vadelma.org\/korppiradio\/","title":{"rendered":"Korppiradio?"},"content":{"rendered":"\n<p><strong>KORPPIRADIO <\/strong>on vuonna 2013 perustettu Helsingist\u00e4 k\u00e4sin toimiva, itsen\u00e4inen, kokeellinen ja ep\u00e4kaupallinen radio,&nbsp;jota py\u00f6ritt\u00e4\u00e4 vapaaehtoisten muusikkojen, taiteilijoiden ja kirjoittajien kollektiivi.<\/p>\n\n\n\n<h4 class=\"wp-block-heading\"><strong>SIJAINTI<\/strong><\/h4>\n\n\n\n<p>Korppiradion l\u00e4hetysstudio sijaitsee Helsingin Vallilassa Eurantiell\u00e4, mutta l\u00e4hetyksi\u00e4 voidaan tehd\u00e4 mist\u00e4 p\u00e4in maailmaa hyv\u00e4ns\u00e4. FM-l\u00e4hettimemme kattaa muutaman korttelin alueen. Haemme v\u00e4liaikaislupia satunnaisesti FM-taajuuksilla l\u00e4hett\u00e4miseen. Verkossa ohjelma kuuluu maailmanlaajuisesti.<\/p>\n\n\n\n<p><\/p>\n\n\n\n<h4 class=\"wp-block-heading\"><strong>SIS\u00c4LT\u00d6<\/strong><\/h4>\n\n\n\n<p>Korppiradion ohjelmistoon kuuluu alkuper\u00e4isi\u00e4 ohjelmia ja yhteisty\u00f6tahojen kanssa yhteisty\u00f6ss\u00e4 tehtyj\u00e4 ohjelmia (kuten Radio Corax, Saksa ja Framework Radio, Eesti). Sis\u00e4ll\u00f6t kattavat mm. tekij\u00e4noikeuksista vapaata musiikkia, live-nauhoituksia keikoilta, asiaohjelmia, radiotaidetta, poikkitaiteellisia jameja, runoutta, kuunnelmia ja keskusteluja.<\/p>\n\n\n\n<p>Suorana tehtyjen ohjelmien lis\u00e4ksi ohjelmista suurin osa on my\u00f6hemmin kuultavissa nauhoituksina ohjelmien omilla sivuilla, joista l\u00f6ytyy my\u00f6s kunkin ohjelman tarkemmat tiedot. Suorista l\u00e4hetyksist\u00e4 ja tulevista uusista ohjelmista tiedotetaan Korppiradion nettisivuilla, Facebookissa ja Twitteriss\u00e4.<\/p>\n\n\n\n<h4 class=\"wp-block-heading\"><strong>TEKNISET TIEDOT<\/strong><\/h4>\n\n\n\n<p>Ohjelmavirta jaetaan ilmoille avoimen koodin Libretime-palvelinkoneeltamme kahtena erilaatuisena striimin\u00e4 ja v\u00e4litet\u00e4\u00e4n kuulijoille edelleen IceCast-palvelimen kautta:<\/p>\n\n\n\n<h5 class=\"wp-block-heading\"><code><a href=\"http:\/\/icecast.vadelma.org\/korppiradio\/korppiradio.ogg\"><strong>https:\/\/icecast.vadelma.org\/korppiradio\/korppiradio.ogg<\/strong><\/a> (265 kbps ogg vorbis stream)<\/code><\/h5>\n\n\n\n<h5 class=\"wp-block-heading\"><code> <a href=\"http:\/\/icecast.vadelma.org\/korppiradio\/listen.mp3\"><strong>https:\/\/icecast.vadelma.org\/korppiradio\/listen.mp3<\/strong><\/a> (64 kbps mp3 stream)<\/code><\/h5>\n\n\n\n<p>L\u00e4hetysalustaa yll\u00e4pit\u00e4v\u00e4t Visuaalisen taiteen ja el\u00e4v\u00e4n musiikin yhdistys <a href=\"https:\/\/vadelma.org\" target=\"_blank\" rel=\"noreferrer noopener\">Vadelma<\/a> ry sek\u00e4 <a href=\"https:\/\/kapsi.fi\" target=\"_blank\" rel=\"noreferrer noopener\">Kapsi<\/a> ry.<\/p>\n\n\n\n<h4 class=\"wp-block-heading\"><strong>YHTEYSTIEDOT<\/strong><\/h4>\n\n\n\n<p>Yleiset kyselyt, ohjelmaideat jne: korppi (at) vadelma.org\/korppiradio<br>Toimitusvastaava ja koordinointi: Sakari Laurila: sakari (at) kammari.org<\/p>\n","protected":false},"excerpt":{"rendered":"<p>KORPPIRADIO on vuonna 2013 perustettu Helsingist\u00e4 k\u00e4sin toimiva, itsen\u00e4inen, kokeellinen ja ep\u00e4kaupallinen radio,&nbsp;jota py\u00f6ritt\u00e4\u00e4 vapaaehtoisten muusikkojen, taiteilijoiden ja kirjoittajien kollektiivi. SIJAINTI Korppiradion l\u00e4hetysstudio sijaitsee Helsingin Vallilassa Eurantiell\u00e4, mutta l\u00e4hetyksi\u00e4 voidaan tehd\u00e4 mist\u00e4 p\u00e4in maailmaa hyv\u00e4ns\u00e4. FM-l\u00e4hettimemme kattaa muutaman korttelin alueen. Haemme v\u00e4liaikaislupia satunnaisesti FM-taajuuksilla l\u00e4hett\u00e4miseen. Verkossa ohjelma kuuluu maailmanlaajuisesti. SIS\u00c4LT\u00d6 Korppiradion ohjelmistoon kuuluu alkuper\u00e4isi\u00e4 ohjelmia&hellip;<\/p>\n","protected":false},"author":1,"featured_media":0,"parent":0,"menu_order":0,"comment_status":"closed","ping_status":"closed","template":"","meta":{"footnotes":""},"class_list":["post-1562","page","type-page","status-publish","hentry"],"_links":{"self":[{"href":"http:\/\/www.vadelma.org\/korppiradio\/wp-json\/wp\/v2\/pages\/1562","targetHints":{"allow":["GET"]}}],"collection":[{"href":"http:\/\/www.vadelma.org\/korppiradio\/wp-json\/wp\/v2\/pages"}],"about":[{"href":"http:\/\/www.vadelma.org\/korppiradio\/wp-json\/wp\/v2\/types\/page"}],"author":[{"embeddable":true,"href":"http:\/\/www.vadelma.org\/korppiradio\/wp-json\/wp\/v2\/users\/1"}],"replies":[{"embeddable":true,"href":"http:\/\/www.vadelma.org\/korppiradio\/wp-json\/wp\/v2\/comments?post=1562"}],"version-history":[{"count":5,"href":"http:\/\/www.vadelma.org\/korppiradio\/wp-json\/wp\/v2\/pages\/1562\/revisions"}],"predecessor-version":[{"id":4635,"href":"http:\/\/www.vadelma.org\/korppiradio\/wp-json\/wp\/v2\/pages\/1562\/revisions\/4635"}],"wp:attachment":[{"href":"http:\/\/www.vadelma.org\/korppiradio\/wp-json\/wp\/v2\/media?parent=1562"}],"curies":[{"name":"wp","href":"https:\/\/api.w.org\/{rel}","templated":true}]}}