{"id":26,"date":"2013-10-09T14:29:23","date_gmt":"2013-10-09T12:29:23","guid":{"rendered":"http:\/\/korppiradio.wordpress.com\/?page_id=26"},"modified":"2019-03-04T11:10:40","modified_gmt":"2019-03-04T09:10:40","slug":"betoniviidakko","status":"publish","type":"page","link":"http:\/\/www.vadelma.org\/korppiradio\/betoniviidakko\/","title":{"rendered":"Betoniviidakko"},"content":{"rendered":"<p><strong>Betoniviidakossa<\/strong> tavataan taiteilijoiden ja muusikoiden kanssa vapaan keskustelun merkeiss\u00e4. Aiheet kasvavat kyseisen henkil\u00f6n ty\u00f6st\u00e4 ja suhteesta maailmaan. Lopputulokset ovat olleet joskus supermarketmaailmamme yskint\u00e4\u00e4, v\u00e4lill\u00e4 kaasarinrassausteknoa Barcelonalaisessa autotallissa tai Varsovalaisen keitti\u00f6p\u00f6yd\u00e4n mittaamatonta todellisuutta. Musiikki on vieraiden omaa, itse tehty\u00e4 tai vapain lisenssein julkaistua. Tekij\u00e4 Sakari Laurila: sakari (at) kammari.org<\/p>\n<p><em>\/\/ <strong>Betoniviidakossa<\/strong> (In the concrete jungle) we meet artists and thinkers and discuss with them about their art and the political topics that their work or life touches upon. Contact: sakari (at) kammari.org<\/em><\/p>\n<p>&nbsp;<\/p>\n<p><strong>Nauhoituksia Betoniviidakon l\u00e4hetyksist\u00e4 \/\/ <em>recordings from previous episodes<\/em>:<\/strong><\/p>\n<p><strong>Betoniviidakko : Sampsa Sarparanta \u2013 No Shame. <\/strong>Keskustelua supermarkettien kipe\u00e4st\u00e4 ihanuudesta ja taiteen mahdollisuuksista vastavoimana:<code><\/code><\/p>\n<p><code><div id=\"mp3jWrap_0\" class=\"mjp-s-wrapper s-graphic unsel-mjp smaller2 gill-mjp\" style=\"font-size:14px;\"><span id=\"playpause_wrap_mp3j_0\" class=\"wrap_inline_mp3j\" style=\"font-weight:700;\"><span class=\"gfxbutton_mp3j play-mjp\" id=\"playpause_mp3j_0\" style=\"font-size:14px;\">&nbsp;&nbsp;&nbsp;&nbsp;&nbsp;<\/span>&nbsp;<span class=\"group_wrap\"><span class=\"bars_mp3j\"><span class=\"loadB_mp3j\" id=\"load_mp3j_0\"><\/span><span class=\"posbarB_mp3j\" id=\"posbar_mp3j_0\"><\/span><\/span><span class=\"T_mp3j\" id=\"T_mp3j_0\" style=\"font-size:14px;\">Betoniviidakko: Sampsa Sarparanta - No Shame<\/span><span class=\"indi_mp3j\" style=\"font-size:9.8px;\" id=\"statusMI_0\"><\/span><\/span><span class=\"vol_mp3j flipped\" id=\"vol_mp3j_0\"><\/span><\/span><\/div><span class=\"s-nosolution\" id=\"mp3j_nosolution_0\" style=\"display:none;\"><\/span><script>\nMP3jPLAYLISTS.inline_0 = [\n\t{ name: \"Betoniviidakko_Sarparanta\", formats: [\"mp3\"], mp3: \"aHR0cDovL3N0cmVhbS52YWRlbG1hLm9yZzo2MTk3NC9rb3JwcGlyYWRpby9CZXRvbml2aWlkYWtrb19TYXJwYXJhbnRhLm1wMw==\", counterpart:\"\", artist: \"\", image: \"\", imgurl: \"\" }\n];\n<\/script>\n\n<script>MP3jPLAYERS[0] = { list: MP3jPLAYLISTS.inline_0, tr:0, type:'single', lstate:'', loop:false, play_txt:'&nbsp;&nbsp;&nbsp;&nbsp;&nbsp;', pause_txt:'&nbsp;&nbsp;&nbsp;&nbsp;&nbsp;', pp_title:'', autoplay:false, download:false, vol:76, height:'' };<\/script><\/code><\/p>\n<p><strong>Betoniviidakko in the kitchen : K\u00f6ln. <\/strong>In the special episode we meet the illustrator, musician and general genius Rosa in her kitchen in K\u00f6ln. Topics include techniques of slowing down life and local rock bands:<\/p>\n<p><code><div id=\"mp3jWrap_1\" class=\"mjp-s-wrapper s-graphic unsel-mjp smaller2 gill-mjp\" style=\"font-size:14px;\"><span id=\"playpause_wrap_mp3j_1\" class=\"wrap_inline_mp3j\" style=\"font-weight:700;\"><span class=\"gfxbutton_mp3j play-mjp\" id=\"playpause_mp3j_1\" style=\"font-size:14px;\">&nbsp;&nbsp;&nbsp;&nbsp;&nbsp;<\/span>&nbsp;<span class=\"group_wrap\"><span class=\"bars_mp3j\"><span class=\"loadB_mp3j\" id=\"load_mp3j_1\"><\/span><span class=\"posbarB_mp3j\" id=\"posbar_mp3j_1\"><\/span><\/span><span class=\"T_mp3j\" id=\"T_mp3j_1\" style=\"font-size:14px;\">Betoniviidakko: Rosa - K\u00f6ln<\/span><span class=\"indi_mp3j\" style=\"font-size:9.8px;\" id=\"statusMI_1\"><\/span><\/span><span class=\"vol_mp3j flipped\" id=\"vol_mp3j_1\"><\/span><\/span><\/div><span class=\"s-nosolution\" id=\"mp3j_nosolution_1\" style=\"display:none;\"><\/span><script>\nMP3jPLAYLISTS.inline_1 = [\n\t{ name: \"Betoniviidakko_Koln\", formats: [\"mp3\"], mp3: \"aHR0cDovL3N0cmVhbS52YWRlbG1hLm9yZzo2MTk3NC9rb3JwcGlyYWRpby9CZXRvbml2aWlkYWtrb19Lb2xuLm1wMw==\", counterpart:\"\", artist: \"\", image: \"\", imgurl: \"\" }\n];\n<\/script>\n\n<script>MP3jPLAYERS[1] = { list: MP3jPLAYLISTS.inline_1, tr:0, type:'single', lstate:'', loop:false, play_txt:'&nbsp;&nbsp;&nbsp;&nbsp;&nbsp;', pause_txt:'&nbsp;&nbsp;&nbsp;&nbsp;&nbsp;', pp_title:'', autoplay:false, download:false, vol:76, height:'' };<\/script><\/code><\/p>\n<p><strong>Betoniviidakko in the kitchen : Warsova.<\/strong> In this second kitchen special episode we meet the artist Justina in her kitchen. The topics include transition from communism to consumerism and vodka etiquettes. The band of the night is the Warsovian Paula i Karol:<\/p>\n<p><code><div id=\"mp3jWrap_2\" class=\"mjp-s-wrapper s-graphic unsel-mjp smaller2 gill-mjp\" style=\"font-size:14px;\"><span id=\"playpause_wrap_mp3j_2\" class=\"wrap_inline_mp3j\" style=\"font-weight:700;\"><span class=\"gfxbutton_mp3j play-mjp\" id=\"playpause_mp3j_2\" style=\"font-size:14px;\">&nbsp;&nbsp;&nbsp;&nbsp;&nbsp;<\/span>&nbsp;<span class=\"group_wrap\"><span class=\"bars_mp3j\"><span class=\"loadB_mp3j\" id=\"load_mp3j_2\"><\/span><span class=\"posbarB_mp3j\" id=\"posbar_mp3j_2\"><\/span><\/span><span class=\"T_mp3j\" id=\"T_mp3j_2\" style=\"font-size:14px;\">Betoniviidakko: Justiina - Varsova<\/span><span class=\"indi_mp3j\" style=\"font-size:9.8px;\" id=\"statusMI_2\"><\/span><\/span><span class=\"vol_mp3j flipped\" id=\"vol_mp3j_2\"><\/span><\/span><\/div><span class=\"s-nosolution\" id=\"mp3j_nosolution_2\" style=\"display:none;\"><\/span><script>\nMP3jPLAYLISTS.inline_2 = [\n\t{ name: \"Betoniviidakko_Varsova\", formats: [\"mp3\"], mp3: \"aHR0cDovL3N0cmVhbS52YWRlbG1hLm9yZzo2MTk3NC9rb3JwcGlyYWRpby9CZXRvbml2aWlkYWtrb19WYXJzb3ZhLm1wMw==\", counterpart:\"\", artist: \"\", image: \"\", imgurl: \"\" }\n];\n<\/script>\n\n<script>MP3jPLAYERS[2] = { list: MP3jPLAYLISTS.inline_2, tr:0, type:'single', lstate:'', loop:false, play_txt:'&nbsp;&nbsp;&nbsp;&nbsp;&nbsp;', pause_txt:'&nbsp;&nbsp;&nbsp;&nbsp;&nbsp;', pp_title:'', autoplay:false, download:false, vol:76, height:'' };<\/script><\/code><code><\/code><\/p>\n<p>&nbsp;<\/p>\n<p><strong>Betoniviidakko : Herra M\u00e4kikuisma. <\/strong>nauhoitus livesessiosta ja keskustelusta Herra M\u00e4kikuisman kanssa Korppiradion kellaristudiosta.<\/p>\n<p><code><div id=\"mp3jWrap_3\" class=\"mjp-s-wrapper s-graphic unsel-mjp smaller2 gill-mjp\" style=\"font-size:14px;\"><span id=\"playpause_wrap_mp3j_3\" class=\"wrap_inline_mp3j\" style=\"font-weight:700;\"><span class=\"gfxbutton_mp3j play-mjp\" id=\"playpause_mp3j_3\" style=\"font-size:14px;\">&nbsp;&nbsp;&nbsp;&nbsp;&nbsp;<\/span>&nbsp;<span class=\"group_wrap\"><span class=\"bars_mp3j\"><span class=\"loadB_mp3j\" id=\"load_mp3j_3\"><\/span><span class=\"posbarB_mp3j\" id=\"posbar_mp3j_3\"><\/span><\/span><span class=\"T_mp3j\" id=\"T_mp3j_3\" style=\"font-size:14px;\">Betoniviidakko: Herr\u00e4 M\u00e4kikuisma LIVE<\/span><span class=\"indi_mp3j\" style=\"font-size:9.8px;\" id=\"statusMI_3\"><\/span><\/span><span class=\"vol_mp3j flipped\" id=\"vol_mp3j_3\"><\/span><\/span><\/div><span class=\"s-nosolution\" id=\"mp3j_nosolution_3\" style=\"display:none;\"><\/span><script>\nMP3jPLAYLISTS.inline_3 = [\n\t{ name: \"Betoniviidakko_Makikuisma\", formats: [\"mp3\"], mp3: \"aHR0cDovL3N0cmVhbS52YWRlbG1hLm9yZzo2MTk3NC9rb3JwcGlyYWRpby9CZXRvbml2aWlkYWtrb19NYWtpa3Vpc21hLm1wMw==\", counterpart:\"\", artist: \"\", image: \"\", imgurl: \"\" }\n];\n<\/script>\n\n<script>MP3jPLAYERS[3] = { list: MP3jPLAYLISTS.inline_3, tr:0, type:'single', lstate:'', loop:false, play_txt:'&nbsp;&nbsp;&nbsp;&nbsp;&nbsp;', pause_txt:'&nbsp;&nbsp;&nbsp;&nbsp;&nbsp;', pp_title:'', autoplay:false, download:false, vol:76, height:'' };<\/script><\/code><\/p>\n<p><code><\/code><\/p>\n<p><strong>Betoniviidakko keikalla : Los Ganglios LIVE in a garage.<\/strong> Barcelonan, Poble Noun Jiu Jau USB ug-kellarissa autontuunausteknoa, punkkia ja postmoderneja balladeja soittava Los Ganglios keikalla 11.1.2014. Erikoisjaksossa kuunnellan vain keikka eik\u00e4 keskustella.<\/p>\n<p><code><div id=\"mp3jWrap_4\" class=\"mjp-s-wrapper s-graphic unsel-mjp smaller2 gill-mjp\" style=\"font-size:14px;\"><span id=\"playpause_wrap_mp3j_4\" class=\"wrap_inline_mp3j\" style=\"font-weight:700;\"><span class=\"gfxbutton_mp3j play-mjp\" id=\"playpause_mp3j_4\" style=\"font-size:14px;\">&nbsp;&nbsp;&nbsp;&nbsp;&nbsp;<\/span>&nbsp;<span class=\"group_wrap\"><span class=\"bars_mp3j\"><span class=\"loadB_mp3j\" id=\"load_mp3j_4\"><\/span><span class=\"posbarB_mp3j\" id=\"posbar_mp3j_4\"><\/span><\/span><span class=\"T_mp3j\" id=\"T_mp3j_4\" style=\"font-size:14px;\">Betoniviidakko: Los Ganglios LIVE<\/span><span class=\"indi_mp3j\" style=\"font-size:9.8px;\" id=\"statusMI_4\"><\/span><\/span><span class=\"vol_mp3j flipped\" id=\"vol_mp3j_4\"><\/span><\/span><\/div><span class=\"s-nosolution\" id=\"mp3j_nosolution_4\" style=\"display:none;\"><\/span><script>\nMP3jPLAYLISTS.inline_4 = [\n\t{ name: \"Betoniviidakko_Ganglios\", formats: [\"mp3\"], mp3: \"aHR0cDovL3N0cmVhbS52YWRlbG1hLm9yZzo2MTk3NC9rb3JwcGlyYWRpby9CZXRvbml2aWlkYWtrb19HYW5nbGlvcy5tcDM=\", counterpart:\"\", artist: \"\", image: \"\", imgurl: \"\" }\n];\n<\/script>\n\n<script>MP3jPLAYERS[4] = { list: MP3jPLAYLISTS.inline_4, tr:0, type:'single', lstate:'', loop:false, play_txt:'&nbsp;&nbsp;&nbsp;&nbsp;&nbsp;', pause_txt:'&nbsp;&nbsp;&nbsp;&nbsp;&nbsp;', pp_title:'', autoplay:false, download:false, vol:76, height:'' };<\/script><\/code><code><\/code><\/p>\n<p>&nbsp;<\/p>\n<p><strong>Betoniviidakon kokeellinen avajaisl\u00e4hetys.<\/strong> Mukana runoilija Lasse Hauerwaas Helsinki Poetry Connectionista:<\/p>\n<p><code><div id=\"mp3jWrap_5\" class=\"mjp-s-wrapper s-graphic unsel-mjp smaller2 gill-mjp\" style=\"font-size:14px;\"><span id=\"playpause_wrap_mp3j_5\" class=\"wrap_inline_mp3j\" style=\"font-weight:700;\"><span class=\"gfxbutton_mp3j play-mjp\" id=\"playpause_mp3j_5\" style=\"font-size:14px;\">&nbsp;&nbsp;&nbsp;&nbsp;&nbsp;<\/span>&nbsp;<span class=\"group_wrap\"><span class=\"bars_mp3j\"><span class=\"loadB_mp3j\" id=\"load_mp3j_5\"><\/span><span class=\"posbarB_mp3j\" id=\"posbar_mp3j_5\"><\/span><\/span><span class=\"T_mp3j\" id=\"T_mp3j_5\" style=\"font-size:14px;\">Betoniviidakko: avajaiset\/opening<\/span><span class=\"indi_mp3j\" style=\"font-size:9.8px;\" id=\"statusMI_5\"><\/span><\/span><span class=\"vol_mp3j flipped\" id=\"vol_mp3j_5\"><\/span><\/span><\/div><span class=\"s-nosolution\" id=\"mp3j_nosolution_5\" style=\"display:none;\"><\/span><script>\nMP3jPLAYLISTS.inline_5 = [\n\t{ name: \"Avajaiset_Betoniviidakko\", formats: [\"mp3\"], mp3: \"aHR0cDovL3N0cmVhbS52YWRlbG1hLm9yZzo2MTk3NC9rb3JwcGlyYWRpby9BdmFqYWlzZXRfQmV0b25pdmlpZGFra28ubXAz\", counterpart:\"\", artist: \"\", image: \"\", imgurl: \"\" }\n];\n<\/script>\n\n<script>MP3jPLAYERS[5] = { list: MP3jPLAYLISTS.inline_5, tr:0, type:'single', lstate:'', loop:false, play_txt:'&nbsp;&nbsp;&nbsp;&nbsp;&nbsp;', pause_txt:'&nbsp;&nbsp;&nbsp;&nbsp;&nbsp;', pp_title:'', autoplay:false, download:false, vol:76, height:'' };<\/script><\/code><\/p>\n<p><code><\/code><\/p>\n<p><code><\/code><\/p>\n<p>&nbsp;<\/p>\n<p>&nbsp;<\/p>\n","protected":false},"excerpt":{"rendered":"<p>Betoniviidakossa tavataan taiteilijoiden ja muusikoiden kanssa vapaan keskustelun merkeiss\u00e4. Aiheet kasvavat kyseisen henkil\u00f6n ty\u00f6st\u00e4 ja suhteesta maailmaan. Lopputulokset ovat olleet joskus supermarketmaailmamme yskint\u00e4\u00e4, v\u00e4lill\u00e4 kaasarinrassausteknoa Barcelonalaisessa autotallissa tai Varsovalaisen keitti\u00f6p\u00f6yd\u00e4n mittaamatonta todellisuutta. Musiikki on vieraiden omaa, itse tehty\u00e4 tai vapain lisenssein julkaistua. Tekij\u00e4 Sakari Laurila: sakari (at) kammari.org \/\/ Betoniviidakossa (In the concrete jungle) we&hellip;<\/p>\n","protected":false},"author":4,"featured_media":0,"parent":0,"menu_order":2,"comment_status":"closed","ping_status":"closed","template":"","meta":{"footnotes":""},"class_list":["post-26","page","type-page","status-publish","hentry"],"_links":{"self":[{"href":"http:\/\/www.vadelma.org\/korppiradio\/wp-json\/wp\/v2\/pages\/26","targetHints":{"allow":["GET"]}}],"collection":[{"href":"http:\/\/www.vadelma.org\/korppiradio\/wp-json\/wp\/v2\/pages"}],"about":[{"href":"http:\/\/www.vadelma.org\/korppiradio\/wp-json\/wp\/v2\/types\/page"}],"author":[{"embeddable":true,"href":"http:\/\/www.vadelma.org\/korppiradio\/wp-json\/wp\/v2\/users\/4"}],"replies":[{"embeddable":true,"href":"http:\/\/www.vadelma.org\/korppiradio\/wp-json\/wp\/v2\/comments?post=26"}],"version-history":[{"count":0,"href":"http:\/\/www.vadelma.org\/korppiradio\/wp-json\/wp\/v2\/pages\/26\/revisions"}],"wp:attachment":[{"href":"http:\/\/www.vadelma.org\/korppiradio\/wp-json\/wp\/v2\/media?parent=26"}],"curies":[{"name":"wp","href":"https:\/\/api.w.org\/{rel}","templated":true}]}}