{"id":2636,"date":"2015-08-31T17:58:47","date_gmt":"2015-08-31T14:58:47","guid":{"rendered":"http:\/\/vadelma.org\/korppiradio\/?page_id=2636"},"modified":"2019-03-04T11:45:06","modified_gmt":"2019-03-04T09:45:06","slug":"formaatit","status":"publish","type":"page","link":"http:\/\/www.vadelma.org\/korppiradio\/formaatit\/","title":{"rendered":"formaatit"},"content":{"rendered":"<p><em>T\u00e4m\u00e4 formaattikokeilu on osa Korppiradion kehittyv\u00e4\u00e4 orgaanista l\u00e4hetyskulttuuria, joka soveltaa Airtime-ohjelmiston monipuolista dynaamista soittolistaohjelmointia.<\/em><\/p>\n<p>Korppiradion ohjelmaformaatit merkit\u00e4\u00e4n seuraavin kirjain-t\u00e4gein:<\/p>\n<ul>\n<li>(a) art :: radiotaide, \u00e4\u00e4nitaide, ambienssit<\/li>\n<li>(b) b\u00e4ndit ja muu musiikki :: keikat biisit remixit (cc)<\/li>\n<li>(c) conversation :: keskustelu ja \u00e4\u00e4neen pohdinta<\/li>\n<li>(d) documentary :: dokumentit, tilaisuudet, haastattelut<\/li>\n<li>(e) experimental :: rajojaan rikkova kokeileva radio<\/li>\n<li>(f) fiction :: kuunnelma, sadut, tarinoinnit<\/li>\n<li>(g) garden :: vapaa tila, pelej\u00e4, olemista, leikki\u00e4, jammailua<\/li>\n<li>(h) house :: DJ in the house<\/li>\n<li>(i) interlude :: v\u00e4lisoitot, siirtym\u00e4t<\/li>\n<li>(j) jingle :: jinglet ja tunnarit<\/li>\n<li>(re) remix :: kierr\u00e4tettyj\u00e4 ja uudelleen miksattuja nauhoja<\/li>\n<\/ul>\n<p>soitossa olevien ohjelmien ja kappaleiden kesto merkit\u00e4\u00e4n seuraavin t\u00e4gein:<\/p>\n<ul>\n<li>(sp) single :: laulu tai lyhyt katkelma<\/li>\n<li>(ep) maxi single :: muutama laulu tai pidempi katkelma<\/li>\n<li>(lp) long play :: kokonainen ohjelma tai \u00e4\u00e4niteos, kesto v\u00e4hint\u00e4\u00e4n 30min<\/li>\n<li>(elp) extra long play :: reilusti yli 2h kest\u00e4v\u00e4t ohjelmat ja teokset<\/li>\n<\/ul>\n","protected":false},"excerpt":{"rendered":"<p>T\u00e4m\u00e4 formaattikokeilu on osa Korppiradion kehittyv\u00e4\u00e4 orgaanista l\u00e4hetyskulttuuria, joka soveltaa Airtime-ohjelmiston monipuolista dynaamista soittolistaohjelmointia. Korppiradion ohjelmaformaatit merkit\u00e4\u00e4n seuraavin kirjain-t\u00e4gein: (a) art :: radiotaide, \u00e4\u00e4nitaide, ambienssit (b) b\u00e4ndit ja muu musiikki :: keikat biisit remixit (cc) (c) conversation :: keskustelu ja \u00e4\u00e4neen pohdinta (d) documentary :: dokumentit, tilaisuudet, haastattelut (e) experimental :: rajojaan rikkova kokeileva radio&hellip;<\/p>\n","protected":false},"author":1,"featured_media":0,"parent":0,"menu_order":0,"comment_status":"closed","ping_status":"closed","template":"","meta":{"footnotes":""},"class_list":["post-2636","page","type-page","status-publish","hentry"],"_links":{"self":[{"href":"http:\/\/www.vadelma.org\/korppiradio\/wp-json\/wp\/v2\/pages\/2636","targetHints":{"allow":["GET"]}}],"collection":[{"href":"http:\/\/www.vadelma.org\/korppiradio\/wp-json\/wp\/v2\/pages"}],"about":[{"href":"http:\/\/www.vadelma.org\/korppiradio\/wp-json\/wp\/v2\/types\/page"}],"author":[{"embeddable":true,"href":"http:\/\/www.vadelma.org\/korppiradio\/wp-json\/wp\/v2\/users\/1"}],"replies":[{"embeddable":true,"href":"http:\/\/www.vadelma.org\/korppiradio\/wp-json\/wp\/v2\/comments?post=2636"}],"version-history":[{"count":0,"href":"http:\/\/www.vadelma.org\/korppiradio\/wp-json\/wp\/v2\/pages\/2636\/revisions"}],"wp:attachment":[{"href":"http:\/\/www.vadelma.org\/korppiradio\/wp-json\/wp\/v2\/media?parent=2636"}],"curies":[{"name":"wp","href":"https:\/\/api.w.org\/{rel}","templated":true}]}}