{"id":2643,"date":"2015-08-31T18:19:59","date_gmt":"2015-08-31T15:19:59","guid":{"rendered":"http:\/\/vadelma.org\/korppiradio\/?page_id=2643"},"modified":"2019-03-04T11:21:08","modified_gmt":"2019-03-04T09:21:08","slug":"roolit","status":"publish","type":"page","link":"http:\/\/www.vadelma.org\/korppiradio\/roolit\/","title":{"rendered":"roolit"},"content":{"rendered":"<p><em>korppiradioon osallistuvat ihmiset ovat korppeja*<\/em><\/p>\n<p><em>korpit muodostavat kommunikoivan yhteis\u00f6n<br \/>\n<\/em><\/p>\n<p><em>erilaisille korpeille l\u00f6ytyy erilaisia, vaihtuvia rooleja:<\/em><\/p>\n<ul>\n<li><strong>striimikorppi<\/strong> toimii Korppiradion ohjelmavirran rakentajana ja kanavatiedottajana.<\/li>\n<li><strong>verkostokorppi<\/strong> verkostoituu ihmisten kanssa ja on mm. toteuttamassa uusia ty\u00f6pajoja.<\/li>\n<li><strong>journalistikorppi<\/strong> hakee ohjelma-aiheita, tekee haastatteluja ja reportaaseja.<\/li>\n<li><strong>toimituskorppi<\/strong> vaikuttaa nettisivujen puolella tiedonv\u00e4litt\u00e4j\u00e4n\u00e4, radioasemalla ohjelmien sis\u00e4lt\u00f6jen t\u00f6rm\u00e4ytt\u00e4j\u00e4n\u00e4 sek\u00e4 haastattelujen ja keskustelujen motorisoijina, ym, ym<\/li>\n<li><strong>teknikkokorpit<\/strong> saavat mikserin toimimaan, \u00e4\u00e4nen tason kohdilleen, nauhoituksen p\u00e4\u00e4lle, kaluston kulkemaan, kuunteluhuoneet soimaan.<\/li>\n<li><strong>taiteilijakorpit<\/strong> tekev\u00e4t ohjelmakokeiluja, luovat uusia muotoja, synnytt\u00e4v\u00e4t musiikkia ja \u00e4\u00e4nt\u00e4, vaikuttavat vaikuttavuuteen ja vaikutelmaan.<\/li>\n<li><strong>kirjokorpit<\/strong> tekev\u00e4t jinglej\u00e4, sample\/remix-julkaisuja ja muita pieni\u00e4 juttuja, ja auttavat soittoarkiston aineiston t\u00e4g\u00e4\u00e4misess\u00e4.<\/li>\n<li><strong>peruskorppi<\/strong> on mukana l\u00e4hetyksess\u00e4 puhumassa tai tekij\u00e4n\u00e4 tai esim dj:n\u00e4.<\/li>\n<li><strong>superkorppi<\/strong> saattaa tehd\u00e4 kaikkea yll\u00e4 mainittua. Jokainen peruskorppi on potentiaalinen superkorppi.<\/li>\n<\/ul>\n<p><em>Kommonaalisesti j\u00e4rjest\u00e4ytynyt toimintakulttuuri vierastaa p\u00f6nkittyneit\u00e4 arvohierarkioita &#8211; on luonnollista ett\u00e4 osallistuva yksil\u00f6 toimii monissa eri rooleissa, oman kiinnostuksensa, osaamisalueensa ja yhteis\u00f6llisen tarpeen mukaan joustaen, ominta toimialuettaan kartoittaen.<\/em><\/p>\n","protected":false},"excerpt":{"rendered":"<p>korppiradioon osallistuvat ihmiset ovat korppeja* korpit muodostavat kommunikoivan yhteis\u00f6n erilaisille korpeille l\u00f6ytyy erilaisia, vaihtuvia rooleja: striimikorppi toimii Korppiradion ohjelmavirran rakentajana ja kanavatiedottajana. verkostokorppi verkostoituu ihmisten kanssa ja on mm. toteuttamassa uusia ty\u00f6pajoja. journalistikorppi hakee ohjelma-aiheita, tekee haastatteluja ja reportaaseja. toimituskorppi vaikuttaa nettisivujen puolella tiedonv\u00e4litt\u00e4j\u00e4n\u00e4, radioasemalla ohjelmien sis\u00e4lt\u00f6jen t\u00f6rm\u00e4ytt\u00e4j\u00e4n\u00e4 sek\u00e4 haastattelujen ja keskustelujen motorisoijina, ym, ym&hellip;<\/p>\n","protected":false},"author":1,"featured_media":0,"parent":0,"menu_order":0,"comment_status":"closed","ping_status":"closed","template":"","meta":{"footnotes":""},"class_list":["post-2643","page","type-page","status-publish","hentry"],"_links":{"self":[{"href":"http:\/\/www.vadelma.org\/korppiradio\/wp-json\/wp\/v2\/pages\/2643","targetHints":{"allow":["GET"]}}],"collection":[{"href":"http:\/\/www.vadelma.org\/korppiradio\/wp-json\/wp\/v2\/pages"}],"about":[{"href":"http:\/\/www.vadelma.org\/korppiradio\/wp-json\/wp\/v2\/types\/page"}],"author":[{"embeddable":true,"href":"http:\/\/www.vadelma.org\/korppiradio\/wp-json\/wp\/v2\/users\/1"}],"replies":[{"embeddable":true,"href":"http:\/\/www.vadelma.org\/korppiradio\/wp-json\/wp\/v2\/comments?post=2643"}],"version-history":[{"count":0,"href":"http:\/\/www.vadelma.org\/korppiradio\/wp-json\/wp\/v2\/pages\/2643\/revisions"}],"wp:attachment":[{"href":"http:\/\/www.vadelma.org\/korppiradio\/wp-json\/wp\/v2\/media?parent=2643"}],"curies":[{"name":"wp","href":"https:\/\/api.w.org\/{rel}","templated":true}]}}