{"id":32,"date":"2013-10-09T14:42:47","date_gmt":"2013-10-09T12:42:47","guid":{"rendered":"http:\/\/korppiradio.wordpress.com\/?page_id=32"},"modified":"2020-08-24T09:16:32","modified_gmt":"2020-08-24T06:16:32","slug":"eksynyt-marjastaja","status":"publish","type":"page","link":"http:\/\/www.vadelma.org\/korppiradio\/puheohjelmat\/eksynyt-marjastaja\/","title":{"rendered":"Eksynyt Marjastaja"},"content":{"rendered":"<p><strong>Eksynyt marjastaja<\/strong> <strong> on yhden hengen filosofinen keskusteluohjelma.<\/strong><br \/>\nVaaleanpunavihre\u00e4 henk\u00e4ys Suomi-neidon intiimialueilta Hein\u00e4vedelt\u00e4. My\u00f6s vierailijoita ja teostovapaata musaa. Ohjelmien intro: V\u00e4in\u00f6 \u2019koko kyl\u00e4n W\u00e4en\u00f6\u2019 Makkonen ja musiikki Rytque &#8211; Rouva (treeninauha edit.).<\/p>\n<p>Tekij\u00f6in\u00e4: Dj Tuulinen Kaaos. Yhteystiedot: korppi (at) vadelma.org\/korppiradio<\/p>\n<p>&nbsp;<\/p>\n<p><strong>Nauhoitetut jaksot:<\/strong><\/p>\n<p><strong>Osa 6 &#8211; Rehellisyys<\/strong><\/p>\n<p><code><div id=\"mp3jWrap_0\" class=\"mjp-s-wrapper s-graphic unsel-mjp bigger2 gill-mjp\" style=\"font-size:14px;\"><span id=\"playpause_wrap_mp3j_0\" class=\"wrap_inline_mp3j\" style=\"font-weight:700;\"><span class=\"gfxbutton_mp3j play-mjp\" id=\"playpause_mp3j_0\" style=\"font-size:14px;\">&nbsp;&nbsp;&nbsp;&nbsp;&nbsp;<\/span>&nbsp;<span class=\"group_wrap\"><span class=\"bars_mp3j\"><span class=\"loadB_mp3j\" id=\"load_mp3j_0\"><\/span><span class=\"posbarB_mp3j\" id=\"posbar_mp3j_0\"><\/span><\/span><span class=\"T_mp3j\" id=\"T_mp3j_0\" style=\"font-size:14px;\">Eksynyt marjastaja - jakso 6: Rehellisyys<\/span><span class=\"indi_mp3j\" style=\"font-size:9.8px;\" id=\"statusMI_0\"><\/span><\/span><span class=\"vol_mp3j flipped\" id=\"vol_mp3j_0\"><\/span><\/span><\/div><span class=\"s-nosolution\" id=\"mp3j_nosolution_0\" style=\"display:none;\"><\/span><script>\nMP3jPLAYLISTS.inline_0 = [\n\t{ name: \"EM_6_Rehellisyys\", formats: [\"mp3\"], mp3: \"aHR0cDovL3N0cmVhbS52YWRlbG1hLm9yZzo2MTk3NC9rb3JwcGlyYWRpby9FTV82X1JlaGVsbGlzeXlzLm1wMw==\", counterpart:\"\", artist: \"\", image: \"\", imgurl: \"\" }\n];\n<\/script>\n\n<script>MP3jPLAYERS[0] = { list: MP3jPLAYLISTS.inline_0, tr:0, type:'single', lstate:'', loop:false, play_txt:'&nbsp;&nbsp;&nbsp;&nbsp;&nbsp;', pause_txt:'&nbsp;&nbsp;&nbsp;&nbsp;&nbsp;', pp_title:'', autoplay:false, download:false, vol:76, height:'' };<\/script><\/code><\/p>\n<p>Musiikit:<\/p>\n<address>1. So Real&nbsp;by&nbsp;<a href=\"http:\/\/freemusicarchive.org\/music\/OpVious\/\" rel=\"cc:attributionURL\">OpVious<\/a>&nbsp;is licensed under a&nbsp;<a href=\"http:\/\/creativecommons.org\/licenses\/by-nc\/4.0\/\" rel=\"license\">Attribution-NonCommercial License<\/a>.<br \/>\n2. Reel to Real&nbsp;by&nbsp;<a href=\"http:\/\/freemusicarchive.org\/music\/Punk_Rock_Opera\/\" rel=\"cc:attributionURL\">Punk Rock Opera<\/a>&nbsp;is licensed under a&nbsp;<a href=\"http:\/\/creativecommons.org\/licenses\/by-nc\/4.0\/\" rel=\"license\">Attribution-NonCommercial License<\/a>.<br \/>\n3. Softly&nbsp;by&nbsp;<a href=\"http:\/\/freemusicarchive.org\/music\/Loyalty_Freak_Music\/\" rel=\"cc:attributionURL\">Loyalty Freak Music<\/a>&nbsp;is licensed under a&nbsp;<a href=\"http:\/\/creativecommons.org\/publicdomain\/zero\/1.0\/\" rel=\"license\">CC0 1.0 Universal License<\/a>.<br \/>\n4. There It Is&nbsp;by&nbsp;<a href=\"http:\/\/freemusicarchive.org\/music\/Kevin_MacLeod\/\" rel=\"cc:attributionURL\">Kevin MacLeod<\/a>&nbsp;is licensed under a&nbsp;<a href=\"http:\/\/creativecommons.org\/licenses\/by\/3.0\/\" rel=\"license\">Creative Commons Attribution License<\/a>.<\/address>\n<p><strong>Osa 5 &#8211; Siemen:<\/strong><strong><br \/>\n<\/strong><\/p>\n<p><code><div id=\"mp3jWrap_1\" class=\"mjp-s-wrapper s-graphic unsel-mjp bigger2 gill-mjp\" style=\"font-size:14px;\"><span id=\"playpause_wrap_mp3j_1\" class=\"wrap_inline_mp3j\" style=\"font-weight:700;\"><span class=\"gfxbutton_mp3j play-mjp\" id=\"playpause_mp3j_1\" style=\"font-size:14px;\">&nbsp;&nbsp;&nbsp;&nbsp;&nbsp;<\/span>&nbsp;<span class=\"group_wrap\"><span class=\"bars_mp3j\"><span class=\"loadB_mp3j\" id=\"load_mp3j_1\"><\/span><span class=\"posbarB_mp3j\" id=\"posbar_mp3j_1\"><\/span><\/span><span class=\"T_mp3j\" id=\"T_mp3j_1\" style=\"font-size:14px;\">Eksynyt marjastaja - jakso 5: siemen<\/span><span class=\"indi_mp3j\" style=\"font-size:9.8px;\" id=\"statusMI_1\"><\/span><\/span><span class=\"vol_mp3j flipped\" id=\"vol_mp3j_1\"><\/span><\/span><\/div><span class=\"s-nosolution\" id=\"mp3j_nosolution_1\" style=\"display:none;\"><\/span><script>\nMP3jPLAYLISTS.inline_1 = [\n\t{ name: \"EksynytMarjastaja_5_siemen\", formats: [\"mp3\"], mp3: \"aHR0cDovL3N0cmVhbS52YWRlbG1hLm9yZzo2MTk3NC9rb3JwcGlyYWRpby9Fa3N5bnl0TWFyamFzdGFqYV81X3NpZW1lbi5tcDM=\", counterpart:\"\", artist: \"\", image: \"\", imgurl: \"\" }\n];\n<\/script>\n\n<script>MP3jPLAYERS[1] = { list: MP3jPLAYLISTS.inline_1, tr:0, type:'single', lstate:'', loop:false, play_txt:'&nbsp;&nbsp;&nbsp;&nbsp;&nbsp;', pause_txt:'&nbsp;&nbsp;&nbsp;&nbsp;&nbsp;', pp_title:'', autoplay:false, download:false, vol:76, height:'' };<\/script><\/code><\/p>\n<p>&nbsp;<\/p>\n<p><strong>Osa 4 &#8211; Heimot<\/strong>:<strong><br \/>\n<\/strong><\/p>\n<p><code><div id=\"mp3jWrap_2\" class=\"mjp-s-wrapper s-graphic unsel-mjp bigger2 gill-mjp\" style=\"font-size:14px;\"><span id=\"playpause_wrap_mp3j_2\" class=\"wrap_inline_mp3j\" style=\"font-weight:700;\"><span class=\"gfxbutton_mp3j play-mjp\" id=\"playpause_mp3j_2\" style=\"font-size:14px;\">&nbsp;&nbsp;&nbsp;&nbsp;&nbsp;<\/span>&nbsp;<span class=\"group_wrap\"><span class=\"bars_mp3j\"><span class=\"loadB_mp3j\" id=\"load_mp3j_2\"><\/span><span class=\"posbarB_mp3j\" id=\"posbar_mp3j_2\"><\/span><\/span><span class=\"T_mp3j\" id=\"T_mp3j_2\" style=\"font-size:14px;\">Eksynyt marjastaja - jakso 4: Heimot<\/span><span class=\"indi_mp3j\" style=\"font-size:9.8px;\" id=\"statusMI_2\"><\/span><\/span><span class=\"vol_mp3j flipped\" id=\"vol_mp3j_2\"><\/span><\/span><\/div><span class=\"s-nosolution\" id=\"mp3j_nosolution_2\" style=\"display:none;\"><\/span><script>\nMP3jPLAYLISTS.inline_2 = [\n\t{ name: \"EksynytMarjastaja_4_heimot\", formats: [\"mp3\"], mp3: \"aHR0cDovL3N0cmVhbS52YWRlbG1hLm9yZzo2MTk3NC9rb3JwcGlyYWRpby9Fa3N5bnl0TWFyamFzdGFqYV80X2hlaW1vdC5tcDM=\", counterpart:\"\", artist: \"\", image: \"\", imgurl: \"\" }\n];\n<\/script>\n\n<script>MP3jPLAYERS[2] = { list: MP3jPLAYLISTS.inline_2, tr:0, type:'single', lstate:'', loop:false, play_txt:'&nbsp;&nbsp;&nbsp;&nbsp;&nbsp;', pause_txt:'&nbsp;&nbsp;&nbsp;&nbsp;&nbsp;', pp_title:'', autoplay:false, download:false, vol:76, height:'' };<\/script><\/code><\/p>\n<p>Musiikit:<\/p>\n<address>1. La Di Day by Podington Bear<br \/>\ncc: Attribution-NonCommercial 3.0 International License.<br \/>\n2. Find a Home by Laura Jorgensen<br \/>\ncc: Attribution-NonCommercial 3.0 International License.<br \/>\n3. Anna Anteeksi maailmalle by Ovaali<br \/>\n4. Goodwill Cowboys Ride Again by Michael Chapman &amp; The Woodpiles<br \/>\ncc: Attribution-NonCommercial 3.0 International License.<\/address>\n<p>&nbsp;<\/p>\n<p><strong>Osa 3 : ei mit\u00e4\u00e4n<\/strong>:<strong><br \/>\n<\/strong><\/p>\n<p><code><div id=\"mp3jWrap_3\" class=\"mjp-s-wrapper s-graphic unsel-mjp bigger2 gill-mjp\" style=\"font-size:14px;\"><span id=\"playpause_wrap_mp3j_3\" class=\"wrap_inline_mp3j\" style=\"font-weight:700;\"><span class=\"gfxbutton_mp3j play-mjp\" id=\"playpause_mp3j_3\" style=\"font-size:14px;\">&nbsp;&nbsp;&nbsp;&nbsp;&nbsp;<\/span>&nbsp;<span class=\"group_wrap\"><span class=\"bars_mp3j\"><span class=\"loadB_mp3j\" id=\"load_mp3j_3\"><\/span><span class=\"posbarB_mp3j\" id=\"posbar_mp3j_3\"><\/span><\/span><span class=\"T_mp3j\" id=\"T_mp3j_3\" style=\"font-size:14px;\">Eksynyt marjastaja - jakso 3: Ei mit\u00e4\u00e4n<\/span><span class=\"indi_mp3j\" style=\"font-size:9.8px;\" id=\"statusMI_3\"><\/span><\/span><span class=\"vol_mp3j flipped\" id=\"vol_mp3j_3\"><\/span><\/span><\/div><span class=\"s-nosolution\" id=\"mp3j_nosolution_3\" style=\"display:none;\"><\/span><script>\nMP3jPLAYLISTS.inline_3 = [\n\t{ name: \"EksynytMarjastaja_3_eimitaan\", formats: [\"mp3\"], mp3: \"aHR0cDovL3N0cmVhbS52YWRlbG1hLm9yZzo2MTk3NC9rb3JwcGlyYWRpby9Fa3N5bnl0TWFyamFzdGFqYV8zX2VpbWl0YWFuLm1wMw==\", counterpart:\"\", artist: \"\", image: \"\", imgurl: \"\" }\n];\n<\/script>\n\n<script>MP3jPLAYERS[3] = { list: MP3jPLAYLISTS.inline_3, tr:0, type:'single', lstate:'', loop:false, play_txt:'&nbsp;&nbsp;&nbsp;&nbsp;&nbsp;', pause_txt:'&nbsp;&nbsp;&nbsp;&nbsp;&nbsp;', pp_title:'', autoplay:false, download:false, vol:76, height:'' };<\/script><\/code><\/p>\n<p>Musiikit:<\/p>\n<address>1.&#8221;When the Meteorologist Predicts Snow&#8221; by Kara Square<br \/>\ncc: Attribution Noncommercial (3.0)<br \/>\n2.&#8221;Nothing Much Ahead&#8221; by Vidian<br \/>\ncc: Attribution Noncommercial (3.0)<br \/>\n3.&#8221;Is This Anything&#8221; by Speck<br \/>\ncc: Attribution Noncommercial (3.0)<br \/>\n4.&#8221;James Brown d&#8217;funk (Lets go, Bounce)&#8221; by texasradiofish<br \/>\ncc:Attribution Noncommercial (3.0)<\/address>\n<p>&nbsp;<\/p>\n<p><strong>Osa 2 : pimeys<\/strong>:<strong><br \/>\n<\/strong><\/p>\n<p><code><div id=\"mp3jWrap_4\" class=\"mjp-s-wrapper s-graphic unsel-mjp bigger2 gill-mjp\" style=\"font-size:14px;\"><span id=\"playpause_wrap_mp3j_4\" class=\"wrap_inline_mp3j\" style=\"font-weight:700;\"><span class=\"gfxbutton_mp3j play-mjp\" id=\"playpause_mp3j_4\" style=\"font-size:14px;\">&nbsp;&nbsp;&nbsp;&nbsp;&nbsp;<\/span>&nbsp;<span class=\"group_wrap\"><span class=\"bars_mp3j\"><span class=\"loadB_mp3j\" id=\"load_mp3j_4\"><\/span><span class=\"posbarB_mp3j\" id=\"posbar_mp3j_4\"><\/span><\/span><span class=\"T_mp3j\" id=\"T_mp3j_4\" style=\"font-size:14px;\">Eksynyt marjastaja - jakso 2: Pimeys<\/span><span class=\"indi_mp3j\" style=\"font-size:9.8px;\" id=\"statusMI_4\"><\/span><\/span><span class=\"vol_mp3j flipped\" id=\"vol_mp3j_4\"><\/span><\/span><\/div><span class=\"s-nosolution\" id=\"mp3j_nosolution_4\" style=\"display:none;\"><\/span><script>\nMP3jPLAYLISTS.inline_4 = [\n\t{ name: \"EksynytMarjastaja_2_pimeys\", formats: [\"mp3\"], mp3: \"aHR0cDovL3N0cmVhbS52YWRlbG1hLm9yZzo2MTk3NC9rb3JwcGlyYWRpby9Fa3N5bnl0TWFyamFzdGFqYV8yX3BpbWV5cy5tcDM=\", counterpart:\"\", artist: \"\", image: \"\", imgurl: \"\" }\n];\n<\/script>\n\n<script>MP3jPLAYERS[4] = { list: MP3jPLAYLISTS.inline_4, tr:0, type:'single', lstate:'', loop:false, play_txt:'&nbsp;&nbsp;&nbsp;&nbsp;&nbsp;', pause_txt:'&nbsp;&nbsp;&nbsp;&nbsp;&nbsp;', pp_title:'', autoplay:false, download:false, vol:76, height:'' };<\/script><\/code><\/p>\n<p style=\"margin-bottom: 0cm;\">Musiikit:<\/p>\n<address style=\"margin-bottom: 0cm;\">1.The darkness Within by Bits is licensed under a <a href=\"http:\/\/creativecommons.org\/licenses\/by\/3.0\/\">Creative Commons Attribution License<\/a>.<br \/>\nBased on a work at <a href=\"http:\/\/soundcloud.com\/roccow\">http:\/\/soundcloud.com\/roccow<\/a><\/address>\n<address style=\"margin-bottom: 0cm;\">2. City Lights at Night by <a href=\"http:\/\/freemusicarchive.org\/music\/Revolution_Void\/\">Revolution Void<\/a> is licensed under a <a href=\"http:\/\/creativecommons.org\/licenses\/by-nc\/3.0\/\">Attribution-NonCommercial 3.0 International License<\/a>.<\/address>\n<address style=\"margin-bottom: 0cm;\">3.Lightout (2003) by <a href=\"http:\/\/freemusicarchive.org\/music\/Antony_Raijekov\/\">Antony Raijekov<\/a> is licensed under a <a href=\"http:\/\/creativecommons.org\/licenses\/by-nc\/2.5\/bg\/\">Attribution-Noncommercial 2.5 Bulgaria License<\/a>.<\/address>\n<address style=\"margin-bottom: 0cm;\">4. Absence of Light, Night by <a href=\"http:\/\/freemusicarchive.org\/music\/Zeigenbock_Kopf\/\">Zeigenbock Kopf<\/a> is licensed under a <a href=\"http:\/\/creativecommons.org\/licenses\/by\/3.0\/us\/\">Attribution 3.0 United States License<\/a>.<\/address>\n<address style=\"margin-bottom: 0cm;\">5. Funkula by <a href=\"http:\/\/freemusicarchive.org\/music\/Juanitos\/\">Juanitos<\/a> is licensed under a <a href=\"http:\/\/creativecommons.org\/licenses\/by\/2.0\/fr\/\">Attribution 2.0 France License<\/a>.<\/address>\n<address>&nbsp;<\/address>\n<p><strong>Osa 1 : muurahaiset<\/strong>:<strong><br \/>\n<\/strong><\/p>\n<p><code><div id=\"mp3jWrap_5\" class=\"mjp-s-wrapper s-graphic unsel-mjp bigger2 gill-mjp\" style=\"font-size:14px;\"><span id=\"playpause_wrap_mp3j_5\" class=\"wrap_inline_mp3j\" style=\"font-weight:700;\"><span class=\"gfxbutton_mp3j play-mjp\" id=\"playpause_mp3j_5\" style=\"font-size:14px;\">&nbsp;&nbsp;&nbsp;&nbsp;&nbsp;<\/span>&nbsp;<span class=\"group_wrap\"><span class=\"bars_mp3j\"><span class=\"loadB_mp3j\" id=\"load_mp3j_5\"><\/span><span class=\"posbarB_mp3j\" id=\"posbar_mp3j_5\"><\/span><\/span><span class=\"T_mp3j\" id=\"T_mp3j_5\" style=\"font-size:14px;\">Eksynyt marjastaja - jakso 1: Muurahaiset<\/span><span class=\"indi_mp3j\" style=\"font-size:9.8px;\" id=\"statusMI_5\"><\/span><\/span><span class=\"vol_mp3j flipped\" id=\"vol_mp3j_5\"><\/span><\/span><\/div><span class=\"s-nosolution\" id=\"mp3j_nosolution_5\" style=\"display:none;\"><\/span><script>\nMP3jPLAYLISTS.inline_5 = [\n\t{ name: \"EksynytMarjastaja_1_muurahaiset\", formats: [\"mp3\"], mp3: \"aHR0cDovL3N0cmVhbS52YWRlbG1hLm9yZzo2MTk3NC9rb3JwcGlyYWRpby9Fa3N5bnl0TWFyamFzdGFqYV8xX211dXJhaGFpc2V0Lm1wMw==\", counterpart:\"\", artist: \"\", image: \"\", imgurl: \"\" }\n];\n<\/script>\n\n<script>MP3jPLAYERS[5] = { list: MP3jPLAYLISTS.inline_5, tr:0, type:'single', lstate:'', loop:false, play_txt:'&nbsp;&nbsp;&nbsp;&nbsp;&nbsp;', pause_txt:'&nbsp;&nbsp;&nbsp;&nbsp;&nbsp;', pp_title:'', autoplay:false, download:false, vol:76, height:'' };<\/script><\/code><\/p>\n<p>Musiikit:<\/p>\n<address>1.&#8221;Hornet (an ode to struggling insects)&#8221; by kulimu (feat. duckett)<br \/>\n<a href=\"http:\/\/ccmixter.org\/files\/kulimu\/15227\" target=\"_blank\" rel=\"noopener noreferrer\">http:\/\/ccmixter.org\/files\/kulimu\/15227<\/a><br \/>\n2.&#8221;Ants!&#8221; by Kara Square (feat. Anchor Mejans, Mystro)<br \/>\n<a href=\"http:\/\/ccmixter.org\/files\/mindmapthat\/32530\" target=\"_blank\" rel=\"noopener noreferrer\">http:\/\/ccmixter.org\/files\/mindmapthat\/32530<\/a><br \/>\n3.&#8221;Human race&#8221; by TheDICE (feat. Snowflake)<br \/>\n<a href=\"http:\/\/ccmixter.org\/files\/TheDICE\/42568\" target=\"_blank\" rel=\"noopener noreferrer\">http:\/\/ccmixter.org\/files\/TheDICE\/42568<\/a><br \/>\n4.&#8221;PeaceLoveSoul&#8221; by Jeris (feat. KungFu (KungFuFrijters))<br \/>\n<a href=\"http:\/\/ccmixter.org\/files\/VJ_Memes\/35859\" target=\"_blank\" rel=\"noopener noreferrer\">http:\/\/ccmixter.org\/files\/VJ_Memes\/35859<\/a><\/address>\n<p>&nbsp;<\/p>\n","protected":false},"excerpt":{"rendered":"<p>Eksynyt marjastaja on yhden hengen filosofinen keskusteluohjelma. Vaaleanpunavihre\u00e4 henk\u00e4ys Suomi-neidon intiimialueilta Hein\u00e4vedelt\u00e4. My\u00f6s vierailijoita ja teostovapaata musaa. Ohjelmien intro: V\u00e4in\u00f6 \u2019koko kyl\u00e4n W\u00e4en\u00f6\u2019 Makkonen ja musiikki Rytque &#8211; Rouva (treeninauha edit.). Tekij\u00f6in\u00e4: Dj Tuulinen Kaaos. Yhteystiedot: korppi (at) vadelma.org\/korppiradio &nbsp; Nauhoitetut jaksot: Osa 6 &#8211; Rehellisyys Musiikit: 1. So Real&nbsp;by&nbsp;OpVious&nbsp;is licensed under a&nbsp;Attribution-NonCommercial License. 2.&hellip;<\/p>\n","protected":false},"author":4,"featured_media":0,"parent":144,"menu_order":8,"comment_status":"closed","ping_status":"closed","template":"templates\/template-full-width.php","meta":{"footnotes":""},"class_list":["post-32","page","type-page","status-publish","hentry"],"_links":{"self":[{"href":"http:\/\/www.vadelma.org\/korppiradio\/wp-json\/wp\/v2\/pages\/32","targetHints":{"allow":["GET"]}}],"collection":[{"href":"http:\/\/www.vadelma.org\/korppiradio\/wp-json\/wp\/v2\/pages"}],"about":[{"href":"http:\/\/www.vadelma.org\/korppiradio\/wp-json\/wp\/v2\/types\/page"}],"author":[{"embeddable":true,"href":"http:\/\/www.vadelma.org\/korppiradio\/wp-json\/wp\/v2\/users\/4"}],"replies":[{"embeddable":true,"href":"http:\/\/www.vadelma.org\/korppiradio\/wp-json\/wp\/v2\/comments?post=32"}],"version-history":[{"count":1,"href":"http:\/\/www.vadelma.org\/korppiradio\/wp-json\/wp\/v2\/pages\/32\/revisions"}],"predecessor-version":[{"id":4568,"href":"http:\/\/www.vadelma.org\/korppiradio\/wp-json\/wp\/v2\/pages\/32\/revisions\/4568"}],"up":[{"embeddable":true,"href":"http:\/\/www.vadelma.org\/korppiradio\/wp-json\/wp\/v2\/pages\/144"}],"wp:attachment":[{"href":"http:\/\/www.vadelma.org\/korppiradio\/wp-json\/wp\/v2\/media?parent=32"}],"curies":[{"name":"wp","href":"https:\/\/api.w.org\/{rel}","templated":true}]}}