{"id":3314,"date":"2017-11-25T15:52:09","date_gmt":"2017-11-25T13:52:09","guid":{"rendered":"http:\/\/vadelma.org\/korppiradio\/?page_id=3314"},"modified":"2019-03-04T11:33:07","modified_gmt":"2019-03-04T09:33:07","slug":"kammari-research","status":"publish","type":"page","link":"http:\/\/www.vadelma.org\/korppiradio\/kammari-research\/","title":{"rendered":"Kammari research"},"content":{"rendered":"<p><strong>Kammari research &#8211; a project of experimental thinking and arts.<\/strong><br \/>\nThe project consists of international research processes conducted by the <a href=\"http:\/\/kammari.org\">Kammari<\/a> working group members Niklas Toivakainen and Sakari Laurila with many invited artists, researchers and writers. The research processes are mainly happening in the Kammari residency in the mountains of Cyprus. INFO: <a href=\"http:\/\/residency.kammari.org\/\">residency.kammari.org<\/a><\/p>\n<p>Contact: kammari (at) kammari.org<\/p>\n<p>The first research process, starting in the summer of 2018 is <em>Technology as Ideology. <\/em> of which the first broadcasted series is a <em>Four dialogues on technology<\/em> (in Finnish, English written summary can be requested by email: kammari (at) kammari.org).<\/p>\n<p>&nbsp;<\/p>\n<p><strong>Nelj\u00e4 dialogia teknologiasta<\/strong><\/p>\n<p style=\"padding-left: 30px;\">Huhtikuun alussa 2018 Kammarin &#8221;Technology as Ideology&#8221;-projekti julkaisee filosofisen keskusteluohjelman, jossa paneudutaan kysymyksiin siit\u00e4 miten ja miksi teknologia kietoutuu kulttuurimme ideologisiin rakenteisiin. Ohjelma koostuu nelj\u00e4st\u00e4 eri temaattisesta dialogista, jotka kaikki jakautuvat kahteen l\u00e4hetykseen.<\/p>\n<p style=\"padding-left: 30px;\"><strong>Ensimm\u00e4isess\u00e4 dialogissa, Teknologia: suuri lupaus, suuri petos<\/strong>, alustamme kuulioille sen miksi teknologian tematisointi ja problematisointi on tarpeen. Ottamalla esiin aiheita kuten esim. ty\u00f6, tasa-arvo, ymp\u00e4rist\u00f6, pyrimme osoittamaan miten sekava yleinen poliittinen ja yhteiskunnallinen keskustelu sek\u00e4 ymm\u00e4rrys teknologiasta ylip\u00e4\u00e4t\u00e4\u00e4n on. T\u00e4m\u00e4n lis\u00e4ksi pyrimme my\u00f6s valottamaan teknologiakehityksen ja sotateollisuuden yhteydet toisiinsa sek\u00e4 niiden toimintamekanismit.<\/p>\n<p style=\"padding-left: 30px;\"><strong>Toinen dialogi: Teknologia, Valta ja Toiseuden diskurssi<\/strong>, keskittyy p\u00e4\u00e4asiallisesti selvent\u00e4m\u00e4\u00e4n teknologian suhdetta valtaan ja hallintaan sek\u00e4 n\u00e4iden suhdetta ns. Toiseuteen. Kuten pyrimme selvent\u00e4m\u00e4\u00e4n, modernin teknotieteen hallinnan kohteena, sen \u2019Toiseus\u2019, on luonto ja\/tai el\u00e4m\u00e4 sin\u00e4ns\u00e4. Tulemme mm. analysoimaan ns. transhumanismin ideaa t\u00e4st\u00e4 n\u00e4k\u00f6kulmasta.<\/p>\n<p style=\"padding-left: 30px;\"><strong>Kolmannessa dialogissa: Teknologia, nautinto ja asketismi<\/strong> jatkamme ja syvenn\u00e4mme teknotieteen vallan ja hallinnan, sek\u00e4 sen Toiseuden analyysi\u00e4. P\u00e4\u00e4pyrkimyksen\u00e4mme on artikuloida miksi kulttuuri, joka n\u00e4enn\u00e4isesti tuottaa yh\u00e4 enemmiss\u00e4 m\u00e4\u00e4rin nautinnon uusia muotoja, samalla pohjautuu ja yll\u00e4pidet\u00e4\u00e4n ankaralla asketismilla, el\u00e4m\u00e4n vastaisuudella.<\/p>\n<p style=\"padding-left: 30px;\"><strong>Nelj\u00e4nness\u00e4 dialogissa: Dystopia, utopia ja nostalgia<\/strong> pyrimme aiempien dialogien avulla l\u00f6yt\u00e4m\u00e4\u00e4n uusia ty\u00f6kaluja ymm\u00e4rt\u00e4\u00e4 ja l\u00e4hesty\u00e4 teknologiaa. Keskeinen huomiomme on, ett\u00e4 julkisen ja kollektiivisen mielikuvituksen maalaamat dystopiat sek\u00e4 utopiat heijastavat pitk\u00e4lti saman\/jaetun ymm\u00e4rryksen teknologiasta: miss\u00e4 toinen n\u00e4kee utopian, toinen n\u00e4kee dystopian. Onko mahdollista ajatella asiaa toisin?<\/p>\n","protected":false},"excerpt":{"rendered":"<p>Kammari research &#8211; a project of experimental thinking and arts. The project consists of international research processes conducted by the Kammari working group members Niklas Toivakainen and Sakari Laurila with many invited artists, researchers and writers. The research processes are mainly happening in the Kammari residency in the mountains of Cyprus. INFO: residency.kammari.org Contact: kammari&hellip;<\/p>\n","protected":false},"author":1,"featured_media":0,"parent":0,"menu_order":0,"comment_status":"closed","ping_status":"closed","template":"","meta":{"footnotes":""},"class_list":["post-3314","page","type-page","status-publish","hentry"],"_links":{"self":[{"href":"http:\/\/www.vadelma.org\/korppiradio\/wp-json\/wp\/v2\/pages\/3314","targetHints":{"allow":["GET"]}}],"collection":[{"href":"http:\/\/www.vadelma.org\/korppiradio\/wp-json\/wp\/v2\/pages"}],"about":[{"href":"http:\/\/www.vadelma.org\/korppiradio\/wp-json\/wp\/v2\/types\/page"}],"author":[{"embeddable":true,"href":"http:\/\/www.vadelma.org\/korppiradio\/wp-json\/wp\/v2\/users\/1"}],"replies":[{"embeddable":true,"href":"http:\/\/www.vadelma.org\/korppiradio\/wp-json\/wp\/v2\/comments?post=3314"}],"version-history":[{"count":0,"href":"http:\/\/www.vadelma.org\/korppiradio\/wp-json\/wp\/v2\/pages\/3314\/revisions"}],"wp:attachment":[{"href":"http:\/\/www.vadelma.org\/korppiradio\/wp-json\/wp\/v2\/media?parent=3314"}],"curies":[{"name":"wp","href":"https:\/\/api.w.org\/{rel}","templated":true}]}}