{"id":4095,"date":"2019-02-14T16:18:27","date_gmt":"2019-02-14T14:18:27","guid":{"rendered":"http:\/\/vadelma.org\/korppiradio\/?page_id=4095"},"modified":"2020-01-13T12:03:49","modified_gmt":"2020-01-13T10:03:49","slug":"yksi-on-maa","status":"publish","type":"page","link":"http:\/\/www.vadelma.org\/korppiradio\/yksi-on-maa\/","title":{"rendered":"Yksi On Maa"},"content":{"rendered":"<p><img loading=\"lazy\" decoding=\"async\" class=\"alignnone size-medium wp-image-4098\" src=\"http:\/\/vadelma.org\/korppiradio\/wp-content\/uploads\/2019\/02\/Yksi_on_Maa_podcast_luonnos4-212x300.jpg\" alt=\"\" width=\"212\" height=\"300\" srcset=\"http:\/\/www.vadelma.org\/korppiradio\/wp-content\/uploads\/2019\/02\/Yksi_on_Maa_podcast_luonnos4-212x300.jpg 212w, http:\/\/www.vadelma.org\/korppiradio\/wp-content\/uploads\/2019\/02\/Yksi_on_Maa_podcast_luonnos4-106x150.jpg 106w, http:\/\/www.vadelma.org\/korppiradio\/wp-content\/uploads\/2019\/02\/Yksi_on_Maa_podcast_luonnos4-768x1086.jpg 768w, http:\/\/www.vadelma.org\/korppiradio\/wp-content\/uploads\/2019\/02\/Yksi_on_Maa_podcast_luonnos4-700x990.jpg 700w, http:\/\/www.vadelma.org\/korppiradio\/wp-content\/uploads\/2019\/02\/Yksi_on_Maa_podcast_luonnos4-640x905.jpg 640w\" sizes=\"auto, (max-width: 212px) 100vw, 212px\" \/><\/p>\n<h1>Yksi On Maa -podcastit<\/h1>\n<p>Kuuntele kuulokkeilla!<\/p>\n<p><strong>Intro<\/strong> (julkaisup\u00e4iv\u00e4 14.2.2019) 4 min<\/p>\n<div id=\"mp3jWrap_0\" class=\"mjp-s-wrapper s-graphic unsel-mjp smaller2 gill-mjp\" style=\"font-size:14px;\"><span id=\"playpause_wrap_mp3j_0\" class=\"wrap_inline_mp3j\" style=\"font-weight:700;\"><span class=\"gfxbutton_mp3j play-mjp\" id=\"playpause_mp3j_0\" style=\"font-size:14px;\">&nbsp;&nbsp;&nbsp;&nbsp;&nbsp;<\/span>&nbsp;<span class=\"group_wrap\"><span class=\"bars_mp3j\"><span class=\"loadB_mp3j\" id=\"load_mp3j_0\"><\/span><span class=\"posbarB_mp3j\" id=\"posbar_mp3j_0\"><\/span><\/span><span class=\"T_mp3j\" id=\"T_mp3j_0\" style=\"font-size:14px;\">4 WINDS : YKSI ON MAA (intro)<\/span><span class=\"indi_mp3j\" style=\"font-size:9.8px;\" id=\"statusMI_0\"><\/span><\/span><span class=\"vol_mp3j flipped\" id=\"vol_mp3j_0\"><\/span><\/span><\/div><span class=\"s-nosolution\" id=\"mp3j_nosolution_0\" style=\"display:none;\"><\/span><script>\nMP3jPLAYLISTS.inline_0 = [\n\t{ name: \"4winds-yksi-on-maa-1-intro\", formats: [\"mp3\"], mp3: \"aHR0cDovL3N0cmVhbS52YWRlbG1hLm9yZzo2MTk3NC9rb3JwcGlyYWRpby80d2luZHMteWtzaS1vbi1tYWEtMS1pbnRyby5tcDM=\", counterpart:\"\", artist: \"\", image: \"\", imgurl: \"\" }\n];\n<\/script>\n\n<script>MP3jPLAYERS[0] = { list: MP3jPLAYLISTS.inline_0, tr:0, type:'single', lstate:'', loop:false, play_txt:'&nbsp;&nbsp;&nbsp;&nbsp;&nbsp;', pause_txt:'&nbsp;&nbsp;&nbsp;&nbsp;&nbsp;', pp_title:'', autoplay:false, download:false, vol:76, height:'' };<\/script>\n<p><strong>1. osa Planeetta<\/strong> 19.2. tiistaina klo 18. \u00c4\u00e4ness\u00e4: Charles Lawrence, Markku Lehmuskallio, Anastasia Lapsui, Tero Toivanen. Kielet:suomi, englanti, ven\u00e4j\u00e4 (suomennettu).<\/p>\n<div id=\"mp3jWrap_1\" class=\"mjp-s-wrapper s-graphic unsel-mjp smaller2 gill-mjp\" style=\"font-size:14px;\"><span id=\"playpause_wrap_mp3j_1\" class=\"wrap_inline_mp3j\" style=\"font-weight:700;\"><span class=\"gfxbutton_mp3j play-mjp\" id=\"playpause_mp3j_1\" style=\"font-size:14px;\">&nbsp;&nbsp;&nbsp;&nbsp;&nbsp;<\/span>&nbsp;<span class=\"group_wrap\"><span class=\"bars_mp3j\"><span class=\"loadB_mp3j\" id=\"load_mp3j_1\"><\/span><span class=\"posbarB_mp3j\" id=\"posbar_mp3j_1\"><\/span><\/span><span class=\"T_mp3j\" id=\"T_mp3j_1\" style=\"font-size:14px;\">4 WINDS : YKSI ON MAA - osa 1<\/span><span class=\"indi_mp3j\" style=\"font-size:9.8px;\" id=\"statusMI_1\"><\/span><\/span><span class=\"vol_mp3j flipped\" id=\"vol_mp3j_1\"><\/span><\/span><\/div><span class=\"s-nosolution\" id=\"mp3j_nosolution_1\" style=\"display:none;\"><\/span><script>\nMP3jPLAYLISTS.inline_1 = [\n\t{ name: \"4winds-yksi-on-maa-1\", formats: [\"mp3\"], mp3: \"aHR0cDovL3N0cmVhbS52YWRlbG1hLm9yZzo2MTk3NC9rb3JwcGlyYWRpby80d2luZHMteWtzaS1vbi1tYWEtMS5tcDM=\", counterpart:\"\", artist: \"\", image: \"\", imgurl: \"\" }\n];\n<\/script>\n\n<script>MP3jPLAYERS[1] = { list: MP3jPLAYLISTS.inline_1, tr:0, type:'single', lstate:'', loop:false, play_txt:'&nbsp;&nbsp;&nbsp;&nbsp;&nbsp;', pause_txt:'&nbsp;&nbsp;&nbsp;&nbsp;&nbsp;', pp_title:'', autoplay:false, download:false, vol:76, height:'' };<\/script>\n<p><b class=\"\">2. osa Yhteis\u00f6 j<\/b><b class=\"\"><span class=\"gmail-caps\">a henkil\u00f6kohtainen transformaatio <\/span><\/b><span class=\"gmail-caps\">20.3. keskiviikkona <\/span><span class=\"gmail-caps\">klo 18. <\/span>\u00c4\u00e4ness\u00e4: Charles Lawrence, Virko Kolulahti, Anastasia Lapsui, Markku Lehmuskallio ja Swamini Anuradha Puri.<\/p>\n<div id=\"mp3jWrap_2\" class=\"mjp-s-wrapper s-graphic unsel-mjp smaller2 gill-mjp\" style=\"font-size:14px;\"><span id=\"playpause_wrap_mp3j_2\" class=\"wrap_inline_mp3j\" style=\"font-weight:700;\"><span class=\"gfxbutton_mp3j play-mjp\" id=\"playpause_mp3j_2\" style=\"font-size:14px;\">&nbsp;&nbsp;&nbsp;&nbsp;&nbsp;<\/span>&nbsp;<span class=\"group_wrap\"><span class=\"bars_mp3j\"><span class=\"loadB_mp3j\" id=\"load_mp3j_2\"><\/span><span class=\"posbarB_mp3j\" id=\"posbar_mp3j_2\"><\/span><\/span><span class=\"T_mp3j\" id=\"T_mp3j_2\" style=\"font-size:14px;\">4 WINDS : YKSI ON MAA - osa 2<\/span><span class=\"indi_mp3j\" style=\"font-size:9.8px;\" id=\"statusMI_2\"><\/span><\/span><span class=\"vol_mp3j flipped\" id=\"vol_mp3j_2\"><\/span><\/span><\/div><span class=\"s-nosolution\" id=\"mp3j_nosolution_2\" style=\"display:none;\"><\/span><script>\nMP3jPLAYLISTS.inline_2 = [\n\t{ name: \"4winds-yksi-on-maa-2\", formats: [\"mp3\"], mp3: \"aHR0cDovL3N0cmVhbS52YWRlbG1hLm9yZzo2MTk3NC9rb3JwcGlyYWRpby80d2luZHMteWtzaS1vbi1tYWEtMi5tcDM=\", counterpart:\"\", artist: \"\", image: \"\", imgurl: \"\" }\n];\n<\/script>\n\n<script>MP3jPLAYERS[2] = { list: MP3jPLAYLISTS.inline_2, tr:0, type:'single', lstate:'', loop:false, play_txt:'&nbsp;&nbsp;&nbsp;&nbsp;&nbsp;', pause_txt:'&nbsp;&nbsp;&nbsp;&nbsp;&nbsp;', pp_title:'', autoplay:false, download:false, vol:76, height:'' };<\/script>\n<p><b class=\"\">3. osa&nbsp;<span class=\"gmail-caps\">Musiikki: \u00e4\u00e4nen voima, v\u00e4r\u00e4htely, kommunikaatio <\/span><\/b><span class=\"gmail-caps\">19.4. torstaina klo 18. \u00c4\u00e4ness\u00e4 Yksi On Maa -konsertissa (10.5.2019) esiintyvi\u00e4 muusikoita puhumassa musiikin ja \u00e4\u00e4nen musiikin voimasta. Mukana Tuomas Rounakari, Hanna Rajakangas, Meri Hietala, Kalle Kuisma, Ringa Koskinen, Charles Lawrence ja VJ Tuulinen Kaaos.<br \/>\n<\/span><\/p>\n<div id=\"mp3jWrap_3\" class=\"mjp-s-wrapper s-graphic unsel-mjp smaller2 gill-mjp\" style=\"font-size:14px;\"><span id=\"playpause_wrap_mp3j_3\" class=\"wrap_inline_mp3j\" style=\"font-weight:700;\"><span class=\"gfxbutton_mp3j play-mjp\" id=\"playpause_mp3j_3\" style=\"font-size:14px;\">&nbsp;&nbsp;&nbsp;&nbsp;&nbsp;<\/span>&nbsp;<span class=\"group_wrap\"><span class=\"bars_mp3j\"><span class=\"loadB_mp3j\" id=\"load_mp3j_3\"><\/span><span class=\"posbarB_mp3j\" id=\"posbar_mp3j_3\"><\/span><\/span><span class=\"T_mp3j\" id=\"T_mp3j_3\" style=\"font-size:14px;\">4 WINDS : YKSI ON MAA - osa 3<\/span><span class=\"indi_mp3j\" style=\"font-size:9.8px;\" id=\"statusMI_3\"><\/span><\/span><span class=\"vol_mp3j flipped\" id=\"vol_mp3j_3\"><\/span><\/span><\/div><span class=\"s-nosolution\" id=\"mp3j_nosolution_3\" style=\"display:none;\"><\/span><script>\nMP3jPLAYLISTS.inline_3 = [\n\t{ name: \"4winds-yksi-on-maa-3-\", formats: [\"mp3\"], mp3: \"aHR0cDovL3N0cmVhbS52YWRlbG1hLm9yZzo2MTk3NC9rb3JwcGlyYWRpby80d2luZHMteWtzaS1vbi1tYWEtMy0ubXAz\", counterpart:\"\", artist: \"\", image: \"\", imgurl: \"\" }\n];\n<\/script>\n\n<script>MP3jPLAYERS[3] = { list: MP3jPLAYLISTS.inline_3, tr:0, type:'single', lstate:'', loop:false, play_txt:'&nbsp;&nbsp;&nbsp;&nbsp;&nbsp;', pause_txt:'&nbsp;&nbsp;&nbsp;&nbsp;&nbsp;', pp_title:'', autoplay:false, download:false, vol:76, height:'' };<\/script>\n<p><b class=\"\">4. osa <span class=\"gmail-caps\">Puuvertaus <\/span><\/b><span class=\"gmail-caps\">21.6. klo 8 ja 12. Studiossa Sisko ja Kalle tekev\u00e4t katsauksen alkuvuoteen ja tulevaisuuteen, kuulemme taltiointeja Malmitalon Yksi On Maa -konsertista.<\/span><ins class=\"\"><\/ins><\/p>\n<div id=\"mp3jWrap_4\" class=\"mjp-s-wrapper s-graphic unsel-mjp smaller2 gill-mjp\" style=\"font-size:14px;\"><span id=\"playpause_wrap_mp3j_4\" class=\"wrap_inline_mp3j\" style=\"font-weight:700;\"><span class=\"gfxbutton_mp3j play-mjp\" id=\"playpause_mp3j_4\" style=\"font-size:14px;\">&nbsp;&nbsp;&nbsp;&nbsp;&nbsp;<\/span>&nbsp;<span class=\"group_wrap\"><span class=\"bars_mp3j\"><span class=\"loadB_mp3j\" id=\"load_mp3j_4\"><\/span><span class=\"posbarB_mp3j\" id=\"posbar_mp3j_4\"><\/span><\/span><span class=\"T_mp3j\" id=\"T_mp3j_4\" style=\"font-size:14px;\">4 WINDS : YKSI ON MAA - osa 4<\/span><span class=\"indi_mp3j\" style=\"font-size:9.8px;\" id=\"statusMI_4\"><\/span><\/span><span class=\"vol_mp3j flipped\" id=\"vol_mp3j_4\"><\/span><\/span><\/div><span class=\"s-nosolution\" id=\"mp3j_nosolution_4\" style=\"display:none;\"><\/span><script>\nMP3jPLAYLISTS.inline_4 = [\n\t{ name: \"4winds-yksi-on-maa-4\", formats: [\"mp3\"], mp3: \"aHR0cDovL3N0cmVhbS52YWRlbG1hLm9yZzo2MTk3NC9rb3JwcGlyYWRpby80d2luZHMteWtzaS1vbi1tYWEtNC5tcDM=\", counterpart:\"\", artist: \"\", image: \"\", imgurl: \"\" }\n];\n<\/script>\n\n<script>MP3jPLAYERS[4] = { list: MP3jPLAYLISTS.inline_4, tr:0, type:'single', lstate:'', loop:false, play_txt:'&nbsp;&nbsp;&nbsp;&nbsp;&nbsp;', pause_txt:'&nbsp;&nbsp;&nbsp;&nbsp;&nbsp;', pp_title:'', autoplay:false, download:false, vol:76, height:'' };<\/script>\n<p><strong>Extrat<\/strong><\/p>\n<p><strong>Extra 1: Anastasia Lapsui ja Markku Lehmuskallio &#8211; Matka<\/strong>. Yksi on Maa -podcastsarjan extrajaksossa Markku Lehmuskallio ja Anastasia Lapsui kertovat el\u00e4m\u00e4st\u00e4\u00e4n ja esittelev\u00e4t elokuvansa Matka. Charles Lawrence kertoo kuinka tutustui Anastasiaan ja Markkuun Nelj\u00e4n tuulen leirill\u00e4 Inarissa.<br \/>\n<div id=\"mp3jWrap_5\" class=\"mjp-s-wrapper s-graphic unsel-mjp smaller2 gill-mjp\" style=\"font-size:14px;\"><span id=\"playpause_wrap_mp3j_5\" class=\"wrap_inline_mp3j\" style=\"font-weight:700;\"><span class=\"gfxbutton_mp3j play-mjp\" id=\"playpause_mp3j_5\" style=\"font-size:14px;\">&nbsp;&nbsp;&nbsp;&nbsp;&nbsp;<\/span>&nbsp;<span class=\"group_wrap\"><span class=\"bars_mp3j\"><span class=\"loadB_mp3j\" id=\"load_mp3j_5\"><\/span><span class=\"posbarB_mp3j\" id=\"posbar_mp3j_5\"><\/span><\/span><span class=\"T_mp3j\" id=\"T_mp3j_5\" style=\"font-size:14px;\">4 WINDS : YKSI ON MAA - EXTRA: MATKA<\/span><span class=\"indi_mp3j\" style=\"font-size:9.8px;\" id=\"statusMI_5\"><\/span><\/span><span class=\"vol_mp3j flipped\" id=\"vol_mp3j_5\"><\/span><\/span><\/div><span class=\"s-nosolution\" id=\"mp3j_nosolution_5\" style=\"display:none;\"><\/span><script>\nMP3jPLAYLISTS.inline_5 = [\n\t{ name: \"4winds-yksi-on-maa-extra\", formats: [\"mp3\"], mp3: \"aHR0cDovL3N0cmVhbS52YWRlbG1hLm9yZzo2MTk3NC9rb3JwcGlyYWRpby80d2luZHMteWtzaS1vbi1tYWEtZXh0cmEubXAz\", counterpart:\"\", artist: \"\", image: \"\", imgurl: \"\" }\n];\n<\/script>\n\n<script>MP3jPLAYERS[5] = { list: MP3jPLAYLISTS.inline_5, tr:0, type:'single', lstate:'', loop:false, play_txt:'&nbsp;&nbsp;&nbsp;&nbsp;&nbsp;', pause_txt:'&nbsp;&nbsp;&nbsp;&nbsp;&nbsp;', pp_title:'', autoplay:false, download:false, vol:76, height:'' };<\/script><\/p>\n<p><strong>Extra 2: Charles Lawrence -the Concert<\/strong>.&nbsp; Nelj\u00e4n tuulen Podcast-sarjan extra-jaksossa Charles Lawrence YKSI ON MAA konsertin j\u00e4lkeisiss\u00e4 tunnelmissa kauniina kev\u00e4tp\u00e4iv\u00e4n\u00e4 Kalle Kuisman haastateltavana. Mukana musiikkikatkelmia konsertin esiintyjilt\u00e4. Julkaistu 17.7.21019.<br \/>\n<div id=\"mp3jWrap_6\" class=\"mjp-s-wrapper s-graphic unsel-mjp smaller2 gill-mjp\" style=\"font-size:14px;\"><span id=\"playpause_wrap_mp3j_6\" class=\"wrap_inline_mp3j\" style=\"font-weight:700;\"><span class=\"gfxbutton_mp3j play-mjp\" id=\"playpause_mp3j_6\" style=\"font-size:14px;\">&nbsp;&nbsp;&nbsp;&nbsp;&nbsp;<\/span>&nbsp;<span class=\"group_wrap\"><span class=\"bars_mp3j\"><span class=\"loadB_mp3j\" id=\"load_mp3j_6\"><\/span><span class=\"posbarB_mp3j\" id=\"posbar_mp3j_6\"><\/span><\/span><span class=\"T_mp3j\" id=\"T_mp3j_6\" style=\"font-size:14px;\">4 WINDS : YKSI ON MAA - EXTRA: THE CONCERT<\/span><span class=\"indi_mp3j\" style=\"font-size:9.8px;\" id=\"statusMI_6\"><\/span><\/span><span class=\"vol_mp3j flipped\" id=\"vol_mp3j_6\"><\/span><\/span><\/div><span class=\"s-nosolution\" id=\"mp3j_nosolution_6\" style=\"display:none;\"><\/span><script>\nMP3jPLAYLISTS.inline_6 = [\n\t{ name: \"4winds-yksi-on-maa-4-extra\", formats: [\"mp3\"], mp3: \"aHR0cDovL3N0cmVhbS52YWRlbG1hLm9yZzo2MTk3NC9rb3JwcGlyYWRpby80d2luZHMteWtzaS1vbi1tYWEtNC1leHRyYS5tcDM=\", counterpart:\"\", artist: \"\", image: \"\", imgurl: \"\" }\n];\n<\/script>\n\n<script>MP3jPLAYERS[6] = { list: MP3jPLAYLISTS.inline_6, tr:0, type:'single', lstate:'', loop:false, play_txt:'&nbsp;&nbsp;&nbsp;&nbsp;&nbsp;', pause_txt:'&nbsp;&nbsp;&nbsp;&nbsp;&nbsp;', pp_title:'', autoplay:false, download:false, vol:76, height:'' };<\/script><\/p>\n<p>yhteisty\u00f6ss\u00e4:<a href=\"http:\/\/fourwinds.fi\/yksi-on-maa\/\"> fourwinds.fi<\/a><\/p>\n","protected":false},"excerpt":{"rendered":"<p>Yksi On Maa -podcastit Kuuntele kuulokkeilla! Intro (julkaisup\u00e4iv\u00e4 14.2.2019) 4 min 1. osa Planeetta 19.2. tiistaina klo 18. \u00c4\u00e4ness\u00e4: Charles Lawrence, Markku Lehmuskallio, Anastasia Lapsui, Tero Toivanen. Kielet:suomi, englanti, ven\u00e4j\u00e4 (suomennettu). 2. osa Yhteis\u00f6 ja henkil\u00f6kohtainen transformaatio 20.3. keskiviikkona klo 18. \u00c4\u00e4ness\u00e4: Charles Lawrence, Virko Kolulahti, Anastasia Lapsui, Markku Lehmuskallio ja Swamini Anuradha Puri. 3.&hellip;<\/p>\n","protected":false},"author":3,"featured_media":0,"parent":0,"menu_order":0,"comment_status":"closed","ping_status":"closed","template":"","meta":{"footnotes":""},"class_list":["post-4095","page","type-page","status-publish","hentry"],"_links":{"self":[{"href":"http:\/\/www.vadelma.org\/korppiradio\/wp-json\/wp\/v2\/pages\/4095","targetHints":{"allow":["GET"]}}],"collection":[{"href":"http:\/\/www.vadelma.org\/korppiradio\/wp-json\/wp\/v2\/pages"}],"about":[{"href":"http:\/\/www.vadelma.org\/korppiradio\/wp-json\/wp\/v2\/types\/page"}],"author":[{"embeddable":true,"href":"http:\/\/www.vadelma.org\/korppiradio\/wp-json\/wp\/v2\/users\/3"}],"replies":[{"embeddable":true,"href":"http:\/\/www.vadelma.org\/korppiradio\/wp-json\/wp\/v2\/comments?post=4095"}],"version-history":[{"count":0,"href":"http:\/\/www.vadelma.org\/korppiradio\/wp-json\/wp\/v2\/pages\/4095\/revisions"}],"wp:attachment":[{"href":"http:\/\/www.vadelma.org\/korppiradio\/wp-json\/wp\/v2\/media?parent=4095"}],"curies":[{"name":"wp","href":"https:\/\/api.w.org\/{rel}","templated":true}]}}