{"id":11,"date":"2013-10-28T13:41:52","date_gmt":"2013-10-28T11:41:52","guid":{"rendered":"http:\/\/vadelma.org\/korppiradio\/?page_id=11"},"modified":"2019-03-04T11:26:20","modified_gmt":"2019-03-04T09:26:20","slug":"mika-korppiradio","status":"publish","type":"page","link":"https:\/\/www.vadelma.org\/korppiradio\/mika-korppiradio\/","title":{"rendered":"Mik\u00e4 Korppiradio?"},"content":{"rendered":"<p>Korppiradio on ruohonjuuresta kasvava kyl\u00e4radio, joka kuuluu maailmanlaajuisesti.<\/p>\n<p>Tarkoitus on luoda yhteis\u00f6llinen media jossa on tilaa kriittiselle keskustelulle, ihmisten v\u00e4kivallattomalle kohtaamiselle, yksil\u00f6iden vapaalle ilmaisulle ja marginaalisen kulttuurin, musiikin ja taiteen esiintuomiselle.<\/p>\n<p>Korppiradio tutkii ja tarkkailee, kritisoi ja tarinoi, laiskottelee ja leijailee, vastustaa ja el\u00e4m\u00f6i. Se tuo esiin musiikkia ja taidetta kulttuurispektaakkelin takaa, ajattelua nykyisen valtavirran sis\u00e4- ja ulkopuolelta sek\u00e4 kuulemisia toistemme todellisuuksista. Korppiradiota tekee yhteis\u00f6, jonka muodostavat ohjelmien tekij\u00e4t ja kuuntelijat.<\/p>\n<p>Korppiradion poliittinen tavoite on, ett\u00e4 ruohonjuuriradio on osa laajempaa yhteiskunnallista muutosta, joka perustuu tee-se-itse toimintaperiaatteeseen ja yhdist\u00e4\u00e4 ihmisi\u00e4 rakentamaan oman el\u00e4m\u00e4ns\u00e4 &#8211; t\u00e4ss\u00e4 kohtaa viestinn\u00e4n ja median &#8211; perusteita uudestaan omaehtoisesti. Korppiradio on vapaa toimija jonka on mahdollista k\u00e4sitell\u00e4 luovasti ja kriittisesti aihepiirej\u00e4, jotka eiv\u00e4t esimerkiksi marginaalisuutensa, ep\u00e4kaupallisuutensa tai ep\u00e4asiallisuutensa takia p\u00e4\u00e4se esille suuremmissa medioissa.<\/p>\n<p>Korppiradion yhteis\u00f6llisesti koottava ohjelmavirta (live stream) on kuultavissa internetin v\u00e4lityksell\u00e4. Korppiradion nettisivuilla kuuntelijat ja tekij\u00e4t voivat reaaliaikaisesti kommunikoida kesken\u00e4\u00e4n kirjoittamalla raakkulaatikkoon (Shout Box). Tietoa eri ohjelmista sek\u00e4 l\u00e4hetysnauhoitteet ovat ohjelmien omilla sivuilla, jotka l\u00f6ytyv\u00e4t yl\u00e4palkin valikosta. FM-l\u00e4hetyksi\u00e4 naapurustoon tehd\u00e4\u00e4n satunnaisesti v\u00e4liaikaisilla FM-l\u00e4hetysluvilla ja pienell\u00e4 omalla l\u00e4hettimell\u00e4mme.<\/p>\n<p>Korppiradiossa on mahdollista haastaa itsens\u00e4 ja omat k\u00e4sityksens\u00e4. Radio on my\u00f6s mahdollisuus itsereflektioon ja kollektiiviseen luovuuteen. Tekij\u00e4n\u00e4 voit m\u00e4\u00e4ritell\u00e4 itse sen miss\u00e4 m\u00e4\u00e4rin haluat esille vai haluatko tulla asia edell\u00e4 esiin. Radio luo yhteyden, kommunikaatiota ja vuorovaikutusta niin kauas kuin pieni FM-l\u00e4hettimemme ja sen lis\u00e4ksi internet sek\u00e4 jaettu kieli kantavat. Tekij\u00e4t ovat kuuntelijoita ja kuuntelijat voivat olla halutessaan tekij\u00f6it\u00e4 \u2013 kommunikaation kentt\u00e4 on el\u00e4v\u00e4 ja rajaton.<\/p>\n<p>Korppiradion l\u00e4hetykset k\u00e4ynnistyiv\u00e4t Helsingin Kalliossa vuonna 2013.<\/p>\n<p>Terveisin,<br \/>\nKorppiradion tekij\u00e4kollektiivi<\/p>\n<p>s\u00e4hk\u00f6posti: korppi (at) vadelma.org\/korppiradio<\/p>\n","protected":false},"excerpt":{"rendered":"<p>Korppiradio on ruohonjuuresta kasvava kyl\u00e4radio, joka kuuluu maailmanlaajuisesti. Tarkoitus on luoda yhteis\u00f6llinen media jossa on tilaa kriittiselle keskustelulle, ihmisten v\u00e4kivallattomalle kohtaamiselle, yksil\u00f6iden vapaalle ilmaisulle ja marginaalisen kulttuurin, musiikin ja taiteen esiintuomiselle. Korppiradio tutkii ja tarkkailee, kritisoi ja tarinoi, laiskottelee ja leijailee, vastustaa ja el\u00e4m\u00f6i. Se tuo esiin musiikkia ja taidetta kulttuurispektaakkelin takaa, ajattelua nykyisen valtavirran&hellip;<\/p>\n","protected":false},"author":1,"featured_media":0,"parent":0,"menu_order":0,"comment_status":"closed","ping_status":"closed","template":"","meta":{"footnotes":""},"class_list":["post-11","page","type-page","status-publish","hentry"],"_links":{"self":[{"href":"https:\/\/www.vadelma.org\/korppiradio\/wp-json\/wp\/v2\/pages\/11","targetHints":{"allow":["GET"]}}],"collection":[{"href":"https:\/\/www.vadelma.org\/korppiradio\/wp-json\/wp\/v2\/pages"}],"about":[{"href":"https:\/\/www.vadelma.org\/korppiradio\/wp-json\/wp\/v2\/types\/page"}],"author":[{"embeddable":true,"href":"https:\/\/www.vadelma.org\/korppiradio\/wp-json\/wp\/v2\/users\/1"}],"replies":[{"embeddable":true,"href":"https:\/\/www.vadelma.org\/korppiradio\/wp-json\/wp\/v2\/comments?post=11"}],"version-history":[{"count":0,"href":"https:\/\/www.vadelma.org\/korppiradio\/wp-json\/wp\/v2\/pages\/11\/revisions"}],"wp:attachment":[{"href":"https:\/\/www.vadelma.org\/korppiradio\/wp-json\/wp\/v2\/media?parent=11"}],"curies":[{"name":"wp","href":"https:\/\/api.w.org\/{rel}","templated":true}]}}