{"id":1121,"date":"2014-01-09T13:30:58","date_gmt":"2014-01-09T11:30:58","guid":{"rendered":"http:\/\/vadelma.org\/korppiradio\/?page_id=1121"},"modified":"2025-12-09T10:09:05","modified_gmt":"2025-12-09T08:09:05","slug":"uutiset","status":"publish","type":"page","link":"https:\/\/www.vadelma.org\/korppiradio\/uutiset\/","title":{"rendered":"Uutiset"},"content":{"rendered":"\n<h4 class=\"wp-block-heading\">Teknisi\u00e4 asioita<\/h4>\n\n\n\n<ul class=\"wp-block-list\">\n<li>Lokakuusta 2024 korppiradio.net ei ole en\u00e4\u00e4 k\u00e4yt\u00f6ss\u00e4. Korppiradio toimii nyt osoitteessa vadelma.org\/korppiradio.<\/li>\n\n\n\n<li>2022 Korppiradion l\u00e4hetys on katkaistu toistaiseksi.<\/li>\n\n\n\n<li>LibreTime on otettu k\u00e4ytt\u00f6\u00f6n 22.9.2021! <\/li>\n\n\n\n<li>Korppiradion Airtime-palvelin on talviunilla ja s\u00e4\u00e4nn\u00f6llinen l\u00e4hetysvirta on siis tauolla. Satunnaisia l\u00e4hetyksi\u00e4 saatetaan tehd\u00e4 ja niist\u00e4 tiedotetaan erikseen. L\u00e4hetysvirta k\u00e4ynnistet\u00e4\u00e4n taas seuraavan analogil\u00e4hetysjakson yhteydess\u00e4.<\/li>\n\n\n\n<li>Korppiradion kes\u00e4tauko p\u00e4\u00e4ttyi ja k\u00e4ynnistimme l\u00e4hetyksen uudestaan elokuun 2020 puoliv\u00e4liss\u00e4. Korppiradiolla on l\u00e4hetin Pispalan nykytaiteenkeskus Hirvitalossa ja l\u00e4hetys kuuluu talon l\u00e4hist\u00f6ll\u00e4 taajuudella 91,0MHz 15.11.2020 saakka. <\/li>\n\n\n\n<li>Korppiradion vanhentuneessa Airtime-serveriss\u00e4 on ilmennyt bugeja ja aiomme vaihtaa alustamme <a href=\"https:\/\/libretime.org\/\" target=\"_blank\" rel=\"noreferrer noopener\">LibreTime<\/a>-ohjelmistoon l\u00e4hiaikoina.<\/li>\n\n\n\n<li>Ongelmat Korppiradion kuuluvuudessa eri selaimilla on ratkaistu. Mik\u00e4li koet ongelmia striimin k\u00e4ynnist\u00e4misess\u00e4, laita meille viesti\u00e4 esim raakkulaatikkoon. Kiitos!<\/li>\n\n\n\n<li>Korppiradion virtaan voit liitty\u00e4 my\u00f6s avaamalla mediasoittimella osoitteesta: <strong><a href=\"http:\/\/icecast.vadelma.org\/korppiradio\/korppiradio.ogg\">http:\/\/icecast.vadelma.org\/korppiradio\/korppiradio.ogg<\/a> <\/strong>(256 kbps) tai <strong><a href=\"http:\/\/icecast.vadelma.org\/korppiradio\/listen.mp3\">http:\/\/icecast.vadelma.org\/korppiradio\/listen.mp3<\/a><\/strong> (64 kbps)<\/li>\n<\/ul>\n\n\n\n<h4 class=\"wp-block-heading\">Uutisia ja tulevia ohjelmia<\/h4>\n\n\n<div class=\"\" data-block=\"true\" data-editor=\"edo96\" data-offset-key=\"boj88-0-0\">\n<ul>\n<li data-offset-key=\"8tjhp-0-0\">12.12.2025 klo 14-17 Suora l\u00e4hetys Minna Tarkan kirjastosta. Lis\u00e4\u00e4 infoa <a href=\"https:\/\/minna.upho.net\/library\/reading-together-2\/\" target=\"_blank\" rel=\"noopener\">t\u00e4\u00e4lt\u00e4<\/a>.<\/li>\n<li data-offset-key=\"8tjhp-0-0\">27.11.2023 Korppiradion Avajaisl\u00e4hetyksest\u00e4 tulee kuluneeksi 10 vuotta! Sen kunniaksi juhlap\u00e4iv\u00e4n\u00e4 l\u00e4hetet\u00e4\u00e4n 10 tuntinen kooste Open Radiossa, jossa palataan Korppiradion alkur\u00e4j\u00e4hdyksen tunnelmiin. https:\/\/openradio.in\/event\/korppiradio-is-10-years-old-today\/<\/li>\n<li data-offset-key=\"8tjhp-0-0\">2022 Korppiradio on tauolla.<\/li>\n<li data-offset-key=\"8tjhp-0-0\">P\u00e4ivitys 23.9.2021: Korppiradio on taas p\u00e4\u00e4ll\u00e4!<\/li>\n<li data-offset-key=\"8tjhp-0-0\">Tulossa 10.10.-23.12.2021 <a href=\"https:\/\/vadelma.org\/korppiradio\/tuonpuoleinen\/\">Tuonpuoleinen<\/a> radio osana Sisko Pajarin ja Kalle Kuisman installaatiota Juminkeossa Kuhmossa taajuudella 97,8 MHz. \u00c4\u00e4ni-installaatiol\u00e4hetys arkisin klo 12-18, muina aikoina muuta temaattista ohjelmaa.<\/li>\n<li data-offset-key=\"8tjhp-0-0\">Korppiradion l\u00e4hetin on <a href=\"https:\/\/festival.pixelache.ac\/posts\/welcome-to-pixelache-radio\">Pikseli\u00e4hky-radion<\/a> k\u00e4yt\u00f6ss\u00e4 kes\u00e4kuussa 2021. L\u00e4hetykset kuuluvat Helsingiss\u00e4 Oodi-kirjaston ymp\u00e4rist\u00f6ss\u00e4 taajuudella 91,0MHz. Mukana my\u00f6s Korppiradion ohjelmia.<\/li>\n<li data-offset-key=\"8tjhp-0-0\">Korppiradion l\u00e4hetysvirta k\u00e4ynnistyy viikonmittaisella Hetkinen&#8230; taide- ja radiotapahtumalla Pispalan nykytaiteenkeskus Hirvitalossa 17.-23.8.2020. Hirvitalon v\u00e4ki ja paikalliset aktiivit osallistuvat sis\u00e4lt\u00f6jen ja ohjelmiston suunnitteluun sek\u00e4 tuotantoon. Korppiradion analoginen l\u00e4hetys kuuluu Hirvitalon l\u00e4hialueella taajuudella 91,0 MHz marraskuun puoleen v\u00e4liin saakka!<\/li>\n<li data-offset-key=\"8tjhp-0-0\">30.4. Wappu speciaali Horinaradiossa klo 19- Uusinta 1.5. klo 12, klo 22 Antti Tolvi &#8211; <a href=\"http:\/\/justlistening.fi\" target=\"_blank\" rel=\"noopener noreferrer\">Just Listening\u00a0<\/a><\/li>\n<li data-offset-key=\"8tjhp-0-0\">17.4. Antti Tolvi &#8211; <a href=\"http:\/\/justlistening.fi\" target=\"_blank\" rel=\"noopener noreferrer\">Just Listening<\/a>. Kuunnellaan \u00e4\u00e4nimaisemia. Joka toinen perjantai klo 22.<\/li>\n<li data-offset-key=\"8tjhp-0-0\">6.4. 17-22 Dynamic Duo live, soundart etc. Tune in!<\/li>\n<li data-offset-key=\"8tjhp-0-0\">4.4. Korppiradiossa kokeellisia testailuja et\u00e4l\u00e4hett\u00e4misest\u00e4 ja vapaammasta formaatista &#8221;Horina-Radio&#8221; about klo 21.<\/li>\n<li class=\"_1mf _1mj\" data-offset-key=\"8tjhp-0-0\"><span data-offset-key=\"8tjhp-0-0\">Kiilan \u00c4\u00e4nip\u00e4iv\u00e4t online kuunneltavissa suorana FB-sivuilta (<a href=\"https:\/\/www.facebook.com\/aanipaivat\/\">linkiss\u00e4) <\/a>ja Korppiradiossa t\u00e4n\u00e4\u00e4n 28.3.2020 klo 14 Antti Tolvin haastattelu (uusinta n. klo 19) klo 20-21 varsinaiset \u00e4\u00e4nitaide sessiot!<br \/><\/span><\/li>\n<\/ul>\n<\/div>\n<ul>\n<li>\n<div class=\"\" data-block=\"true\" data-editor=\"edo96\" data-offset-key=\"boj88-0-0\">Korppiradio aktivoituu ohjelmien tuotannossa, sek\u00e4 ottaa kuuntelijoita enenev\u00e4ss\u00e4 m\u00e4\u00e4rin mukaan toimintaan. Testaamme l\u00e4hett\u00e4mist\u00e4 \u00e4lypuhelimilla sek\u00e4 streamin et\u00e4ohjelmointia. Kiinnostuneet ottakaa yhteytt\u00e4: korppi(at)<a href=\"http:\/\/vadelma.org\/korppiradio\/\">vadelma.org\/korppiradio<\/a><\/div>\n<\/li>\n<li>24.3.2020 10 o&#8217;clock (Program will be send again<br \/>12 o&#8217;clock) English content in Korppiradio for example special report of coronavirus in Hindi and in English.<\/li>\n<li>20.3.2020 pe klo 17 alkaen <strong>Kev\u00e4tp\u00e4iv\u00e4ntasauksen rummutus<\/strong> Sammatista suorana. My\u00f6s muita l\u00e4hetyksi\u00e4 kev\u00e4tp\u00e4iv\u00e4ntasauksen tienoilla.<\/li>\n<li><strong><a href=\"http:\/\/vadelma.org\/korppiradio\/biosignals\/\">BioSignals<\/a> <\/strong>projekti p\u00e4\u00e4tty suoraan l\u00e4hetykseen <a href=\"https:\/\/bioartsociety.fi\/posts\/solu-space-to-host-pixelache-festival-2019\" target=\"_blank\" rel=\"noopener noreferrer\">BioArt Societyn<\/a> SOLU tilasta <a href=\"https:\/\/pixelache.ac\/\" target=\"_blank\" rel=\"noopener noreferrer\">PixelAche<\/a> festivaaleilta lauantaina 25.5.19 klo 14.30-17.00.<\/li>\n<li><a href=\"http:\/\/fourwinds.fi\">Nelj\u00e4n Tuulen<\/a> ja Korppiradion yhteinen podcast sarja <a href=\"http:\/\/vadelma.org\/korppiradio\/yksi-on-maa\/\">YKSI ON MAA<\/a> on edennyt kolmanteen jaksoon, jonka aiheena on &#8221;musiikin voima&#8221;.<\/li>\n<li><a href=\"https:\/\/oturpe.kapsi.fi\/projects\/event\/2018\/10\/21\/Post_maker_camp_Vihti.html\"><strong>Post Maker Podcast <\/strong><\/a>kuunneltavissa Korppiradiossa 18.4. klo 18.<\/li>\n<li><a href=\"http:\/\/vadelma.org\/korppiradio\/vapaa-maa\/\"><strong>Vapaa Maa<\/strong><\/a> runous-\u00e4\u00e4nimatkailusarjan viides osa julkaistaan 9.4.2019.<\/li>\n<li>Evamaria M\u00fcllerin radioessee-sarja &#8221;<strong><a href=\"http:\/\/www.evamariamueller.net\/sound-music\/adapting-to-survive\/\">Adapting to Survive<\/a><\/strong>&#8221; tutkii elonj\u00e4\u00e4misen erilaisia strategioita. Ensimm\u00e4inen jakso julkaistaan Korppiradiossa 9.4.2019 klo 21.<\/li>\n<li><strong>Olioita<\/strong> -sarjan kolmas jakso &#8221;<strong>Kortti<\/strong>&#8221; on julkaistu <a href=\"http:\/\/vadelma.org\/korppiradio\/olioita\/\">ohjelman sivulla<\/a>.<\/li>\n<li><a href=\"http:\/\/vadelma.org\/korppiradio\/yksi-on-maa\/\"><strong>Yksi On Maa<\/strong> podcast-sarja<\/a> kev\u00e4\u00e4ll\u00e4 2019 yhteisty\u00f6ss\u00e4 <a href=\"http:\/\/fourwinds.fi\">Nelj\u00e4n Tuulen<\/a> yhdistyksen kanssa. Ensimm\u00e4inen jakso julkaistaan 19.2.2019.<\/li>\n<li><strong>Korppiradio 5-vuotisjuhlal\u00e4hetys tiistaina 27.11.2018<\/strong>! Kuulolle!<\/li>\n<li><strong><a href=\"https:\/\/www.pixelache.ac\/events\/climate-changes-in-the-city\" target=\"_blank\" rel=\"noopener noreferrer\">Climate Changes in the City<\/a> 22.11.2018 17-20 <\/strong>open discussion @ Design Museo Livestream. Listen here: <a href=\"http:\/\/vadelma.org\/korppiradio\/pixelache\/\">vadelma.org\/korppiradio\/pixelache<\/a><\/li>\n<li><a href=\"http:\/\/vadelma.org\/korppiradio\/kulttuurikanttarelli\/\"><strong>Kulttuurikanttarellin<\/strong> sivulle<\/a> lis\u00e4tty <strong>Taide ja yhteiskunnallinen vaikuttaminen<\/strong> keskustelu sek\u00e4 <strong>Holy&amp;Hot<\/strong> erikoisl\u00e4hetys.<\/li>\n<li><strong>P\u00f6ntt\u00f6 sekaisin!<\/strong> P\u00e4ihteiden k\u00e4yt\u00f6n historiaa -luentosarja Korppiradiossa yhteisty\u00f6ss\u00e4 Joensuun Laiturin kanssa. Kuultavissa <a href=\"http:\/\/vadelma.org\/korppiradio\/ohjelma-arkisto\/\">ohjelma-arkistossa<\/a>.<\/li>\n<li>Sami Salon uusi sarja <strong><a href=\"http:\/\/vadelma.org\/korppiradio\/olioita\/\">Olioita<\/a> <\/strong>torstai-iltaisin noin kerran kuussa.<\/li>\n<li><strong><a href=\"http:\/\/vadelma.org\/korppiradio\/biosignals\/\">BioSignals<\/a><\/strong>. Alkaa 18.5.2018 ja jatkuu kev\u00e4\u00e4seen 2019 saakka. <a href=\"https:\/\/www.pixelache.ac\/projects\/biosignals\" target=\"_blank\" rel=\"noopener noreferrer\">Lue lis\u00e4\u00e4<\/a>.<\/li>\n<li>Cut-ups. Uusi radioformaattikokeilu. Alkanut toukokuussa 2018.<\/li>\n<li>Korppiradion <a href=\"http:\/\/vadelma.org\/korppiradio\/en\/forum\">Foorumi<\/a> on auki. Osallistu keskusteluun!<\/li>\n<li><strong>9.3. Korppiradion uudet sivut ja ohjelmat julki!<\/strong><\/li>\n<li><strong><a href=\"http:\/\/vadelma.org\/korppiradio\/flanouse\/\">Fl\u00e2neuse<\/a> on uusi vapaan jazzin ja muun kokeellisen musiikin ohjelma.<\/strong> Ensimm\u00e4inen jakso 9.3. kello 20:00.<\/li>\n<li><a href=\"http:\/\/vadelma.org\/korppiradio\/yhteiskunnallista-liiketta\/\"><strong>Yhteiskunnallista liikett\u00e4<\/strong><\/a><strong> jatkuu uusin jaksoin lauantaisin klo. 14:00-16:00. <\/strong>Ensimm\u00e4isen\u00e4 17.3. kuullaan ensimm\u00e4inen osa yhteis\u00f6taidetta kriittisesti tutkivasta trilogiasta sek\u00e4 poliittisen radion kollaasia.<\/li>\n<li><strong><a href=\"http:\/\/vadelma.org\/korppiradio\/betoniviidakko\/\">Betoniviidakko<\/a> jatkuu uusin jaksoin 17.3.2018.<\/strong> Ensimm\u00e4isess\u00e4 uudessa jaksossa tavataan taiteilja Hannah Ezzell. Aiheina mm. Yhdysvaltojen politiikka, hyv\u00e4ksik\u00e4yt\u00f6n historia ja perityt traumat.<\/li>\n<li><a href=\"http:\/\/vadelma.org\/korppiradio\/kuolemattomien-kirjoissa\/\"><strong>Kuolemattomien kirjoissa<\/strong><\/a><strong> on Korppiradion uusi ohjelma.<\/strong> Ohjelmassa luetaan runoutta ja muita tekstej\u00e4, joskus musiikillisen s\u00e4estyksen kera. Ensimm\u00e4inen ohjelma 11.3.2018 kello 20:00.<\/li>\n<li><strong><a href=\"http:\/\/vadelma.org\/korppiradio\/eksynyt-marjastaja\/\">Eksynyt marjastaja<\/a> palaa tauolta!<\/strong> Uusi jakso maaliskuun aikana. Uusi ohjelmapaikka lauantaisin 16:00-18:00.<\/li>\n<li><strong><a href=\"http:\/\/vadelma.org\/korppiradio\/pornoradio\/\">Pornoradio<\/a> jatkuu 2018.<\/strong> Viimeisimm\u00e4ss\u00e4 jaksossa (ohjelman sivuilla) keskustelua pime\u00e4ss\u00e4 kellarissa rakkaudesta. Joel Errorkrautin uusi hitti &#8221;Rakkaus vetelehtii&#8221; ensi esityksen\u00e4.<\/li>\n<li><strong>16.3. tulossa LIVE-l\u00e4hetys Sosiaalisfoorumista<\/strong> Helsinki-El Salvador. Yhteisty\u00f6ss\u00e4 Pixeache-festivaali.<\/li>\n<li><a href=\"http:\/\/vadelma.org\/korppiradio\/kammari-research\/\"><strong>Kammari research<\/strong><\/a><strong> is a new program for experimental thinking and arts.<\/strong> The first dialogue in 20th of March 2018. First topic: Technology as Ideology. The show will broadcast dialogues and research of the Kammari research group.<\/li>\n<li><a href=\"http:\/\/vadelma.org\/korppiradio\/akan-kirja\/\"><strong>Akan kirjassa<\/strong><\/a><strong> aiheina mm. mytologia ja kansanparannus.<\/strong> Joka kolmas torstai klo 18. Update: Akan kirja on p\u00e4\u00e4ttynyt.<\/li>\n<li><a href=\"http:\/\/vadelma.org\/korppiradio\/vadelmaradio\/\"><strong>VadelmaRadion<\/strong><\/a><strong> sivulla julkaistu Fullmoon Festival -LIVE-tallenteet!<\/strong> Nauhoitukset K\u00e4pyl\u00e4n lippakiskalta 6.9.2017.<\/li>\n<li><strong>Raster Network<\/strong> <strong>&#8211; Racism Panel 1.10.2016 @Caisa<\/strong> <a href=\"http:\/\/vadelma.org\/korppiradio\/ohjelma-arkisto\/\">Ohjelma-arkistossa<\/a>.<\/li>\n<li><strong><span class=\"color_11\"><a href=\"http:\/\/vadelma.org\/korppiradio\/pluriversity\/\">Pluriversity on Korppiradio<\/a><\/span><\/strong><\/li>\n<li><strong><a href=\"http:\/\/vadelma.org\/korppiradio\/elavan-kuvan-seura\/\">El\u00e4v\u00e4n kuvan seuran<\/a> luentojen sarja elokuvan tekemisest\u00e4 tekij\u00f6ilt\u00e4 tekij\u00f6ille.<\/strong> Opi omatoimisesti elokuvantekij\u00e4ksi!<\/li>\n<\/ul>\n<hr \/>\n\n\n<p><\/p>\n","protected":false},"excerpt":{"rendered":"<p>Teknisi\u00e4 asioita Uutisia ja tulevia ohjelmia 12.12.2025 klo 14-17 Suora l\u00e4hetys Minna Tarkan kirjastosta. Lis\u00e4\u00e4 infoa t\u00e4\u00e4lt\u00e4. 27.11.2023 Korppiradion Avajaisl\u00e4hetyksest\u00e4 tulee kuluneeksi 10 vuotta! Sen kunniaksi juhlap\u00e4iv\u00e4n\u00e4 l\u00e4hetet\u00e4\u00e4n 10 tuntinen kooste Open Radiossa, jossa palataan Korppiradion alkur\u00e4j\u00e4hdyksen tunnelmiin. https:\/\/openradio.in\/event\/korppiradio-is-10-years-old-today\/ 2022 Korppiradio on tauolla. P\u00e4ivitys 23.9.2021: Korppiradio on taas p\u00e4\u00e4ll\u00e4! Tulossa 10.10.-23.12.2021 Tuonpuoleinen radio osana Sisko&hellip;<\/p>\n","protected":false},"author":1,"featured_media":0,"parent":0,"menu_order":0,"comment_status":"closed","ping_status":"closed","template":"","meta":{"footnotes":""},"class_list":["post-1121","page","type-page","status-publish","hentry"],"_links":{"self":[{"href":"https:\/\/www.vadelma.org\/korppiradio\/wp-json\/wp\/v2\/pages\/1121","targetHints":{"allow":["GET"]}}],"collection":[{"href":"https:\/\/www.vadelma.org\/korppiradio\/wp-json\/wp\/v2\/pages"}],"about":[{"href":"https:\/\/www.vadelma.org\/korppiradio\/wp-json\/wp\/v2\/types\/page"}],"author":[{"embeddable":true,"href":"https:\/\/www.vadelma.org\/korppiradio\/wp-json\/wp\/v2\/users\/1"}],"replies":[{"embeddable":true,"href":"https:\/\/www.vadelma.org\/korppiradio\/wp-json\/wp\/v2\/comments?post=1121"}],"version-history":[{"count":11,"href":"https:\/\/www.vadelma.org\/korppiradio\/wp-json\/wp\/v2\/pages\/1121\/revisions"}],"predecessor-version":[{"id":4672,"href":"https:\/\/www.vadelma.org\/korppiradio\/wp-json\/wp\/v2\/pages\/1121\/revisions\/4672"}],"wp:attachment":[{"href":"https:\/\/www.vadelma.org\/korppiradio\/wp-json\/wp\/v2\/media?parent=1121"}],"curies":[{"name":"wp","href":"https:\/\/api.w.org\/{rel}","templated":true}]}}