{"id":1324,"date":"2014-01-31T02:32:31","date_gmt":"2014-01-31T00:32:31","guid":{"rendered":"http:\/\/vadelma.org\/korppiradio\/?page_id=1324"},"modified":"2019-03-04T11:20:47","modified_gmt":"2019-03-04T09:20:47","slug":"matkatoimisto","status":"publish","type":"page","link":"https:\/\/www.vadelma.org\/korppiradio\/matkatoimisto\/","title":{"rendered":"Rok and Roll Matkatoimisto"},"content":{"rendered":"<p><strong>(t<em>auolla<\/em>) Rok and roll matkailuohjelma.<br \/>\n<\/strong>Kapteeni J\u00f6rg ja varakapteeni S\u00f6rs l\u00e4htiv\u00e4t Hakaniemen Hawailta matkalle kohti tuntematonta. Ensimm\u00e4inen jakso oltiin yl\u00e4ilmoissa, toinen hukassa. Kapteenilla on levylaukku seikkailun melskeess\u00e4 mukana, ja se sis\u00e4lt\u00e4\u00e4 l\u00e4hinn\u00e4 rock and rollia Iberian niemimaan uumenista.<\/p>\n<p><strong>Nauhoitetut jaksot:<\/strong><\/p>\n<p><strong>Rok and Roll Matkatoimisto &#8211; jakso 1<\/strong>. Kovaa peli\u00e4 ja koneongelmia yl\u00e4ilmoissa:<\/p>\n<p><code><div id=\"mp3jWrap_0\" class=\"mjp-s-wrapper s-graphic unsel-mjp bigger2 gill-mjp\" style=\"font-size:14px;\"><span id=\"playpause_wrap_mp3j_0\" class=\"wrap_inline_mp3j\" style=\"font-weight:700;\"><span class=\"gfxbutton_mp3j play-mjp\" id=\"playpause_mp3j_0\" style=\"font-size:14px;\">&nbsp;&nbsp;&nbsp;&nbsp;&nbsp;<\/span>&nbsp;<span class=\"group_wrap\"><span class=\"bars_mp3j\"><span class=\"loadB_mp3j\" id=\"load_mp3j_0\"><\/span><span class=\"posbarB_mp3j\" id=\"posbar_mp3j_0\"><\/span><\/span><span class=\"T_mp3j\" id=\"T_mp3j_0\" style=\"font-size:14px;\">RRMatkatoimisto_1<\/span><span class=\"indi_mp3j\" style=\"font-size:9.8px;\" id=\"statusMI_0\"><\/span><\/span><span class=\"vol_mp3j flipped\" id=\"vol_mp3j_0\"><\/span><\/span><\/div><span class=\"s-nosolution\" id=\"mp3j_nosolution_0\" style=\"display:none;\"><\/span><script>\nMP3jPLAYLISTS.inline_0 = [\n\t{ name: \"RRMatkatoimisto_1\", formats: [\"mp3\"], mp3: \"aHR0cDovL3N0cmVhbS52YWRlbG1hLm9yZzo2MTk3NC9rb3JwcGlyYWRpby9SUk1hdGthdG9pbWlzdG9fMS5tcDM=\", counterpart:\"\", artist: \"\", image: \"\", imgurl: \"\" }\n];\n<\/script>\n\n<script>MP3jPLAYERS[0] = { list: MP3jPLAYLISTS.inline_0, tr:0, type:'single', lstate:'', loop:false, play_txt:'&nbsp;&nbsp;&nbsp;&nbsp;&nbsp;', pause_txt:'&nbsp;&nbsp;&nbsp;&nbsp;&nbsp;', pp_title:'', autoplay:false, download:false, vol:76, height:'' };<\/script><\/code><\/p>\n<p><strong>Rok and Roll Matkatoimisto &#8211; jakso 2<\/strong>. Varakapteeni hukassa, ja kapteeni rikkin\u00e4isen radion ja levylaukun kanssa mets\u00e4ss\u00e4:<\/p>\n<p><code><div id=\"mp3jWrap_1\" class=\"mjp-s-wrapper s-graphic unsel-mjp bigger2 gill-mjp\" style=\"font-size:14px;\"><span id=\"playpause_wrap_mp3j_1\" class=\"wrap_inline_mp3j\" style=\"font-weight:700;\"><span class=\"gfxbutton_mp3j play-mjp\" id=\"playpause_mp3j_1\" style=\"font-size:14px;\">&nbsp;&nbsp;&nbsp;&nbsp;&nbsp;<\/span>&nbsp;<span class=\"group_wrap\"><span class=\"bars_mp3j\"><span class=\"loadB_mp3j\" id=\"load_mp3j_1\"><\/span><span class=\"posbarB_mp3j\" id=\"posbar_mp3j_1\"><\/span><\/span><span class=\"T_mp3j\" id=\"T_mp3j_1\" style=\"font-size:14px;\">RRMatkatoimisto_2<\/span><span class=\"indi_mp3j\" style=\"font-size:9.8px;\" id=\"statusMI_1\"><\/span><\/span><span class=\"vol_mp3j flipped\" id=\"vol_mp3j_1\"><\/span><\/span><\/div><span class=\"s-nosolution\" id=\"mp3j_nosolution_1\" style=\"display:none;\"><\/span><script>\nMP3jPLAYLISTS.inline_1 = [\n\t{ name: \"RRMatkatoimisto_2\", formats: [\"mp3\"], mp3: \"aHR0cDovL3N0cmVhbS52YWRlbG1hLm9yZzo2MTk3NC9rb3JwcGlyYWRpby9SUk1hdGthdG9pbWlzdG9fMi5tcDM=\", counterpart:\"\", artist: \"\", image: \"\", imgurl: \"\" }\n];\n<\/script>\n\n<script>MP3jPLAYERS[1] = { list: MP3jPLAYLISTS.inline_1, tr:0, type:'single', lstate:'', loop:false, play_txt:'&nbsp;&nbsp;&nbsp;&nbsp;&nbsp;', pause_txt:'&nbsp;&nbsp;&nbsp;&nbsp;&nbsp;', pp_title:'', autoplay:false, download:false, vol:76, height:'' };<\/script><\/code><\/p>\n<p><code><\/code><\/p>\n<p>&nbsp;<\/p>\n<p>&nbsp;<\/p>\n<p>&nbsp;<\/p>\n<p>&nbsp;<\/p>\n","protected":false},"excerpt":{"rendered":"<p>(tauolla) Rok and roll matkailuohjelma. Kapteeni J\u00f6rg ja varakapteeni S\u00f6rs l\u00e4htiv\u00e4t Hakaniemen Hawailta matkalle kohti tuntematonta. Ensimm\u00e4inen jakso oltiin yl\u00e4ilmoissa, toinen hukassa. Kapteenilla on levylaukku seikkailun melskeess\u00e4 mukana, ja se sis\u00e4lt\u00e4\u00e4 l\u00e4hinn\u00e4 rock and rollia Iberian niemimaan uumenista. Nauhoitetut jaksot: Rok and Roll Matkatoimisto &#8211; jakso 1. Kovaa peli\u00e4 ja koneongelmia yl\u00e4ilmoissa: Rok and Roll&hellip;<\/p>\n","protected":false},"author":1,"featured_media":0,"parent":0,"menu_order":0,"comment_status":"closed","ping_status":"closed","template":"","meta":{"footnotes":""},"class_list":["post-1324","page","type-page","status-publish","hentry"],"_links":{"self":[{"href":"https:\/\/www.vadelma.org\/korppiradio\/wp-json\/wp\/v2\/pages\/1324","targetHints":{"allow":["GET"]}}],"collection":[{"href":"https:\/\/www.vadelma.org\/korppiradio\/wp-json\/wp\/v2\/pages"}],"about":[{"href":"https:\/\/www.vadelma.org\/korppiradio\/wp-json\/wp\/v2\/types\/page"}],"author":[{"embeddable":true,"href":"https:\/\/www.vadelma.org\/korppiradio\/wp-json\/wp\/v2\/users\/1"}],"replies":[{"embeddable":true,"href":"https:\/\/www.vadelma.org\/korppiradio\/wp-json\/wp\/v2\/comments?post=1324"}],"version-history":[{"count":0,"href":"https:\/\/www.vadelma.org\/korppiradio\/wp-json\/wp\/v2\/pages\/1324\/revisions"}],"wp:attachment":[{"href":"https:\/\/www.vadelma.org\/korppiradio\/wp-json\/wp\/v2\/media?parent=1324"}],"curies":[{"name":"wp","href":"https:\/\/api.w.org\/{rel}","templated":true}]}}