{"id":1418,"date":"2014-02-08T17:11:04","date_gmt":"2014-02-08T15:11:04","guid":{"rendered":"http:\/\/vadelma.org\/korppiradio\/?page_id=1418"},"modified":"2019-03-04T10:54:22","modified_gmt":"2019-03-04T08:54:22","slug":"aanen-lumo","status":"publish","type":"page","link":"https:\/\/www.vadelma.org\/korppiradio\/aanen-lumo\/","title":{"rendered":"\u00c4\u00e4nen lumo"},"content":{"rendered":"<p><em><strong>Clash of the Scenes.&nbsp;<code><\/code><\/strong><\/em><\/p>\n<p><em>\u00c4\u00c4NEN LUMO RY ESITT\u00c4\u00c4: CLASH OF THE SCENES 13.12. &amp; 14.12. 2013<\/em><\/p>\n<p><em>Kokeellisen musiikin ja \u00e4\u00e4nitaiteen parhaat tekij\u00e4t t\u00f6rm\u00e4\u00e4v\u00e4t Korjaamon vintill\u00e4<\/em><br \/>\n<em> \u00c4\u00e4nen Lumon Clash of the Scenes -konserteissa!<\/em><br \/>\n<em> ESIINTYJ\u00c4T:<\/em><\/p>\n<p><em>Perjantai 13.12.2013<\/em><\/p>\n<p><em>JONNA KARANKA (Kuupuu) &amp; OUTI PULKKINEN<\/em><br \/>\n<em> JUHO VALKEAP\u00c4\u00c4 &amp; MAX SAVIKANGAS<\/em><br \/>\n<em> JAAKKO TOLVI &amp; ARI POUTIAINEN<\/em><\/p>\n<p><em>Korjaamo, vintti klo 20.30\u201302<\/em><\/p>\n<p><em>Lauantai 14.12.2013<\/em><\/p>\n<p><em>MARJA JOHANSSON (Tsembla) &amp; CHARALAMPOS PAZAROULAS<\/em><br \/>\n<em> JARI SUOMINEN (Jarse) &amp; JUHO LAITINEN<\/em><br \/>\n<em> JOHN FAIL &amp; SALLA HAKKOLA<\/em><\/p>\n<p><em>Korjaamo, vintti klo 20.30\u201302.<\/em><\/p>\n<p>&nbsp;<\/p>\n<p><strong>Osa 4: Jari Suominen (Jarse) ja Juho Laitinen:<\/strong><\/p>\n<p><code><div id=\"mp3jWrap_0\" class=\"mjp-s-wrapper s-graphic unsel-mjp bigger2 gill-mjp\" style=\"font-size:14px;\"><span id=\"playpause_wrap_mp3j_0\" class=\"wrap_inline_mp3j\" style=\"font-weight:700;\"><span class=\"gfxbutton_mp3j play-mjp\" id=\"playpause_mp3j_0\" style=\"font-size:14px;\">&nbsp;&nbsp;&nbsp;&nbsp;&nbsp;<\/span>&nbsp;<span class=\"group_wrap\"><span class=\"bars_mp3j\"><span class=\"loadB_mp3j\" id=\"load_mp3j_0\"><\/span><span class=\"posbarB_mp3j\" id=\"posbar_mp3j_0\"><\/span><\/span><span class=\"T_mp3j\" id=\"T_mp3j_0\" style=\"font-size:14px;\">Aanenlumo_4<\/span><span class=\"indi_mp3j\" style=\"font-size:9.8px;\" id=\"statusMI_0\"><\/span><\/span><span class=\"vol_mp3j flipped\" id=\"vol_mp3j_0\"><\/span><\/span><\/div><span class=\"s-nosolution\" id=\"mp3j_nosolution_0\" style=\"display:none;\"><\/span><script>\nMP3jPLAYLISTS.inline_0 = [\n\t{ name: \"Aanenlumo_4\", formats: [\"mp3\"], mp3: \"aHR0cDovL3N0cmVhbS52YWRlbG1hLm9yZzo2MTk3NC9rb3JwcGlyYWRpby9BYW5lbmx1bW9fNC5tcDM=\", counterpart:\"\", artist: \"\", image: \"\", imgurl: \"\" }\n];\n<\/script>\n\n<script>MP3jPLAYERS[0] = { list: MP3jPLAYLISTS.inline_0, tr:0, type:'single', lstate:'', loop:false, play_txt:'&nbsp;&nbsp;&nbsp;&nbsp;&nbsp;', pause_txt:'&nbsp;&nbsp;&nbsp;&nbsp;&nbsp;', pp_title:'', autoplay:false, download:false, vol:76, height:'' };<\/script><\/code><\/p>\n<p><strong>Osa 3: Juha Valkeap\u00e4\u00e4 ja Max Savikangas:<br \/>\n<\/strong><\/p>\n<p><code><div id=\"mp3jWrap_1\" class=\"mjp-s-wrapper s-graphic unsel-mjp bigger2 gill-mjp\" style=\"font-size:14px;\"><span id=\"playpause_wrap_mp3j_1\" class=\"wrap_inline_mp3j\" style=\"font-weight:700;\"><span class=\"gfxbutton_mp3j play-mjp\" id=\"playpause_mp3j_1\" style=\"font-size:14px;\">&nbsp;&nbsp;&nbsp;&nbsp;&nbsp;<\/span>&nbsp;<span class=\"group_wrap\"><span class=\"bars_mp3j\"><span class=\"loadB_mp3j\" id=\"load_mp3j_1\"><\/span><span class=\"posbarB_mp3j\" id=\"posbar_mp3j_1\"><\/span><\/span><span class=\"T_mp3j\" id=\"T_mp3j_1\" style=\"font-size:14px;\">Aanenlumo_3<\/span><span class=\"indi_mp3j\" style=\"font-size:9.8px;\" id=\"statusMI_1\"><\/span><\/span><span class=\"vol_mp3j flipped\" id=\"vol_mp3j_1\"><\/span><\/span><\/div><span class=\"s-nosolution\" id=\"mp3j_nosolution_1\" style=\"display:none;\"><\/span><script>\nMP3jPLAYLISTS.inline_1 = [\n\t{ name: \"Aanenlumo_3\", formats: [\"mp3\"], mp3: \"aHR0cDovL3N0cmVhbS52YWRlbG1hLm9yZzo2MTk3NC9rb3JwcGlyYWRpby9BYW5lbmx1bW9fMy5tcDM=\", counterpart:\"\", artist: \"\", image: \"\", imgurl: \"\" }\n];\n<\/script>\n\n<script>MP3jPLAYERS[1] = { list: MP3jPLAYLISTS.inline_1, tr:0, type:'single', lstate:'', loop:false, play_txt:'&nbsp;&nbsp;&nbsp;&nbsp;&nbsp;', pause_txt:'&nbsp;&nbsp;&nbsp;&nbsp;&nbsp;', pp_title:'', autoplay:false, download:false, vol:76, height:'' };<\/script><\/code><\/p>\n<p><strong>Osa 2: Marja Johansson (Tsembla) &amp; Charalampos Pazaroulas:<\/strong><\/p>\n<p><code><div id=\"mp3jWrap_2\" class=\"mjp-s-wrapper s-graphic unsel-mjp bigger2 gill-mjp\" style=\"font-size:14px;\"><span id=\"playpause_wrap_mp3j_2\" class=\"wrap_inline_mp3j\" style=\"font-weight:700;\"><span class=\"gfxbutton_mp3j play-mjp\" id=\"playpause_mp3j_2\" style=\"font-size:14px;\">&nbsp;&nbsp;&nbsp;&nbsp;&nbsp;<\/span>&nbsp;<span class=\"group_wrap\"><span class=\"bars_mp3j\"><span class=\"loadB_mp3j\" id=\"load_mp3j_2\"><\/span><span class=\"posbarB_mp3j\" id=\"posbar_mp3j_2\"><\/span><\/span><span class=\"T_mp3j\" id=\"T_mp3j_2\" style=\"font-size:14px;\">Aanenlumo_2<\/span><span class=\"indi_mp3j\" style=\"font-size:9.8px;\" id=\"statusMI_2\"><\/span><\/span><span class=\"vol_mp3j flipped\" id=\"vol_mp3j_2\"><\/span><\/span><\/div><span class=\"s-nosolution\" id=\"mp3j_nosolution_2\" style=\"display:none;\"><\/span><script>\nMP3jPLAYLISTS.inline_2 = [\n\t{ name: \"Aanenlumo_2\", formats: [\"mp3\"], mp3: \"aHR0cDovL3N0cmVhbS52YWRlbG1hLm9yZzo2MTk3NC9rb3JwcGlyYWRpby9BYW5lbmx1bW9fMi5tcDM=\", counterpart:\"\", artist: \"\", image: \"\", imgurl: \"\" }\n];\n<\/script>\n\n<script>MP3jPLAYERS[2] = { list: MP3jPLAYLISTS.inline_2, tr:0, type:'single', lstate:'', loop:false, play_txt:'&nbsp;&nbsp;&nbsp;&nbsp;&nbsp;', pause_txt:'&nbsp;&nbsp;&nbsp;&nbsp;&nbsp;', pp_title:'', autoplay:false, download:false, vol:76, height:'' };<\/script><\/code><\/p>\n<p><strong>Osa 1: John Fail &amp; Salla Hakkola:<br \/>\n<\/strong><\/p>\n<p><code><div id=\"mp3jWrap_3\" class=\"mjp-s-wrapper s-graphic unsel-mjp bigger2 gill-mjp\" style=\"font-size:14px;\"><span id=\"playpause_wrap_mp3j_3\" class=\"wrap_inline_mp3j\" style=\"font-weight:700;\"><span class=\"gfxbutton_mp3j play-mjp\" id=\"playpause_mp3j_3\" style=\"font-size:14px;\">&nbsp;&nbsp;&nbsp;&nbsp;&nbsp;<\/span>&nbsp;<span class=\"group_wrap\"><span class=\"bars_mp3j\"><span class=\"loadB_mp3j\" id=\"load_mp3j_3\"><\/span><span class=\"posbarB_mp3j\" id=\"posbar_mp3j_3\"><\/span><\/span><span class=\"T_mp3j\" id=\"T_mp3j_3\" style=\"font-size:14px;\">Aanenlumo_1<\/span><span class=\"indi_mp3j\" style=\"font-size:9.8px;\" id=\"statusMI_3\"><\/span><\/span><span class=\"vol_mp3j flipped\" id=\"vol_mp3j_3\"><\/span><\/span><\/div><span class=\"s-nosolution\" id=\"mp3j_nosolution_3\" style=\"display:none;\"><\/span><script>\nMP3jPLAYLISTS.inline_3 = [\n\t{ name: \"Aanenlumo_1\", formats: [\"mp3\"], mp3: \"aHR0cDovL3N0cmVhbS52YWRlbG1hLm9yZzo2MTk3NC9rb3JwcGlyYWRpby9BYW5lbmx1bW9fMS5tcDM=\", counterpart:\"\", artist: \"\", image: \"\", imgurl: \"\" }\n];\n<\/script>\n\n<script>MP3jPLAYERS[3] = { list: MP3jPLAYLISTS.inline_3, tr:0, type:'single', lstate:'', loop:false, play_txt:'&nbsp;&nbsp;&nbsp;&nbsp;&nbsp;', pause_txt:'&nbsp;&nbsp;&nbsp;&nbsp;&nbsp;', pp_title:'', autoplay:false, download:false, vol:76, height:'' };<\/script><\/code><\/p>\n","protected":false},"excerpt":{"rendered":"<p>Clash of the Scenes.&nbsp; \u00c4\u00c4NEN LUMO RY ESITT\u00c4\u00c4: CLASH OF THE SCENES 13.12. &amp; 14.12. 2013 Kokeellisen musiikin ja \u00e4\u00e4nitaiteen parhaat tekij\u00e4t t\u00f6rm\u00e4\u00e4v\u00e4t Korjaamon vintill\u00e4 \u00c4\u00e4nen Lumon Clash of the Scenes -konserteissa! ESIINTYJ\u00c4T: Perjantai 13.12.2013 JONNA KARANKA (Kuupuu) &amp; OUTI PULKKINEN JUHO VALKEAP\u00c4\u00c4 &amp; MAX SAVIKANGAS JAAKKO TOLVI &amp; ARI POUTIAINEN Korjaamo, vintti klo 20.30\u201302&hellip;<\/p>\n","protected":false},"author":1,"featured_media":0,"parent":0,"menu_order":0,"comment_status":"closed","ping_status":"closed","template":"","meta":{"footnotes":""},"class_list":["post-1418","page","type-page","status-publish","hentry"],"_links":{"self":[{"href":"https:\/\/www.vadelma.org\/korppiradio\/wp-json\/wp\/v2\/pages\/1418","targetHints":{"allow":["GET"]}}],"collection":[{"href":"https:\/\/www.vadelma.org\/korppiradio\/wp-json\/wp\/v2\/pages"}],"about":[{"href":"https:\/\/www.vadelma.org\/korppiradio\/wp-json\/wp\/v2\/types\/page"}],"author":[{"embeddable":true,"href":"https:\/\/www.vadelma.org\/korppiradio\/wp-json\/wp\/v2\/users\/1"}],"replies":[{"embeddable":true,"href":"https:\/\/www.vadelma.org\/korppiradio\/wp-json\/wp\/v2\/comments?post=1418"}],"version-history":[{"count":0,"href":"https:\/\/www.vadelma.org\/korppiradio\/wp-json\/wp\/v2\/pages\/1418\/revisions"}],"wp:attachment":[{"href":"https:\/\/www.vadelma.org\/korppiradio\/wp-json\/wp\/v2\/media?parent=1418"}],"curies":[{"name":"wp","href":"https:\/\/api.w.org\/{rel}","templated":true}]}}