{"id":1447,"date":"2014-02-17T15:53:42","date_gmt":"2014-02-17T13:53:42","guid":{"rendered":"http:\/\/vadelma.org\/korppiradio\/?page_id=1447"},"modified":"2019-03-04T11:33:50","modified_gmt":"2019-03-04T09:33:50","slug":"katriinamies-show","status":"publish","type":"page","link":"https:\/\/www.vadelma.org\/korppiradio\/katriinamies-show\/","title":{"rendered":"Katriinamies Show"},"content":{"rendered":"<p><strong>(<em>loppunut<\/em>) <a href=\"http:\/\/www.katriinamies.com\/\" target=\"_blank\" rel=\"noopener noreferrer\">Katriinamiehen<\/a> radioshow Korppiradiossa!<\/strong><\/p>\n<p>Katriinamies on improvisaatio-orkesteri, joka on perustettu anno domini 2007. Biisej\u00e4 tehdess\u00e4mme k\u00e4yt\u00e4mme erilaisia improvisaatiomenetelmi\u00e4 jotka pohjautuvat Keith &#8221;Keke&#8221; Johnstonen improvisaatiometodiin ja Keke Rosbergin formulauraan.<\/p>\n<p>&nbsp;<\/p>\n<p><strong>Jaksojen nauhoituksia:<\/strong><\/p>\n<p>&nbsp;<\/p>\n<p>Nelj\u00e4s radioshow. L\u00e4hetetty perjantaina 30.5.2014:<\/p>\n<p><code><div id=\"mp3jWrap_0\" class=\"mjp-s-wrapper s-graphic unsel-mjp smaller2 gill-mjp\" style=\"font-size:14px;\"><span id=\"playpause_wrap_mp3j_0\" class=\"wrap_inline_mp3j\" style=\"font-weight:700;\"><span class=\"gfxbutton_mp3j play-mjp\" id=\"playpause_mp3j_0\" style=\"font-size:14px;\">&nbsp;&nbsp;&nbsp;&nbsp;&nbsp;<\/span>&nbsp;<span class=\"group_wrap\"><span class=\"bars_mp3j\"><span class=\"loadB_mp3j\" id=\"load_mp3j_0\"><\/span><span class=\"posbarB_mp3j\" id=\"posbar_mp3j_0\"><\/span><\/span><span class=\"T_mp3j\" id=\"T_mp3j_0\" style=\"font-size:14px;\">Katriinamies Show: jakso 4<\/span><span class=\"indi_mp3j\" style=\"font-size:9.8px;\" id=\"statusMI_0\"><\/span><\/span><span class=\"vol_mp3j flipped\" id=\"vol_mp3j_0\"><\/span><\/span><\/div><span class=\"s-nosolution\" id=\"mp3j_nosolution_0\" style=\"display:none;\"><\/span><script>\nMP3jPLAYLISTS.inline_0 = [\n\t{ name: \"Katriinamiesshow_4\", formats: [\"mp3\"], mp3: \"aHR0cDovL3N0cmVhbS52YWRlbG1hLm9yZzo2MTk3NC9rb3JwcGlyYWRpby9LYXRyaWluYW1pZXNzaG93XzQubXAz\", counterpart:\"\", artist: \"\", image: \"\", imgurl: \"\" }\n];\n<\/script>\n\n<script>MP3jPLAYERS[0] = { list: MP3jPLAYLISTS.inline_0, tr:0, type:'single', lstate:'', loop:false, play_txt:'&nbsp;&nbsp;&nbsp;&nbsp;&nbsp;', pause_txt:'&nbsp;&nbsp;&nbsp;&nbsp;&nbsp;', pp_title:'', autoplay:false, download:false, vol:76, height:'' };<\/script><\/code><\/p>\n<p>&nbsp;<\/p>\n<p>Toinen radioshow. Studiovieraina Anna Inginmaa ja Teppo Vapaus. L\u00e4hetetty perjantaina 28.3.2014:<\/p>\n<p><code><div id=\"mp3jWrap_1\" class=\"mjp-s-wrapper s-graphic unsel-mjp smaller2 gill-mjp\" style=\"font-size:14px;\"><span id=\"playpause_wrap_mp3j_1\" class=\"wrap_inline_mp3j\" style=\"font-weight:700;\"><span class=\"gfxbutton_mp3j play-mjp\" id=\"playpause_mp3j_1\" style=\"font-size:14px;\">&nbsp;&nbsp;&nbsp;&nbsp;&nbsp;<\/span>&nbsp;<span class=\"group_wrap\"><span class=\"bars_mp3j\"><span class=\"loadB_mp3j\" id=\"load_mp3j_1\"><\/span><span class=\"posbarB_mp3j\" id=\"posbar_mp3j_1\"><\/span><\/span><span class=\"T_mp3j\" id=\"T_mp3j_1\" style=\"font-size:14px;\">Katriinamies Show: jakso 2<\/span><span class=\"indi_mp3j\" style=\"font-size:9.8px;\" id=\"statusMI_1\"><\/span><\/span><span class=\"vol_mp3j flipped\" id=\"vol_mp3j_1\"><\/span><\/span><\/div><span class=\"s-nosolution\" id=\"mp3j_nosolution_1\" style=\"display:none;\"><\/span><script>\nMP3jPLAYLISTS.inline_1 = [\n\t{ name: \"Katriinamiesshow_2\", formats: [\"mp3\"], mp3: \"aHR0cDovL3N0cmVhbS52YWRlbG1hLm9yZzo2MTk3NC9rb3JwcGlyYWRpby9LYXRyaWluYW1pZXNzaG93XzIubXAz\", counterpart:\"\", artist: \"\", image: \"\", imgurl: \"\" }\n];\n<\/script>\n\n<script>MP3jPLAYERS[1] = { list: MP3jPLAYLISTS.inline_1, tr:0, type:'single', lstate:'', loop:false, play_txt:'&nbsp;&nbsp;&nbsp;&nbsp;&nbsp;', pause_txt:'&nbsp;&nbsp;&nbsp;&nbsp;&nbsp;', pp_title:'', autoplay:false, download:false, vol:76, height:'' };<\/script><\/code><\/p>\n<p>&nbsp;<\/p>\n<p>Ensimm\u00e4inen radioshow! L\u00e4hetetty perjantaina 28.2.2014:<\/p>\n<p><code><div id=\"mp3jWrap_2\" class=\"mjp-s-wrapper s-graphic unsel-mjp smaller2 gill-mjp\" style=\"font-size:14px;\"><span id=\"playpause_wrap_mp3j_2\" class=\"wrap_inline_mp3j\" style=\"font-weight:700;\"><span class=\"gfxbutton_mp3j play-mjp\" id=\"playpause_mp3j_2\" style=\"font-size:14px;\">&nbsp;&nbsp;&nbsp;&nbsp;&nbsp;<\/span>&nbsp;<span class=\"group_wrap\"><span class=\"bars_mp3j\"><span class=\"loadB_mp3j\" id=\"load_mp3j_2\"><\/span><span class=\"posbarB_mp3j\" id=\"posbar_mp3j_2\"><\/span><\/span><span class=\"T_mp3j\" id=\"T_mp3j_2\" style=\"font-size:14px;\">Katriinamies Show: jakso 1<\/span><span class=\"indi_mp3j\" style=\"font-size:9.8px;\" id=\"statusMI_2\"><\/span><\/span><span class=\"vol_mp3j flipped\" id=\"vol_mp3j_2\"><\/span><\/span><\/div><span class=\"s-nosolution\" id=\"mp3j_nosolution_2\" style=\"display:none;\"><\/span><script>\nMP3jPLAYLISTS.inline_2 = [\n\t{ name: \"Katriinamiesshow_1\", formats: [\"mp3\"], mp3: \"aHR0cDovL3N0cmVhbS52YWRlbG1hLm9yZzo2MTk3NC9rb3JwcGlyYWRpby9LYXRyaWluYW1pZXNzaG93XzEubXAz\", counterpart:\"\", artist: \"\", image: \"\", imgurl: \"\" }\n];\n<\/script>\n\n<script>MP3jPLAYERS[2] = { list: MP3jPLAYLISTS.inline_2, tr:0, type:'single', lstate:'', loop:false, play_txt:'&nbsp;&nbsp;&nbsp;&nbsp;&nbsp;', pause_txt:'&nbsp;&nbsp;&nbsp;&nbsp;&nbsp;', pp_title:'', autoplay:false, download:false, vol:76, height:'' };<\/script><\/code><\/p>\n","protected":false},"excerpt":{"rendered":"<p>(loppunut) Katriinamiehen radioshow Korppiradiossa! Katriinamies on improvisaatio-orkesteri, joka on perustettu anno domini 2007. Biisej\u00e4 tehdess\u00e4mme k\u00e4yt\u00e4mme erilaisia improvisaatiomenetelmi\u00e4 jotka pohjautuvat Keith &#8221;Keke&#8221; Johnstonen improvisaatiometodiin ja Keke Rosbergin formulauraan. &nbsp; Jaksojen nauhoituksia: &nbsp; Nelj\u00e4s radioshow. L\u00e4hetetty perjantaina 30.5.2014: &nbsp; Toinen radioshow. Studiovieraina Anna Inginmaa ja Teppo Vapaus. L\u00e4hetetty perjantaina 28.3.2014: &nbsp; Ensimm\u00e4inen radioshow! L\u00e4hetetty perjantaina 28.2.2014:<\/p>\n","protected":false},"author":1,"featured_media":0,"parent":0,"menu_order":0,"comment_status":"closed","ping_status":"closed","template":"","meta":{"footnotes":""},"class_list":["post-1447","page","type-page","status-publish","hentry"],"_links":{"self":[{"href":"https:\/\/www.vadelma.org\/korppiradio\/wp-json\/wp\/v2\/pages\/1447","targetHints":{"allow":["GET"]}}],"collection":[{"href":"https:\/\/www.vadelma.org\/korppiradio\/wp-json\/wp\/v2\/pages"}],"about":[{"href":"https:\/\/www.vadelma.org\/korppiradio\/wp-json\/wp\/v2\/types\/page"}],"author":[{"embeddable":true,"href":"https:\/\/www.vadelma.org\/korppiradio\/wp-json\/wp\/v2\/users\/1"}],"replies":[{"embeddable":true,"href":"https:\/\/www.vadelma.org\/korppiradio\/wp-json\/wp\/v2\/comments?post=1447"}],"version-history":[{"count":0,"href":"https:\/\/www.vadelma.org\/korppiradio\/wp-json\/wp\/v2\/pages\/1447\/revisions"}],"wp:attachment":[{"href":"https:\/\/www.vadelma.org\/korppiradio\/wp-json\/wp\/v2\/media?parent=1447"}],"curies":[{"name":"wp","href":"https:\/\/api.w.org\/{rel}","templated":true}]}}