{"id":157,"date":"2013-10-29T21:51:52","date_gmt":"2013-10-29T19:51:52","guid":{"rendered":"http:\/\/vadelma.org\/korppiradio\/?page_id=157"},"modified":"2025-12-05T22:13:45","modified_gmt":"2025-12-05T20:13:45","slug":"vadelmapensas","status":"publish","type":"page","link":"https:\/\/www.vadelma.org\/korppiradio\/vadelmapensas\/","title":{"rendered":"Vadelmapensas"},"content":{"rendered":"\n<figure class=\"wp-block-image\"><a href=\"http:\/\/vadelma.org\" target=\"_blank\" rel=\"noopener noreferrer\"><img decoding=\"async\" src=\"http:\/\/www.vadelma.org\/wp-content\/uploads\/2013\/10\/vadelmaheader2013_E21.jpg\" alt=\"\"\/><\/a><\/figure>\n\n\n\n<p class=\"has-text-align-left\"><\/p>\n\n\n\n<p><strong>Vadelmapensas-ohjelma<\/strong> kokoaa yhteen Vadelma ry:n j\u00e4rjest\u00e4mi\u00e4 keskusteluja, radio-ohjelmia, tapahtumia, keikkoja jne. Yhteystiedot: korppi (at) vadelma.org\/korppiradio<\/p>\n\n\n\n<p class=\"has-text-align-left\"><strong>Vadelma Talk<\/strong><br>Keskusteluja Vadelmapensaassa:<\/p>\n\n\n\n<p class=\"has-text-align-left\"><strong>Vadelmatalk<\/strong>. Galleria Art kaarisilta. Kesto vajaat 2h:<\/p>\n\n\n\n<figure class=\"wp-block-audio\"><audio controls src=\"http:\/\/stream.vadelma.org:61974\/korppiradio\/VadelmaTalk_2.mp3\"><\/audio><\/figure>\n\n\n\n<p class=\"has-text-align-left\"><strong>Vadelmatalk<\/strong>. Mediasta, taiteesta ja kommunikaatiosta. Keskustelijoina Marjatta Oja, Sisko Pajari, Sakari Laurila, Aino Kemil\u00e4, Velda Parkkinen ja Kalle Kuisma. Kesto vajaat 2h:<\/p>\n\n\n\n<figure class=\"wp-block-audio\"><audio controls src=\"http:\/\/stream.vadelma.org:61974\/korppiradio\/VadelmaTalk_1.mp3\"><\/audio><\/figure>\n\n\n\n<p class=\"has-text-align-left\">Toisinaan Vadelmapensaassa DJ-vetoinen show vieraiden kanssa (vaihtuva DJ). \u00c4\u00e4ni\u00e4 ja \u00e4\u00e4nitteit\u00e4 kellarista, kokonaisia keikkoja klubeilta, puistoista, kulttuuritiloista ja -taloista &#8211; lo-fi \/ hi-fi &#8211; tallenteita, ug-\u00e4\u00e4nitaidetta ja kokeilevaa draamaa, yhteisty\u00f6projekteja ja festivaaleja &#8211; Visuaalisen taiteen ja el\u00e4v\u00e4n musiikin yhdistys <a title=\"Vadelma ry\" href=\"http:\/\/vadelma.org\" target=\"_blank\" rel=\"noopener noreferrer\">Vadelman<\/a> kymmenen vuoden taipaleelta.<\/p>\n\n\n\n<p class=\"has-text-align-left\"><strong>Vadelmapensas<\/strong>. Katsaus Vadelman vuoteen 2013. Mukana mm. Pikku Kukka, Mande Maja Band, Magot Prom, Milesmore, Kumea Sound, Jukka Gustavson Organ Fusion Band, Kiveskives, \u00c4\u00e4ni\u00e4 Villa Pinkylt\u00e4, Black Spy. Kesto 2h.<\/p>\n\n\n\n<p class=\"has-text-align-left\">L\u00e4hetetty 21.2.2014. DJ Kosmas:<\/p>\n\n\n\n<figure class=\"wp-block-audio\"><audio controls src=\"http:\/\/stream.vadelma.org:61974\/korppiradio\/Vadelmapensas_3.mp3\"><\/audio><\/figure>\n\n\n\n<p class=\"has-text-align-left\"><strong>Vadelmapensas<\/strong>. Vuoden ensimm\u00e4isess\u00e4 Vadelmapensaassa tehd\u00e4\u00e4n kierros Kultsan, Vadelmatilojen, Happihuoneen ja Pirun pajan kautta Sarjakuvakeskukseen Hilloa purkittamaan. Poimintoja Vadelmapuskasta t\u00e4n\u00e4\u00e4n ovat mm. Uzva Kultsalla, Manogurgeil, And the Lefthanded, Pasi Rakas and the Shaking Brains, Francisco Delahay &amp; Elisa Wistuba, Kolmipiikki, Duo 5.38, Plain Ride, Vuk ja Lost Paragraph. Kesto 2h.<\/p>\n\n\n\n<p class=\"has-text-align-left\">L\u00e4hetetty lauantaina 11.1.2014 Studiossa Kalle:<\/p>\n\n\n\n<figure class=\"wp-block-audio\"><audio controls src=\"http:\/\/stream.vadelma.org:61974\/korppiradio\/Vadelmapensas_2.mp3\"><\/audio><\/figure>\n\n\n\n<p class=\"has-text-align-left\"><strong>Vadelmapensas<\/strong>. Mukana: Riders of the Lost Current, Jean Louis, Uzva.<\/p>\n\n\n\n<p class=\"has-text-align-left\">L\u00e4hetetty keskiviikkona 4.12.2013:<\/p>\n\n\n\n<figure class=\"wp-block-audio\"><audio controls src=\"http:\/\/stream.vadelma.org:61974\/korppiradio\/Vadelmapensas_1.mp3\"><\/audio><\/figure>\n\n\n\n<p class=\"has-text-align-left\">***<\/p>\n\n\n\n<p class=\"has-text-align-left\"><a href=\"http:\/\/jeanlouis.info\/\" target=\"_blank\" rel=\"noopener noreferrer\">Jean Louis<\/a> @ Vadelmaklubi, Harjun nuorisotalo, huhtikuu 2010:<\/p>\n\n\n\n<figure class=\"wp-block-audio\"><audio controls src=\"http:\/\/stream.vadelma.org:61974\/korppiradio\/Vadelmapensas_Jeanlouis.mp3\"><\/audio><\/figure>\n\n\n<div class=\"wp-block-image\">\n<figure class=\"alignleft\"><a href=\"http:\/\/vadelma.org\/korppiradio\/wp-content\/uploads\/2013\/11\/jeanlouis1.jpg\"><img decoding=\"async\" src=\"http:\/\/vadelma.org\/korppiradio\/wp-content\/uploads\/2013\/11\/jeanlouis1-500x281.jpg\" alt=\"Jean Louis\"\/><\/a><\/figure>\n<\/div>\n\n\n<p class=\"has-text-align-left\"><\/p>\n\n\n\n<p class=\"has-text-align-left\"><em>Joachim Florent, Jean Louis (kuva: Hannu Aaltonen)<\/em><\/p>\n\n\n\n<p class=\"has-text-align-left\"><\/p>\n\n\n\n<p><\/p>\n\n\n\n<p><\/p>\n\n\n\n<p class=\"has-text-align-left\"><a href=\"http:\/\/etnoaalto.blogspot.fi\/\" target=\"_blank\" rel=\"noopener noreferrer\">Aalto<\/a> @ Siltanen, kes\u00e4kuu 2013<\/p>\n\n\n\n<figure class=\"wp-block-audio\"><audio controls src=\"http:\/\/stream.vadelma.org:61974\/aalto_siltasessa_2013.mp3\"><\/audio><\/figure>\n\n\n<div class=\"wp-block-image\">\n<figure class=\"alignleft\"><a href=\"http:\/\/etnoaalto.blogspot.fi\/\" target=\"_blank\" rel=\"noopener noreferrer\"><img decoding=\"async\" src=\"http:\/\/vadelma.org\/korppiradio\/wp-content\/uploads\/2013\/10\/aalto_siltasessa_jana_pejoska-300x184.jpg\" alt=\"aalto_siltasessa_jana_pejoska\"\/><\/a><\/figure>\n<\/div>\n\n\n<p class=\"has-text-align-left\"><\/p>\n\n\n\n<p class=\"has-text-align-left\"><em>(kuva: Jana Pejoska)<\/em><\/p>\n\n\n\n<p class=\"has-text-align-left\"><\/p>\n\n\n\n<p><\/p>\n\n\n\n<p class=\"has-text-align-left\"><a href=\"http:\/\/ut3.org\/siniaalto\/\" target=\"_blank\" rel=\"noopener noreferrer\">Siniaalto<\/a> @ Alppipuisto, Vadelma Fest 2010 (katkelma)<\/p>\n\n\n\n<figure class=\"wp-block-audio\"><audio controls src=\"http:\/\/stream.vadelma.org:61974\/vadelmafest2010_siniaalto.mp3\"><\/audio><\/figure>\n\n\n<div class=\"wp-block-image\">\n<figure class=\"alignleft\"><a href=\"http:\/\/ut3.org\/siniaalto\/\" target=\"_blank\" rel=\"noopener noreferrer\"><img decoding=\"async\" src=\"http:\/\/vadelma.org\/korppiradio\/wp-content\/uploads\/2013\/10\/F10f2-SA-poster-300x168.jpg\" alt=\"F10f2 SA-poster\"\/><\/a><\/figure>\n<\/div>\n\n\n<p class=\"has-text-align-left\"><\/p>\n\n\n\n<p class=\"has-text-align-left\"><em>(kuva: Pekka Varis)<\/em><\/p>\n\n\n\n<p class=\"has-text-align-left\">*<\/p>\n\n\n\n<p><\/p>\n\n\n\n<p><\/p>\n\n\n\n<figure class=\"wp-block-image\"><a href=\"http:\/\/www.melafoundation.org\/dream02.htm\" target=\"_blank\" rel=\"noopener noreferrer\"><img decoding=\"async\" src=\"http:\/\/www.melafoundation.org\/dream02.jpg\" alt=\"\"\/><\/a><\/figure>\n\n\n\n<p class=\"has-text-align-left\"><\/p>\n\n\n\n<p class=\"has-text-align-left\">Pysyv\u00e4n\u00e4 &#8221;installaationa&#8221; on La Monte Youngin dreamchordille omistettu Dream House 24h, joka oli VadelmaRadion ensimm\u00e4inen suora streamaus(tai relay-)l\u00e4hetys, joka tapahtui m-cultilla toukokuussa[ 2012 Shinji Kankin L\u00e4hiradio 100,3MHz:n SilakkaradioShown ja White Colors kollektiivin toimesta. Introna kuullaan La Monte Youngin ohella John Cagen puheenvuoro kuvitteellisilla maisemilla; Cagen Imaginary Landscapes on radiotaiteen ehdottomia merkkipaaluja. Ja matka jatkuu vuorokauden ymp\u00e4ri live- vierailijoineen. Ensimm\u00e4isess\u00e4 osassa mm. PS &amp; Antti J\u00e4dertpolm Quartet, Sirpa Jokinen &amp;co, Grey Park. &nbsp;Kuuden tunnin jakso vaihtuu seuraavaan viikon v\u00e4lein. Suosittelemme!<\/p>\n\n\n\n<p>&nbsp;<\/p>\n\n\n\n<p class=\"has-text-align-left\">Dream House, klo 18-24 : part 1 : 18-24:<\/p>\n\n\n\n<figure class=\"wp-block-audio\"><audio controls src=\"http:\/\/stream.vadelma.org:61974\/korppiradio\/DreamHouse_1.mp3\"><\/audio><\/figure>\n\n\n\n<p class=\"has-text-align-left\">18:00 \u2013 START: <em><strong>Shinji Kanki<\/strong><\/em>, talk, introduction, DREAM CHORD, etc.. (LIVE)<br>19:00 \u2013 <em><strong>Filipe Cruz<\/strong><\/em> (LIVE)<br>20:00 \u2013 <em><strong>Antti Kyt\u00f6m\u00e4ki, Always Safe And Sound<\/strong><\/em> (LIVE)<br>21:00 \u2013 <em><strong>Sirpa Jokinen<\/strong><\/em> (LIVE)<br>22:00 \u2013 <em><strong>Grey Park<\/strong><\/em> (LIVE)<br>23:00 \u2013 <em><strong>Cleavage<\/strong><\/em> (LIVE)<\/p>\n\n\n\n<p class=\"has-text-align-left\">Dream House, klo 18-24 : part 2 : 00-06:<\/p>\n\n\n\n<figure class=\"wp-block-audio\"><audio controls src=\"http:\/\/stream.vadelma.org:61974\/korppiradio\/DreamHouse_2.mp3\"><\/audio><\/figure>\n\n\n\n<p class=\"has-text-align-left\">0:00 \u2013 <em><strong>Francois Bianco<\/strong><\/em> (LIVE STREAMING)<br>1:00 &#8211;&nbsp;<em><strong>Janne Nummela<\/strong><\/em><br>2:00 \u2013 <em><strong>Olga Palom\u00e4ki<\/strong><\/em> &amp; <em><strong>Lauri Kivel\u00e4<\/strong><\/em><br>3:00 \u2013 <em><strong>Dennis Tan<\/strong><\/em><br>4:00 &#8211;&nbsp;<em><strong>David Knight<\/strong><\/em><br>5:00 &#8211;&nbsp;<em><strong>RANK ensemble<\/strong><\/em>.<\/p>\n\n\n\n<p class=\"has-text-align-left\">Dream House, klo 18-24 : part 3 : 06-12:<\/p>\n\n\n\n<figure class=\"wp-block-audio\"><audio controls src=\"http:\/\/stream.vadelma.org:61974\/korppiradio\/DreamHouse_3.mp3\"><\/audio><\/figure>\n\n\n\n<p><code><div id=\"mp3jWrap_0\" class=\"mjp-s-wrapper s-graphic unsel-mjp smaller2 gill-mjp\" style=\"font-size:14px;\"><span id=\"playpause_wrap_mp3j_0\" class=\"wrap_inline_mp3j\" style=\"font-weight:700;\"><span class=\"gfxbutton_mp3j play-mjp\" id=\"playpause_mp3j_0\" style=\"font-size:14px;\">&nbsp;&nbsp;&nbsp;&nbsp;&nbsp;<\/span>&nbsp;<span class=\"group_wrap\"><span class=\"bars_mp3j\"><span class=\"loadB_mp3j\" id=\"load_mp3j_0\"><\/span><span class=\"posbarB_mp3j\" id=\"posbar_mp3j_0\"><\/span><\/span><span class=\"T_mp3j\" id=\"T_mp3j_0\" style=\"font-size:14px;\">Dream House 3<\/span><span class=\"indi_mp3j\" style=\"font-size:9.8px;\" id=\"statusMI_0\"><\/span><\/span><span class=\"vol_mp3j flipped\" id=\"vol_mp3j_0\"><\/span><\/span><\/div><span class=\"s-nosolution\" id=\"mp3j_nosolution_0\" style=\"display:none;\"><\/span><script>\nMP3jPLAYLISTS.inline_0 = [\n\t{ name: \"DreamHouse_3\", formats: [\"mp3\"], mp3: \"aHR0cDovL3N0cmVhbS52YWRlbG1hLm9yZzo2MTk3NC9rb3JwcGlyYWRpby9EcmVhbUhvdXNlXzMubXAz\", counterpart:\"\", artist: \"\", image: \"\", imgurl: \"\" }\n];\n<\/script>\n\n<script>MP3jPLAYERS[0] = { list: MP3jPLAYLISTS.inline_0, tr:0, type:'single', lstate:'', loop:false, play_txt:'&nbsp;&nbsp;&nbsp;&nbsp;&nbsp;', pause_txt:'&nbsp;&nbsp;&nbsp;&nbsp;&nbsp;', pp_title:'', autoplay:false, download:false, vol:76, height:'' };<\/script><\/code><\/p>\n\n\n\n<p class=\"has-text-align-left\">6:00 \u2013 MAA productions: <em><strong>A<\/strong><strong>leksi Jaakkola<\/strong><\/em>, <em><strong>Ida Tuuli<\/strong><\/em>, <em><strong>Hila M\u00e4kel\u00e4<\/strong><\/em>, <em><strong>Nooralotta Ikonen<\/strong><\/em>, <em><strong>Susanna Jurvanen<\/strong><\/em> &amp; <em><strong>Rakel Routarinne<\/strong><\/em><br>7:00 \u2013 Media Lab productions:<em><strong>Kirsi Ihalainen<\/strong><\/em>, <em><strong>Kalle Jokinen<\/strong><\/em>, <em><strong>Jairo Eduardo Acosta Lara<\/strong><\/em>, &amp; <em><strong>Tero V\u00e4nttinen<\/strong><\/em><br>8:00 &#8211;&nbsp;<em><strong>Susanna Jurvanen<\/strong><\/em> (LIVE)<br>9:00 &#8211;&nbsp;<em><strong>Nestori Syrj\u00e4l\u00e4<\/strong><\/em> (LIVE)<br>10:00 &#8211;<br>11:00 \u2013 <em><strong>Chi-Hsia Lai <\/strong><\/em>(LIVE)<\/p>\n\n\n\n<p class=\"has-text-align-left\">Dream House, klo 18-24 : part 4 : 12-18:<\/p>\n\n\n\n<figure class=\"wp-block-audio\"><audio controls src=\"http:\/\/stream.vadelma.org:61974\/korppiradio\/DreamHouse_4.mp3\"><\/audio><\/figure>\n\n\n\n<p><\/p>\n\n\n\n<p class=\"has-text-align-left\">12:00 \u2013 <em><strong>Jani Purhonen<\/strong><\/em> (LIVE)<br>13:00 \u2013 <em><strong>Davide Panizza<\/strong><\/em> (LIVE)<br>14:00 \u2013 <em><strong>Valter Tornberg<\/strong><\/em> (LIVE)<br>15:00 &#8211;&nbsp;<em><strong>Visa-Valtteri \u201cvisy\u201d Pimi\u00e4<\/strong><\/em> (LIVE)<br>16:00 \u2013 <em><strong>Sarana<\/strong><\/em> (LIVE)<br>17:00 \u2013 Ending\u2026. <em><strong>Shinji Kanki + co. (anybody can join!)<\/strong><\/em><br>18:00 END<\/p>\n\n\n<div class=\"wp-block-image\">\n<figure class=\"aligncenter\"><a href=\"https:\/\/vadelma.org\"><img decoding=\"async\" src=\"http:\/\/vadelma.org\/korppiradio\/wp-content\/uploads\/2013\/11\/vadelmalogo-by-teemu-saarinen-500x2471.jpg\" alt=\"vadelmalogo-by-teemu-saarinen-500x247\"\/><\/a><\/figure>\n<\/div>\n\n\n<p><\/p>\n","protected":false},"excerpt":{"rendered":"<p>Vadelmapensas-ohjelma kokoaa yhteen Vadelma ry:n j\u00e4rjest\u00e4mi\u00e4 keskusteluja, radio-ohjelmia, tapahtumia, keikkoja jne. Yhteystiedot: korppi (at) vadelma.org\/korppiradio Vadelma TalkKeskusteluja Vadelmapensaassa: Vadelmatalk. Galleria Art kaarisilta. Kesto vajaat 2h: Vadelmatalk. Mediasta, taiteesta ja kommunikaatiosta. Keskustelijoina Marjatta Oja, Sisko Pajari, Sakari Laurila, Aino Kemil\u00e4, Velda Parkkinen ja Kalle Kuisma. Kesto vajaat 2h: Toisinaan Vadelmapensaassa DJ-vetoinen show vieraiden kanssa (vaihtuva DJ).&hellip;<\/p>\n","protected":false},"author":1,"featured_media":0,"parent":0,"menu_order":0,"comment_status":"closed","ping_status":"closed","template":"","meta":{"footnotes":""},"class_list":["post-157","page","type-page","status-publish","hentry"],"_links":{"self":[{"href":"https:\/\/www.vadelma.org\/korppiradio\/wp-json\/wp\/v2\/pages\/157","targetHints":{"allow":["GET"]}}],"collection":[{"href":"https:\/\/www.vadelma.org\/korppiradio\/wp-json\/wp\/v2\/pages"}],"about":[{"href":"https:\/\/www.vadelma.org\/korppiradio\/wp-json\/wp\/v2\/types\/page"}],"author":[{"embeddable":true,"href":"https:\/\/www.vadelma.org\/korppiradio\/wp-json\/wp\/v2\/users\/1"}],"replies":[{"embeddable":true,"href":"https:\/\/www.vadelma.org\/korppiradio\/wp-json\/wp\/v2\/comments?post=157"}],"version-history":[{"count":3,"href":"https:\/\/www.vadelma.org\/korppiradio\/wp-json\/wp\/v2\/pages\/157\/revisions"}],"predecessor-version":[{"id":4669,"href":"https:\/\/www.vadelma.org\/korppiradio\/wp-json\/wp\/v2\/pages\/157\/revisions\/4669"}],"wp:attachment":[{"href":"https:\/\/www.vadelma.org\/korppiradio\/wp-json\/wp\/v2\/media?parent=157"}],"curies":[{"name":"wp","href":"https:\/\/api.w.org\/{rel}","templated":true}]}}