{"id":1920,"date":"2014-07-30T15:42:00","date_gmt":"2014-07-30T12:42:00","guid":{"rendered":"http:\/\/vadelma.org\/korppiradio\/?page_id=1920"},"modified":"2019-03-04T11:37:56","modified_gmt":"2019-03-04T09:37:56","slug":"kulttibois","status":"publish","type":"page","link":"https:\/\/www.vadelma.org\/korppiradio\/kulttibois\/","title":{"rendered":"Kulttibois"},"content":{"rendered":"<p><strong>(<em>loppunut<\/em>) Kulttibois esittelee kuukausittain kiinnostavia ilmi\u00f6it\u00e4 marginaalin marginaalista.<\/strong> Musiikkia, h\u00e4ly\u00e4, \u00e4\u00e4nt\u00e4, hiljaisuutta, ihmisi\u00e4, asioita, juttuja ja tarinoita sieto- ja mielihyv\u00e4kyvyn molemmilta puolilta. Toimittaa Lauri Hyv\u00e4rinen.<\/p>\n","protected":false},"excerpt":{"rendered":"<p>(loppunut) Kulttibois esittelee kuukausittain kiinnostavia ilmi\u00f6it\u00e4 marginaalin marginaalista. Musiikkia, h\u00e4ly\u00e4, \u00e4\u00e4nt\u00e4, hiljaisuutta, ihmisi\u00e4, asioita, juttuja ja tarinoita sieto- ja mielihyv\u00e4kyvyn molemmilta puolilta. Toimittaa Lauri Hyv\u00e4rinen.<\/p>\n","protected":false},"author":3,"featured_media":0,"parent":0,"menu_order":0,"comment_status":"closed","ping_status":"closed","template":"","meta":{"footnotes":""},"class_list":["post-1920","page","type-page","status-publish","hentry"],"_links":{"self":[{"href":"https:\/\/www.vadelma.org\/korppiradio\/wp-json\/wp\/v2\/pages\/1920","targetHints":{"allow":["GET"]}}],"collection":[{"href":"https:\/\/www.vadelma.org\/korppiradio\/wp-json\/wp\/v2\/pages"}],"about":[{"href":"https:\/\/www.vadelma.org\/korppiradio\/wp-json\/wp\/v2\/types\/page"}],"author":[{"embeddable":true,"href":"https:\/\/www.vadelma.org\/korppiradio\/wp-json\/wp\/v2\/users\/3"}],"replies":[{"embeddable":true,"href":"https:\/\/www.vadelma.org\/korppiradio\/wp-json\/wp\/v2\/comments?post=1920"}],"version-history":[{"count":0,"href":"https:\/\/www.vadelma.org\/korppiradio\/wp-json\/wp\/v2\/pages\/1920\/revisions"}],"wp:attachment":[{"href":"https:\/\/www.vadelma.org\/korppiradio\/wp-json\/wp\/v2\/media?parent=1920"}],"curies":[{"name":"wp","href":"https:\/\/api.w.org\/{rel}","templated":true}]}}