{"id":1942,"date":"2014-08-11T20:49:10","date_gmt":"2014-08-11T17:49:10","guid":{"rendered":"http:\/\/vadelma.org\/korppiradio\/?page_id=1942"},"modified":"2019-03-04T11:44:27","modified_gmt":"2019-03-04T09:44:27","slug":"expedition-helsinki","status":"publish","type":"page","link":"https:\/\/www.vadelma.org\/korppiradio\/expedition-helsinki\/","title":{"rendered":"Expedition : Helsinki"},"content":{"rendered":"<p>Urban Exploration and Rescue Mission<\/p>\n<p lang=\"en-GB\">La \/ Sat 2.8. <span lang=\"en-US\">12:00-19:00 : Live Radio Broadcast<br \/>\n<\/span>Tukikohta Kiasman etupihalla \/ Home Base at square in front of Kiasma<\/p>\n<p lang=\"en-GB\"><code><div id=\"mp3jWrap_0\" class=\"mjp-s-wrapper s-graphic unsel-mjp bigger2 gill-mjp\" style=\"font-size:14px;\"><span id=\"playpause_wrap_mp3j_0\" class=\"wrap_inline_mp3j\" style=\"font-weight:700;\"><span class=\"gfxbutton_mp3j play-mjp\" id=\"playpause_mp3j_0\" style=\"font-size:14px;\">&nbsp;&nbsp;&nbsp;&nbsp;&nbsp;<\/span>&nbsp;<span class=\"group_wrap\"><span class=\"bars_mp3j\"><span class=\"loadB_mp3j\" id=\"load_mp3j_0\"><\/span><span class=\"posbarB_mp3j\" id=\"posbar_mp3j_0\"><\/span><\/span><span class=\"T_mp3j\" id=\"T_mp3j_0\" style=\"font-size:14px;\">ExpeditionHelsinki<\/span><span class=\"indi_mp3j\" style=\"font-size:9.8px;\" id=\"statusMI_0\"><\/span><\/span><span class=\"vol_mp3j flipped\" id=\"vol_mp3j_0\"><\/span><\/span><\/div><span class=\"s-nosolution\" id=\"mp3j_nosolution_0\" style=\"display:none;\"><\/span><script>\nMP3jPLAYLISTS.inline_0 = [\n\t{ name: \"ExpeditionHelsinki\", formats: [\"mp3\"], mp3: \"aHR0cDovL3N0cmVhbS52YWRlbG1hLm9yZzo2MTk3NC9rb3JwcGlyYWRpby9FeHBlZGl0aW9uSGVsc2lua2kubXAz\", counterpart:\"\", artist: \"\", image: \"\", imgurl: \"\" }\n];\n<\/script>\n\n<script>MP3jPLAYERS[0] = { list: MP3jPLAYLISTS.inline_0, tr:0, type:'single', lstate:'', loop:false, play_txt:'&nbsp;&nbsp;&nbsp;&nbsp;&nbsp;', pause_txt:'&nbsp;&nbsp;&nbsp;&nbsp;&nbsp;', pp_title:'', autoplay:false, download:false, vol:76, height:'' };<\/script><\/code><\/p>\n<p>Useita tutkimusretkikuntia l\u00e4hetettiin muutama vuosi sitten tuntemattomaan Helsinkiin. Yhteytt\u00e4 n\u00e4ihin retkikuntiin ei ole en\u00e4\u00e4 saatu. Nyt k\u00e4ynnistett\u00e4v\u00e4n tutkimusretken tavoitteena on selvitt\u00e4\u00e4 kadonneiden retkikuntien kohtalo, ker\u00e4t\u00e4 alueesta tietoa ja ty\u00f6st\u00e4\u00e4 t\u00e4t\u00e4 aineistoa tulevaa k\u00e4ytt\u00f6\u00e4 varten. Retkikunnat varustetaan viimeisin tekniikoin ja v\u00e4linein. Tukikohta toimii radioasemana, joka raportoi ja analysoi rohkeiden l\u00f6yt\u00f6retkeilij\u00f6idemme l\u00f6yd\u00f6ksi\u00e4.<\/p>\n<p>Expedition: Helsinki on tutkimusmatka klassisten l\u00f6yt\u00f6retkien hengess\u00e4. Osallistumisen tapoja on monia: Retkikuntiin voi liitty\u00e4 j\u00e4seneksi tai kohdata ne kaupungilla &#8211; liveradiol\u00e4hetyst\u00e4 voi seurata netiss\u00e4 tai paikanp\u00e4\u00e4ll\u00e4 tukikohdassa.<\/p>\n<p lang=\"en-US\">Esityskieli: englanti \/ The language of the expedition is English<br \/>\nRetkikuntien matka ja radiol\u00e4hetys kest\u00e4\u00e4 n. 7h. \/ The duration of the expedition and live broadcast is about 7 hours.<\/p>\n<p>Tutkimusmatkaa on mahdollista seurata nettiradiossa osoitteessa <a href=\"http:\/\/%20www.urb.fi\/expeditionhelsinki\">www.urb.fi\/expeditionhelsinki<\/a><\/p>\n<p><span lang=\"en-US\">The expedition is broadcasted live on a net radio <\/span><a href=\"http:\/\/www.urb.fi\/expeditionhelsinki\"><span lang=\"en-US\">www.urb.fi\/expeditionhelsinki<\/span><\/a><\/p>\n<p>Tuotanto \/ Production: Esitystaiteen Keskus \/ Performance Center Eskus<br \/>\nTukijat \/ Supported by: Koneen s\u00e4\u00e4ti\u00f6 &amp; Goethe institute<br \/>\nTEKIJ\u00c4T<\/p>\n<p>Projekti toteutetaan kolmen ryhm\u00e4n yhdistelm\u00e4n\u00e4. Suomalaiset Toisissa tiloissa, Todellisuuden tutkimuskeskus ja saksalainen Invisible Playground yhdist\u00e4v\u00e4t voimansa tuoden toteutukseen erilaiset metodinsa ja l\u00e4hestymistapansa arkiymp\u00e4rist\u00f6\u00f6n.<\/p>\n<p>Todellisuuden tutkimuskeskus on Helsingiss\u00e4 toimiva esitystaiteen ammattilaisten kollektiivi. Toiminnan l\u00e4ht\u00f6kohtana on todellisuuden havainnointi, kyseenalaistaminen ja aktiivinen uudistaminen taiteellisen tutkimuksen ja esityksen keinoin.<\/p>\n<p><a href=\"http:\/\/www.todellisuus.fi\/\" target=\"_blank\" rel=\"noopener noreferrer\">www.todellisuus.fi<\/a><\/p>\n","protected":false},"excerpt":{"rendered":"<p>Urban Exploration and Rescue Mission La \/ Sat 2.8. 12:00-19:00 : Live Radio Broadcast Tukikohta Kiasman etupihalla \/ Home Base at square in front of Kiasma Useita tutkimusretkikuntia l\u00e4hetettiin muutama vuosi sitten tuntemattomaan Helsinkiin. Yhteytt\u00e4 n\u00e4ihin retkikuntiin ei ole en\u00e4\u00e4 saatu. Nyt k\u00e4ynnistett\u00e4v\u00e4n tutkimusretken tavoitteena on selvitt\u00e4\u00e4 kadonneiden retkikuntien kohtalo, ker\u00e4t\u00e4 alueesta tietoa ja ty\u00f6st\u00e4\u00e4&hellip;<\/p>\n","protected":false},"author":3,"featured_media":0,"parent":0,"menu_order":0,"comment_status":"closed","ping_status":"closed","template":"","meta":{"footnotes":""},"class_list":["post-1942","page","type-page","status-publish","hentry"],"_links":{"self":[{"href":"https:\/\/www.vadelma.org\/korppiradio\/wp-json\/wp\/v2\/pages\/1942","targetHints":{"allow":["GET"]}}],"collection":[{"href":"https:\/\/www.vadelma.org\/korppiradio\/wp-json\/wp\/v2\/pages"}],"about":[{"href":"https:\/\/www.vadelma.org\/korppiradio\/wp-json\/wp\/v2\/types\/page"}],"author":[{"embeddable":true,"href":"https:\/\/www.vadelma.org\/korppiradio\/wp-json\/wp\/v2\/users\/3"}],"replies":[{"embeddable":true,"href":"https:\/\/www.vadelma.org\/korppiradio\/wp-json\/wp\/v2\/comments?post=1942"}],"version-history":[{"count":0,"href":"https:\/\/www.vadelma.org\/korppiradio\/wp-json\/wp\/v2\/pages\/1942\/revisions"}],"wp:attachment":[{"href":"https:\/\/www.vadelma.org\/korppiradio\/wp-json\/wp\/v2\/media?parent=1942"}],"curies":[{"name":"wp","href":"https:\/\/api.w.org\/{rel}","templated":true}]}}