{"id":2255,"date":"2015-01-26T04:48:49","date_gmt":"2015-01-26T02:48:49","guid":{"rendered":"http:\/\/vadelma.org\/korppiradio\/?page_id=2255"},"modified":"2019-03-04T11:42:26","modified_gmt":"2019-03-04T09:42:26","slug":"commons","status":"publish","type":"page","link":"https:\/\/www.vadelma.org\/korppiradio\/commons\/","title":{"rendered":"Commons"},"content":{"rendered":"<p><strong>(<em>loppunut<\/em>) Commons<\/strong> -ohjelmiin kuuluu kaikki solidaarisuustalouden, yhteisvarallisuuteen ja vaihtoehtoisten talousmallien keskustelut, ty\u00f6pajat ja luennot. Lis\u00e4tietoa:<a href=\"http:\/\/www.commons.fi\/\" target=\"_blank\" rel=\"noopener noreferrer\"> commons.fi<\/a><\/p>\n<p><strong>Nauhoitukset:<\/strong><\/p>\n<p>Solidaarisuustalouskeskustelu Kammarilta 25.1.2015. Miten solidaarisuustalous on toiminut Malissa, Intiassa ja Brasiliassa? Mitk\u00e4 ovat olleet mm. vapaan kaupan ja suuryhti\u00f6iden asettamat haasteet n\u00e4iss\u00e4 maissa? Kesto nelj\u00e4 tuntia. Ensimm\u00e4iset kaksi tuntia alustuksia eri maista, jonka j\u00e4lkeen keskustelua.<\/p>\n<p><code><div id=\"mp3jWrap_0\" class=\"mjp-s-wrapper s-graphic unsel-mjp bigger2 gill-mjp\" style=\"font-size:14px;\"><span id=\"playpause_wrap_mp3j_0\" class=\"wrap_inline_mp3j\" style=\"font-weight:700;\"><span class=\"gfxbutton_mp3j play-mjp\" id=\"playpause_mp3j_0\" style=\"font-size:14px;\">&nbsp;&nbsp;&nbsp;&nbsp;&nbsp;<\/span>&nbsp;<span class=\"group_wrap\"><span class=\"bars_mp3j\"><span class=\"loadB_mp3j\" id=\"load_mp3j_0\"><\/span><span class=\"posbarB_mp3j\" id=\"posbar_mp3j_0\"><\/span><\/span><span class=\"T_mp3j\" id=\"T_mp3j_0\" style=\"font-size:14px;\">soltal_talk_1<\/span><span class=\"indi_mp3j\" style=\"font-size:9.8px;\" id=\"statusMI_0\"><\/span><\/span><span class=\"vol_mp3j flipped\" id=\"vol_mp3j_0\"><\/span><\/span><\/div><span class=\"s-nosolution\" id=\"mp3j_nosolution_0\" style=\"display:none;\"><\/span><script>\nMP3jPLAYLISTS.inline_0 = [\n\t{ name: \"soltal_talk_1\", formats: [\"mp3\"], mp3: \"aHR0cDovL3N0cmVhbS52YWRlbG1hLm9yZzo2MTk3NC9rb3JwcGlyYWRpby9zb2x0YWxfdGFsa18xLm1wMw==\", counterpart:\"\", artist: \"\", image: \"\", imgurl: \"\" }\n];\n<\/script>\n\n<script>MP3jPLAYERS[0] = { list: MP3jPLAYLISTS.inline_0, tr:0, type:'single', lstate:'', loop:false, play_txt:'&nbsp;&nbsp;&nbsp;&nbsp;&nbsp;', pause_txt:'&nbsp;&nbsp;&nbsp;&nbsp;&nbsp;', pp_title:'', autoplay:false, download:false, vol:76, height:'' };<\/script><\/code><\/p>\n","protected":false},"excerpt":{"rendered":"<p>(loppunut) Commons -ohjelmiin kuuluu kaikki solidaarisuustalouden, yhteisvarallisuuteen ja vaihtoehtoisten talousmallien keskustelut, ty\u00f6pajat ja luennot. Lis\u00e4tietoa: commons.fi Nauhoitukset: Solidaarisuustalouskeskustelu Kammarilta 25.1.2015. Miten solidaarisuustalous on toiminut Malissa, Intiassa ja Brasiliassa? Mitk\u00e4 ovat olleet mm. vapaan kaupan ja suuryhti\u00f6iden asettamat haasteet n\u00e4iss\u00e4 maissa? Kesto nelj\u00e4 tuntia. Ensimm\u00e4iset kaksi tuntia alustuksia eri maista, jonka j\u00e4lkeen keskustelua.<\/p>\n","protected":false},"author":1,"featured_media":0,"parent":0,"menu_order":0,"comment_status":"closed","ping_status":"closed","template":"","meta":{"footnotes":""},"class_list":["post-2255","page","type-page","status-publish","hentry"],"_links":{"self":[{"href":"https:\/\/www.vadelma.org\/korppiradio\/wp-json\/wp\/v2\/pages\/2255","targetHints":{"allow":["GET"]}}],"collection":[{"href":"https:\/\/www.vadelma.org\/korppiradio\/wp-json\/wp\/v2\/pages"}],"about":[{"href":"https:\/\/www.vadelma.org\/korppiradio\/wp-json\/wp\/v2\/types\/page"}],"author":[{"embeddable":true,"href":"https:\/\/www.vadelma.org\/korppiradio\/wp-json\/wp\/v2\/users\/1"}],"replies":[{"embeddable":true,"href":"https:\/\/www.vadelma.org\/korppiradio\/wp-json\/wp\/v2\/comments?post=2255"}],"version-history":[{"count":0,"href":"https:\/\/www.vadelma.org\/korppiradio\/wp-json\/wp\/v2\/pages\/2255\/revisions"}],"wp:attachment":[{"href":"https:\/\/www.vadelma.org\/korppiradio\/wp-json\/wp\/v2\/media?parent=2255"}],"curies":[{"name":"wp","href":"https:\/\/api.w.org\/{rel}","templated":true}]}}