{"id":3093,"date":"2017-01-01T18:01:09","date_gmt":"2017-01-01T16:01:09","guid":{"rendered":"http:\/\/vadelma.org\/korppiradio\/?page_id=3093"},"modified":"2019-03-04T11:34:32","modified_gmt":"2019-03-04T09:34:32","slug":"korppimanuaali","status":"publish","type":"page","link":"https:\/\/www.vadelma.org\/korppiradio\/korppimanuaali\/","title":{"rendered":"Korppimanuaali"},"content":{"rendered":"<hr>\n<h6>Alla alustava kaaviokuva ensimm\u00e4isen korppimanuaalin sis\u00e4ll\u00f6ist\u00e4:<\/h6>\n<p><img loading=\"lazy\" decoding=\"async\" class=\"alignnone wp-image-3094 size-full\" src=\"http:\/\/vadelma.org\/korppiradio\/wp-content\/uploads\/2017\/01\/korppimanual.jpeg\" width=\"939\" height=\"657\" srcset=\"https:\/\/www.vadelma.org\/korppiradio\/wp-content\/uploads\/2017\/01\/korppimanual.jpeg 939w, https:\/\/www.vadelma.org\/korppiradio\/wp-content\/uploads\/2017\/01\/korppimanual-214x150.jpeg 214w, https:\/\/www.vadelma.org\/korppiradio\/wp-content\/uploads\/2017\/01\/korppimanual-429x300.jpeg 429w, https:\/\/www.vadelma.org\/korppiradio\/wp-content\/uploads\/2017\/01\/korppimanual-768x537.jpeg 768w, https:\/\/www.vadelma.org\/korppiradio\/wp-content\/uploads\/2017\/01\/korppimanual-700x490.jpeg 700w, https:\/\/www.vadelma.org\/korppiradio\/wp-content\/uploads\/2017\/01\/korppimanual-800x560.jpeg 800w\" sizes=\"auto, (max-width: 939px) 100vw, 939px\" \/><\/p>\n<hr>\n<h3><em>Saatteeksi: Omaehtoisesta mediasta<\/em><\/h3>\n<h3>OSA 1 : <a href=\"http:\/\/vadelma.org\/korppiradio\/osa-1-korpit-ja-ihmiset\/\">Korpit ja ihmiset<\/a><\/h3>\n<h3>OSA 2 : Mukaan virtaan<\/h3>\n<h3>OSA 3 : Ty\u00f6kalut<\/h3>\n<h3>OSA 4 : Radioasema<\/h3>\n<h6>Korppimanuaalia ty\u00f6st\u00e4\u00e4 vapaaehtoinen korppien kollektiivi; mik\u00e4li olet kiinnostunut tulemaan mukaan, laita kommenttia tai viesti\u00e4 osoitteeseen korppi(at)vadelma.org\/korppiradio<\/h6>\n<p>&nbsp;<\/p>\n","protected":false},"excerpt":{"rendered":"<p>Alla alustava kaaviokuva ensimm\u00e4isen korppimanuaalin sis\u00e4ll\u00f6ist\u00e4: Saatteeksi: Omaehtoisesta mediasta OSA 1 : Korpit ja ihmiset OSA 2 : Mukaan virtaan OSA 3 : Ty\u00f6kalut OSA 4 : Radioasema Korppimanuaalia ty\u00f6st\u00e4\u00e4 vapaaehtoinen korppien kollektiivi; mik\u00e4li olet kiinnostunut tulemaan mukaan, laita kommenttia tai viesti\u00e4 osoitteeseen korppi(at)vadelma.org\/korppiradio &nbsp;<\/p>\n","protected":false},"author":1,"featured_media":0,"parent":0,"menu_order":0,"comment_status":"closed","ping_status":"closed","template":"","meta":{"footnotes":""},"class_list":["post-3093","page","type-page","status-publish","hentry"],"_links":{"self":[{"href":"https:\/\/www.vadelma.org\/korppiradio\/wp-json\/wp\/v2\/pages\/3093","targetHints":{"allow":["GET"]}}],"collection":[{"href":"https:\/\/www.vadelma.org\/korppiradio\/wp-json\/wp\/v2\/pages"}],"about":[{"href":"https:\/\/www.vadelma.org\/korppiradio\/wp-json\/wp\/v2\/types\/page"}],"author":[{"embeddable":true,"href":"https:\/\/www.vadelma.org\/korppiradio\/wp-json\/wp\/v2\/users\/1"}],"replies":[{"embeddable":true,"href":"https:\/\/www.vadelma.org\/korppiradio\/wp-json\/wp\/v2\/comments?post=3093"}],"version-history":[{"count":0,"href":"https:\/\/www.vadelma.org\/korppiradio\/wp-json\/wp\/v2\/pages\/3093\/revisions"}],"wp:attachment":[{"href":"https:\/\/www.vadelma.org\/korppiradio\/wp-json\/wp\/v2\/media?parent=3093"}],"curies":[{"name":"wp","href":"https:\/\/api.w.org\/{rel}","templated":true}]}}