{"id":3366,"date":"2018-01-01T20:47:48","date_gmt":"2018-01-01T18:47:48","guid":{"rendered":"http:\/\/vadelma.org\/korppiradio\/?page_id=3366"},"modified":"2019-03-04T11:40:45","modified_gmt":"2019-03-04T09:40:45","slug":"akan-kirja","status":"publish","type":"page","link":"https:\/\/www.vadelma.org\/korppiradio\/akan-kirja\/","title":{"rendered":"Akan kirja"},"content":{"rendered":"<p><strong>Akan kirja &#8211; mytologian \u00e4\u00e4ni.<\/strong><\/p>\n<p>Puhetta el\u00e4v\u00e4st\u00e4 el\u00e4m\u00e4st\u00e4. Vierailijoita sek\u00e4 monologia maapalloistuneesta yhteiskunnasta yksil\u00f6n tasolla.<\/p>\n<p>Tekij\u00e4n\u00e4 Akka ja vaihtuvat vieraat. Yhteystiedot: korppi (at) vadelma.org\/korppiradio<\/p>\n<p>&nbsp;<\/p>\n<p>Ohjelman nauhoituksia:<\/p>\n<p>&nbsp;<\/p>\n<div id=\"mp3jWrap_0\" class=\"mjp-s-wrapper s-graphic unsel-mjp smaller2 gill-mjp\" style=\"font-size:14px;\"><span id=\"playpause_wrap_mp3j_0\" class=\"wrap_inline_mp3j\" style=\"font-weight:700;\"><span class=\"gfxbutton_mp3j play-mjp\" id=\"playpause_mp3j_0\" style=\"font-size:14px;\">&nbsp;&nbsp;&nbsp;&nbsp;&nbsp;<\/span>&nbsp;<span class=\"group_wrap\"><span class=\"bars_mp3j\"><span class=\"loadB_mp3j\" id=\"load_mp3j_0\"><\/span><span class=\"posbarB_mp3j\" id=\"posbar_mp3j_0\"><\/span><\/span><span class=\"T_mp3j\" id=\"T_mp3j_0\" style=\"font-size:14px;\">Akan kirja: Muusikko Wimme Saaren haastattelu.<\/span><span class=\"indi_mp3j\" style=\"font-size:9.8px;\" id=\"statusMI_0\"><\/span><\/span><span class=\"vol_mp3j flipped\" id=\"vol_mp3j_0\"><\/span><\/span><\/div><span class=\"s-nosolution\" id=\"mp3j_nosolution_0\" style=\"display:none;\"><\/span><script>\nMP3jPLAYLISTS.inline_0 = [\n\t{ name: \"Akan-kirja-Wimme Saari-128kbps\", formats: [\"mp3\"], mp3: \"aHR0cDovL3N0cmVhbS52YWRlbG1hLm9yZzo2MTk3NC9rb3JwcGlyYWRpby9Ba2FuLWtpcmphLVdpbW1lIFNhYXJpLTEyOGticHMubXAz\", counterpart:\"\", artist: \"\", image: \"\", imgurl: \"\" }\n];\n<\/script>\n\n<script>MP3jPLAYERS[0] = { list: MP3jPLAYLISTS.inline_0, tr:0, type:'single', lstate:'', loop:false, play_txt:'&nbsp;&nbsp;&nbsp;&nbsp;&nbsp;', pause_txt:'&nbsp;&nbsp;&nbsp;&nbsp;&nbsp;', pp_title:'', autoplay:false, download:false, vol:76, height:'' };<\/script>\n<div id=\"mp3jWrap_1\" class=\"mjp-s-wrapper s-graphic unsel-mjp smaller2 gill-mjp\" style=\"font-size:14px;\"><span id=\"playpause_wrap_mp3j_1\" class=\"wrap_inline_mp3j\" style=\"font-weight:700;\"><span class=\"gfxbutton_mp3j play-mjp\" id=\"playpause_mp3j_1\" style=\"font-size:14px;\">&nbsp;&nbsp;&nbsp;&nbsp;&nbsp;<\/span>&nbsp;<span class=\"group_wrap\"><span class=\"bars_mp3j\"><span class=\"loadB_mp3j\" id=\"load_mp3j_1\"><\/span><span class=\"posbarB_mp3j\" id=\"posbar_mp3j_1\"><\/span><\/span><span class=\"T_mp3j\" id=\"T_mp3j_1\" style=\"font-size:14px;\">Akan kirja: Lintuharrastaja Kimmo Martikaisen haastattelu.<\/span><span class=\"indi_mp3j\" style=\"font-size:9.8px;\" id=\"statusMI_1\"><\/span><\/span><span class=\"vol_mp3j flipped\" id=\"vol_mp3j_1\"><\/span><\/span><\/div><span class=\"s-nosolution\" id=\"mp3j_nosolution_1\" style=\"display:none;\"><\/span><script>\nMP3jPLAYLISTS.inline_1 = [\n\t{ name: \"Akan-kirja-Kimmo-Martiskainen260118-128kbps\", formats: [\"mp3\"], mp3: \"aHR0cDovL3N0cmVhbS52YWRlbG1hLm9yZzo2MTk3NC9rb3JwcGlyYWRpby9Ba2FuLWtpcmphLUtpbW1vLU1hcnRpc2thaW5lbjI2MDExOC0xMjhrYnBzLm1wMw==\", counterpart:\"\", artist: \"\", image: \"\", imgurl: \"\" }\n];\n<\/script>\n\n<script>MP3jPLAYERS[1] = { list: MP3jPLAYLISTS.inline_1, tr:0, type:'single', lstate:'', loop:false, play_txt:'&nbsp;&nbsp;&nbsp;&nbsp;&nbsp;', pause_txt:'&nbsp;&nbsp;&nbsp;&nbsp;&nbsp;', pp_title:'', autoplay:false, download:false, vol:76, height:'' };<\/script>\n<div id=\"mp3jWrap_2\" class=\"mjp-s-wrapper s-graphic unsel-mjp smaller2 gill-mjp\" style=\"font-size:14px;\"><span id=\"playpause_wrap_mp3j_2\" class=\"wrap_inline_mp3j\" style=\"font-weight:700;\"><span class=\"gfxbutton_mp3j play-mjp\" id=\"playpause_mp3j_2\" style=\"font-size:14px;\">&nbsp;&nbsp;&nbsp;&nbsp;&nbsp;<\/span>&nbsp;<span class=\"group_wrap\"><span class=\"bars_mp3j\"><span class=\"loadB_mp3j\" id=\"load_mp3j_2\"><\/span><span class=\"posbarB_mp3j\" id=\"posbar_mp3j_2\"><\/span><\/span><span class=\"T_mp3j\" id=\"T_mp3j_2\" style=\"font-size:14px;\">Akan kirja: Kuinka syrj\u00e4yty\u00e4 rauhassa, osa 1.<\/span><span class=\"indi_mp3j\" style=\"font-size:9.8px;\" id=\"statusMI_2\"><\/span><\/span><span class=\"vol_mp3j flipped\" id=\"vol_mp3j_2\"><\/span><\/span><\/div><span class=\"s-nosolution\" id=\"mp3j_nosolution_2\" style=\"display:none;\"><\/span><script>\nMP3jPLAYLISTS.inline_2 = [\n\t{ name: \"Akan-kirja-Kuinka-syrjaytya-rauhassa-osa1-128kbps\", formats: [\"mp3\"], mp3: \"aHR0cDovL3N0cmVhbS52YWRlbG1hLm9yZzo2MTk3NC9rb3JwcGlyYWRpby9Ba2FuLWtpcmphLUt1aW5rYS1zeXJqYXl0eWEtcmF1aGFzc2Etb3NhMS0xMjhrYnBzLm1wMw==\", counterpart:\"\", artist: \"\", image: \"\", imgurl: \"\" }\n];\n<\/script>\n\n<script>MP3jPLAYERS[2] = { list: MP3jPLAYLISTS.inline_2, tr:0, type:'single', lstate:'', loop:false, play_txt:'&nbsp;&nbsp;&nbsp;&nbsp;&nbsp;', pause_txt:'&nbsp;&nbsp;&nbsp;&nbsp;&nbsp;', pp_title:'', autoplay:false, download:false, vol:76, height:'' };<\/script>\n<div id=\"mp3jWrap_3\" class=\"mjp-s-wrapper s-graphic unsel-mjp smaller2 gill-mjp\" style=\"font-size:14px;\"><span id=\"playpause_wrap_mp3j_3\" class=\"wrap_inline_mp3j\" style=\"font-weight:700;\"><span class=\"gfxbutton_mp3j play-mjp\" id=\"playpause_mp3j_3\" style=\"font-size:14px;\">&nbsp;&nbsp;&nbsp;&nbsp;&nbsp;<\/span>&nbsp;<span class=\"group_wrap\"><span class=\"bars_mp3j\"><span class=\"loadB_mp3j\" id=\"load_mp3j_3\"><\/span><span class=\"posbarB_mp3j\" id=\"posbar_mp3j_3\"><\/span><\/span><span class=\"T_mp3j\" id=\"T_mp3j_3\" style=\"font-size:14px;\">Akan kirja: Kuinka syrj\u00e4yty\u00e4 rauhassa, osa 2.<\/span><span class=\"indi_mp3j\" style=\"font-size:9.8px;\" id=\"statusMI_3\"><\/span><\/span><span class=\"vol_mp3j flipped\" id=\"vol_mp3j_3\"><\/span><\/span><\/div><span class=\"s-nosolution\" id=\"mp3j_nosolution_3\" style=\"display:none;\"><\/span><script>\nMP3jPLAYLISTS.inline_3 = [\n\t{ name: \"Akan-kirja-Kuinka-syrjaytya-rauhassa-osa2-128kbps\", formats: [\"mp3\"], mp3: \"aHR0cDovL3N0cmVhbS52YWRlbG1hLm9yZzo2MTk3NC9rb3JwcGlyYWRpby9Ba2FuLWtpcmphLUt1aW5rYS1zeXJqYXl0eWEtcmF1aGFzc2Etb3NhMi0xMjhrYnBzLm1wMw==\", counterpart:\"\", artist: \"\", image: \"\", imgurl: \"\" }\n];\n<\/script>\n\n<script>MP3jPLAYERS[3] = { list: MP3jPLAYLISTS.inline_3, tr:0, type:'single', lstate:'', loop:false, play_txt:'&nbsp;&nbsp;&nbsp;&nbsp;&nbsp;', pause_txt:'&nbsp;&nbsp;&nbsp;&nbsp;&nbsp;', pp_title:'', autoplay:false, download:false, vol:76, height:'' };<\/script>\n<div id=\"mp3jWrap_4\" class=\"mjp-s-wrapper s-graphic unsel-mjp smaller2 gill-mjp\" style=\"font-size:14px;\"><span id=\"playpause_wrap_mp3j_4\" class=\"wrap_inline_mp3j\" style=\"font-weight:700;\"><span class=\"gfxbutton_mp3j play-mjp\" id=\"playpause_mp3j_4\" style=\"font-size:14px;\">&nbsp;&nbsp;&nbsp;&nbsp;&nbsp;<\/span>&nbsp;<span class=\"group_wrap\"><span class=\"bars_mp3j\"><span class=\"loadB_mp3j\" id=\"load_mp3j_4\"><\/span><span class=\"posbarB_mp3j\" id=\"posbar_mp3j_4\"><\/span><\/span><span class=\"T_mp3j\" id=\"T_mp3j_4\" style=\"font-size:14px;\">Akan kirja: Joulut ja roolit, vieraana Timoi.<\/span><span class=\"indi_mp3j\" style=\"font-size:9.8px;\" id=\"statusMI_4\"><\/span><\/span><span class=\"vol_mp3j flipped\" id=\"vol_mp3j_4\"><\/span><\/span><\/div><span class=\"s-nosolution\" id=\"mp3j_nosolution_4\" style=\"display:none;\"><\/span><script>\nMP3jPLAYLISTS.inline_4 = [\n\t{ name: \"Akan-kirja-Joulut-ja-roolit-Vieraana-Timoi-128kbps\", formats: [\"mp3\"], mp3: \"aHR0cDovL3N0cmVhbS52YWRlbG1hLm9yZzo2MTk3NC9rb3JwcGlyYWRpby9Ba2FuLWtpcmphLUpvdWx1dC1qYS1yb29saXQtVmllcmFhbmEtVGltb2ktMTI4a2Jwcy5tcDM=\", counterpart:\"\", artist: \"\", image: \"\", imgurl: \"\" }\n];\n<\/script>\n\n<script>MP3jPLAYERS[4] = { list: MP3jPLAYLISTS.inline_4, tr:0, type:'single', lstate:'', loop:false, play_txt:'&nbsp;&nbsp;&nbsp;&nbsp;&nbsp;', pause_txt:'&nbsp;&nbsp;&nbsp;&nbsp;&nbsp;', pp_title:'', autoplay:false, download:false, vol:76, height:'' };<\/script>\n<div id=\"mp3jWrap_5\" class=\"mjp-s-wrapper s-graphic unsel-mjp smaller2 gill-mjp\" style=\"font-size:14px;\"><span id=\"playpause_wrap_mp3j_5\" class=\"wrap_inline_mp3j\" style=\"font-weight:700;\"><span class=\"gfxbutton_mp3j play-mjp\" id=\"playpause_mp3j_5\" style=\"font-size:14px;\">&nbsp;&nbsp;&nbsp;&nbsp;&nbsp;<\/span>&nbsp;<span class=\"group_wrap\"><span class=\"bars_mp3j\"><span class=\"loadB_mp3j\" id=\"load_mp3j_5\"><\/span><span class=\"posbarB_mp3j\" id=\"posbar_mp3j_5\"><\/span><\/span><span class=\"T_mp3j\" id=\"T_mp3j_5\" style=\"font-size:14px;\">Akan kirja: Itsens\u00e4 kohtaaminen on riski\u00e4.<\/span><span class=\"indi_mp3j\" style=\"font-size:9.8px;\" id=\"statusMI_5\"><\/span><\/span><span class=\"vol_mp3j flipped\" id=\"vol_mp3j_5\"><\/span><\/span><\/div><span class=\"s-nosolution\" id=\"mp3j_nosolution_5\" style=\"display:none;\"><\/span><script>\nMP3jPLAYLISTS.inline_5 = [\n\t{ name: \"Akan-kirja-Itsensa-kohtaaminen-on-riskia-128kbps\", formats: [\"mp3\"], mp3: \"aHR0cDovL3N0cmVhbS52YWRlbG1hLm9yZzo2MTk3NC9rb3JwcGlyYWRpby9Ba2FuLWtpcmphLUl0c2Vuc2Eta29odGFhbWluZW4tb24tcmlza2lhLTEyOGticHMubXAz\", counterpart:\"\", artist: \"\", image: \"\", imgurl: \"\" }\n];\n<\/script>\n\n<script>MP3jPLAYERS[5] = { list: MP3jPLAYLISTS.inline_5, tr:0, type:'single', lstate:'', loop:false, play_txt:'&nbsp;&nbsp;&nbsp;&nbsp;&nbsp;', pause_txt:'&nbsp;&nbsp;&nbsp;&nbsp;&nbsp;', pp_title:'', autoplay:false, download:false, vol:76, height:'' };<\/script>\n<div id=\"mp3jWrap_6\" class=\"mjp-s-wrapper s-graphic unsel-mjp smaller2 gill-mjp\" style=\"font-size:14px;\"><span id=\"playpause_wrap_mp3j_6\" class=\"wrap_inline_mp3j\" style=\"font-weight:700;\"><span class=\"gfxbutton_mp3j play-mjp\" id=\"playpause_mp3j_6\" style=\"font-size:14px;\">&nbsp;&nbsp;&nbsp;&nbsp;&nbsp;<\/span>&nbsp;<span class=\"group_wrap\"><span class=\"bars_mp3j\"><span class=\"loadB_mp3j\" id=\"load_mp3j_6\"><\/span><span class=\"posbarB_mp3j\" id=\"posbar_mp3j_6\"><\/span><\/span><span class=\"T_mp3j\" id=\"T_mp3j_6\" style=\"font-size:14px;\">Akan kirja: Seita ja ruumiillisuus.<\/span><span class=\"indi_mp3j\" style=\"font-size:9.8px;\" id=\"statusMI_6\"><\/span><\/span><span class=\"vol_mp3j flipped\" id=\"vol_mp3j_6\"><\/span><\/span><\/div><span class=\"s-nosolution\" id=\"mp3j_nosolution_6\" style=\"display:none;\"><\/span><script>\nMP3jPLAYLISTS.inline_6 = [\n\t{ name: \"Akan-kirja-Seita-ja-ruumiillisuus\", formats: [\"mp3\"], mp3: \"aHR0cDovL3N0cmVhbS52YWRlbG1hLm9yZzo2MTk3NC9rb3JwcGlyYWRpby9Ba2FuLWtpcmphLVNlaXRhLWphLXJ1dW1paWxsaXN1dXMubXAz\", counterpart:\"\", artist: \"\", image: \"\", imgurl: \"\" }\n];\n<\/script>\n\n<script>MP3jPLAYERS[6] = { list: MP3jPLAYLISTS.inline_6, tr:0, type:'single', lstate:'', loop:false, play_txt:'&nbsp;&nbsp;&nbsp;&nbsp;&nbsp;', pause_txt:'&nbsp;&nbsp;&nbsp;&nbsp;&nbsp;', pp_title:'', autoplay:false, download:false, vol:76, height:'' };<\/script>\n<p>&nbsp;<\/p>\n","protected":false},"excerpt":{"rendered":"<p>Akan kirja &#8211; mytologian \u00e4\u00e4ni. Puhetta el\u00e4v\u00e4st\u00e4 el\u00e4m\u00e4st\u00e4. Vierailijoita sek\u00e4 monologia maapalloistuneesta yhteiskunnasta yksil\u00f6n tasolla. Tekij\u00e4n\u00e4 Akka ja vaihtuvat vieraat. Yhteystiedot: korppi (at) vadelma.org\/korppiradio &nbsp; Ohjelman nauhoituksia: &nbsp; &nbsp;<\/p>\n","protected":false},"author":1,"featured_media":0,"parent":0,"menu_order":0,"comment_status":"closed","ping_status":"closed","template":"","meta":{"footnotes":""},"class_list":["post-3366","page","type-page","status-publish","hentry"],"_links":{"self":[{"href":"https:\/\/www.vadelma.org\/korppiradio\/wp-json\/wp\/v2\/pages\/3366","targetHints":{"allow":["GET"]}}],"collection":[{"href":"https:\/\/www.vadelma.org\/korppiradio\/wp-json\/wp\/v2\/pages"}],"about":[{"href":"https:\/\/www.vadelma.org\/korppiradio\/wp-json\/wp\/v2\/types\/page"}],"author":[{"embeddable":true,"href":"https:\/\/www.vadelma.org\/korppiradio\/wp-json\/wp\/v2\/users\/1"}],"replies":[{"embeddable":true,"href":"https:\/\/www.vadelma.org\/korppiradio\/wp-json\/wp\/v2\/comments?post=3366"}],"version-history":[{"count":0,"href":"https:\/\/www.vadelma.org\/korppiradio\/wp-json\/wp\/v2\/pages\/3366\/revisions"}],"wp:attachment":[{"href":"https:\/\/www.vadelma.org\/korppiradio\/wp-json\/wp\/v2\/media?parent=3366"}],"curies":[{"name":"wp","href":"https:\/\/api.w.org\/{rel}","templated":true}]}}