{"id":3484,"date":"2018-02-03T17:54:14","date_gmt":"2018-02-03T15:54:14","guid":{"rendered":"http:\/\/vadelma.org\/korppiradio\/?page_id=3484"},"modified":"2020-03-22T15:19:48","modified_gmt":"2020-03-22T13:19:48","slug":"korppiradio-live-keikkanauhoitteet","status":"publish","type":"page","link":"https:\/\/www.vadelma.org\/korppiradio\/korppiradio-live-keikkanauhoitteet\/","title":{"rendered":"Korppiradio LIVE &#8211; keikkanauhoitteet"},"content":{"rendered":"\n<p><strong>T\u00e4ll\u00e4 sivulla Korppiradion l\u00e4hett\u00e4mi\u00e4, nauhoittamia tai j\u00e4rjest\u00e4mi\u00e4 el\u00e4v\u00e4n musiikin esityksi\u00e4 nauhoitteina. Yhteystiedot: korppi (at) vadelma.org\/korppiradio<br><\/strong><\/p>\n\n\n\n<p><em><strong>\/\/ On this page LIVE music shows broadcasted in or organised by Korppiradio. Contact: korppi (at) vadelma.org\/korppiradio<\/strong><\/em><\/p>\n\n\n\n<h4 class=\"wp-block-heading\"><strong>Korppistudio live jazz : Luokkanen, Keski-Saari, Castrillon<\/strong><\/h4>\n\n\n\n<figure class=\"wp-block-audio\"><audio controls src=\"http:\/\/stream.vadelma.org:61974\/korppiradio\/jazz-klubi-bunkkerilla-1.mp3\"><\/audio><figcaption>Korppiradio Live @ Vadelma<br> Akustista improvisoitua musiikkia. Matti Luokkanen, saksofoni, bassoklarinetti, Anu Reetta Keski-Saari, sello &amp; Sergio Castrillon, sello<\/figcaption><\/figure>\n\n\n\n<h4 class=\"wp-block-heading\">Historiallisella keikalla Klava<\/h4>\n\n\n\n<figure class=\"wp-block-audio\"><audio controls src=\"http:\/\/stream.vadelma.org:61974\/korppiradio\/Betoniviidakko_Klava.mp3\"><\/audio><figcaption>Klava esiintyi 2009 Hein\u00e4vedell\u00e4 Kerman talossa j\u00e4rjestetyiss\u00e4 Himin\u00f6iss\u00e4<\/figcaption><\/figure>\n\n\n\n<h4 class=\"wp-block-heading\"><strong>Yrj\u00e4n\u00e4 Sauros: Syd\u00e4men Lauluja. Vieraana Luumu Kaikkonen &#8211; saurofoni.<\/strong><\/h4>\n\n\n\n<figure class=\"wp-block-audio\"><audio controls src=\"http:\/\/stream.vadelma.org:61974\/korppiradio\/kammari_yrjana4.mp3\"><\/audio><figcaption><code>LIVE: Yrj\u00e4n\u00e4 Sauros &amp; Luumu Kaikkonen at Kammari<\/code><\/figcaption><\/figure>\n\n\n\n<h4 class=\"wp-block-heading\">Pystykorvaklubi 1 @ Kammari<\/h4>\n\n\n\n<figure class=\"wp-block-audio\"><audio controls src=\"http:\/\/stream.vadelma.org:61974\/korppiradio\/pystykorva1_alku.mp3\"><\/audio><figcaption><strong>Pystykorvaklubi 1. Alkupuhe ja Saarikosken runoja &#8211; 3 min &#8211; 22.11.2014.<\/strong><\/figcaption><\/figure>\n\n\n\n<figure class=\"wp-block-audio\"><audio controls src=\"http:\/\/stream.vadelma.org:61974\/korppiradio\/pystykorva1_markiisiahonen.mp3\"><\/audio><figcaption><strong>Pystykorvaklubi 1, keikka 1: Markiisi Ahonen &#8211; 36 min &#8211; 22.11.2014.<\/strong><\/figcaption><\/figure>\n\n\n\n<figure class=\"wp-block-audio\"><audio controls src=\"http:\/\/stream.vadelma.org:61974\/korppiradio\/pystykorva1_julmahyrra.mp3\"><\/audio><figcaption><strong>Pystykorvaklubi 1, keikka 2: trubaduuri Julma Hyrr\u00e4 &#8211; 1h 12min &#8211; 22.11.2014.<\/strong><\/figcaption><\/figure>\n\n\n\n<h4 class=\"wp-block-heading\"><strong>J\u00f6rgenss\u00f6ns H\u00e4mmens Korppistudiossa<\/strong><\/h4>\n\n\n\n<figure class=\"wp-block-audio\"><audio controls src=\"http:\/\/stream.vadelma.org:61974\/korppiradio\/Betoniviidakko_JHammens.mp3\"><\/audio><figcaption>Syv\u00e4lt\u00e4 undergroundista arvaamatta pilkahteleva urkuviihdeorkesteri J\u00f6rgenss\u00f6ns H\u00e4mmens ilmestyi Korppiradion kellaristudioon lyhyelle keikalle yksi aurinkoinen pakkasaamup\u00e4iv\u00e4. Sanaakaan ei sanottu, musiikki puhui puolestaan.<\/figcaption><\/figure>\n","protected":false},"excerpt":{"rendered":"<p>T\u00e4ll\u00e4 sivulla Korppiradion l\u00e4hett\u00e4mi\u00e4, nauhoittamia tai j\u00e4rjest\u00e4mi\u00e4 el\u00e4v\u00e4n musiikin esityksi\u00e4 nauhoitteina. Yhteystiedot: korppi (at) vadelma.org\/korppiradio \/\/ On this page LIVE music shows broadcasted in or organised by Korppiradio. Contact: korppi (at) vadelma.org\/korppiradio Korppistudio live jazz : Luokkanen, Keski-Saari, Castrillon Historiallisella keikalla Klava Yrj\u00e4n\u00e4 Sauros: Syd\u00e4men Lauluja. Vieraana Luumu Kaikkonen &#8211; saurofoni. Pystykorvaklubi 1 @ Kammari&hellip;<\/p>\n","protected":false},"author":1,"featured_media":0,"parent":0,"menu_order":0,"comment_status":"closed","ping_status":"closed","template":"","meta":{"footnotes":""},"class_list":["post-3484","page","type-page","status-publish","hentry"],"_links":{"self":[{"href":"https:\/\/www.vadelma.org\/korppiradio\/wp-json\/wp\/v2\/pages\/3484","targetHints":{"allow":["GET"]}}],"collection":[{"href":"https:\/\/www.vadelma.org\/korppiradio\/wp-json\/wp\/v2\/pages"}],"about":[{"href":"https:\/\/www.vadelma.org\/korppiradio\/wp-json\/wp\/v2\/types\/page"}],"author":[{"embeddable":true,"href":"https:\/\/www.vadelma.org\/korppiradio\/wp-json\/wp\/v2\/users\/1"}],"replies":[{"embeddable":true,"href":"https:\/\/www.vadelma.org\/korppiradio\/wp-json\/wp\/v2\/comments?post=3484"}],"version-history":[{"count":0,"href":"https:\/\/www.vadelma.org\/korppiradio\/wp-json\/wp\/v2\/pages\/3484\/revisions"}],"wp:attachment":[{"href":"https:\/\/www.vadelma.org\/korppiradio\/wp-json\/wp\/v2\/media?parent=3484"}],"curies":[{"name":"wp","href":"https:\/\/api.w.org\/{rel}","templated":true}]}}