{"id":3539,"date":"2018-02-13T19:24:35","date_gmt":"2018-02-13T17:24:35","guid":{"rendered":"http:\/\/vadelma.org\/korppiradio\/?page_id=3539"},"modified":"2019-03-04T11:26:38","modified_gmt":"2019-03-04T09:26:38","slug":"miten-osallistua","status":"publish","type":"page","link":"https:\/\/www.vadelma.org\/korppiradio\/miten-osallistua\/","title":{"rendered":"Miten osallistua?"},"content":{"rendered":"<p>Korppiradio on avoin kaikille radion teosta kiinnostuneille. Mukaan voi tulla tekem\u00e4\u00e4n, olemaan, kokemaan, katsomaan, keskustelemaan tai toteuttamaan ohjelmaideoita. Mukaan p\u00e4\u00e4see l\u00e4hett\u00e4m\u00e4ll\u00e4 ohjelma idean ja lyhyen ohjelman\u00e4ytteen. Ota yhteytt\u00e4:<\/p>\n<p>korppi(at)vadelma.org\/korppiradio<\/p>\n<p>Korppiradiossa voi tehd\u00e4 ohjelmasarjaa tai yksitt\u00e4isi\u00e4 ohjelmia. Jos kalenterissa on tilaa, ei ohjelmalle ole maksimikestoa. Tarpeen tullen voi tehd\u00e4 vaikka koko y\u00f6n live-shown. Korppiradiossa pidet\u00e4\u00e4n teosto-musiikin sijaan vapaasti julkaistusta musiikista (mm. Free Music Archive, freesound.org, archive.org jne.).<\/p>\n<p>Teknisesti tarvitset hyvin v\u00e4h\u00e4n. Ohjelman voi tehd\u00e4, jos on tietokone, kuulokkeet, editointiohjelma (esim. ilmainen Audacity ) ja nauhuri. K\u00e4yt\u00e4mme Linux j\u00e4rjestelmi\u00e4, jotka ovat ilmaisia. Radiolta voi saada lainaan nauhurin, jos ei ole omaa. Live-l\u00e4hetyksi\u00e4 varten radiolla on tarvittavat mikseri, mikit jne. sek\u00e4 oma kellaristudiotila Vallilassa. Tekeminen perustuu vertaisoppimiseen, eli osaavat tekij\u00e4t jakavat osaamistaan uusille tekij\u00f6ille. J\u00e4rjest\u00e4mme my\u00f6s vertaisoppimiseen perustuvia ty\u00f6pajoja omaehtoisesta ja kokeellisesta radiotoiminnasta, tutkivasta journalismista, \u00e4\u00e4nitekniikasta jne. Toiveenamme on, ett\u00e4 omaehtoisia ruohonjuuryhteis\u00f6j\u00e4 ja ep\u00e4kaupallisesta radiosta kiinnostuneita ihmisi\u00e4 tulisi tekem\u00e4\u00e4n ohjelmia Korppiradioon ja k\u00e4ytt\u00e4m\u00e4\u00e4n sit\u00e4 itsen\u00e4isen\u00e4 viestint\u00e4v\u00e4lineen\u00e4.<\/p>\n<p>Sis\u00e4ll\u00f6n ja muodon luomiseen saat opastusta tarvittaessa k\u00e4dest\u00e4 pit\u00e4en. Ohjelmia voi tehd\u00e4 itsekseen, mutta yhteis\u00f6llinen tekeminen on ollut monella parasta antia. Ennakkoluulottomuus ja avoimuus on ollut keskeist\u00e4 yhdess\u00e4 tehdyiss\u00e4 projekteissa.<\/p>\n","protected":false},"excerpt":{"rendered":"<p>Korppiradio on avoin kaikille radion teosta kiinnostuneille. Mukaan voi tulla tekem\u00e4\u00e4n, olemaan, kokemaan, katsomaan, keskustelemaan tai toteuttamaan ohjelmaideoita. Mukaan p\u00e4\u00e4see l\u00e4hett\u00e4m\u00e4ll\u00e4 ohjelma idean ja lyhyen ohjelman\u00e4ytteen. Ota yhteytt\u00e4: korppi(at)vadelma.org\/korppiradio Korppiradiossa voi tehd\u00e4 ohjelmasarjaa tai yksitt\u00e4isi\u00e4 ohjelmia. Jos kalenterissa on tilaa, ei ohjelmalle ole maksimikestoa. Tarpeen tullen voi tehd\u00e4 vaikka koko y\u00f6n live-shown. Korppiradiossa pidet\u00e4\u00e4n teosto-musiikin&hellip;<\/p>\n","protected":false},"author":1,"featured_media":0,"parent":0,"menu_order":0,"comment_status":"closed","ping_status":"closed","template":"","meta":{"footnotes":""},"class_list":["post-3539","page","type-page","status-publish","hentry"],"_links":{"self":[{"href":"https:\/\/www.vadelma.org\/korppiradio\/wp-json\/wp\/v2\/pages\/3539","targetHints":{"allow":["GET"]}}],"collection":[{"href":"https:\/\/www.vadelma.org\/korppiradio\/wp-json\/wp\/v2\/pages"}],"about":[{"href":"https:\/\/www.vadelma.org\/korppiradio\/wp-json\/wp\/v2\/types\/page"}],"author":[{"embeddable":true,"href":"https:\/\/www.vadelma.org\/korppiradio\/wp-json\/wp\/v2\/users\/1"}],"replies":[{"embeddable":true,"href":"https:\/\/www.vadelma.org\/korppiradio\/wp-json\/wp\/v2\/comments?post=3539"}],"version-history":[{"count":0,"href":"https:\/\/www.vadelma.org\/korppiradio\/wp-json\/wp\/v2\/pages\/3539\/revisions"}],"wp:attachment":[{"href":"https:\/\/www.vadelma.org\/korppiradio\/wp-json\/wp\/v2\/media?parent=3539"}],"curies":[{"name":"wp","href":"https:\/\/api.w.org\/{rel}","templated":true}]}}