{"id":3623,"date":"2018-02-22T01:59:44","date_gmt":"2018-02-21T23:59:44","guid":{"rendered":"http:\/\/vadelma.org\/korppiradio\/?page_id=3623"},"modified":"2019-03-04T11:39:30","modified_gmt":"2019-03-04T09:39:30","slug":"kuolemattomien-kirjoissa","status":"publish","type":"page","link":"https:\/\/www.vadelma.org\/korppiradio\/kuolemattomien-kirjoissa\/","title":{"rendered":"Kuolemattomien kirjoissa"},"content":{"rendered":"<p><strong>Kuolemattomien kirjoissa<\/strong> on improvisaatio-ohjema jossa luetaan tekstej\u00e4 sek\u00e4 soitetaan itse musiikkia, vaikka ei osata. Tekstit ovat keksittyj\u00e4 tai l\u00f6ydettyj\u00e4, el\u00e4vien tai kuolemattomien &#8211; maailmoja jotka avautuvat kun kirjan kannet avaa. Tekstit joko asuvat tekij\u00f6iss\u00e4 tai ovat tekij\u00f6iden valitsemia, koska ne mielest\u00e4mme luovat oleellisia merkityksi\u00e4, sis\u00e4lt\u00e4v\u00e4t jotain oleellista runollista kritiikki\u00e4 nykyist\u00e4 yhteist\u00e4 kohtaan, avaavat mahdollisuuksia samaistua tai iskev\u00e4t suoraan teenn\u00e4ispoliittisiin tekohampaisiin. Tekstej\u00e4 s\u00e4estet\u00e4\u00e4n tarpeen mukaan musiikillisin keinoin.<\/p>\n<p>Tekij\u00e4 Sakari Laurila. Yhteystiedot: sakari (at) kammari.org<\/p>\n","protected":false},"excerpt":{"rendered":"<p>Kuolemattomien kirjoissa on improvisaatio-ohjema jossa luetaan tekstej\u00e4 sek\u00e4 soitetaan itse musiikkia, vaikka ei osata. Tekstit ovat keksittyj\u00e4 tai l\u00f6ydettyj\u00e4, el\u00e4vien tai kuolemattomien &#8211; maailmoja jotka avautuvat kun kirjan kannet avaa. Tekstit joko asuvat tekij\u00f6iss\u00e4 tai ovat tekij\u00f6iden valitsemia, koska ne mielest\u00e4mme luovat oleellisia merkityksi\u00e4, sis\u00e4lt\u00e4v\u00e4t jotain oleellista runollista kritiikki\u00e4 nykyist\u00e4 yhteist\u00e4 kohtaan, avaavat mahdollisuuksia samaistua&hellip;<\/p>\n","protected":false},"author":1,"featured_media":0,"parent":0,"menu_order":0,"comment_status":"closed","ping_status":"closed","template":"","meta":{"footnotes":""},"class_list":["post-3623","page","type-page","status-publish","hentry"],"_links":{"self":[{"href":"https:\/\/www.vadelma.org\/korppiradio\/wp-json\/wp\/v2\/pages\/3623","targetHints":{"allow":["GET"]}}],"collection":[{"href":"https:\/\/www.vadelma.org\/korppiradio\/wp-json\/wp\/v2\/pages"}],"about":[{"href":"https:\/\/www.vadelma.org\/korppiradio\/wp-json\/wp\/v2\/types\/page"}],"author":[{"embeddable":true,"href":"https:\/\/www.vadelma.org\/korppiradio\/wp-json\/wp\/v2\/users\/1"}],"replies":[{"embeddable":true,"href":"https:\/\/www.vadelma.org\/korppiradio\/wp-json\/wp\/v2\/comments?post=3623"}],"version-history":[{"count":0,"href":"https:\/\/www.vadelma.org\/korppiradio\/wp-json\/wp\/v2\/pages\/3623\/revisions"}],"wp:attachment":[{"href":"https:\/\/www.vadelma.org\/korppiradio\/wp-json\/wp\/v2\/media?parent=3623"}],"curies":[{"name":"wp","href":"https:\/\/api.w.org\/{rel}","templated":true}]}}