{"id":365,"date":"2013-11-10T19:34:50","date_gmt":"2013-11-10T17:34:50","guid":{"rendered":"http:\/\/vadelma.org\/korppiradio\/?page_id=365"},"modified":"2019-03-04T11:09:45","modified_gmt":"2019-03-04T09:09:45","slug":"yhteistyotahot","status":"publish","type":"page","link":"https:\/\/www.vadelma.org\/korppiradio\/yhteistyotahot\/","title":{"rendered":"Yhteisty\u00f6tahot"},"content":{"rendered":"<p>Yhteisty\u00f6tahojamme ovat mm:<\/p>\n<p><a href=\"http:\/\/kammari.org\">Kammari<\/a> on Korppiradion yhteisty\u00f6taho, joka j\u00e4rjest\u00e4\u00e4 monia kokeellisia radiotaide-, musiikki- ja keskusteluohjelmia sek\u00e4 omiin taiteellisiin tutkimusprojekteihinsa liittyv\u00e4\u00e4 kriittist\u00e4 ajattelua ja taiteen tekemist\u00e4 yhdist\u00e4vi\u00e4 l\u00e4hetyksi\u00e4. Kammarin ty\u00f6ryhm\u00e4 py\u00f6ritt\u00e4\u00e4 my\u00f6s Kammari-residenssi\u00e4 Kyproiksen vuorilla, josta l\u00e4hetet\u00e4\u00e4n my\u00f6s ohjelmaa: residency.kammari.org<\/p>\n<p><a href=\"http:\/\/www.frameworkradio.net\/\">FrameWork Radio<\/a> -ohjelma tulee viikoittain Korppiradiosta.<\/p>\n<p><a href=\"https:\/\/pixelache.ac\/projects\/biosignals\" target=\"_blank\" rel=\"noopener noreferrer\">PixelAche BioSignals<\/a> (2018-2019)<\/p>\n<p><a href=\"http:\/\/armaskollektiivi.org\">Armas &#8211; taiteen ja kulttuurin ty\u00f6osuuskunta<\/a><br \/>\n<a href=\"http:\/\/vadelma.org\" target=\"_blank\" rel=\"noopener noreferrer\">Vadelma ry<\/a><br \/>\n<a href=\"http:\/\/festivalnorpas.org\">Festival Norpas<\/a><br \/>\n<a href=\"http:\/\/www.aanenlumo.fi\/\" target=\"_blank\" rel=\"noopener noreferrer\">\u00c4\u00e4nen lumo<\/a><br \/>\n<a href=\"http:\/\/neme.org\"> NeMe art centre &#8211; Limassol<\/a><br \/>\n<a href=\"http:\/\/toisissatiloissa.net\/98-2\/\">Toisissa tiloissa<\/a><br \/>\n<a href=\"http:\/\/www.todellisuus.fi\/\">Todellisuuden tutkimuskeskus<\/a><br \/>\n<a href=\"http:\/\/www.pand.fi\/\" target=\"_blank\" rel=\"noopener noreferrer\">Pand \u2013 Taiteilijat rauhan puolesta<\/a><br \/>\n<a href=\"http:\/\/www.tulva.fi\/\" target=\"_blank\" rel=\"noopener noreferrer\">Tulva<\/a><br \/>\n<a href=\"http:\/\/mustankaninkolo.info\/\" target=\"_blank\" rel=\"noopener noreferrer\">Mustan kanin kolo<\/a><br \/>\n<a href=\"http:\/\/m2hz.tv\" target=\"_blank\" rel=\"noopener noreferrer\">M2HZ<\/a><\/p>\n","protected":false},"excerpt":{"rendered":"<p>Yhteisty\u00f6tahojamme ovat mm: Kammari on Korppiradion yhteisty\u00f6taho, joka j\u00e4rjest\u00e4\u00e4 monia kokeellisia radiotaide-, musiikki- ja keskusteluohjelmia sek\u00e4 omiin taiteellisiin tutkimusprojekteihinsa liittyv\u00e4\u00e4 kriittist\u00e4 ajattelua ja taiteen tekemist\u00e4 yhdist\u00e4vi\u00e4 l\u00e4hetyksi\u00e4. Kammarin ty\u00f6ryhm\u00e4 py\u00f6ritt\u00e4\u00e4 my\u00f6s Kammari-residenssi\u00e4 Kyproiksen vuorilla, josta l\u00e4hetet\u00e4\u00e4n my\u00f6s ohjelmaa: residency.kammari.org FrameWork Radio -ohjelma tulee viikoittain Korppiradiosta. PixelAche BioSignals (2018-2019) Armas &#8211; taiteen ja kulttuurin ty\u00f6osuuskunta Vadelma&hellip;<\/p>\n","protected":false},"author":1,"featured_media":0,"parent":0,"menu_order":0,"comment_status":"closed","ping_status":"closed","template":"","meta":{"footnotes":""},"class_list":["post-365","page","type-page","status-publish","hentry"],"_links":{"self":[{"href":"https:\/\/www.vadelma.org\/korppiradio\/wp-json\/wp\/v2\/pages\/365","targetHints":{"allow":["GET"]}}],"collection":[{"href":"https:\/\/www.vadelma.org\/korppiradio\/wp-json\/wp\/v2\/pages"}],"about":[{"href":"https:\/\/www.vadelma.org\/korppiradio\/wp-json\/wp\/v2\/types\/page"}],"author":[{"embeddable":true,"href":"https:\/\/www.vadelma.org\/korppiradio\/wp-json\/wp\/v2\/users\/1"}],"replies":[{"embeddable":true,"href":"https:\/\/www.vadelma.org\/korppiradio\/wp-json\/wp\/v2\/comments?post=365"}],"version-history":[{"count":0,"href":"https:\/\/www.vadelma.org\/korppiradio\/wp-json\/wp\/v2\/pages\/365\/revisions"}],"wp:attachment":[{"href":"https:\/\/www.vadelma.org\/korppiradio\/wp-json\/wp\/v2\/media?parent=365"}],"curies":[{"name":"wp","href":"https:\/\/api.w.org\/{rel}","templated":true}]}}