{"id":3732,"date":"2018-03-02T02:50:35","date_gmt":"2018-03-02T00:50:35","guid":{"rendered":"http:\/\/vadelma.org\/korppiradio\/?page_id=3732"},"modified":"2019-03-04T11:35:58","modified_gmt":"2019-03-04T09:35:58","slug":"korppiradio-media-info","status":"publish","type":"page","link":"https:\/\/www.vadelma.org\/korppiradio\/en\/","title":{"rendered":"Korppiradio media info"},"content":{"rendered":"<p><span id=\"result_box\" class=\"\" lang=\"en\"><span title=\"KORPPIRADIO on vuonna 2013 perustettu Helsingist\u00e4 k\u00e4sin toimiva, itsen\u00e4inen ja ep\u00e4kaupallinen radio, joka l\u00e4hett\u00e4\u00e4 ohjelmaa vuorokauden ymp\u00e4ri. \"><strong>KORPPIRADIO<\/strong> is a Helsinki-based, independent and non-commercial radio station established in 2013 that broadcasts around the clock.<\/span><\/span><\/p>\n<p><span title=\"SIJAINTI \"><strong>LOCATION<\/strong><br \/>\n<\/span><span title=\"Korppiradion l\u00e4hetysstudio sijaitsee Helsingin Vallilassa Eurantiell\u00e4, mutta l\u00e4hetyksi\u00e4 voidaan tehd\u00e4 mist\u00e4 p\u00e4in maailmaa hyv\u00e4ns\u00e4.\">The Korppiradio broadcasting studio is located in Vallila, Helsinki, but broadcasts can be done over the web from anywhere in the world. <\/span><span title=\"FM-l\u00e4hettimemme kattaa muutaman korttelin studiomme naapurustossa.\">Our FM-transmitter covers a few blocks around the studio. <\/span><span title=\"Haemme v\u00e4liaikaislupia satunnaisesti FM-taajuuksilla l\u00e4hett\u00e4miseen.\">We are applying temporary licenses for transmission on FM-frequencies. <\/span><span title=\"Verkossa ohjelma kuuluu maailmanlaajuisesti. \">The online broadcast is global.<\/span><\/p>\n<p><span title=\"SIS\u00c4LT\u00d6 \"><strong>CONTENTS<\/strong><br \/>\n<\/span><span title=\"Korppiradion ohjelmistoon kuuluu alkuper\u00e4isi\u00e4 ohjelmia ja yhteisty\u00f6tahojen kanssa yhteisty\u00f6ss\u00e4 tehtyj\u00e4 ohjelmia (kuten Radio Corax, Saksa).\">Korppiradio&#8217;s broadcast includes original shows and co-operative shows with our partners (such as Radio Corax, Germany). <\/span><span title=\"Sis\u00e4ll\u00f6t kattavat mm.\">Content includes, for example, <\/span><span title=\"tekij\u00e4noikeuksista vapaata musiikkia, live-nauhoituksia keikoilta, asiaohjelmia, radiotaidetta, poikkitaiteellisia jameja, runoutta, kuunnelmia ja keskusteluja. \">copyright-free music, live recordings from gigs, radio art, investigative journalism, cross-disciplinary jams, poetry, radio plays and debates.<\/span><\/p>\n<p><span title=\"Suorana tehtyjen ohjelmien lis\u00e4ksi ohjelmista suurin osa on my\u00f6hemmin kuultavissa nauhoituksina ohjelmien omilla sivuilla, joista l\u00f6ytyy my\u00f6s kunkin ohjelman tarkemmat tiedot.\">In addition to direct programs, most of the programs are recorded and can be listened to on their own pages, which also contains the details of each program. <\/span><span title=\"Suorista l\u00e4hetyksist\u00e4 ja tulevista uusista ohjelmista tiedotetaan Korppiradion nettisivuilla, Facebookissa ja Twitteriss\u00e4. \">Live broadcasts and upcoming new programs will be announced on Korppiradio&#8217;s website, Facebook and Twitter.<\/span><\/p>\n<p><span title=\"TEKNISET TIEDOT \"><strong>TECHNICAL INFORMATION<\/strong><br \/>\n<\/span><span title=\"Ohjelmavirta jaetaan ilmoille avoimen koodin Airtime-palvelinkoneeltamme ja v\u00e4litet\u00e4\u00e4n kuulijoille edelleen IceCast-palvelimen kautta: \">The stream is based on Icecast server and Airtime sowftware.<\/span><\/p>\n","protected":false},"excerpt":{"rendered":"<p>KORPPIRADIO is a Helsinki-based, independent and non-commercial radio station established in 2013 that broadcasts around the clock. LOCATION The Korppiradio broadcasting studio is located in Vallila, Helsinki, but broadcasts can be done over the web from anywhere in the world. Our FM-transmitter covers a few blocks around the studio. We are applying temporary licenses for&hellip;<\/p>\n","protected":false},"author":1,"featured_media":0,"parent":0,"menu_order":0,"comment_status":"closed","ping_status":"closed","template":"","meta":{"footnotes":""},"class_list":["post-3732","page","type-page","status-publish","hentry"],"_links":{"self":[{"href":"https:\/\/www.vadelma.org\/korppiradio\/wp-json\/wp\/v2\/pages\/3732","targetHints":{"allow":["GET"]}}],"collection":[{"href":"https:\/\/www.vadelma.org\/korppiradio\/wp-json\/wp\/v2\/pages"}],"about":[{"href":"https:\/\/www.vadelma.org\/korppiradio\/wp-json\/wp\/v2\/types\/page"}],"author":[{"embeddable":true,"href":"https:\/\/www.vadelma.org\/korppiradio\/wp-json\/wp\/v2\/users\/1"}],"replies":[{"embeddable":true,"href":"https:\/\/www.vadelma.org\/korppiradio\/wp-json\/wp\/v2\/comments?post=3732"}],"version-history":[{"count":0,"href":"https:\/\/www.vadelma.org\/korppiradio\/wp-json\/wp\/v2\/pages\/3732\/revisions"}],"wp:attachment":[{"href":"https:\/\/www.vadelma.org\/korppiradio\/wp-json\/wp\/v2\/media?parent=3732"}],"curies":[{"name":"wp","href":"https:\/\/api.w.org\/{rel}","templated":true}]}}