{"id":3805,"date":"2018-03-02T04:13:45","date_gmt":"2018-03-02T02:13:45","guid":{"rendered":"http:\/\/vadelma.org\/korppiradio\/?page_id=3805"},"modified":"2020-03-22T14:37:01","modified_gmt":"2020-03-22T12:37:01","slug":"3805-2","status":"publish","type":"page","link":"https:\/\/www.vadelma.org\/korppiradio\/en\/3805-2\/","title":{"rendered":"Principles"},"content":{"rendered":"<p><span id=\"result_box\" class=\"\" lang=\"en\"><span title=\"Sosiaalinen tila \"><strong>Social space<\/strong><br>\n<\/span><\/span><\/p>\n<p>Korppiradio is a communal and non-commercial radio, where individuals are free to make their own content. The Korppiradio makers are also searching and trying out new collective ways of radio production.<\/p>\n<p><span title=\"N\u00e4kemysten eroavaisuuksissa piilee uutta luovan sosiaalisuuden ydin.\">In the differences of views lies the core of a new sort of creative social space. F<\/span><span title=\"Erovaisuuksien peloton esiintuominen mahdollistaa vapaan kritiikin, sek\u00e4 erilaisten kokemusten ja n\u00e4kemysten sis\u00e4ist\u00e4misen.\">earless expression of differences enables free criticism and assimilation to different experiences and views. <\/span><span title=\"Eroavaisuuksistamme huolimatta voimme tehd\u00e4 yhteisty\u00f6t\u00e4, jossa mielipiteet, uskomukset ja inhimillisen kokemuksen koko skaala voi olla rauhanomaisessa konfliktissa. \">Despite our differences we can collaborate in dialogue where opinions, beliefs and the full scale of human experience can be in a peaceful conflict.<\/span><\/p>\n<p><span title=\"Korppiradio on avoin kaikille, jotka ovat avoimia itsekritiikille sek\u00e4 allekirjoittavat vapaaehtoisvoimin ja ep\u00e4k\u00e4aupallisesti toimivan radion periaatteet. \">Korppiradio is open to everyone who are open to self-criticism and agree with the principles of our voluntary and non-commercial radio.<\/span><\/p>\n<p><span title=\"Raha \"><strong>Monetary<\/strong><br>\n<\/span><span title=\"Korppiradio on tarkoituksellisesti persaukinen.\">Korppiradio is deliberately broke. <\/span><span title=\"Se ei tavoittele muuttumista vaihtoarvoksi eik\u00e4 rahallista voittoa.\">It does not seek to become exchange value or make profit. <\/span><span title=\"Korppiradio ei ole kenenk\u00e4\u00e4n omistuksessa, eik\u00e4 sit\u00e4 voi yksityist\u00e4\u00e4.\"><span title=\"Korppiradio ei ole tuotteistettavissa. \">Korppiradio<\/span> is not owned by anyone and can not be privatised.&nbsp;<\/span><span title=\"Korppiradio ei myy mainoksia.\"><span title=\"Korppiradio ei ole tuotteistettavissa. \">Korppiradio<\/span> does not sell ads. <\/span><span title=\"Korppiradio ei ole tuotteistettavissa. \">Korppiradio is beyond commodification.<\/span><\/p>\n<p><span title=\"Toiminnan juoksevat kulut (studion vuokra, laitteet, tekij\u00f6iden kulut) rahoitetaan yhteis\u00f6rahoituksella ja tukikeikoilla, sek\u00e4 vastaavilla vaihtoehtoisilla tuen keinoilla. \">The running costs (rent, equipment, costs of the studio) are funded by crowd funding, support concerts and other such alternative means of support.<\/span><\/p>\n<p><span title=\"Valta \"><strong>Power<\/strong><br>\n<\/span><span title=\"Vallan rippeet kuuluvat horisontaalisesti p\u00e4\u00e4t\u00f6kset tekev\u00e4lle tekij\u00e4kollektiiville.\">The ripples of power belong to the horizontal collective of makers. <\/span><span title=\"P\u00e4\u00e4t\u00f6kset tehd\u00e4\u00e4n kokouksissa ja yhteisymm\u00e4rryst\u00e4 tavoitellaan.\">Decisions are taken at meetings and a consensus is sought. <\/span><span title=\"Tapamme kumota valtaa on sen jatkuva esiintuominen ja tiedostaminen. \">Our way of trying to dismantle power is making it apparent and become conscious of it.<\/span><\/p>\n<p><strong>Content<\/strong><span title=\"Sis\u00e4ll\u00f6ntuontanto \"><br>\n<\/span><span title=\"Korppiradion toimijat tekev\u00e4t ohjelmansa autonomisesti ilman kenenk\u00e4\u00e4n sensuuria, v\u00e4liintuloa tai painostusta.\">Makers of the shows make their content autonomously without censorship, intervention or pressure by anyone. <\/span><span title=\"Ristiriita ei ole vain sallittua, vaan toivottavaa.\">Conflict is not only permissible but desirable. Korppiradio makers&#8217; collective define the outlines of the radio content as an ongoing process.<\/span><\/p>\n<p><span title=\"Ohjelma voidaan j\u00e4tt\u00e4\u00e4 l\u00e4hett\u00e4m\u00e4tt\u00e4 tai lakkauttaa kollektiivisella p\u00e4\u00e4t\u00f6ksell\u00e4, jos se koetaan esimerkiksi jotain ihmisryhm\u00e4\u00e4 tai yksil\u00f6it\u00e4 loukkaavaksi, rasistiseksi tai muutoin radion tekij\u00f6idenperiaatteiden vastaiseksi.\">Makers are responsible for their own shows. A program may be left unpublished by a collective decision if it is perceived, for example, to be a violent, racist, or otherwise inconsistent with the principles of the radio collective.<\/span><\/p>\n\n\n<figure class=\"wp-block-audio\"><audio controls src=\"http:\/\/stream.vadelma.org:61974\/korppiradio\/korppiradio-principles.mp3\"><\/audio><figcaption>Listen to the principles here.<\/figcaption><\/figure>\n","protected":false},"excerpt":{"rendered":"<p>Social space Korppiradio is a communal and non-commercial radio, where individuals are free to make their own content. The Korppiradio makers are also searching and trying out new collective ways of radio production. In the differences of views lies the core of a new sort of creative social space. Fearless expression of differences enables free&hellip;<\/p>\n","protected":false},"author":1,"featured_media":0,"parent":0,"menu_order":0,"comment_status":"closed","ping_status":"closed","template":"","meta":{"footnotes":""},"class_list":["post-3805","page","type-page","status-publish","hentry"],"_links":{"self":[{"href":"https:\/\/www.vadelma.org\/korppiradio\/wp-json\/wp\/v2\/pages\/3805","targetHints":{"allow":["GET"]}}],"collection":[{"href":"https:\/\/www.vadelma.org\/korppiradio\/wp-json\/wp\/v2\/pages"}],"about":[{"href":"https:\/\/www.vadelma.org\/korppiradio\/wp-json\/wp\/v2\/types\/page"}],"author":[{"embeddable":true,"href":"https:\/\/www.vadelma.org\/korppiradio\/wp-json\/wp\/v2\/users\/1"}],"replies":[{"embeddable":true,"href":"https:\/\/www.vadelma.org\/korppiradio\/wp-json\/wp\/v2\/comments?post=3805"}],"version-history":[{"count":0,"href":"https:\/\/www.vadelma.org\/korppiradio\/wp-json\/wp\/v2\/pages\/3805\/revisions"}],"wp:attachment":[{"href":"https:\/\/www.vadelma.org\/korppiradio\/wp-json\/wp\/v2\/media?parent=3805"}],"curies":[{"name":"wp","href":"https:\/\/api.w.org\/{rel}","templated":true}]}}