{"id":4280,"date":"2019-03-05T12:42:40","date_gmt":"2019-03-05T10:42:40","guid":{"rendered":"http:\/\/vadelma.org\/korppiradio\/?page_id=4280"},"modified":"2019-03-05T12:42:41","modified_gmt":"2019-03-05T10:42:41","slug":"foorumi","status":"publish","type":"page","link":"https:\/\/www.vadelma.org\/korppiradio\/foorumi\/","title":{"rendered":"Foorumi"},"content":{"rendered":"\n<div id=\"af-wrapper\"><div id=\"forum-header\"><div id=\"forum-navigation-mobile\"><a><span class=\"fas fa-bars\"><\/span>Valikko<\/a><\/div><span class=\"screen-reader-text\">Forum Navigation<\/span><div id=\"forum-navigation\"><a class=\"home-link\" href=\"https:\/\/www.vadelma.org\/korppiradio\/1121-2\" target=\"_self\">Keskustelualue<\/a><a class=\"activity-link\" href=\"https:\/\/www.vadelma.org\/korppiradio\/1121-2\/activity\/\" target=\"_self\">Toiminta<\/a><a class=\"login-link\" href=\"https:\/\/www.vadelma.org\/korppiradio\/wp-login.php?redirect_to=https%3A%2F%2Fwww.vadelma.org%2Fkorppiradio%2Fwp-json%2Fwp%2Fv2%2Fpages%2F4280\" target=\"_self\">Kirjautuminen<\/a><a class=\"register-link\" href=\"https:\/\/www.vadelma.org\/korppiradio\/wp-login.php?action=register\" target=\"_self\">Rekister\u00f6idy<\/a><\/div><div id=\"forum-search\"><span class=\"search-icon fas fa-search\"><\/span><form method=\"get\" action=\"https:\/\/www.vadelma.org\/korppiradio\/1121-2\/search\/\"><input name=\"keywords\" type=\"search\" placeholder=\"Hae ...\" value=\"\"><\/form><\/div><div class=\"clear\"><\/div><\/div><div id=\"forum-breadcrumbs\" itemscope itemtype=\"http:\/\/schema.org\/BreadcrumbList\"><span class=\"screen-reader-text\">Forum breadcrumbs - You are here:<\/span><span class=\"breadcrumb-icon fas fa-home\"><\/span><span itemprop=\"itemListElement\" itemscope itemtype=\"https:\/\/schema.org\/ListItem\"><a itemprop=\"item\" href=\"https:\/\/www.vadelma.org\/korppiradio\/1121-2\" title=\"Keskustelualue\"><span itemprop=\"name\">Keskustelualue<\/span><\/a><meta itemprop=\"position\" content=\"1\"><\/span><span class=\"breadcrumb-icon fas fa-chevron-right separator\"><\/span><\/div><h1 class=\"main-title main-title-\">Keskustelualue<\/h1><div class=\"title-element\" id=\"forum-category-595\">korppiradio<span class=\"last-post-headline\">Viimeisin viesti<\/span><\/div><div class=\"content-container\"><div class=\"content-element forum\" id=\"forum-1\"><div class=\"forum-status unread\"><i class=\"fas fa-bullhorn\"><\/i><\/div><div class=\"forum-name\"><a class=\"forum-title\" href=\"https:\/\/www.vadelma.org\/korppiradio\/1121-2\/forum\/first-forum\/\">Korppiradio Info<\/a><small class=\"forum-description\">general info &amp; questions<\/small><small class=\"forum-stats\">3 viestiketjua&nbsp;&middot;&nbsp;4 artikkelia<\/small><small class=\"forum-lastpost-small\">Last post:&nbsp;<a href=\"https:\/\/www.vadelma.org\/korppiradio\/1121-2\/topic\/korppiradio-online-software-tools\/#postid-20\">Korppiradio online &amp; software tool &#8230;<\/a>&nbsp;&middot;&nbsp;<a href=\"https:\/\/www.vadelma.org\/korppiradio\/1121-2\/topic\/korppiradio-online-software-tools\/#postid-20\">6 vuotta sitten<\/a>&nbsp;&middot;&nbsp;<a class=\"profile-link highlight-admin\" href=\"#\">korppiradio<\/a><\/small><\/div><div class=\"forum-poster\"><div class=\"forum-poster-avatar\"><img alt='' src='https:\/\/secure.gravatar.com\/avatar\/9aef4a3451aa3a34515dc1a81c83ce6657a8233ba8cf8f5cd64cdbb6c42dcd3e?s=40&#038;d=local_default&#038;r=g' srcset='https:\/\/secure.gravatar.com\/avatar\/9aef4a3451aa3a34515dc1a81c83ce6657a8233ba8cf8f5cd64cdbb6c42dcd3e?s=80&#038;d=local_default&#038;r=g 2x' class='avatar avatar-40 photo' height='40' width='40' \/><\/div><div class=\"forum-poster-summary\"><a href=\"https:\/\/www.vadelma.org\/korppiradio\/1121-2\/topic\/korppiradio-online-software-tools\/#postid-20\">Korppiradio online &amp; soft &#8230;<\/a><br><small><a href=\"https:\/\/www.vadelma.org\/korppiradio\/1121-2\/topic\/korppiradio-online-software-tools\/#postid-20\">6 vuotta sitten<\/a><span>&nbsp;&middot;&nbsp;<\/span><a class=\"profile-link highlight-admin\" href=\"#\">korppiradio<\/a><\/small><\/div><\/div><\/div><div class=\"content-element forum\" id=\"forum-2\"><div class=\"forum-status unread\"><i class=\"fas fa-play\"><\/i><\/div><div class=\"forum-name\"><a class=\"forum-title\" href=\"https:\/\/www.vadelma.org\/korppiradio\/1121-2\/forum\/ohjelmat-shows\/\">Ohjelmat \/ Shows<\/a><small class=\"forum-description\">comments, critique, ideas, suggestions<\/small><small class=\"forum-stats\">2 viestiketjua&nbsp;&middot;&nbsp;2 artikkelia<\/small><small class=\"forum-lastpost-small\">Last post:&nbsp;<a href=\"https:\/\/www.vadelma.org\/korppiradio\/1121-2\/topic\/cut-ups\/#postid-8\">cut-ups<\/a>&nbsp;&middot;&nbsp;<a href=\"https:\/\/www.vadelma.org\/korppiradio\/1121-2\/topic\/cut-ups\/#postid-8\">8 vuotta sitten<\/a>&nbsp;&middot;&nbsp;<a class=\"profile-link highlight-default\" href=\"#\">Kalle<\/a><\/small><\/div><div class=\"forum-poster\"><div class=\"forum-poster-avatar\"><img alt='' src='https:\/\/secure.gravatar.com\/avatar\/03f551c811ab7812e8b7ce2f4aebfc8dc68208fe66abdee43dbbe145f1a24742?s=40&#038;d=local_default&#038;r=g' srcset='https:\/\/secure.gravatar.com\/avatar\/03f551c811ab7812e8b7ce2f4aebfc8dc68208fe66abdee43dbbe145f1a24742?s=80&#038;d=local_default&#038;r=g 2x' class='avatar avatar-40 photo' height='40' width='40' \/><\/div><div class=\"forum-poster-summary\"><a href=\"https:\/\/www.vadelma.org\/korppiradio\/1121-2\/topic\/cut-ups\/#postid-8\">cut-ups<\/a><br><small><a href=\"https:\/\/www.vadelma.org\/korppiradio\/1121-2\/topic\/cut-ups\/#postid-8\">8 vuotta sitten<\/a><span>&nbsp;&middot;&nbsp;<\/span><a class=\"profile-link highlight-default\" href=\"#\">Kalle<\/a><\/small><\/div><\/div><\/div><div class=\"content-element forum\" id=\"forum-3\"><div class=\"forum-status unread\"><i class=\"fas fa-comments\"><\/i><\/div><div class=\"forum-name\"><a class=\"forum-title\" href=\"https:\/\/www.vadelma.org\/korppiradio\/1121-2\/forum\/yhteiso-community\/\">Yhteis\u00f6 \/ Community<\/a><small class=\"forum-description\">Korppien yhteismaa - the Raven commons<\/small><small class=\"forum-stats\">2 viestiketjua&nbsp;&middot;&nbsp;2 artikkelia<\/small><small class=\"forum-lastpost-small\">Last post:&nbsp;<a href=\"https:\/\/www.vadelma.org\/korppiradio\/1121-2\/topic\/yhteisomediasta\/#postid-15\">Yhteis\u00f6mediasta<\/a>&nbsp;&middot;&nbsp;<a href=\"https:\/\/www.vadelma.org\/korppiradio\/1121-2\/topic\/yhteisomediasta\/#postid-15\">7 vuotta sitten<\/a>&nbsp;&middot;&nbsp;<a class=\"profile-link highlight-admin\" href=\"#\">korppiradio<\/a><\/small><\/div><div class=\"forum-poster\"><div class=\"forum-poster-avatar\"><img alt='' src='https:\/\/secure.gravatar.com\/avatar\/9aef4a3451aa3a34515dc1a81c83ce6657a8233ba8cf8f5cd64cdbb6c42dcd3e?s=40&#038;d=local_default&#038;r=g' srcset='https:\/\/secure.gravatar.com\/avatar\/9aef4a3451aa3a34515dc1a81c83ce6657a8233ba8cf8f5cd64cdbb6c42dcd3e?s=80&#038;d=local_default&#038;r=g 2x' class='avatar avatar-40 photo' height='40' width='40' \/><\/div><div class=\"forum-poster-summary\"><a href=\"https:\/\/www.vadelma.org\/korppiradio\/1121-2\/topic\/yhteisomediasta\/#postid-15\">Yhteis\u00f6mediasta<\/a><br><small><a href=\"https:\/\/www.vadelma.org\/korppiradio\/1121-2\/topic\/yhteisomediasta\/#postid-15\">7 vuotta sitten<\/a><span>&nbsp;&middot;&nbsp;<\/span><a class=\"profile-link highlight-admin\" href=\"#\">korppiradio<\/a><\/small><\/div><\/div><\/div><div class=\"content-element forum\" id=\"forum-4\"><div class=\"forum-status unread\"><i class=\"fas fa-microphone-alt\"><\/i><\/div><div class=\"forum-name\"><a class=\"forum-title\" href=\"https:\/\/www.vadelma.org\/korppiradio\/1121-2\/forum\/media-development\/\">Media Development<\/a><small class=\"forum-description\">what and where, how and why?<\/small><small class=\"forum-stats\">2 viestiketjua&nbsp;&middot;&nbsp;6 artikkelia<\/small><small class=\"forum-lastpost-small\">Last post:&nbsp;<a href=\"https:\/\/www.vadelma.org\/korppiradio\/1121-2\/topic\/sivuston-ja-radion-kehittaminen-2019\/#postid-30\">Sivuston ja radion kehitt\u00e4minen 20 &#8230;<\/a>&nbsp;&middot;&nbsp;<a href=\"https:\/\/www.vadelma.org\/korppiradio\/1121-2\/topic\/sivuston-ja-radion-kehittaminen-2019\/#postid-30\">4 vuotta sitten<\/a>&nbsp;&middot;&nbsp;<a class=\"profile-link highlight-default\" href=\"#\">Clayborneo<\/a><\/small><\/div><div class=\"forum-poster\"><div class=\"forum-poster-avatar\"><img alt='' src='https:\/\/secure.gravatar.com\/avatar\/1aee3ac650a2e4be8d6e9cbb2422d4757b4e74b99094a89d24ade483cbc5a617?s=40&#038;d=local_default&#038;r=g' srcset='https:\/\/secure.gravatar.com\/avatar\/1aee3ac650a2e4be8d6e9cbb2422d4757b4e74b99094a89d24ade483cbc5a617?s=80&#038;d=local_default&#038;r=g 2x' class='avatar avatar-40 photo' height='40' width='40' \/><\/div><div class=\"forum-poster-summary\"><a href=\"https:\/\/www.vadelma.org\/korppiradio\/1121-2\/topic\/sivuston-ja-radion-kehittaminen-2019\/#postid-30\">Sivuston ja radion kehitt &#8230;<\/a><br><small><a href=\"https:\/\/www.vadelma.org\/korppiradio\/1121-2\/topic\/sivuston-ja-radion-kehittaminen-2019\/#postid-30\">4 vuotta sitten<\/a><span>&nbsp;&middot;&nbsp;<\/span><a class=\"profile-link highlight-default\" href=\"#\">Clayborneo<\/a><\/small><\/div><\/div><\/div><\/div><div class=\"title-element\" id=\"forum-category-596\">topics &amp; themes<span class=\"last-post-headline\">Viimeisin viesti<\/span><\/div><div class=\"content-container\"><div class=\"content-element forum\" id=\"forum-5\"><div class=\"forum-status unread\"><i class=\"fas fa-globe\"><\/i><\/div><div class=\"forum-name\"><a class=\"forum-title\" href=\"https:\/\/www.vadelma.org\/korppiradio\/1121-2\/forum\/maailma-ja-me-the-world-and-us\/\">Maailma ja me \/ the World and us<\/a><small class=\"forum-description\">politics, culture, nature, art<\/small><small class=\"forum-stats\">2 viestiketjua&nbsp;&middot;&nbsp;5 artikkelia<\/small><small class=\"forum-lastpost-small\">Last post:&nbsp;<a href=\"https:\/\/www.vadelma.org\/korppiradio\/1121-2\/topic\/ajan-henki-paikan-henki\/#postid-16\">Ajan henki \/ paikan henki<\/a>&nbsp;&middot;&nbsp;<a href=\"https:\/\/www.vadelma.org\/korppiradio\/1121-2\/topic\/ajan-henki-paikan-henki\/#postid-16\">6 vuotta sitten<\/a>&nbsp;&middot;&nbsp;<a class=\"profile-link highlight-admin\" href=\"#\">korppiradio<\/a><\/small><\/div><div class=\"forum-poster\"><div class=\"forum-poster-avatar\"><img alt='' src='https:\/\/secure.gravatar.com\/avatar\/9aef4a3451aa3a34515dc1a81c83ce6657a8233ba8cf8f5cd64cdbb6c42dcd3e?s=40&#038;d=local_default&#038;r=g' srcset='https:\/\/secure.gravatar.com\/avatar\/9aef4a3451aa3a34515dc1a81c83ce6657a8233ba8cf8f5cd64cdbb6c42dcd3e?s=80&#038;d=local_default&#038;r=g 2x' class='avatar avatar-40 photo' height='40' width='40' \/><\/div><div class=\"forum-poster-summary\"><a href=\"https:\/\/www.vadelma.org\/korppiradio\/1121-2\/topic\/ajan-henki-paikan-henki\/#postid-16\">Ajan henki \/ paikan henki<\/a><br><small><a href=\"https:\/\/www.vadelma.org\/korppiradio\/1121-2\/topic\/ajan-henki-paikan-henki\/#postid-16\">6 vuotta sitten<\/a><span>&nbsp;&middot;&nbsp;<\/span><a class=\"profile-link highlight-admin\" href=\"#\">korppiradio<\/a><\/small><\/div><\/div><\/div><div class=\"content-element forum\" id=\"forum-6\"><div class=\"forum-status unread\"><i class=\"fas fa-eye\"><\/i><\/div><div class=\"forum-name\"><a class=\"forum-title\" href=\"https:\/\/www.vadelma.org\/korppiradio\/1121-2\/forum\/suosituksia-recommendations\/\">Suosituksia \/ Recommendations<\/a><small class=\"forum-description\">books, events, movies, articles, links etc<\/small><small class=\"forum-stats\">2 viestiketjua&nbsp;&middot;&nbsp;16 artikkelia<\/small><small class=\"forum-lastpost-small\">Last post:&nbsp;<a href=\"https:\/\/www.vadelma.org\/korppiradio\/1121-2\/topic\/suositeltavia-elokuvia\/#postid-35\">suositeltavia elokuvia<\/a>&nbsp;&middot;&nbsp;<a href=\"https:\/\/www.vadelma.org\/korppiradio\/1121-2\/topic\/suositeltavia-elokuvia\/#postid-35\">2 vuotta sitten<\/a>&nbsp;&middot;&nbsp;<a class=\"profile-link highlight-default\" href=\"#\">Michael<\/a><\/small><\/div><div class=\"forum-poster\"><div class=\"forum-poster-avatar\"><img alt='' src='https:\/\/secure.gravatar.com\/avatar\/89bdb39f0b287064b2db1b222d81352e1627d57e75bb2313a04aa8b2919b2c2b?s=40&#038;d=local_default&#038;r=g' srcset='https:\/\/secure.gravatar.com\/avatar\/89bdb39f0b287064b2db1b222d81352e1627d57e75bb2313a04aa8b2919b2c2b?s=80&#038;d=local_default&#038;r=g 2x' class='avatar avatar-40 photo' height='40' width='40' \/><\/div><div class=\"forum-poster-summary\"><a href=\"https:\/\/www.vadelma.org\/korppiradio\/1121-2\/topic\/suositeltavia-elokuvia\/#postid-35\">suositeltavia elokuvia<\/a><br><small><a href=\"https:\/\/www.vadelma.org\/korppiradio\/1121-2\/topic\/suositeltavia-elokuvia\/#postid-35\">2 vuotta sitten<\/a><span>&nbsp;&middot;&nbsp;<\/span><a class=\"profile-link highlight-default\" href=\"#\">Michael<\/a><\/small><\/div><\/div><\/div><\/div><div id=\"read-unread\"><span class=\"indicator unread\"><\/span><span class=\"indicator-label\">Uudet viestit<\/span><span class=\"indicator read\"><\/span><span class=\"indicator-label\">Ei mit\u00e4\u00e4n uutta<\/span><span class=\"indicator-label\"><span class=\"fas fa-check\"><\/span><a href=\"https:\/\/www.vadelma.org\/korppiradio\/1121-2\/markallread\/?_wpnonce=26549cd79b\">Merkitse kaikki luetuiksi<\/a><\/span><span class=\"indicator-label\"><span class=\"fas fa-history\"><\/span><a href=\"https:\/\/www.vadelma.org\/korppiradio\/1121-2\/unread\/\">Show Unread Topics<\/a><\/span><div class=\"clear\"><\/div><\/div><div id=\"statistics\"><div class=\"title-element title-element-dark\"><span class=\"title-element-icon fas fa-chart-pie\"><\/span>Tilastot<\/div><div id=\"statistics-body\"><div id=\"statistics-elements\"><div class=\"statistics-element\"><div class=\"element-number\"><span class=\"statistics-element-icon far fa-comments\"><\/span>13<\/div><div class=\"element-name\">Viestiketjut<\/div><\/div><div class=\"statistics-element\"><div class=\"element-number\"><span class=\"statistics-element-icon far fa-comment\"><\/span>35<\/div><div class=\"element-name\">Viestej\u00e4:<\/div><\/div><div class=\"statistics-element\"><div class=\"element-number\"><span class=\"statistics-element-icon far fa-eye\"><\/span>73&nbsp;550<\/div><div class=\"element-name\">N\u00e4yt\u00e4<\/div><\/div><div class=\"statistics-element\"><div class=\"element-number\"><span class=\"statistics-element-icon far fa-user\"><\/span>23<\/div><div class=\"element-name\">K\u00e4ytt\u00e4j\u00e4t<\/div><\/div><div class=\"statistics-element\"><div class=\"element-number\"><span class=\"statistics-element-icon far fa-lightbulb\"><\/span>0<\/div><div class=\"element-name\">Sis\u00e4\u00e4nkirjautunut<\/div><\/div><\/div><div id=\"statistics-online-users\"><span class=\"online-users-icon fas fa-user\"><\/span>Uusin j\u00e4sen:&nbsp;<i><a class=\"profile-link highlight-default\" href=\"#\">ermerinen<\/a><\/i>&nbsp;&middot;&nbsp;<span class=\"online-users-icon fas fa-users\"><\/span><i>T\u00e4ll\u00e4 hetkell\u00e4 kukaan ei ole sis\u00e4\u00e4nkirjautuneena.<\/i><\/div><\/div><div class=\"clear\"><\/div><\/div><div id=\"bottom-navigation\"><\/div><div class=\"clear\"><\/div><\/div>\n","protected":false},"excerpt":{"rendered":"","protected":false},"author":1,"featured_media":0,"parent":0,"menu_order":0,"comment_status":"closed","ping_status":"closed","template":"","meta":{"footnotes":""},"class_list":["post-4280","page","type-page","status-publish","hentry"],"_links":{"self":[{"href":"https:\/\/www.vadelma.org\/korppiradio\/wp-json\/wp\/v2\/pages\/4280","targetHints":{"allow":["GET"]}}],"collection":[{"href":"https:\/\/www.vadelma.org\/korppiradio\/wp-json\/wp\/v2\/pages"}],"about":[{"href":"https:\/\/www.vadelma.org\/korppiradio\/wp-json\/wp\/v2\/types\/page"}],"author":[{"embeddable":true,"href":"https:\/\/www.vadelma.org\/korppiradio\/wp-json\/wp\/v2\/users\/1"}],"replies":[{"embeddable":true,"href":"https:\/\/www.vadelma.org\/korppiradio\/wp-json\/wp\/v2\/comments?post=4280"}],"version-history":[{"count":0,"href":"https:\/\/www.vadelma.org\/korppiradio\/wp-json\/wp\/v2\/pages\/4280\/revisions"}],"wp:attachment":[{"href":"https:\/\/www.vadelma.org\/korppiradio\/wp-json\/wp\/v2\/media?parent=4280"}],"curies":[{"name":"wp","href":"https:\/\/api.w.org\/{rel}","templated":true}]}}