{"id":4485,"date":"2020-03-30T11:00:08","date_gmt":"2020-03-30T08:00:08","guid":{"rendered":"http:\/\/vadelma.org\/korppiradio\/?page_id=4485"},"modified":"2020-03-30T11:00:10","modified_gmt":"2020-03-30T08:00:10","slug":"ohjelmavaihto","status":"publish","type":"page","link":"https:\/\/www.vadelma.org\/korppiradio\/ohjelmavaihto\/","title":{"rendered":"Ohjelmavaihto"},"content":{"rendered":"\n<p>Korppiradio tekee ohjelmavaihtoa erilaisten Suomessa ja ulkomailla toimivien radioiden kanssa. Ohjelmavaihto voi olla yhdensuuntaista tai kahdensuuntaista. Jos olet kiinnostunut ohjelmavaihdosta, laita viesti\u00e4 korppia(at)vadelma.org\/korppiradio<\/p>\n\n\n\n<p>T\u00e4ll\u00e4 hetkell\u00e4 <a href=\"http:\/\/www.frameworkradio.net\/\">Framework Radio<\/a> (Viro) \u00a0jakaa meille ohjelmiaan yhdensuuntaisena vaihtona. Ohjelma on englanninkielinen.<\/p>\n","protected":false},"excerpt":{"rendered":"<p>Korppiradio tekee ohjelmavaihtoa erilaisten Suomessa ja ulkomailla toimivien radioiden kanssa. Ohjelmavaihto voi olla yhdensuuntaista tai kahdensuuntaista. Jos olet kiinnostunut ohjelmavaihdosta, laita viesti\u00e4 korppia(at)vadelma.org\/korppiradio T\u00e4ll\u00e4 hetkell\u00e4 Framework Radio (Viro) \u00a0jakaa meille ohjelmiaan yhdensuuntaisena vaihtona. Ohjelma on englanninkielinen.<\/p>\n","protected":false},"author":1,"featured_media":0,"parent":0,"menu_order":0,"comment_status":"closed","ping_status":"closed","template":"","meta":{"footnotes":""},"class_list":["post-4485","page","type-page","status-publish","hentry"],"_links":{"self":[{"href":"https:\/\/www.vadelma.org\/korppiradio\/wp-json\/wp\/v2\/pages\/4485","targetHints":{"allow":["GET"]}}],"collection":[{"href":"https:\/\/www.vadelma.org\/korppiradio\/wp-json\/wp\/v2\/pages"}],"about":[{"href":"https:\/\/www.vadelma.org\/korppiradio\/wp-json\/wp\/v2\/types\/page"}],"author":[{"embeddable":true,"href":"https:\/\/www.vadelma.org\/korppiradio\/wp-json\/wp\/v2\/users\/1"}],"replies":[{"embeddable":true,"href":"https:\/\/www.vadelma.org\/korppiradio\/wp-json\/wp\/v2\/comments?post=4485"}],"version-history":[{"count":0,"href":"https:\/\/www.vadelma.org\/korppiradio\/wp-json\/wp\/v2\/pages\/4485\/revisions"}],"wp:attachment":[{"href":"https:\/\/www.vadelma.org\/korppiradio\/wp-json\/wp\/v2\/media?parent=4485"}],"curies":[{"name":"wp","href":"https:\/\/api.w.org\/{rel}","templated":true}]}}