{"id":4541,"date":"2020-08-06T10:59:22","date_gmt":"2020-08-06T07:59:22","guid":{"rendered":"https:\/\/vadelma.org\/korppiradio\/?page_id=4541"},"modified":"2020-09-07T22:34:29","modified_gmt":"2020-09-07T19:34:29","slug":"hetkinen","status":"publish","type":"page","link":"https:\/\/www.vadelma.org\/korppiradio\/hetkinen\/","title":{"rendered":"Hetkinen&#8230;"},"content":{"rendered":"\n<p>Korppiradio on aloittanut radiol\u00e4hetykset <a rel=\"noreferrer noopener\" href=\"http:\/\/www.hirvikatu10.net\/wordpress.1\/?p=4333\" target=\"_blank\">Pispalan nykytaiteenkeskus Hirvitalolta<\/a> k\u00e4sin 17.8.2020 paikallisella taajuudella 91,0 MHz. Analoginen l\u00e4hetys kuuluu Tahmelassa Pispalanharjun etel\u00e4puolella noin kilometrin s\u00e4teell\u00e4 Hirvitalosta. V\u00e4liaikainen radiolupa on voimassa marraskuun 2020 puoleenv\u00e4liin saakka.<\/p>\n\n\n\n<p>Analoginen l\u00e4hetys k\u00e4ynnistyi <a rel=\"noreferrer noopener\" href=\"https:\/\/vadelma.org\" target=\"_blank\">Vadelma ry<\/a>:n yhteisn\u00e4yttelyn Hetkinen&#8230; (17.-30.8.2020) yhteydess\u00e4. L\u00e4hetysvirran ja radioinstallaation avainsis\u00e4lt\u00f6n\u00e4 on ollut monen \u00e4\u00e4nitaiteilijan kev\u00e4\u00e4ll\u00e4 2020 tekemist\u00e4 \u00e4\u00e4nitteist\u00e4 koostuva luuppaava \u00e4\u00e4niteos <a href=\"https:\/\/vadelma.org\/korppiradio\/the-all-is-one\/\">The All Is One<\/a>,<\/p>\n\n\n\n<p>Korppiradion uutta ohjelmistoa koostaa yhteis\u00f6, jossa mukana on Hirvitalon aktiiveja, paikallista toimijaverkostoa ja vanhoja korppeja. Mukaan voi tulla matalalla kynnyksell\u00e4 esimerkiksi l\u00e4hett\u00e4m\u00e4ll\u00e4 meille valmiita \u00e4\u00e4nitiedostoja. Hirvitalon olohuonestudioon voi tulla tekem\u00e4\u00e4n suorana l\u00e4hetyksen\u00e4 esimerkiksi radiokeikan tai keskusteluohjelman. Seuraa Hirvitalon ja Korppiradion tiedotusta ja ota yhteytt\u00e4!<\/p>\n\n\n\n<p><\/p>\n\n\n\n<p><\/p>\n","protected":false},"excerpt":{"rendered":"<p>Korppiradio on aloittanut radiol\u00e4hetykset Pispalan nykytaiteenkeskus Hirvitalolta k\u00e4sin 17.8.2020 paikallisella taajuudella 91,0 MHz. Analoginen l\u00e4hetys kuuluu Tahmelassa Pispalanharjun etel\u00e4puolella noin kilometrin s\u00e4teell\u00e4 Hirvitalosta. V\u00e4liaikainen radiolupa on voimassa marraskuun 2020 puoleenv\u00e4liin saakka. Analoginen l\u00e4hetys k\u00e4ynnistyi Vadelma ry:n yhteisn\u00e4yttelyn Hetkinen&#8230; (17.-30.8.2020) yhteydess\u00e4. L\u00e4hetysvirran ja radioinstallaation avainsis\u00e4lt\u00f6n\u00e4 on ollut monen \u00e4\u00e4nitaiteilijan kev\u00e4\u00e4ll\u00e4 2020 tekemist\u00e4 \u00e4\u00e4nitteist\u00e4 koostuva luuppaava \u00e4\u00e4niteos&hellip;<\/p>\n","protected":false},"author":1,"featured_media":0,"parent":0,"menu_order":0,"comment_status":"closed","ping_status":"closed","template":"","meta":{"footnotes":""},"class_list":["post-4541","page","type-page","status-publish","hentry"],"_links":{"self":[{"href":"https:\/\/www.vadelma.org\/korppiradio\/wp-json\/wp\/v2\/pages\/4541","targetHints":{"allow":["GET"]}}],"collection":[{"href":"https:\/\/www.vadelma.org\/korppiradio\/wp-json\/wp\/v2\/pages"}],"about":[{"href":"https:\/\/www.vadelma.org\/korppiradio\/wp-json\/wp\/v2\/types\/page"}],"author":[{"embeddable":true,"href":"https:\/\/www.vadelma.org\/korppiradio\/wp-json\/wp\/v2\/users\/1"}],"replies":[{"embeddable":true,"href":"https:\/\/www.vadelma.org\/korppiradio\/wp-json\/wp\/v2\/comments?post=4541"}],"version-history":[{"count":7,"href":"https:\/\/www.vadelma.org\/korppiradio\/wp-json\/wp\/v2\/pages\/4541\/revisions"}],"predecessor-version":[{"id":4573,"href":"https:\/\/www.vadelma.org\/korppiradio\/wp-json\/wp\/v2\/pages\/4541\/revisions\/4573"}],"wp:attachment":[{"href":"https:\/\/www.vadelma.org\/korppiradio\/wp-json\/wp\/v2\/media?parent=4541"}],"curies":[{"name":"wp","href":"https:\/\/api.w.org\/{rel}","templated":true}]}}