{"id":4548,"date":"2020-08-13T12:09:23","date_gmt":"2020-08-13T09:09:23","guid":{"rendered":"https:\/\/vadelma.org\/korppiradio\/?page_id=4548"},"modified":"2020-08-13T13:08:08","modified_gmt":"2020-08-13T10:08:08","slug":"the-all-is-one","status":"publish","type":"page","link":"https:\/\/www.vadelma.org\/korppiradio\/the-all-is-one\/","title":{"rendered":"The All Is One"},"content":{"rendered":"\n<p>Korppiradio is happy to present Rava vav\u00e0ra composition The All is One as a key element of the radio installation &#8221;Hetkinen&#8230;&#8221; (&#8221;Just a Moment&#8230;&#8221;) in Hirvitalo, and Korppiradio analog transmission on a local frequency 91,0 MHz. <\/p>\n\n\n\n<p>The transmission starts on 17th August and goes on for one week until Sunday 23rd August 2020. <\/p>\n\n\n\n<p>The stream will be pausing occasionally for Korppiradio \/ Hirvitalo community transmissions and other radio art content created by the participants of the exhibition and the radio workshop.<\/p>\n\n\n\n<p>From <a href=\"http:\/\/www.ravavavara.art\/\">http:\/\/www.ravavavara.art\/<\/a><\/p>\n\n\n\n<p>Between the first and the third centuries B.C. alchemy started being taught in an academy in the city of Alexandria, in ancient Egypt. Founded by an early alchemist called Mary the Jewess, it was depicted by historians as a popular and prolific centre of knowledge and research.<br>Among Mary&#8217;s disciples little is known about Cleopatra the Alchemist, which is believed to be a pseudonym for a group of alchemists developing medicaments. Even if Cleopatra the alchemist is named in a number of texts, what is mostly relevant about her heritage is a document called Chrysopoeia (\u03a7\u03c1\u03c5\u03c3\u03bf\u03c0\u03bf\u03b9\u03af\u03b1 \u039a\u03bb\u03b5\u03bf\u03c0\u03ac\u03c4\u03c1\u03b1\u03c2): a single sheet document located in a X-XI century A.C. manuscript in the Biblioteca Marciana in Venice, containing symbols, drawings and captions.<br>Given the unknown meaning of the diagrams, in the Chrysopoeia we witness a complexity of the drawings and the presence of a Ouroboros, the symbol of the ethernal return. A sentence inscribed in the Ouroboros addresses the idea of interdependence among things.<br>The translation of this inscription is not precise. One of the most credited translations is The all is one.<\/p>\n\n\n\n<p>At the beginning of march 2020 a group of artists that have been participating to the project Rava vav\u00e0ra got engaged in a collective project to face the covid-19 contagion, taking inspiration from Cleopatra&#8217;s Ouroboros and the story behind it.&nbsp; At the basis of the process of creation of this soundwork lays the will of extending practices and connections between artists that are located in different places and belong to different art domains and traditions.<br>The possibility of producing a collective work that is more than the simple matching of individual artworks is at the core of the experiment as well as the idea that a number of authors contributing to a single artwork gives birth to something different that the sum of the individual contributions. The final sound art piece is a loop, with no real beginning and no ending.<\/p>\n\n\n\n<p>The all is one has been broadcasted so far on&nbsp;<a rel=\"noreferrer noopener\" href=\"https:\/\/archipel.community\/\" target=\"_blank\">Archipel Community Radio<\/a>&nbsp;in Berlin (Germany),&nbsp;<a rel=\"noreferrer noopener\" href=\"http:\/\/radio.artscienceblr.org\/\" target=\"_blank\">Radio Quarantine &#8211; the Indian Sonic Research Organisation<\/a>&nbsp;in Bangalore (India),&nbsp;<a rel=\"noreferrer noopener\" href=\"https:\/\/p-node.org\/\" target=\"_blank\">\u220fnode Radio<\/a>&nbsp;in Paris (France),&nbsp;<a rel=\"noreferrer noopener\" href=\"https:\/\/radiocorax.de\/the-all-is-one-kollektives-klangkunststueck-im-freispiel\/?fbclid=IwAR2XelzYGWvugzVGBwXepGr0a0z8Kjj5MBRL9lMIAo_BV2kTt3n6fItKO7w\" target=\"_blank\">Radio Corax<\/a>&nbsp;in Halle (Germany),&nbsp;<a rel=\"noreferrer noopener\" href=\"https:\/\/o94.at\/programm\/sendung\/id\/1699675?fbclid=IwAR3BbW__TdA9ij4RGpiL-vvDn-1nhqxgbLUTyGsctoHjvamY1Yk-61Pz1mQ\" target=\"_blank\">Radio Orange<\/a>&nbsp;in Wien (Austria),&nbsp;<a rel=\"noreferrer noopener\" href=\"http:\/\/www.radioraheem.it\/resident\/rava-vavara\/\" target=\"_blank\">Radio Raheem<\/a>&nbsp;in Milano (Italy),&nbsp;<a rel=\"noreferrer noopener\" href=\"https:\/\/www.ondarossa.info\/trx\/rava-vavara\" target=\"_blank\">Radio Onda Rossa<\/a>&nbsp;in Rome (Italy),&nbsp;<a rel=\"noreferrer noopener\" href=\"http:\/\/kunstradio.at\/2020A\/31_05_20en.html\" target=\"_blank\">Kunstradio<\/a><a rel=\"noreferrer noopener\" href=\"https:\/\/oe1.orf.at\/\" target=\"_blank\">\u00d61<\/a>&nbsp;in Austria,&nbsp;<a rel=\"noreferrer noopener\" href=\"https:\/\/wavefarm.org\/radio\/wgxc\/schedule\/t0apsh\" target=\"_blank\">Wave Farm WGXC Radio<\/a>&nbsp;in Acra NY (USA),&nbsp;<a rel=\"noreferrer noopener\" href=\"https:\/\/cashmereradio.com\/\" target=\"_blank\">Cashmere Radio<\/a>&nbsp;in Berlin (Germany),&nbsp;<a rel=\"noreferrer noopener\" href=\"https:\/\/helsinki.at\/program\/99736\" target=\"_blank\">Radio Helsinki<\/a>&nbsp;in Graz (Austria)<\/p>\n\n\n\n<hr class=\"wp-block-separator\"\/>\n\n\n\n<p>Markus \u00c5str\u00f6m<\/p>\n\n\n\n<p>Passage<\/p>\n\n\n\n<p>2020<\/p>\n\n\n\n<p>13&#8217;04&#8221;<\/p>\n\n\n\n<p><\/p>\n\n\n\n<p>Pietro Bonanno<\/p>\n\n\n\n<p>La conta dei riflessi<\/p>\n\n\n\n<p>2020<\/p>\n\n\n\n<p>14&#8242;<\/p>\n\n\n\n<p><\/p>\n\n\n\n<p>Till Bovermann<\/p>\n\n\n\n<p>Sauna heating (Savitaipale)<\/p>\n\n\n\n<p>2020<\/p>\n\n\n\n<p>2&#8217;34&#8221;<\/p>\n\n\n\n<p><\/p>\n\n\n\n<p>Marcelo Brissac<\/p>\n\n\n\n<p>Vendo<\/p>\n\n\n\n<p>2020<\/p>\n\n\n\n<p>1&#8242;<\/p>\n\n\n\n<p><\/p>\n\n\n\n<p>CD-R e Nachrichten<\/p>\n\n\n\n<p>LU<\/p>\n\n\n\n<p>2020<\/p>\n\n\n\n<p>13:54<\/p>\n\n\n\n<p><\/p>\n\n\n\n<p>Budhaditya Chattopadhyay<\/p>\n\n\n\n<p>Towards an Amicable End<\/p>\n\n\n\n<p>2020<\/p>\n\n\n\n<p>30&#8217;10&#8221;<\/p>\n\n\n\n<p><\/p>\n\n\n\n<p>Nicola di Croce<\/p>\n\n\n\n<p>J\u00f6kuls\u00e1rl\u00f3n<\/p>\n\n\n\n<p>2018<\/p>\n\n\n\n<p>5&#8217;02&#8221;<\/p>\n\n\n\n<p><\/p>\n\n\n\n<p>Luca Forcucci<\/p>\n\n\n\n<p>Palermo \/ Roma, at the same time<\/p>\n\n\n\n<p>2019<\/p>\n\n\n\n<p>7\u201950\u2019\u2019<\/p>\n\n\n\n<p><\/p>\n\n\n\n<p>Francis Heery<\/p>\n\n\n\n<p>Lem \u00c9tude<\/p>\n\n\n\n<p>2020<\/p>\n\n\n\n<p>3&#8217;02&#8221;<\/p>\n\n\n\n<p><\/p>\n\n\n\n<p>Per H\u00fcttner<\/p>\n\n\n\n<p>Transversal madness<\/p>\n\n\n\n<p>2020<\/p>\n\n\n\n<p>2&#8217;20&#8221;<\/p>\n\n\n\n<p><\/p>\n\n\n\n<p>Stefan Klaverdal<\/p>\n\n\n\n<p>The transcendance<\/p>\n\n\n\n<p>2020<\/p>\n\n\n\n<p>14&#8217;35&#8221;<\/p>\n\n\n\n<p><\/p>\n\n\n\n<p>Rada Kozelj<\/p>\n\n\n\n<p>Golosa son io<\/p>\n\n\n\n<p>2020<\/p>\n\n\n\n<p>1&#8217;06&#8221;<\/p>\n\n\n\n<p><\/p>\n\n\n\n<p>Petri Kuljuntausta<\/p>\n\n\n\n<p>Undercurrents<\/p>\n\n\n\n<p>2020<\/p>\n\n\n\n<p>10&#8217;57&#8221;<\/p>\n\n\n\n<p><\/p>\n\n\n\n<p>Axel Oey, Eeva R\u00f6nk\u00e4, Jani Anders Purhonen<\/p>\n\n\n\n<p>senza titolo<\/p>\n\n\n\n<p>2020<\/p>\n\n\n\n<p>3&#8217;33&#8221;<\/p>\n\n\n\n<p><\/p>\n\n\n\n<p>Nico Lacerenza<\/p>\n\n\n\n<p>BD LEARNED HOW TO WASH HANDS<\/p>\n\n\n\n<p>2020<\/p>\n\n\n\n<p>8&#8242;<\/p>\n\n\n\n<p><\/p>\n\n\n\n<p>Ivan Liuzzo e Marco De Martino<\/p>\n\n\n\n<p>Tecnomachia<\/p>\n\n\n\n<p>2020<\/p>\n\n\n\n<p>2&#8217;57&#8221;<\/p>\n\n\n\n<p><\/p>\n\n\n\n<p>Luana Lunetta<\/p>\n\n\n\n<p>siamo nel viaggio sempre<\/p>\n\n\n\n<p>2020<\/p>\n\n\n\n<p>2&#8217;47&#8221;<\/p>\n\n\n\n<p><\/p>\n\n\n\n<p>Eva Macali<\/p>\n\n\n\n<p>Canzone del venerdi<\/p>\n\n\n\n<p>2019<\/p>\n\n\n\n<p>1&#8217;01&#8221;<\/p>\n\n\n\n<p><\/p>\n\n\n\n<p>\u00d6m~~Zehn<\/p>\n\n\n\n<p>Crisis Time<\/p>\n\n\n\n<p>2020<\/p>\n\n\n\n<p>1&#8217;14&#8221;<\/p>\n\n\n\n<p><\/p>\n\n\n\n<p>Cristiana Palandri<\/p>\n\n\n\n<p>Nostalgia della lontananza<\/p>\n\n\n\n<p>2020<\/p>\n\n\n\n<p>6&#8217;48&#8221;<\/p>\n\n\n\n<p><\/p>\n\n\n\n<p>Pamela Z<\/p>\n\n\n\n<p>Unknown Person<\/p>\n\n\n\n<p>2010<\/p>\n\n\n\n<p>5&#8217;30&#8221;<\/p>\n\n\n\n<p><\/p>\n\n\n\n<p>Reto Pulfer<\/p>\n\n\n\n<p>apokalypse gestern<\/p>\n\n\n\n<p>2020<\/p>\n\n\n\n<p>1&#8217;40&#8221;<\/p>\n\n\n\n<p><\/p>\n\n\n\n<p>Cia Rinne<\/p>\n\n\n\n<p>laur lyth milv<\/p>\n\n\n\n<p>2019<\/p>\n\n\n\n<p>2&#8217;28&#8221;<\/p>\n\n\n\n<p><\/p>\n\n\n\n<p>Grand River<\/p>\n\n\n\n<p>Fade In Fade Out<\/p>\n\n\n\n<p>2020<\/p>\n\n\n\n<p>3&#8217;30&#8221;<\/p>\n\n\n\n<p><\/p>\n\n\n\n<p>Gaspare Sammartano<\/p>\n\n\n\n<p>Brulicare<\/p>\n\n\n\n<p>2019<\/p>\n\n\n\n<p>1&#8217;36&#8221;<\/p>\n\n\n\n<p><\/p>\n\n\n\n<p>Elisabeth Schimana<\/p>\n\n\n\n<p>Virus 1<\/p>\n\n\n\n<p>2014<\/p>\n\n\n\n<p>3&#8217;47&#8221;<\/p>\n\n\n\n<p><\/p>\n\n\n\n<p>Anna Schimkat e Michael Barthel<\/p>\n\n\n\n<p>Cuckoo<\/p>\n\n\n\n<p>2019<\/p>\n\n\n\n<p>0&#8217;15&#8221;<\/p>\n\n\n\n<p><\/p>\n\n\n\n<p>Samon Takahashi<\/p>\n\n\n\n<p>Bird Reflections<\/p>\n\n\n\n<p>2016<\/p>\n\n\n\n<p>2&#8217;22&#8221;<\/p>\n\n\n\n<p><\/p>\n\n\n\n<p>Lotte Van den Audenaeren &amp; James<br>multiply<br>2012<\/p>\n\n\n\n<p>1&#8217;04&#8221;<\/p>\n","protected":false},"excerpt":{"rendered":"<p>Korppiradio is happy to present Rava vav\u00e0ra composition The All is One as a key element of the radio installation &#8221;Hetkinen&#8230;&#8221; (&#8221;Just a Moment&#8230;&#8221;) in Hirvitalo, and Korppiradio analog transmission on a local frequency 91,0 MHz. The transmission starts on 17th August and goes on for one week until Sunday 23rd August 2020. The stream&hellip;<\/p>\n","protected":false},"author":1,"featured_media":0,"parent":0,"menu_order":0,"comment_status":"closed","ping_status":"closed","template":"","meta":{"footnotes":""},"class_list":["post-4548","page","type-page","status-publish","hentry"],"_links":{"self":[{"href":"https:\/\/www.vadelma.org\/korppiradio\/wp-json\/wp\/v2\/pages\/4548","targetHints":{"allow":["GET"]}}],"collection":[{"href":"https:\/\/www.vadelma.org\/korppiradio\/wp-json\/wp\/v2\/pages"}],"about":[{"href":"https:\/\/www.vadelma.org\/korppiradio\/wp-json\/wp\/v2\/types\/page"}],"author":[{"embeddable":true,"href":"https:\/\/www.vadelma.org\/korppiradio\/wp-json\/wp\/v2\/users\/1"}],"replies":[{"embeddable":true,"href":"https:\/\/www.vadelma.org\/korppiradio\/wp-json\/wp\/v2\/comments?post=4548"}],"version-history":[{"count":2,"href":"https:\/\/www.vadelma.org\/korppiradio\/wp-json\/wp\/v2\/pages\/4548\/revisions"}],"predecessor-version":[{"id":4550,"href":"https:\/\/www.vadelma.org\/korppiradio\/wp-json\/wp\/v2\/pages\/4548\/revisions\/4550"}],"wp:attachment":[{"href":"https:\/\/www.vadelma.org\/korppiradio\/wp-json\/wp\/v2\/media?parent=4548"}],"curies":[{"name":"wp","href":"https:\/\/api.w.org\/{rel}","templated":true}]}}