{"id":4612,"date":"2021-10-07T21:43:50","date_gmt":"2021-10-07T18:43:50","guid":{"rendered":"https:\/\/vadelma.org\/korppiradio\/?page_id=4612"},"modified":"2021-10-07T22:53:06","modified_gmt":"2021-10-07T19:53:06","slug":"tuonpuoleinen","status":"publish","type":"page","link":"https:\/\/www.vadelma.org\/korppiradio\/tuonpuoleinen\/","title":{"rendered":"Tuonpuoleinen"},"content":{"rendered":"\n<p>Korppiradio on antanut palvelimensa ja l\u00e4hettimens\u00e4 k\u00e4ytt\u00f6\u00f6n taajuudelle&nbsp; 97,8MHz &#8221;Tuonpuoleinen&#8221;, joka kuuluu 10.10.2021 alkaen 23.12.2021 asti Kuhmossa n. 1 kilometrin et\u00e4isyydell\u00e4 Kalevalaisen kulttuurin keskus Juminkeosta. Kyseess\u00e4 <a href=\"https:\/\/tuonpuoleinen.fi\">Sisko Pajarin ja Kalle Kuisman taideprojekti<\/a>, joka toteutetaan yhteisty\u00f6ss\u00e4 Korppiradion kanssa. &#8221;Tuonpuoleinen&#8221; radioinstallaatioteos kuuluu Juminkeon aukioloaikoina ma-pe klo 12-18, muuna aikana ohjelmistossa muuta radiotaidetta sek\u00e4 Korppiradion sis\u00e4lt\u00f6j\u00e4. Tuonpuoleisen ohjelmavirta on kuultavissa my\u00f6s Korppiradio.net osoitteessa.<\/p>\n\n\n\n<p>Jos kiinnostut sis\u00e4ll\u00f6ntuottamisesta l\u00e4hikuukausina niin ota yhteytt\u00e4 kalle(at)<a href=\"http:\/\/hypericum.tv\/\">hypericum.tv<\/a>&nbsp;ja p\u00e4\u00e4set kuuluville Kuhmossa!<\/p>\n\n\n\n<figure class=\"wp-block-image size-full\"><img loading=\"lazy\" decoding=\"async\" width=\"540\" height=\"402\" src=\"https:\/\/vadelma.org\/korppiradio\/wp-content\/uploads\/2021\/10\/Na\u0308ytto\u0308kuva-2021-10-7-kello-21.41.12-edited.png\" alt=\"\" class=\"wp-image-4621\" srcset=\"https:\/\/www.vadelma.org\/korppiradio\/wp-content\/uploads\/2021\/10\/Na\u0308ytto\u0308kuva-2021-10-7-kello-21.41.12-edited.png 540w, https:\/\/www.vadelma.org\/korppiradio\/wp-content\/uploads\/2021\/10\/Na\u0308ytto\u0308kuva-2021-10-7-kello-21.41.12-edited-403x300.png 403w, https:\/\/www.vadelma.org\/korppiradio\/wp-content\/uploads\/2021\/10\/Na\u0308ytto\u0308kuva-2021-10-7-kello-21.41.12-edited-201x150.png 201w\" sizes=\"auto, (max-width: 540px) 100vw, 540px\" \/><\/figure>\n","protected":false},"excerpt":{"rendered":"<p>Korppiradio on antanut palvelimensa ja l\u00e4hettimens\u00e4 k\u00e4ytt\u00f6\u00f6n taajuudelle&nbsp; 97,8MHz &#8221;Tuonpuoleinen&#8221;, joka kuuluu 10.10.2021 alkaen 23.12.2021 asti Kuhmossa n. 1 kilometrin et\u00e4isyydell\u00e4 Kalevalaisen kulttuurin keskus Juminkeosta. Kyseess\u00e4 Sisko Pajarin ja Kalle Kuisman taideprojekti, joka toteutetaan yhteisty\u00f6ss\u00e4 Korppiradion kanssa. &#8221;Tuonpuoleinen&#8221; radioinstallaatioteos kuuluu Juminkeon aukioloaikoina ma-pe klo 12-18, muuna aikana ohjelmistossa muuta radiotaidetta sek\u00e4 Korppiradion sis\u00e4lt\u00f6j\u00e4. Tuonpuoleisen ohjelmavirta&hellip;<\/p>\n","protected":false},"author":1,"featured_media":0,"parent":0,"menu_order":0,"comment_status":"closed","ping_status":"closed","template":"","meta":{"footnotes":""},"class_list":["post-4612","page","type-page","status-publish","hentry"],"_links":{"self":[{"href":"https:\/\/www.vadelma.org\/korppiradio\/wp-json\/wp\/v2\/pages\/4612","targetHints":{"allow":["GET"]}}],"collection":[{"href":"https:\/\/www.vadelma.org\/korppiradio\/wp-json\/wp\/v2\/pages"}],"about":[{"href":"https:\/\/www.vadelma.org\/korppiradio\/wp-json\/wp\/v2\/types\/page"}],"author":[{"embeddable":true,"href":"https:\/\/www.vadelma.org\/korppiradio\/wp-json\/wp\/v2\/users\/1"}],"replies":[{"embeddable":true,"href":"https:\/\/www.vadelma.org\/korppiradio\/wp-json\/wp\/v2\/comments?post=4612"}],"version-history":[{"count":3,"href":"https:\/\/www.vadelma.org\/korppiradio\/wp-json\/wp\/v2\/pages\/4612\/revisions"}],"predecessor-version":[{"id":4622,"href":"https:\/\/www.vadelma.org\/korppiradio\/wp-json\/wp\/v2\/pages\/4612\/revisions\/4622"}],"wp:attachment":[{"href":"https:\/\/www.vadelma.org\/korppiradio\/wp-json\/wp\/v2\/media?parent=4612"}],"curies":[{"name":"wp","href":"https:\/\/api.w.org\/{rel}","templated":true}]}}