{"id":50,"date":"2013-10-09T15:03:10","date_gmt":"2013-10-09T13:03:10","guid":{"rendered":"http:\/\/korppiradio.wordpress.com\/?page_id=50"},"modified":"2019-03-04T10:56:35","modified_gmt":"2019-03-04T08:56:35","slug":"radiotaide-2","status":"publish","type":"page","link":"https:\/\/www.vadelma.org\/korppiradio\/radiotaide-2\/","title":{"rendered":"Radiotaide"},"content":{"rendered":"<p><em><strong>Radiotaide : \u00e4\u00e4ni ja radiotaiteen eri ilmentymi\u00e4. <\/strong><\/em><br \/>\n<em> Ohjelmassa esitet\u00e4\u00e4n kokonaisia \u00e4\u00e4niteoksia. Tekij\u00f6in\u00e4: Olga, Meri, Kalle, Hanna, Laura, Sisko,&nbsp;\u2026<\/em><\/p>\n<p>&nbsp;<\/p>\n<p>&nbsp;<\/p>\n<p><strong>Radiotaide &#8211; SAD Sound Art Day 1<\/strong> (August 2015).<\/p>\n<p>Marko Timlin, Arta &amp; Spells Disaster, Bufflo. DJ Kosmas.<\/p>\n<div id=\"mp3jWrap_0\" class=\"mjp-s-wrapper s-graphic unsel-mjp bigger2 gill-mjp\" style=\"font-size:14px;\"><span id=\"playpause_wrap_mp3j_0\" class=\"wrap_inline_mp3j\" style=\"font-weight:700;\"><span class=\"gfxbutton_mp3j play-mjp\" id=\"playpause_mp3j_0\" style=\"font-size:14px;\">&nbsp;&nbsp;&nbsp;&nbsp;&nbsp;<\/span>&nbsp;<span class=\"group_wrap\"><span class=\"bars_mp3j\"><span class=\"loadB_mp3j\" id=\"load_mp3j_0\"><\/span><span class=\"posbarB_mp3j\" id=\"posbar_mp3j_0\"><\/span><\/span><span class=\"T_mp3j\" id=\"T_mp3j_0\" style=\"font-size:14px;\">radiotaide-SAD1<\/span><span class=\"indi_mp3j\" style=\"font-size:9.8px;\" id=\"statusMI_0\"><\/span><\/span><span class=\"vol_mp3j flipped\" id=\"vol_mp3j_0\"><\/span><\/span><\/div><span class=\"s-nosolution\" id=\"mp3j_nosolution_0\" style=\"display:none;\"><\/span><script>\nMP3jPLAYLISTS.inline_0 = [\n\t{ name: \"radiotaide-SAD1\", formats: [\"mp3\"], mp3: \"aHR0cDovL3N0cmVhbS52YWRlbG1hLm9yZzo2MTk3NC9rb3JwcGlyYWRpby9yYWRpb3RhaWRlLVNBRDEubXAz\", counterpart:\"\", artist: \"\", image: \"\", imgurl: \"\" }\n];\n<\/script>\n\n<script>MP3jPLAYERS[0] = { list: MP3jPLAYLISTS.inline_0, tr:0, type:'single', lstate:'', loop:false, play_txt:'&nbsp;&nbsp;&nbsp;&nbsp;&nbsp;', pause_txt:'&nbsp;&nbsp;&nbsp;&nbsp;&nbsp;', pp_title:'', autoplay:false, download:false, vol:76, height:'' };<\/script>\n<p>&nbsp;<\/p>\n<p><strong>Radiotaide<\/strong> &#8211; Takavalot, Yht\u00e4kki\u00e4 t\u00e4ss\u00e4, Miina \u00c4kkijyrkk\u00e4, DJ L\u00e4t\u00e4kk\u00f6, DJ Vainu &amp; DJ Kosmas<\/p>\n<div id=\"mp3jWrap_1\" class=\"mjp-s-wrapper s-graphic unsel-mjp bigger2 gill-mjp\" style=\"font-size:14px;\"><span id=\"playpause_wrap_mp3j_1\" class=\"wrap_inline_mp3j\" style=\"font-weight:700;\"><span class=\"gfxbutton_mp3j play-mjp\" id=\"playpause_mp3j_1\" style=\"font-size:14px;\">&nbsp;&nbsp;&nbsp;&nbsp;&nbsp;<\/span>&nbsp;<span class=\"group_wrap\"><span class=\"bars_mp3j\"><span class=\"loadB_mp3j\" id=\"load_mp3j_1\"><\/span><span class=\"posbarB_mp3j\" id=\"posbar_mp3j_1\"><\/span><\/span><span class=\"T_mp3j\" id=\"T_mp3j_1\" style=\"font-size:14px;\">radiotaide_takavalot<\/span><span class=\"indi_mp3j\" style=\"font-size:9.8px;\" id=\"statusMI_1\"><\/span><\/span><span class=\"vol_mp3j flipped\" id=\"vol_mp3j_1\"><\/span><\/span><\/div><span class=\"s-nosolution\" id=\"mp3j_nosolution_1\" style=\"display:none;\"><\/span><script>\nMP3jPLAYLISTS.inline_1 = [\n\t{ name: \"radiotaide_takavalot\", formats: [\"mp3\"], mp3: \"aHR0cDovL3N0cmVhbS52YWRlbG1hLm9yZzo2MTk3NC9rb3JwcGlyYWRpby9yYWRpb3RhaWRlX3Rha2F2YWxvdC5tcDM=\", counterpart:\"\", artist: \"\", image: \"\", imgurl: \"\" }\n];\n<\/script>\n\n<script>MP3jPLAYERS[1] = { list: MP3jPLAYLISTS.inline_1, tr:0, type:'single', lstate:'', loop:false, play_txt:'&nbsp;&nbsp;&nbsp;&nbsp;&nbsp;', pause_txt:'&nbsp;&nbsp;&nbsp;&nbsp;&nbsp;', pp_title:'', autoplay:false, download:false, vol:76, height:'' };<\/script>\n<p>&nbsp;<\/p>\n<p>&nbsp;<\/p>\n<p><strong>Radiotaide<\/strong> -New Noise &#8211; Kalasataman Konttiaukiolla Mustat kalsarit sek\u00e4 8 1\/2. Studiossa DJ L\u00e4t\u00e4kk\u00f6.<\/p>\n<p><code><div id=\"mp3jWrap_2\" class=\"mjp-s-wrapper s-graphic unsel-mjp bigger2 gill-mjp\" style=\"font-size:14px;\"><span id=\"playpause_wrap_mp3j_2\" class=\"wrap_inline_mp3j\" style=\"font-weight:700;\"><span class=\"gfxbutton_mp3j play-mjp\" id=\"playpause_mp3j_2\" style=\"font-size:14px;\">&nbsp;&nbsp;&nbsp;&nbsp;&nbsp;<\/span>&nbsp;<span class=\"group_wrap\"><span class=\"bars_mp3j\"><span class=\"loadB_mp3j\" id=\"load_mp3j_2\"><\/span><span class=\"posbarB_mp3j\" id=\"posbar_mp3j_2\"><\/span><\/span><span class=\"T_mp3j\" id=\"T_mp3j_2\" style=\"font-size:14px;\">radiotaidenewnoise1<\/span><span class=\"indi_mp3j\" style=\"font-size:9.8px;\" id=\"statusMI_2\"><\/span><\/span><span class=\"vol_mp3j flipped\" id=\"vol_mp3j_2\"><\/span><\/span><\/div><span class=\"s-nosolution\" id=\"mp3j_nosolution_2\" style=\"display:none;\"><\/span><script>\nMP3jPLAYLISTS.inline_2 = [\n\t{ name: \"radiotaidenewnoise1\", formats: [\"mp3\"], mp3: \"aHR0cDovL3N0cmVhbS52YWRlbG1hLm9yZzo2MTk3NC9rb3JwcGlyYWRpby9yYWRpb3RhaWRlbmV3bm9pc2UxLm1wMw==\", counterpart:\"\", artist: \"\", image: \"\", imgurl: \"\" }\n];\n<\/script>\n\n<script>MP3jPLAYERS[2] = { list: MP3jPLAYLISTS.inline_2, tr:0, type:'single', lstate:'', loop:false, play_txt:'&nbsp;&nbsp;&nbsp;&nbsp;&nbsp;', pause_txt:'&nbsp;&nbsp;&nbsp;&nbsp;&nbsp;', pp_title:'', autoplay:false, download:false, vol:76, height:'' };<\/script><\/code><\/p>\n<p><code><div id=\"mp3jWrap_3\" class=\"mjp-s-wrapper s-graphic unsel-mjp bigger2 gill-mjp\" style=\"font-size:14px;\"><span id=\"playpause_wrap_mp3j_3\" class=\"wrap_inline_mp3j\" style=\"font-weight:700;\"><span class=\"gfxbutton_mp3j play-mjp\" id=\"playpause_mp3j_3\" style=\"font-size:14px;\">&nbsp;&nbsp;&nbsp;&nbsp;&nbsp;<\/span>&nbsp;<span class=\"group_wrap\"><span class=\"bars_mp3j\"><span class=\"loadB_mp3j\" id=\"load_mp3j_3\"><\/span><span class=\"posbarB_mp3j\" id=\"posbar_mp3j_3\"><\/span><\/span><span class=\"T_mp3j\" id=\"T_mp3j_3\" style=\"font-size:14px;\">radiotaidenewnoise2<\/span><span class=\"indi_mp3j\" style=\"font-size:9.8px;\" id=\"statusMI_3\"><\/span><\/span><span class=\"vol_mp3j flipped\" id=\"vol_mp3j_3\"><\/span><\/span><\/div><span class=\"s-nosolution\" id=\"mp3j_nosolution_3\" style=\"display:none;\"><\/span><script>\nMP3jPLAYLISTS.inline_3 = [\n\t{ name: \"radiotaidenewnoise2\", formats: [\"mp3\"], mp3: \"aHR0cDovL3N0cmVhbS52YWRlbG1hLm9yZzo2MTk3NC9rb3JwcGlyYWRpby9yYWRpb3RhaWRlbmV3bm9pc2UyLm1wMw==\", counterpart:\"\", artist: \"\", image: \"\", imgurl: \"\" }\n];\n<\/script>\n\n<script>MP3jPLAYERS[3] = { list: MP3jPLAYLISTS.inline_3, tr:0, type:'single', lstate:'', loop:false, play_txt:'&nbsp;&nbsp;&nbsp;&nbsp;&nbsp;', pause_txt:'&nbsp;&nbsp;&nbsp;&nbsp;&nbsp;', pp_title:'', autoplay:false, download:false, vol:76, height:'' };<\/script><\/code><\/p>\n<p><code><div id=\"mp3jWrap_4\" class=\"mjp-s-wrapper s-graphic unsel-mjp bigger2 gill-mjp\" style=\"font-size:14px;\"><span id=\"playpause_wrap_mp3j_4\" class=\"wrap_inline_mp3j\" style=\"font-weight:700;\"><span class=\"gfxbutton_mp3j play-mjp\" id=\"playpause_mp3j_4\" style=\"font-size:14px;\">&nbsp;&nbsp;&nbsp;&nbsp;&nbsp;<\/span>&nbsp;<span class=\"group_wrap\"><span class=\"bars_mp3j\"><span class=\"loadB_mp3j\" id=\"load_mp3j_4\"><\/span><span class=\"posbarB_mp3j\" id=\"posbar_mp3j_4\"><\/span><\/span><span class=\"T_mp3j\" id=\"T_mp3j_4\" style=\"font-size:14px;\">radiotaidenewnoise3<\/span><span class=\"indi_mp3j\" style=\"font-size:9.8px;\" id=\"statusMI_4\"><\/span><\/span><span class=\"vol_mp3j flipped\" id=\"vol_mp3j_4\"><\/span><\/span><\/div><span class=\"s-nosolution\" id=\"mp3j_nosolution_4\" style=\"display:none;\"><\/span><script>\nMP3jPLAYLISTS.inline_4 = [\n\t{ name: \"radiotaidenewnoise3\", formats: [\"mp3\"], mp3: \"aHR0cDovL3N0cmVhbS52YWRlbG1hLm9yZzo2MTk3NC9rb3JwcGlyYWRpby9yYWRpb3RhaWRlbmV3bm9pc2UzLm1wMw==\", counterpart:\"\", artist: \"\", image: \"\", imgurl: \"\" }\n];\n<\/script>\n\n<script>MP3jPLAYERS[4] = { list: MP3jPLAYLISTS.inline_4, tr:0, type:'single', lstate:'', loop:false, play_txt:'&nbsp;&nbsp;&nbsp;&nbsp;&nbsp;', pause_txt:'&nbsp;&nbsp;&nbsp;&nbsp;&nbsp;', pp_title:'', autoplay:false, download:false, vol:76, height:'' };<\/script><\/code><\/p>\n<p><code><div id=\"mp3jWrap_5\" class=\"mjp-s-wrapper s-graphic unsel-mjp bigger2 gill-mjp\" style=\"font-size:14px;\"><span id=\"playpause_wrap_mp3j_5\" class=\"wrap_inline_mp3j\" style=\"font-weight:700;\"><span class=\"gfxbutton_mp3j play-mjp\" id=\"playpause_mp3j_5\" style=\"font-size:14px;\">&nbsp;&nbsp;&nbsp;&nbsp;&nbsp;<\/span>&nbsp;<span class=\"group_wrap\"><span class=\"bars_mp3j\"><span class=\"loadB_mp3j\" id=\"load_mp3j_5\"><\/span><span class=\"posbarB_mp3j\" id=\"posbar_mp3j_5\"><\/span><\/span><span class=\"T_mp3j\" id=\"T_mp3j_5\" style=\"font-size:14px;\">radiotaidenewnoise4<\/span><span class=\"indi_mp3j\" style=\"font-size:9.8px;\" id=\"statusMI_5\"><\/span><\/span><span class=\"vol_mp3j flipped\" id=\"vol_mp3j_5\"><\/span><\/span><\/div><span class=\"s-nosolution\" id=\"mp3j_nosolution_5\" style=\"display:none;\"><\/span><script>\nMP3jPLAYLISTS.inline_5 = [\n\t{ name: \"radiotaidenewnoise4\", formats: [\"mp3\"], mp3: \"aHR0cDovL3N0cmVhbS52YWRlbG1hLm9yZzo2MTk3NC9rb3JwcGlyYWRpby9yYWRpb3RhaWRlbmV3bm9pc2U0Lm1wMw==\", counterpart:\"\", artist: \"\", image: \"\", imgurl: \"\" }\n];\n<\/script>\n\n<script>MP3jPLAYERS[5] = { list: MP3jPLAYLISTS.inline_5, tr:0, type:'single', lstate:'', loop:false, play_txt:'&nbsp;&nbsp;&nbsp;&nbsp;&nbsp;', pause_txt:'&nbsp;&nbsp;&nbsp;&nbsp;&nbsp;', pp_title:'', autoplay:false, download:false, vol:76, height:'' };<\/script><\/code><\/p>\n<p><strong>Radiotaide<\/strong> -Vapaan taiteen tila osa 1: Telsmatic Sound Box (live), Koelse (live) (l\u00e4hetetty keskiviikkona 1.10.2014. Unedited. Studiossa DJ Kosmas<\/p>\n<p><code><div id=\"mp3jWrap_6\" class=\"mjp-s-wrapper s-graphic unsel-mjp bigger2 gill-mjp\" style=\"font-size:14px;\"><span id=\"playpause_wrap_mp3j_6\" class=\"wrap_inline_mp3j\" style=\"font-weight:700;\"><span class=\"gfxbutton_mp3j play-mjp\" id=\"playpause_mp3j_6\" style=\"font-size:14px;\">&nbsp;&nbsp;&nbsp;&nbsp;&nbsp;<\/span>&nbsp;<span class=\"group_wrap\"><span class=\"bars_mp3j\"><span class=\"loadB_mp3j\" id=\"load_mp3j_6\"><\/span><span class=\"posbarB_mp3j\" id=\"posbar_mp3j_6\"><\/span><\/span><span class=\"T_mp3j\" id=\"T_mp3j_6\" style=\"font-size:14px;\">radiotaide-vapaantaiteentila-10012014<\/span><span class=\"indi_mp3j\" style=\"font-size:9.8px;\" id=\"statusMI_6\"><\/span><\/span><span class=\"vol_mp3j flipped\" id=\"vol_mp3j_6\"><\/span><\/span><\/div><span class=\"s-nosolution\" id=\"mp3j_nosolution_6\" style=\"display:none;\"><\/span><script>\nMP3jPLAYLISTS.inline_6 = [\n\t{ name: \"radiotaide-vapaantaiteentila-10012014\", formats: [\"mp3\"], mp3: \"aHR0cDovL3N0cmVhbS52YWRlbG1hLm9yZzo2MTk3NC9rb3JwcGlyYWRpby9yYWRpb3RhaWRlLXZhcGFhbnRhaXRlZW50aWxhLTEwMDEyMDE0Lm1wMw==\", counterpart:\"\", artist: \"\", image: \"\", imgurl: \"\" }\n];\n<\/script>\n\n<script>MP3jPLAYERS[6] = { list: MP3jPLAYLISTS.inline_6, tr:0, type:'single', lstate:'', loop:false, play_txt:'&nbsp;&nbsp;&nbsp;&nbsp;&nbsp;', pause_txt:'&nbsp;&nbsp;&nbsp;&nbsp;&nbsp;', pp_title:'', autoplay:false, download:false, vol:76, height:'' };<\/script><\/code><\/p>\n<p><code><div id=\"mp3jWrap_7\" class=\"mjp-s-wrapper s-graphic unsel-mjp bigger2 gill-mjp\" style=\"font-size:14px;\"><span id=\"playpause_wrap_mp3j_7\" class=\"wrap_inline_mp3j\" style=\"font-weight:700;\"><span class=\"gfxbutton_mp3j play-mjp\" id=\"playpause_mp3j_7\" style=\"font-size:14px;\">&nbsp;&nbsp;&nbsp;&nbsp;&nbsp;<\/span>&nbsp;<span class=\"group_wrap\"><span class=\"bars_mp3j\"><span class=\"loadB_mp3j\" id=\"load_mp3j_7\"><\/span><span class=\"posbarB_mp3j\" id=\"posbar_mp3j_7\"><\/span><\/span><span class=\"T_mp3j\" id=\"T_mp3j_7\" style=\"font-size:14px;\">radiotaide-vapaantaiteen2-10012014<\/span><span class=\"indi_mp3j\" style=\"font-size:9.8px;\" id=\"statusMI_7\"><\/span><\/span><span class=\"vol_mp3j flipped\" id=\"vol_mp3j_7\"><\/span><\/span><\/div><span class=\"s-nosolution\" id=\"mp3j_nosolution_7\" style=\"display:none;\"><\/span><script>\nMP3jPLAYLISTS.inline_7 = [\n\t{ name: \"radiotaide-vapaantaiteen2-10012014\", formats: [\"mp3\"], mp3: \"aHR0cDovL3N0cmVhbS52YWRlbG1hLm9yZzo2MTk3NC9rb3JwcGlyYWRpby9yYWRpb3RhaWRlLXZhcGFhbnRhaXRlZW4yLTEwMDEyMDE0Lm1wMw==\", counterpart:\"\", artist: \"\", image: \"\", imgurl: \"\" }\n];\n<\/script>\n\n<script>MP3jPLAYERS[7] = { list: MP3jPLAYLISTS.inline_7, tr:0, type:'single', lstate:'', loop:false, play_txt:'&nbsp;&nbsp;&nbsp;&nbsp;&nbsp;', pause_txt:'&nbsp;&nbsp;&nbsp;&nbsp;&nbsp;', pp_title:'', autoplay:false, download:false, vol:76, height:'' };<\/script><\/code><\/p>\n<p><strong>Radiotaide<\/strong> &#8211; J\u00e4tt\u00f6maa osa 2: Antti Tolvi (live), Hur Hur (live) (l\u00e4hetetty keskiviikkona 13.8.2014. DJ Kosmas):<\/p>\n<p><code><div id=\"mp3jWrap_8\" class=\"mjp-s-wrapper s-graphic unsel-mjp bigger2 gill-mjp\" style=\"font-size:14px;\"><span id=\"playpause_wrap_mp3j_8\" class=\"wrap_inline_mp3j\" style=\"font-weight:700;\"><span class=\"gfxbutton_mp3j play-mjp\" id=\"playpause_mp3j_8\" style=\"font-size:14px;\">&nbsp;&nbsp;&nbsp;&nbsp;&nbsp;<\/span>&nbsp;<span class=\"group_wrap\"><span class=\"bars_mp3j\"><span class=\"loadB_mp3j\" id=\"load_mp3j_8\"><\/span><span class=\"posbarB_mp3j\" id=\"posbar_mp3j_8\"><\/span><\/span><span class=\"T_mp3j\" id=\"T_mp3j_8\" style=\"font-size:14px;\">radiotaide-jattomaa-2<\/span><span class=\"indi_mp3j\" style=\"font-size:9.8px;\" id=\"statusMI_8\"><\/span><\/span><span class=\"vol_mp3j flipped\" id=\"vol_mp3j_8\"><\/span><\/span><\/div><span class=\"s-nosolution\" id=\"mp3j_nosolution_8\" style=\"display:none;\"><\/span><script>\nMP3jPLAYLISTS.inline_8 = [\n\t{ name: \"radiotaide-jattomaa-2\", formats: [\"mp3\"], mp3: \"aHR0cDovL3N0cmVhbS52YWRlbG1hLm9yZzo2MTk3NC9rb3JwcGlyYWRpby9yYWRpb3RhaWRlLWphdHRvbWFhLTIubXAz\", counterpart:\"\", artist: \"\", image: \"\", imgurl: \"\" }\n];\n<\/script>\n\n<script>MP3jPLAYERS[8] = { list: MP3jPLAYLISTS.inline_8, tr:0, type:'single', lstate:'', loop:false, play_txt:'&nbsp;&nbsp;&nbsp;&nbsp;&nbsp;', pause_txt:'&nbsp;&nbsp;&nbsp;&nbsp;&nbsp;', pp_title:'', autoplay:false, download:false, vol:76, height:'' };<\/script><\/code><\/p>\n<p><strong>Radiotaide<\/strong> &#8211; J\u00e4tt\u00f6maa osa 1: Juho Viljanen (live), Petri Kuljuntausta &amp; Sarana (live) (l\u00e4hetetty keskiviikkona 6.8.2014. DJ Kosmas):<\/p>\n<p><code><div id=\"mp3jWrap_9\" class=\"mjp-s-wrapper s-graphic unsel-mjp bigger2 gill-mjp\" style=\"font-size:14px;\"><span id=\"playpause_wrap_mp3j_9\" class=\"wrap_inline_mp3j\" style=\"font-weight:700;\"><span class=\"gfxbutton_mp3j play-mjp\" id=\"playpause_mp3j_9\" style=\"font-size:14px;\">&nbsp;&nbsp;&nbsp;&nbsp;&nbsp;<\/span>&nbsp;<span class=\"group_wrap\"><span class=\"bars_mp3j\"><span class=\"loadB_mp3j\" id=\"load_mp3j_9\"><\/span><span class=\"posbarB_mp3j\" id=\"posbar_mp3j_9\"><\/span><\/span><span class=\"T_mp3j\" id=\"T_mp3j_9\" style=\"font-size:14px;\">radiotaide-jattomaa-1<\/span><span class=\"indi_mp3j\" style=\"font-size:9.8px;\" id=\"statusMI_9\"><\/span><\/span><span class=\"vol_mp3j flipped\" id=\"vol_mp3j_9\"><\/span><\/span><\/div><span class=\"s-nosolution\" id=\"mp3j_nosolution_9\" style=\"display:none;\"><\/span><script>\nMP3jPLAYLISTS.inline_9 = [\n\t{ name: \"radiotaide-jattomaa-1\", formats: [\"mp3\"], mp3: \"aHR0cDovL3N0cmVhbS52YWRlbG1hLm9yZzo2MTk3NC9rb3JwcGlyYWRpby9yYWRpb3RhaWRlLWphdHRvbWFhLTEubXAz\", counterpart:\"\", artist: \"\", image: \"\", imgurl: \"\" }\n];\n<\/script>\n\n<script>MP3jPLAYERS[9] = { list: MP3jPLAYLISTS.inline_9, tr:0, type:'single', lstate:'', loop:false, play_txt:'&nbsp;&nbsp;&nbsp;&nbsp;&nbsp;', pause_txt:'&nbsp;&nbsp;&nbsp;&nbsp;&nbsp;', pp_title:'', autoplay:false, download:false, vol:76, height:'' };<\/script><\/code><\/p>\n<p><strong>Radiotaide<\/strong> &#8211; vieraana edGeCut eli Ish Shehrawat (l\u00e4hetetty keskiviikkona 4.6.2014. DJ Kosmas):<\/p>\n<p><code><div id=\"mp3jWrap_10\" class=\"mjp-s-wrapper s-graphic unsel-mjp bigger2 gill-mjp\" style=\"font-size:14px;\"><span id=\"playpause_wrap_mp3j_10\" class=\"wrap_inline_mp3j\" style=\"font-weight:700;\"><span class=\"gfxbutton_mp3j play-mjp\" id=\"playpause_mp3j_10\" style=\"font-size:14px;\">&nbsp;&nbsp;&nbsp;&nbsp;&nbsp;<\/span>&nbsp;<span class=\"group_wrap\"><span class=\"bars_mp3j\"><span class=\"loadB_mp3j\" id=\"load_mp3j_10\"><\/span><span class=\"posbarB_mp3j\" id=\"posbar_mp3j_10\"><\/span><\/span><span class=\"T_mp3j\" id=\"T_mp3j_10\" style=\"font-size:14px;\">Radiotaide_edGeCut<\/span><span class=\"indi_mp3j\" style=\"font-size:9.8px;\" id=\"statusMI_10\"><\/span><\/span><span class=\"vol_mp3j flipped\" id=\"vol_mp3j_10\"><\/span><\/span><\/div><span class=\"s-nosolution\" id=\"mp3j_nosolution_10\" style=\"display:none;\"><\/span><script>\nMP3jPLAYLISTS.inline_10 = [\n\t{ name: \"Radiotaide_edGeCut\", formats: [\"mp3\"], mp3: \"aHR0cDovL3N0cmVhbS52YWRlbG1hLm9yZzo2MTk3NC9rb3JwcGlyYWRpby9SYWRpb3RhaWRlX2VkR2VDdXQubXAz\", counterpart:\"\", artist: \"\", image: \"\", imgurl: \"\" }\n];\n<\/script>\n\n<script>MP3jPLAYERS[10] = { list: MP3jPLAYLISTS.inline_10, tr:0, type:'single', lstate:'', loop:false, play_txt:'&nbsp;&nbsp;&nbsp;&nbsp;&nbsp;', pause_txt:'&nbsp;&nbsp;&nbsp;&nbsp;&nbsp;', pp_title:'', autoplay:false, download:false, vol:76, height:'' };<\/script><\/code><\/p>\n<p><strong>Radiotaide &#8211;<\/strong><a href=\"http:\/\/soundcloud.com\/petriear\" target=\"_blank\" rel=\"noopener noreferrer\"> Petri Kuljuntaustan<\/a> musiikkia : Heavy Feather, Five Fragments of Extinct Empathy, Traces of Sound + puhetta, Variations on the Sounds of DIMI-A, Erkki Soininen lausuu MJ Jacobin luennon julkisesta taiteesta, the Great White Bird, Stagecoach.<\/p>\n<p>L\u00e4hetetty keskiviikkona 19.2.2014. DJ Kosmas. Osittain (suurilta osin) mono. <a href=\"http:\/\/m2hz.net\/ohjelmat\/petri-kuljuntausta\" target=\"_blank\" rel=\"noopener noreferrer\">m2hz<\/a>-toimittajana Maria Candia:<\/p>\n<p><code><div id=\"mp3jWrap_11\" class=\"mjp-s-wrapper s-graphic unsel-mjp bigger2 gill-mjp\" style=\"font-size:14px;\"><span id=\"playpause_wrap_mp3j_11\" class=\"wrap_inline_mp3j\" style=\"font-weight:700;\"><span class=\"gfxbutton_mp3j play-mjp\" id=\"playpause_mp3j_11\" style=\"font-size:14px;\">&nbsp;&nbsp;&nbsp;&nbsp;&nbsp;<\/span>&nbsp;<span class=\"group_wrap\"><span class=\"bars_mp3j\"><span class=\"loadB_mp3j\" id=\"load_mp3j_11\"><\/span><span class=\"posbarB_mp3j\" id=\"posbar_mp3j_11\"><\/span><\/span><span class=\"T_mp3j\" id=\"T_mp3j_11\" style=\"font-size:14px;\">Radiotaide_Kuljuntausta<\/span><span class=\"indi_mp3j\" style=\"font-size:9.8px;\" id=\"statusMI_11\"><\/span><\/span><span class=\"vol_mp3j flipped\" id=\"vol_mp3j_11\"><\/span><\/span><\/div><span class=\"s-nosolution\" id=\"mp3j_nosolution_11\" style=\"display:none;\"><\/span><script>\nMP3jPLAYLISTS.inline_11 = [\n\t{ name: \"Radiotaide_Kuljuntausta\", formats: [\"mp3\"], mp3: \"aHR0cDovL3N0cmVhbS52YWRlbG1hLm9yZzo2MTk3NC9rb3JwcGlyYWRpby9SYWRpb3RhaWRlX0t1bGp1bnRhdXN0YS5tcDM=\", counterpart:\"\", artist: \"\", image: \"\", imgurl: \"\" }\n];\n<\/script>\n\n<script>MP3jPLAYERS[11] = { list: MP3jPLAYLISTS.inline_11, tr:0, type:'single', lstate:'', loop:false, play_txt:'&nbsp;&nbsp;&nbsp;&nbsp;&nbsp;', pause_txt:'&nbsp;&nbsp;&nbsp;&nbsp;&nbsp;', pp_title:'', autoplay:false, download:false, vol:76, height:'' };<\/script><\/code><\/p>\n<p><strong>Radiotaide &#8211;<\/strong> Dead Ants Trio, Ilpo ja Johannes (\/ Paula ja Kristian), John Cage : Imaginary Landscape no 1 (l\u00e4hetetty 9.1.2014):<\/p>\n<p><code><div id=\"mp3jWrap_12\" class=\"mjp-s-wrapper s-graphic unsel-mjp bigger2 gill-mjp\" style=\"font-size:14px;\"><span id=\"playpause_wrap_mp3j_12\" class=\"wrap_inline_mp3j\" style=\"font-weight:700;\"><span class=\"gfxbutton_mp3j play-mjp\" id=\"playpause_mp3j_12\" style=\"font-size:14px;\">&nbsp;&nbsp;&nbsp;&nbsp;&nbsp;<\/span>&nbsp;<span class=\"group_wrap\"><span class=\"bars_mp3j\"><span class=\"loadB_mp3j\" id=\"load_mp3j_12\"><\/span><span class=\"posbarB_mp3j\" id=\"posbar_mp3j_12\"><\/span><\/span><span class=\"T_mp3j\" id=\"T_mp3j_12\" style=\"font-size:14px;\">Radiotaide_DeadAntsTrio<\/span><span class=\"indi_mp3j\" style=\"font-size:9.8px;\" id=\"statusMI_12\"><\/span><\/span><span class=\"vol_mp3j flipped\" id=\"vol_mp3j_12\"><\/span><\/span><\/div><span class=\"s-nosolution\" id=\"mp3j_nosolution_12\" style=\"display:none;\"><\/span><script>\nMP3jPLAYLISTS.inline_12 = [\n\t{ name: \"Radiotaide_DeadAntsTrio\", formats: [\"mp3\"], mp3: \"aHR0cDovL3N0cmVhbS52YWRlbG1hLm9yZzo2MTk3NC9rb3JwcGlyYWRpby9SYWRpb3RhaWRlX0RlYWRBbnRzVHJpby5tcDM=\", counterpart:\"\", artist: \"\", image: \"\", imgurl: \"\" }\n];\n<\/script>\n\n<script>MP3jPLAYERS[12] = { list: MP3jPLAYLISTS.inline_12, tr:0, type:'single', lstate:'', loop:false, play_txt:'&nbsp;&nbsp;&nbsp;&nbsp;&nbsp;', pause_txt:'&nbsp;&nbsp;&nbsp;&nbsp;&nbsp;', pp_title:'', autoplay:false, download:false, vol:76, height:'' };<\/script><\/code><\/p>\n<p><strong>Radiotaide &#8211; <\/strong>\u00c4\u00e4nitaide Kumousl\u00e4hetyksess\u00e4<\/p>\n<p><code><div id=\"mp3jWrap_13\" class=\"mjp-s-wrapper s-graphic unsel-mjp bigger2 gill-mjp\" style=\"font-size:14px;\"><span id=\"playpause_wrap_mp3j_13\" class=\"wrap_inline_mp3j\" style=\"font-weight:700;\"><span class=\"gfxbutton_mp3j play-mjp\" id=\"playpause_mp3j_13\" style=\"font-size:14px;\">&nbsp;&nbsp;&nbsp;&nbsp;&nbsp;<\/span>&nbsp;<span class=\"group_wrap\"><span class=\"bars_mp3j\"><span class=\"loadB_mp3j\" id=\"load_mp3j_13\"><\/span><span class=\"posbarB_mp3j\" id=\"posbar_mp3j_13\"><\/span><\/span><span class=\"T_mp3j\" id=\"T_mp3j_13\" style=\"font-size:14px;\">Kumous_osa2<\/span><span class=\"indi_mp3j\" style=\"font-size:9.8px;\" id=\"statusMI_13\"><\/span><\/span><span class=\"vol_mp3j flipped\" id=\"vol_mp3j_13\"><\/span><\/span><\/div><span class=\"s-nosolution\" id=\"mp3j_nosolution_13\" style=\"display:none;\"><\/span><script>\nMP3jPLAYLISTS.inline_13 = [\n\t{ name: \"Kumous_osa2\", formats: [\"mp3\"], mp3: \"aHR0cDovL3N0cmVhbS52YWRlbG1hLm9yZzo2MTk3NC9rb3JwcGlyYWRpby9LdW1vdXNfb3NhMi5tcDM=\", counterpart:\"\", artist: \"\", image: \"\", imgurl: \"\" }\n];\n<\/script>\n\n<script>MP3jPLAYERS[13] = { list: MP3jPLAYLISTS.inline_13, tr:0, type:'single', lstate:'', loop:false, play_txt:'&nbsp;&nbsp;&nbsp;&nbsp;&nbsp;', pause_txt:'&nbsp;&nbsp;&nbsp;&nbsp;&nbsp;', pp_title:'', autoplay:false, download:false, vol:76, height:'' };<\/script><\/code><\/p>\n<p><strong>Radiotaide &#8211;<\/strong> \u00c4\u00e4nitaiteen esittely avajaisl\u00e4hetyksess\u00e4:<\/p>\n<p><code><div id=\"mp3jWrap_14\" class=\"mjp-s-wrapper s-graphic unsel-mjp bigger2 gill-mjp\" style=\"font-size:14px;\"><span id=\"playpause_wrap_mp3j_14\" class=\"wrap_inline_mp3j\" style=\"font-weight:700;\"><span class=\"gfxbutton_mp3j play-mjp\" id=\"playpause_mp3j_14\" style=\"font-size:14px;\">&nbsp;&nbsp;&nbsp;&nbsp;&nbsp;<\/span>&nbsp;<span class=\"group_wrap\"><span class=\"bars_mp3j\"><span class=\"loadB_mp3j\" id=\"load_mp3j_14\"><\/span><span class=\"posbarB_mp3j\" id=\"posbar_mp3j_14\"><\/span><\/span><span class=\"T_mp3j\" id=\"T_mp3j_14\" style=\"font-size:14px;\">Avajaiset_Aanitaide<\/span><span class=\"indi_mp3j\" style=\"font-size:9.8px;\" id=\"statusMI_14\"><\/span><\/span><span class=\"vol_mp3j flipped\" id=\"vol_mp3j_14\"><\/span><\/span><\/div><span class=\"s-nosolution\" id=\"mp3j_nosolution_14\" style=\"display:none;\"><\/span><script>\nMP3jPLAYLISTS.inline_14 = [\n\t{ name: \"Avajaiset_Aanitaide\", formats: [\"mp3\"], mp3: \"aHR0cDovL3N0cmVhbS52YWRlbG1hLm9yZzo2MTk3NC9rb3JwcGlyYWRpby9BdmFqYWlzZXRfQWFuaXRhaWRlLm1wMw==\", counterpart:\"\", artist: \"\", image: \"\", imgurl: \"\" }\n];\n<\/script>\n\n<script>MP3jPLAYERS[14] = { list: MP3jPLAYLISTS.inline_14, tr:0, type:'single', lstate:'', loop:false, play_txt:'&nbsp;&nbsp;&nbsp;&nbsp;&nbsp;', pause_txt:'&nbsp;&nbsp;&nbsp;&nbsp;&nbsp;', pp_title:'', autoplay:false, download:false, vol:76, height:'' };<\/script><\/code><\/p>\n<p>&nbsp;<\/p>\n","protected":false},"excerpt":{"rendered":"<p>Radiotaide : \u00e4\u00e4ni ja radiotaiteen eri ilmentymi\u00e4. Ohjelmassa esitet\u00e4\u00e4n kokonaisia \u00e4\u00e4niteoksia. Tekij\u00f6in\u00e4: Olga, Meri, Kalle, Hanna, Laura, Sisko,&nbsp;\u2026 &nbsp; &nbsp; Radiotaide &#8211; SAD Sound Art Day 1 (August 2015). Marko Timlin, Arta &amp; Spells Disaster, Bufflo. DJ Kosmas. &nbsp; Radiotaide &#8211; Takavalot, Yht\u00e4kki\u00e4 t\u00e4ss\u00e4, Miina \u00c4kkijyrkk\u00e4, DJ L\u00e4t\u00e4kk\u00f6, DJ Vainu &amp; DJ Kosmas &nbsp; &nbsp;&hellip;<\/p>\n","protected":false},"author":4,"featured_media":0,"parent":0,"menu_order":3,"comment_status":"open","ping_status":"open","template":"","meta":{"footnotes":""},"class_list":["post-50","page","type-page","status-publish","hentry"],"_links":{"self":[{"href":"https:\/\/www.vadelma.org\/korppiradio\/wp-json\/wp\/v2\/pages\/50","targetHints":{"allow":["GET"]}}],"collection":[{"href":"https:\/\/www.vadelma.org\/korppiradio\/wp-json\/wp\/v2\/pages"}],"about":[{"href":"https:\/\/www.vadelma.org\/korppiradio\/wp-json\/wp\/v2\/types\/page"}],"author":[{"embeddable":true,"href":"https:\/\/www.vadelma.org\/korppiradio\/wp-json\/wp\/v2\/users\/4"}],"replies":[{"embeddable":true,"href":"https:\/\/www.vadelma.org\/korppiradio\/wp-json\/wp\/v2\/comments?post=50"}],"version-history":[{"count":0,"href":"https:\/\/www.vadelma.org\/korppiradio\/wp-json\/wp\/v2\/pages\/50\/revisions"}],"wp:attachment":[{"href":"https:\/\/www.vadelma.org\/korppiradio\/wp-json\/wp\/v2\/media?parent=50"}],"curies":[{"name":"wp","href":"https:\/\/api.w.org\/{rel}","templated":true}]}}