{"id":629,"date":"2013-11-27T21:39:14","date_gmt":"2013-11-27T19:39:14","guid":{"rendered":"http:\/\/vadelma.org\/korppiradio\/?page_id=629"},"modified":"2020-03-23T14:52:00","modified_gmt":"2020-03-23T12:52:00","slug":"toiminnan-periaatteet","status":"publish","type":"page","link":"https:\/\/www.vadelma.org\/korppiradio\/toiminnan-periaatteet\/","title":{"rendered":"Toiminnan periaatteet"},"content":{"rendered":"<p><strong>Sosiaalinen tila<\/strong><br>\nKorppiradio on yhdess\u00e4 ja ep\u00e4kaupallisesti mahdollistettu radio, jossa yksil\u00f6t tekev\u00e4t vapaasti omia sis\u00e4lt\u00f6j\u00e4\u00e4n. T\u00e4m\u00e4n lis\u00e4ksi Korppiradion tekij\u00e4t etsiv\u00e4t kollektiivisesti uusia radion tuottamisen muotoja.<\/p>\n<p>N\u00e4kemysten eroavaisuuksissa piilee uutta luovan sosiaalisuuden ydin. Erovaisuuksien peloton esiintuominen mahdollistaa vapaan kritiikin, sek\u00e4 erilaisten kokemusten ja n\u00e4kemysten sis\u00e4ist\u00e4misen. Eroavaisuuksistamme huolimatta voimme tehd\u00e4 yhteisty\u00f6t\u00e4, jossa mielipiteet, uskomukset ja inhimillisen kokemuksen koko skaala voi olla rauhanomaisessa konfliktissa.<\/p>\n<p>Korppiradio on avoin kaikille, jotka ovat avoimia itsekritiikille sek\u00e4 allekirjoittavat vapaaehtoisvoimin ja ep\u00e4k\u00e4aupallisesti toimivan radion periaatteet.<\/p>\n<p><strong>Raha<\/strong><br>\nKorppiradio on tarkoituksellisesti persaukinen. Se ei tavoittele muuttumista vaihtoarvoksi eik\u00e4 rahallista voittoa. Korppiradio ei ole kenenk\u00e4\u00e4n omistuksessa, eik\u00e4 sit\u00e4 voi yksityist\u00e4\u00e4. Korppiradio ei myy mainoksia. Korppiradio ei ole tuotteistettavissa.<\/p>\n<p>Toiminnan juoksevat kulut (studion vuokra, laitteet, tekij\u00f6iden kulut) rahoitetaan yhteis\u00f6rahoituksella ja tukikeikoilla, sek\u00e4 vastaavilla vaihtoehtoisilla tuen keinoilla.<\/p>\n<p><strong>Valta<\/strong><br>\nVallan rippeet kuuluvat horisontaalisesti p\u00e4\u00e4t\u00f6kset tekev\u00e4lle tekij\u00e4kollektiiville. P\u00e4\u00e4t\u00f6kset tehd\u00e4\u00e4n kokouksissa ja yhteisymm\u00e4rryst\u00e4 tavoitellaan. Tapamme kumota valtaa on sen jatkuva esiintuominen ja tiedostaminen.<\/p>\n<p><strong>Sis\u00e4ll\u00f6ntuontanto<\/strong><br>\nKorppiradion toimijat tekev\u00e4t ohjelmansa autonomisesti ilman kenenk\u00e4\u00e4n sensuuria, v\u00e4liintuloa tai painostusta. Ristiriita ei ole vain sallittua, vaan toivottavaa. Tekij\u00f6iden yhteis\u00f6 m\u00e4\u00e4ritt\u00e4\u00e4 jatkuvasti radion linjan. Jokainen ohjelmatekij\u00e4 vastaa ohjelmansa sis\u00e4ll\u00f6ist\u00e4 itse. Ohjelma voidaan j\u00e4tt\u00e4\u00e4 l\u00e4hett\u00e4m\u00e4tt\u00e4 tai lakkauttaa kollektiivisella p\u00e4\u00e4t\u00f6ksell\u00e4, jos se koetaan esimerkiksi jotain ihmisryhm\u00e4\u00e4 tai yksil\u00f6it\u00e4 loukkaavaksi, rasistiseksi tai muutoin radion tekij\u00f6idenperiaatteiden vastaiseksi.<\/p>\n\n\n<figure class=\"wp-block-audio\"><audio controls src=\"http:\/\/stream.vadelma.org:61974\/korppiradio\/Toiminnan_periaatteet.mp3\"><\/audio><figcaption>Kuuntele Korppiradion toiminnan periaatteet t\u00e4st\u00e4.<\/figcaption><\/figure>\n","protected":false},"excerpt":{"rendered":"<p>Sosiaalinen tila Korppiradio on yhdess\u00e4 ja ep\u00e4kaupallisesti mahdollistettu radio, jossa yksil\u00f6t tekev\u00e4t vapaasti omia sis\u00e4lt\u00f6j\u00e4\u00e4n. T\u00e4m\u00e4n lis\u00e4ksi Korppiradion tekij\u00e4t etsiv\u00e4t kollektiivisesti uusia radion tuottamisen muotoja. N\u00e4kemysten eroavaisuuksissa piilee uutta luovan sosiaalisuuden ydin. Erovaisuuksien peloton esiintuominen mahdollistaa vapaan kritiikin, sek\u00e4 erilaisten kokemusten ja n\u00e4kemysten sis\u00e4ist\u00e4misen. Eroavaisuuksistamme huolimatta voimme tehd\u00e4 yhteisty\u00f6t\u00e4, jossa mielipiteet, uskomukset ja inhimillisen kokemuksen&hellip;<\/p>\n","protected":false},"author":1,"featured_media":0,"parent":0,"menu_order":0,"comment_status":"closed","ping_status":"closed","template":"","meta":{"footnotes":""},"class_list":["post-629","page","type-page","status-publish","hentry"],"_links":{"self":[{"href":"https:\/\/www.vadelma.org\/korppiradio\/wp-json\/wp\/v2\/pages\/629","targetHints":{"allow":["GET"]}}],"collection":[{"href":"https:\/\/www.vadelma.org\/korppiradio\/wp-json\/wp\/v2\/pages"}],"about":[{"href":"https:\/\/www.vadelma.org\/korppiradio\/wp-json\/wp\/v2\/types\/page"}],"author":[{"embeddable":true,"href":"https:\/\/www.vadelma.org\/korppiradio\/wp-json\/wp\/v2\/users\/1"}],"replies":[{"embeddable":true,"href":"https:\/\/www.vadelma.org\/korppiradio\/wp-json\/wp\/v2\/comments?post=629"}],"version-history":[{"count":0,"href":"https:\/\/www.vadelma.org\/korppiradio\/wp-json\/wp\/v2\/pages\/629\/revisions"}],"wp:attachment":[{"href":"https:\/\/www.vadelma.org\/korppiradio\/wp-json\/wp\/v2\/media?parent=629"}],"curies":[{"name":"wp","href":"https:\/\/api.w.org\/{rel}","templated":true}]}}