{"id":538,"date":"2021-02-05T10:52:53","date_gmt":"2021-02-05T08:52:53","guid":{"rendered":"https:\/\/vadelmalive.net\/?page_id=538"},"modified":"2021-02-05T10:52:53","modified_gmt":"2021-02-05T08:52:53","slug":"ugh","status":"publish","type":"page","link":"https:\/\/www.vadelma.org\/vadelmalive\/ugh\/","title":{"rendered":"UGH"},"content":{"rendered":"\n<p>UGH-\u00e4\u00e4nestys on p\u00e4\u00e4ttynyt! Kiitos kaikille \u00e4\u00e4nens\u00e4 antaneille. <\/p>\n\n\n\n<p><a href=\"https:\/\/www.vadelma.org\/ugh-palkinnot-on-myonnetty\/\">Onnittelut voittajille<\/a>!<\/p>\n\n\n\n<p>Visuaalisen taiteen ja el\u00e4v\u00e4n musiikin yhdistys VADELMA on jakanut UGH-palkintoja ansioituneille UnderGround(kulttuuri)Hahmoille vuodesta 2009. Aikaisempia palkittuja ovat Kalle Kuisma (2009), Tixa (2010), Milla Magia Candia (2011), Maija Saksman (2012), Hannu Aaltonen (2013), Eetu Pellonp\u00e4\u00e4 (2014), Samuel Leminen (2015), Kasper R\u00fcter (2016).  UGH-palkinnot palaavat ja nyt sinulla on mahdollisuus antaa oma ehdotuksesi palkinnon saajaksi sek\u00e4 osallistua \u00e4\u00e4nestykseen.<\/p>\n\n\n\n<p>UGH on symbolinen tunnustus, ei rahallinen palkinto.<\/p>\n\n\n<noscript class=\"ninja-forms-noscript-message\">\n\tHuomautus: JavaScript vaaditaan t\u00e4t\u00e4 sis\u00e4lt\u00f6\u00e4 varten.<\/noscript>\nKentti\u00e4 ei l\u00f6ytynyt.<div id=\"nf-form-9-cont\" class=\"nf-form-cont\" aria-live=\"polite\" aria-labelledby=\"nf-form-title-9\" aria-describedby=\"nf-form-errors-9\" role=\"form\">\n\n    <div class=\"nf-loading-spinner\"><\/div>\n\n<\/div>\n        <!-- That data is being printed as a workaround to page builders reordering the order of the scripts loaded-->\n        <script>var formDisplay=1;var nfForms=nfForms||[];var form=[];form.id='9';form.settings={\"ninjaForms\":\"Ninja-lomakkeet\",\"changeEmailErrorMsg\":\"Anna voimassa oleva s\\u00e4hk\\u00f6postiosoite!\",\"changeDateErrorMsg\":\"Please enter a valid date!\",\"confirmFieldErrorMsg\":\"N\\u00e4iden kenttien on t\\u00e4sm\\u00e4tt\\u00e4v\\u00e4!\",\"fieldNumberNumMinError\":\"Numero minimi virhe\",\"fieldNumberNumMaxError\":\"Numero maksimi virhe\",\"fieldNumberIncrementBy\":\"Lis\\u00e4\\u00e4 m\\u00e4\\u00e4r\\u00e4ll\\u00e4 \",\"fieldTextareaRTEInsertLink\":\"Lis\\u00e4\\u00e4 linkki\",\"fieldTextareaRTEInsertMedia\":\"Lis\\u00e4\\u00e4 media\",\"fieldTextareaRTESelectAFile\":\"Valitse tiedosto\",\"formErrorsCorrectErrors\":\"Korjaa virheet, ennen kuin l\\u00e4het\\u00e4t t\\u00e4m\\u00e4n lomakkeen.\",\"formHoneypot\":\"Jos n\\u00e4et t\\u00e4m\\u00e4n kent\\u00e4n, j\\u00e4t\\u00e4 se tyhj\\u00e4ksi.\",\"validateRequiredField\":\"T\\u00e4m\\u00e4 on pakollinen kentt\\u00e4.\",\"honeypotHoneypotError\":\"Honeypot-virhe\",\"fileUploadOldCodeFileUploadInProgress\":\"Tiedoston l\\u00e4hett\\u00e4minen menossa.\",\"fileUploadOldCodeFileUpload\":\"TIEDOSTON L\\u00c4HETT\\u00c4MINEN\",\"currencySymbol\":\"&euro;\",\"fieldsMarkedRequired\":\"T\\u00e4hdell\\u00e4 <span class=\\\"ninja-forms-req-symbol\\\">*<\\\/span> merkityt kent\\u00e4t ovat pakollisia\",\"thousands_sep\":\"&nbsp;\",\"decimal_point\":\",\",\"siteLocale\":\"fi\",\"dateFormat\":\"d\\\/m\\\/Y\",\"startOfWeek\":\"1\",\"of\":\" \\\/ \",\"previousMonth\":\"Previous Month\",\"nextMonth\":\"Next Month\",\"months\":[\"January\",\"February\",\"March\",\"April\",\"May\",\"June\",\"July\",\"August\",\"September\",\"October\",\"November\",\"December\"],\"monthsShort\":[\"Jan\",\"Feb\",\"Mar\",\"Apr\",\"May\",\"Jun\",\"Jul\",\"Aug\",\"Sep\",\"Oct\",\"Nov\",\"Dec\"],\"weekdays\":[\"Sunday\",\"Monday\",\"Tuesday\",\"Wednesday\",\"Thursday\",\"Friday\",\"Saturday\"],\"weekdaysShort\":[\"Sun\",\"Mon\",\"Tue\",\"Wed\",\"Thu\",\"Fri\",\"Sat\"],\"weekdaysMin\":[\"Su\",\"Mo\",\"Tu\",\"We\",\"Th\",\"Fr\",\"Sa\"],\"recaptchaConsentMissing\":\"reCaptcha validation couldn&#039;t load.\",\"recaptchaMissingCookie\":\"reCaptcha v3 validation couldn&#039;t load the cookie needed to submit the form.\",\"recaptchaConsentEvent\":\"Accept reCaptcha cookies before sending the form.\",\"embed_form\":\"\",\"currency_symbol\":\"\",\"title\":\"\",\"beforeForm\":\"\",\"beforeFields\":\"\",\"afterFields\":\"\",\"afterForm\":\"\"};form.fields=[];nfForms.push(form);<\/script>\n        \n\n\n<p>Arvontaan osallistuneiden kesken arvotaan VADELMA-yll\u00e4tyskassi!<\/p>\n\n\n\n<hr class=\"wp-block-separator is-style-dots\"\/>\n\n\n\n<p>\u00c4\u00e4nestysaikaa on helmikuun loppuun.<\/p>\n\n\n\n<p>UGH-palkittuja juhlitaan VadelmaGaalassa Helsingin kaupunginmuseossa taideiden y\u00f6n\u00e4 19.8.2021.<\/p>\n","protected":false},"excerpt":{"rendered":"<p>UGH-\u00e4\u00e4nestys on p\u00e4\u00e4ttynyt! Kiitos kaikille \u00e4\u00e4nens\u00e4 antaneille. Onnittelut voittajille! Visuaalisen taiteen ja el\u00e4v\u00e4n musiikin yhdistys VADELMA on jakanut UGH-palkintoja ansioituneille UnderGround(kulttuuri)Hahmoille vuodesta 2009. Aikaisempia palkittuja ovat Kalle Kuisma (2009), Tixa (2010), Milla Magia Candia (2011), Maija Saksman (2012), Hannu Aaltonen (2013), Eetu Pellonp\u00e4\u00e4 (2014), Samuel Leminen (2015), Kasper R\u00fcter (2016). UGH-palkinnot palaavat ja nyt sinulla&hellip; <a class=\"more-link\" href=\"https:\/\/www.vadelma.org\/vadelmalive\/ugh\/\">Jatka lukemista <span class=\"screen-reader-text\">UGH<\/span><\/a><\/p>\n","protected":false},"author":1,"featured_media":0,"parent":0,"menu_order":0,"comment_status":"closed","ping_status":"closed","template":"","meta":{"footnotes":""},"class_list":["post-538","page","type-page","status-publish","hentry","entry"],"_links":{"self":[{"href":"https:\/\/www.vadelma.org\/vadelmalive\/wp-json\/wp\/v2\/pages\/538","targetHints":{"allow":["GET"]}}],"collection":[{"href":"https:\/\/www.vadelma.org\/vadelmalive\/wp-json\/wp\/v2\/pages"}],"about":[{"href":"https:\/\/www.vadelma.org\/vadelmalive\/wp-json\/wp\/v2\/types\/page"}],"author":[{"embeddable":true,"href":"https:\/\/www.vadelma.org\/vadelmalive\/wp-json\/wp\/v2\/users\/1"}],"replies":[{"embeddable":true,"href":"https:\/\/www.vadelma.org\/vadelmalive\/wp-json\/wp\/v2\/comments?post=538"}],"version-history":[{"count":0,"href":"https:\/\/www.vadelma.org\/vadelmalive\/wp-json\/wp\/v2\/pages\/538\/revisions"}],"wp:attachment":[{"href":"https:\/\/www.vadelma.org\/vadelmalive\/wp-json\/wp\/v2\/media?parent=538"}],"curies":[{"name":"wp","href":"https:\/\/api.w.org\/{rel}","templated":true}]}}