{"id":8,"date":"2020-05-26T23:44:32","date_gmt":"2020-05-26T20:44:32","guid":{"rendered":"http:\/\/vadelmalive.net\/?page_id=7"},"modified":"2025-05-23T10:50:56","modified_gmt":"2025-05-23T07:50:56","slug":"the-new-umoma-opens-its-doors-2","status":"publish","type":"page","link":"https:\/\/www.vadelma.org\/vadelmalive\/","title":{"rendered":"Ei otsikkoa"},"content":{"rendered":"\n<h4 class=\"wp-block-heading has-text-align-center\"> counting down to next live transmission<\/h4>\n\n\n\n<div class=\"wp-block-group\"><div class=\"wp-block-group__inner-container is-layout-flow wp-block-group-is-layout-flow\">\n<div class=\"wp-block-group\"><div class=\"wp-block-group__inner-container is-layout-flow wp-block-group-is-layout-flow\">\n<div class=\"wp-block-group\"><div class=\"wp-block-group__inner-container is-layout-flow wp-block-group-is-layout-flow\">\n<div class=\"wp-block-group alignfull\"><div class=\"wp-block-group__inner-container is-layout-flow wp-block-group-is-layout-flow\">\n<h3><center><\/center><\/h3>\n\n\n\n<h2 class=\"wp-block-heading has-text-align-center\"><\/h2>\n<\/div><\/div>\n<\/div><\/div>\n<\/div><\/div>\n<\/div><\/div>\n\n\n\n<h4 class=\"wp-block-heading has-text-align-center\">WATCH LIVE at the <strong><a href=\"https:\/\/www.vadelma.org\/vadelmalive\/cafe\/\" data-type=\"page\" data-id=\"161\">Cafe<\/a><\/strong>!<\/h4>\n\n\n\n<h4 class=\"wp-block-heading has-text-align-center\">Siirry <a href=\"https:\/\/www.vadelma.org\/vadelmalive\/cafe\/\" data-type=\"page\" data-id=\"161\">kahvilaan<\/a> katsomaan l\u00e4hetyst\u00e4.<\/h4>\n\n\n\n<p class=\"has-text-align-center\"><\/p>\n\n\n\n<hr class=\"wp-block-separator has-css-opacity is-style-dots\"\/>\n\n\n\n<p class=\"has-text-align-center\">Vadelmaliven konsepti on orgaaninen livemiksaus erilaisista aineksista. Suora l\u00e4hetys voi tarkoittaa striimattua live keikkaa, mutta my\u00f6s kokeilevaa VJ- ja radiotaidemiksausta, elokuvaesityst\u00e4 sek\u00e4 vanhoista Vadelman ja M2HZ:n arkistoista ammentamista ja n\u00e4iden sopivina annoksina tarjoilua. Mukana l\u00e4hetyksiss\u00e4 on tavallisesti juontaja sek\u00e4 tuoreita haastatteluja, musiikkivideoita, v\u00e4lianimaatioita, yll\u00e4tyksi\u00e4 ja underground-henke\u00e4.<\/p>\n\n\n\n<p class=\"has-text-align-center\">Voit osallistua l\u00e4hetykseen <a href=\"https:\/\/www.vadelma.org\/vadelmalive\/toivomuslaatikko\/\" data-type=\"page\" data-id=\"138\">esitt\u00e4m\u00e4ll\u00e4 toivomuksia<\/a>, kirjoittamalla <a href=\"https:\/\/www.vadelma.org\/vadelmalive\/jamipurkki\/\" data-type=\"page\" data-id=\"157\">jamipurkkiin<\/a> sek\u00e4 antamalla <a href=\"https:\/\/www.vadelma.org\/vadelmalive\/palaute\/\" data-type=\"page\" data-id=\"140\">palautetta<\/a>.<\/p>\n\n\n\n<p class=\"has-text-align-center\"><\/p>\n\n\n<figure class=\"wp-block-image aligncenter size-large is-resized\"><img loading=\"lazy\" decoding=\"async\" width=\"284\" height=\"284\" class=\"wp-image-69\" style=\"width: 107px; height: 107px;\" src=\"https:\/\/www.vadelma.org\/vadelmalive\/wp-content\/uploads\/2020\/05\/vattulogovattu-1.png\" alt=\"\" srcset=\"https:\/\/www.vadelma.org\/vadelmalive\/wp-content\/uploads\/2020\/05\/vattulogovattu-1.png 284w, https:\/\/www.vadelma.org\/vadelmalive\/wp-content\/uploads\/2020\/05\/vattulogovattu-1-150x150.png 150w\" sizes=\"auto, (max-width: 284px) 100vw, 284px\" \/><\/figure>\n\n\n<p class=\"has-text-align-center\">Vaikka Vadelman toiminta on voittoa tavoittelematonta yhdistystoimintaa, sivustolla on mahdollisuus tukea esiintyvi\u00e4 taiteilijoita ostamalla levyj\u00e4 ja muita tuotteita, sek\u00e4 tukea suoraan artisteja ja Vadelmalive\u00e4 laittamalla rahaa hattuun. Arvostamme jokaista lanttia. My\u00f6s isomman rahan tukijat ovat tervetulleita! \ud83d\ude42 Vadelmalive\u00e4 ei voi ostaa, mutta yhteisty\u00f6ehdotuksia saa esitt\u00e4\u00e4.<\/p>\n\n\n\n<div class=\"wp-block-group\"><div class=\"wp-block-group__inner-container is-layout-flow wp-block-group-is-layout-flow\"><\/div><\/div>\n\n\n\n<hr class=\"wp-block-separator has-css-opacity is-style-dots\"\/>\n\n\n\n<h4 class=\"wp-block-heading has-text-align-center\">Katso aikaisemmat l\u00e4hetykset <a href=\"https:\/\/www.vadelma.org\/vadelmalive\/2020\/07\/03\/arkisto\/\" data-type=\"post\" data-id=\"372\">Arkistossa<\/a>.<\/h4>\n\n\n\n<hr class=\"wp-block-separator has-css-opacity is-style-dots\"\/>\n\n\n\n<h2 class=\"wp-block-heading\"><\/h2>\n","protected":false},"excerpt":{"rendered":"<p>counting down to next live transmission WATCH LIVE at the Cafe! Siirry kahvilaan katsomaan l\u00e4hetyst\u00e4. Vadelmaliven konsepti on orgaaninen livemiksaus erilaisista aineksista. Suora l\u00e4hetys voi tarkoittaa striimattua live keikkaa, mutta my\u00f6s kokeilevaa VJ- ja radiotaidemiksausta, elokuvaesityst\u00e4 sek\u00e4 vanhoista Vadelman ja M2HZ:n arkistoista ammentamista ja n\u00e4iden sopivina annoksina tarjoilua. Mukana l\u00e4hetyksiss\u00e4 on tavallisesti juontaja sek\u00e4 tuoreita&hellip; <a class=\"more-link\" href=\"https:\/\/www.vadelma.org\/vadelmalive\/\">Jatka lukemista <span class=\"screen-reader-text\">Ei otsikkoa<\/span><\/a><\/p>\n","protected":false},"author":1,"featured_media":516,"parent":0,"menu_order":0,"comment_status":"closed","ping_status":"closed","template":"","meta":{"footnotes":""},"class_list":["post-8","page","type-page","status-publish","has-post-thumbnail","hentry","entry"],"_links":{"self":[{"href":"https:\/\/www.vadelma.org\/vadelmalive\/wp-json\/wp\/v2\/pages\/8","targetHints":{"allow":["GET"]}}],"collection":[{"href":"https:\/\/www.vadelma.org\/vadelmalive\/wp-json\/wp\/v2\/pages"}],"about":[{"href":"https:\/\/www.vadelma.org\/vadelmalive\/wp-json\/wp\/v2\/types\/page"}],"author":[{"embeddable":true,"href":"https:\/\/www.vadelma.org\/vadelmalive\/wp-json\/wp\/v2\/users\/1"}],"replies":[{"embeddable":true,"href":"https:\/\/www.vadelma.org\/vadelmalive\/wp-json\/wp\/v2\/comments?post=8"}],"version-history":[{"count":2,"href":"https:\/\/www.vadelma.org\/vadelmalive\/wp-json\/wp\/v2\/pages\/8\/revisions"}],"predecessor-version":[{"id":763,"href":"https:\/\/www.vadelma.org\/vadelmalive\/wp-json\/wp\/v2\/pages\/8\/revisions\/763"}],"wp:featuredmedia":[{"embeddable":true,"href":"https:\/\/www.vadelma.org\/vadelmalive\/wp-json\/wp\/v2\/media\/516"}],"wp:attachment":[{"href":"https:\/\/www.vadelma.org\/vadelmalive\/wp-json\/wp\/v2\/media?parent=8"}],"curies":[{"name":"wp","href":"https:\/\/api.w.org\/{rel}","templated":true}]}}