{"id":9,"date":"2020-05-26T23:44:32","date_gmt":"2020-05-26T20:44:32","guid":{"rendered":"http:\/\/vadelmalive.net\/?page_id=8"},"modified":"2020-05-26T23:44:32","modified_gmt":"2020-05-26T20:44:32","slug":"info","status":"publish","type":"page","link":"https:\/\/www.vadelma.org\/vadelmalive\/info\/","title":{"rendered":"info"},"content":{"rendered":"\n<p>VADELMAlive.net on kotikutoinen ja vapaa kulttuuritila verkossa, jossa kohdataan perjantai-iltaisin noin kerran kuukaudessa. Ensimm\u00e4iset l\u00e4hetykset l\u00e4hetettiin kes\u00e4ll\u00e4 2020.<\/p>\n\n\n\n<p>VADELMAlive tarjoaa l\u00e4hetyksiss\u00e4\u00e4n el\u00e4v\u00e4\u00e4 musiikkia, \u00e4\u00e4nitaidetta, animaatioita, performansseja, tapahtumataltiointeja, VJ-visuaaleja, elokuvia, sanataidetta, haastatteluja ja musiikkivideoita. Kaikki elementit kokeellisesti ja orgaanisesti yhteen miksattuna suorassa l\u00e4hetyksess\u00e4. <\/p>\n\n\n\n<p>Yleis\u00f6ll\u00e4 on mahdollisuus tukea esiintyvi\u00e4 taiteilijoita ostamalla levyj\u00e4 tai muita fanituotteita, tai laittamalla rahaa hattuun. Kahvilan puolella voit keskustella muiden l\u00e4sn\u00e4olijoiden kanssa.<\/p>\n\n\n\n<p>Portaali toteutetaan mahdollisimman pitk\u00e4lle kokonaan avoimen l\u00e4hdekoodin ohjelmistoja hy\u00f6dynt\u00e4en ja pyrkii pitk\u00e4ll\u00e4 t\u00e4ht\u00e4imell\u00e4 olemaan vapaa interneti\u00e4 hallitsevien kaupallisten j\u00e4ttiyritysten palveluista. Toistaiseksi l\u00e4hetykset on tehty Amazonin Twitch ja Googlen Youtube palveluja hy\u00f6dynt\u00e4en, koska vapaat kanavat eiv\u00e4t viel\u00e4 ole osoittautuneet toimiviksi. Ty\u00f6t\u00e4 siis vapauden saavuttamiseksi on teht\u00e4v\u00e4n\u00e4. Ja koska omaehtoinen media kuuluu kaikille, tulemme jakamaan osaamisemme siit\u00e4 kiinnostuneille. Mukaan tekij\u00e4ksi voi tulla! <\/p>\n\n\n\n<p>Julkaisemme vadelmalivess\u00e4 vain sellaista aineistoa, jonka julkaisuun olemme saaneet tekij\u00e4lt\u00e4\/esitt\u00e4j\u00e4lt\u00e4 luvan tai joka muutoin voidaan katsoa kaikkien yhteiseksi omaisuudeksi (commons \/ public domain). <\/p>\n\n\n\n<p>Emme yrit\u00e4 taloudellisesti hy\u00f6ty\u00e4 musiikista tai t\u00e4\u00e4ll\u00e4 esitett\u00e4v\u00e4st\u00e4 taiteesta, vaan n\u00f6yr\u00e4 toiveemme on, ett\u00e4 pystyisimme vadelmalive.net alustan tarjoamalla tukemaan marginaalisia artisteja sek\u00e4 omaehtoista luovaa kulttuuritoimintaa.<\/p>\n\n\n\n<p>VADELMAlive.net sivustoon tuottaa el\u00e4v\u00e4\u00e4 musiikki ja taide -sis\u00e4lt\u00f6\u00e4 Visuaalisen taiteen ja el\u00e4v\u00e4n musiikin yhdistys <a href=\"https:\/\/vadelma.org\">Vadelma ry<\/a> <\/p>\n\n\n\n<p>Yhteisty\u00f6ss\u00e4 <a rel=\"noreferrer noopener\" href=\"https:\/\/korppiradio.net\" target=\"_blank\">Korppiradio.net<\/a> ja <a href=\"http:\/\/m2hz.tv\">M2Hz.tv<\/a>.<\/p>\n\n\n\n<p>Sivustoa kehitet\u00e4\u00e4n edelleen resurssien puitteissa.<\/p>\n","protected":false},"excerpt":{"rendered":"<p>VADELMAlive.net on kotikutoinen ja vapaa kulttuuritila verkossa, jossa kohdataan perjantai-iltaisin noin kerran kuukaudessa. Ensimm\u00e4iset l\u00e4hetykset l\u00e4hetettiin kes\u00e4ll\u00e4 2020. VADELMAlive tarjoaa l\u00e4hetyksiss\u00e4\u00e4n el\u00e4v\u00e4\u00e4 musiikkia, \u00e4\u00e4nitaidetta, animaatioita, performansseja, tapahtumataltiointeja, VJ-visuaaleja, elokuvia, sanataidetta, haastatteluja ja musiikkivideoita. Kaikki elementit kokeellisesti ja orgaanisesti yhteen miksattuna suorassa l\u00e4hetyksess\u00e4. Yleis\u00f6ll\u00e4 on mahdollisuus tukea esiintyvi\u00e4 taiteilijoita ostamalla levyj\u00e4 tai muita fanituotteita, tai laittamalla&hellip; <a class=\"more-link\" href=\"https:\/\/www.vadelma.org\/vadelmalive\/info\/\">Jatka lukemista <span class=\"screen-reader-text\">info<\/span><\/a><\/p>\n","protected":false},"author":1,"featured_media":69,"parent":0,"menu_order":0,"comment_status":"closed","ping_status":"closed","template":"","meta":{"footnotes":""},"class_list":["post-9","page","type-page","status-publish","has-post-thumbnail","hentry","entry"],"_links":{"self":[{"href":"https:\/\/www.vadelma.org\/vadelmalive\/wp-json\/wp\/v2\/pages\/9","targetHints":{"allow":["GET"]}}],"collection":[{"href":"https:\/\/www.vadelma.org\/vadelmalive\/wp-json\/wp\/v2\/pages"}],"about":[{"href":"https:\/\/www.vadelma.org\/vadelmalive\/wp-json\/wp\/v2\/types\/page"}],"author":[{"embeddable":true,"href":"https:\/\/www.vadelma.org\/vadelmalive\/wp-json\/wp\/v2\/users\/1"}],"replies":[{"embeddable":true,"href":"https:\/\/www.vadelma.org\/vadelmalive\/wp-json\/wp\/v2\/comments?post=9"}],"version-history":[{"count":0,"href":"https:\/\/www.vadelma.org\/vadelmalive\/wp-json\/wp\/v2\/pages\/9\/revisions"}],"wp:featuredmedia":[{"embeddable":true,"href":"https:\/\/www.vadelma.org\/vadelmalive\/wp-json\/wp\/v2\/media\/69"}],"wp:attachment":[{"href":"https:\/\/www.vadelma.org\/vadelmalive\/wp-json\/wp\/v2\/media?parent=9"}],"curies":[{"name":"wp","href":"https:\/\/api.w.org\/{rel}","templated":true}]}}